{"id":67351,"date":"2025-06-16T02:23:47","date_gmt":"2025-06-16T02:23:47","guid":{"rendered":"https:\/\/dev.belairtremblant.com\/hotel-faq\/arrivee-et-depart\/"},"modified":"2025-07-02T14:51:01","modified_gmt":"2025-07-02T14:51:01","slug":"arrivee-et-depart","status":"publish","type":"page","link":"https:\/\/dev.belairtremblant.com\/fr\/hotel-faq\/arrivee-et-depart\/","title":{"rendered":"Arriv\u00e9e et d\u00e9part"},"content":{"rendered":"<div class=\"wpb-content-wrapper\"><p>[vc_row gap=\u00a0\u00bb10&Prime; kswr_row_top_decor_enabled=\u00a0\u00bbfalse\u00a0\u00bb kswr_row_bottom_decor_enabled=\u00a0\u00bbfalse\u00a0\u00bb css=\u00a0\u00bb.vc_custom_1750035097841{margin-right: 100px !important;margin-left: 100px !important;padding-bottom: 20px !important;}\u00a0\u00bb][vc_column][vc_custom_heading text=\u00a0\u00bbQUESTIONS FR\u00c9QUEMMENT POS\u00c9ES\u00a0\u00bb font_container=\u00a0\u00bbtag:h2|font_size:40|text_align:center|color:%239c9379&Prime; use_theme_fonts=\u00a0\u00bbyes\u00a0\u00bb css=\u00a0\u00bb.vc_custom_1750035058276{padding-top: 25px !important;}\u00a0\u00bb]<div id=\"ultimate-heading-894869e50d2ea078e\" class=\"uvc-heading ult-adjust-bottom-margin ultimate-heading-894869e50d2ea078e uvc-2983 \" data-hspacer=\"no_spacer\"  data-halign=\"center\" style=\"text-align:center\"><div class=\"uvc-heading-spacer no_spacer\" style=\"top\"><\/div><div class=\"uvc-main-heading ult-responsive\"  data-ultimate-target='.uvc-heading.ultimate-heading-894869e50d2ea078e h1'  data-responsive-json-new='{\"font-size\":\"desktop:24px;\",\"line-height\":\"\"}' ><h1 style=\"font-family:&#039;EB Garamond&#039;;font-style:italic;font-weight:600;color:#494848;margin-top:10px;\">L\u2019h\u00f4tel Bel Air Tremblant, processus d&#039;arriv\u00e9e et de d\u00e9part<\/h1><\/div><\/div>[\/vc_column][\/vc_row][vc_row full_width=\u00a0\u00bbstretch_row_content_no_spaces\u00a0\u00bb kswr_row_top_decor_enabled=\u00a0\u00bbfalse\u00a0\u00bb kswr_row_bottom_decor_enabled=\u00a0\u00bbfalse\u00a0\u00bb css=\u00a0\u00bb.vc_custom_1750035196946{padding-bottom: 75px !important;}\u00a0\u00bb][vc_column width=\u00a0\u00bb1\/6&Prime;][\/vc_column][vc_column width=\u00a0\u00bb2\/3&Prime;]<div id=\"ultimate-heading-913069e50d2ea0875\" class=\"uvc-heading ult-adjust-bottom-margin ultimate-heading-913069e50d2ea0875 uvc-4022 \" data-hspacer=\"no_spacer\"  data-halign=\"left\" style=\"text-align:left\"><div class=\"uvc-heading-spacer no_spacer\" style=\"top\"><\/div><div class=\"uvc-main-heading ult-responsive\"  data-ultimate-target='.uvc-heading.ultimate-heading-913069e50d2ea0875 h2'  data-responsive-json-new='{\"font-size\":\"desktop:18px;\",\"line-height\":\"\"}' ><h2 style=\"font-family:&#039;EB Garamond&#039;;font-weight:700;color:#A79F88;margin-bottom:5px;\">\u2022 \u00c0 quelle heure sont l\u2019arriv\u00e9e et le d\u00e9part ?<\/h2><\/div><div class=\"uvc-sub-heading ult-responsive\"  data-ultimate-target='.uvc-heading.ultimate-heading-913069e50d2ea0875 .uvc-sub-heading '  data-responsive-json-new='{\"font-size\":\"desktop:16px;\",\"line-height\":\"\"}'  style=\"font-family:&#039;EB Garamond&#039;;font-weight:normal;color:#000000;margin-bottom:20px;\">L\u2019arriv\u00e9e se fait entre 17h00 et 19h00. Si vous arrivez plus t\u00f4t, nous ferons de notre mieux pour pr\u00e9parer l\u2019unit\u00e9 plus t\u00f4t. Pendant ce temps, vous avez acc\u00e8s aux installations du Clubhouse.<\/p>\n<p>Le d\u00e9part est \u00e0 10h00.<\/div><\/div><div id=\"ultimate-heading-667969e50d2ea090e\" class=\"uvc-heading ult-adjust-bottom-margin ultimate-heading-667969e50d2ea090e uvc-8543 \" data-hspacer=\"no_spacer\"  data-halign=\"left\" style=\"text-align:left\"><div class=\"uvc-heading-spacer no_spacer\" style=\"top\"><\/div><div class=\"uvc-main-heading ult-responsive\"  data-ultimate-target='.uvc-heading.ultimate-heading-667969e50d2ea090e h2'  data-responsive-json-new='{\"font-size\":\"desktop:18px;\",\"line-height\":\"\"}' ><h2 style=\"font-family:&#039;EB Garamond&#039;;font-weight:700;color:#A79F88;margin-bottom:5px;\">\u2022 Que faire si j\u2019arrive apr\u00e8s les heures d\u2019ouverture ?<\/h2><\/div><div class=\"uvc-sub-heading ult-responsive\"  data-ultimate-target='.uvc-heading.ultimate-heading-667969e50d2ea090e .uvc-sub-heading '  data-responsive-json-new='{\"font-size\":\"desktop:16px;\",\"line-height\":\"\"}'  style=\"font-family:&#039;EB Garamond&#039;;font-weight:normal;color:#000000;margin-bottom:20px;\">Si vous arrivez apr\u00e8s 21h00, vous pouvez vous rendre directement \u00e0 votre unit\u00e9. Utilisez le code d\u2019acc\u00e8s re\u00e7u par courriel avec les instructions d\u2019arriv\u00e9e pour entrer. Le reste du processus se fait en ligne<\/div><\/div><div id=\"ultimate-heading-895669e50d2ea09a5\" class=\"uvc-heading ult-adjust-bottom-margin ultimate-heading-895669e50d2ea09a5 uvc-6150 \" data-hspacer=\"no_spacer\"  data-halign=\"left\" style=\"text-align:left\"><div class=\"uvc-heading-spacer no_spacer\" style=\"top\"><\/div><div class=\"uvc-main-heading ult-responsive\"  data-ultimate-target='.uvc-heading.ultimate-heading-895669e50d2ea09a5 h2'  data-responsive-json-new='{\"font-size\":\"desktop:18px;\",\"line-height\":\"\"}' ><h2 style=\"font-family:&#039;EB Garamond&#039;;font-weight:700;color:#A79F88;margin-bottom:5px;\">\u2022 Comment se passe l\u2019enregistrement ?<\/h2><\/div><div class=\"uvc-sub-heading ult-responsive\"  data-ultimate-target='.uvc-heading.ultimate-heading-895669e50d2ea09a5 .uvc-sub-heading '  data-responsive-json-new='{\"font-size\":\"desktop:16px;\",\"line-height\":\"\"}'  style=\"font-family:&#039;EB Garamond&#039;;font-weight:normal;color:#000000;margin-bottom:20px;\"><\/p>\n<ul>\n<li>Compl\u00e9tez l\u2019enregistrement en ligne via le lien re\u00e7u par courriel ou texto<\/li>\n<li>T\u00e9l\u00e9versez une pi\u00e8ce d\u2019identit\u00e9 avec photo, un autoportrait, et fournissez votre carte de cr\u00e9dit pour le d\u00e9p\u00f4t<\/li>\n<li>Signature requise<\/li>\n<\/ul>\n<p>Une fois votre unit\u00e9 pr\u00eate, vous recevrez :<\/p>\n<ul>\n<li>Un code de verrouillage pour entrer<\/li>\n<li>Un plan du site pour localiser votre unit\u00e9<\/li>\n<li>Le code Wi-Fi<\/li>\n<li>Les infos g\u00e9n\u00e9rales du complexe<\/li>\n<\/ul>\n<p><\/div><\/div><div id=\"ultimate-heading-664169e50d2ea0a2b\" class=\"uvc-heading ult-adjust-bottom-margin ultimate-heading-664169e50d2ea0a2b uvc-8985 \" data-hspacer=\"no_spacer\"  data-halign=\"left\" style=\"text-align:left\"><div class=\"uvc-heading-spacer no_spacer\" style=\"top\"><\/div><div class=\"uvc-main-heading ult-responsive\"  data-ultimate-target='.uvc-heading.ultimate-heading-664169e50d2ea0a2b h2'  data-responsive-json-new='{\"font-size\":\"desktop:18px;\",\"line-height\":\"\"}' ><h2 style=\"font-family:&#039;EB Garamond&#039;;font-weight:700;color:#A79F88;margin-bottom:5px;\">\u2022 Quand vais-je recevoir mes instructions d\u2019arriv\u00e9e ?<\/h2><\/div><div class=\"uvc-sub-heading ult-responsive\"  data-ultimate-target='.uvc-heading.ultimate-heading-664169e50d2ea0a2b .uvc-sub-heading '  data-responsive-json-new='{\"font-size\":\"desktop:16px;\",\"line-height\":\"\"}'  style=\"font-family:&#039;EB Garamond&#039;;font-weight:normal;color:#000000;margin-bottom:20px;\">Elles vous seront envoy\u00e9es par texto ou courriel le jour m\u00eame de votre arriv\u00e9e.<\/div><\/div><div id=\"ultimate-heading-477469e50d2ea0ac0\" class=\"uvc-heading ult-adjust-bottom-margin ultimate-heading-477469e50d2ea0ac0 uvc-7742 \" data-hspacer=\"no_spacer\"  data-halign=\"left\" style=\"text-align:left\"><div class=\"uvc-heading-spacer no_spacer\" style=\"top\"><\/div><div class=\"uvc-main-heading ult-responsive\"  data-ultimate-target='.uvc-heading.ultimate-heading-477469e50d2ea0ac0 h2'  data-responsive-json-new='{\"font-size\":\"desktop:18px;\",\"line-height\":\"\"}' ><h2 style=\"font-family:&#039;EB Garamond&#039;;font-weight:700;color:#A79F88;margin-bottom:5px;\">\u2022 Puis-je partir apr\u00e8s 10h00 ?<\/h2><\/div><div class=\"uvc-sub-heading ult-responsive\"  data-ultimate-target='.uvc-heading.ultimate-heading-477469e50d2ea0ac0 .uvc-sub-heading '  data-responsive-json-new='{\"font-size\":\"desktop:16px;\",\"line-height\":\"\"}'  style=\"font-family:&#039;EB Garamond&#039;;font-weight:normal;color:#000000;margin-bottom:20px;\">Merci de confirmer aupr\u00e8s de la r\u00e9ception la veille de votre d\u00e9part. Des frais peuvent s\u2019appliquer.<\/div><\/div><div id=\"ultimate-heading-168969e50d2ea0b43\" class=\"uvc-heading ult-adjust-bottom-margin ultimate-heading-168969e50d2ea0b43 uvc-405 \" data-hspacer=\"no_spacer\"  data-halign=\"left\" style=\"text-align:left\"><div class=\"uvc-heading-spacer no_spacer\" style=\"top\"><\/div><div class=\"uvc-main-heading ult-responsive\"  data-ultimate-target='.uvc-heading.ultimate-heading-168969e50d2ea0b43 h2'  data-responsive-json-new='{\"font-size\":\"desktop:18px;\",\"line-height\":\"\"}' ><h2 style=\"font-family:&#039;EB Garamond&#039;;font-weight:700;color:#A79F88;margin-bottom:5px;\">\u2022 Comment puis-je effectuer le d\u00e9part ?<\/h2><\/div><div class=\"uvc-sub-heading ult-responsive\"  data-ultimate-target='.uvc-heading.ultimate-heading-168969e50d2ea0b43 .uvc-sub-heading '  data-responsive-json-new='{\"font-size\":\"desktop:16px;\",\"line-height\":\"\"}'  style=\"font-family:&#039;EB Garamond&#039;;font-weight:normal;color:#000000;margin-bottom:20px;\">Vous pouvez nous appeler ou passer au Clubhouse pour nous informer de votre d\u00e9part.<\/div><\/div>[\/vc_column][vc_column width=\u00a0\u00bb1\/6&Prime;][\/vc_column][\/vc_row][vc_row][vc_column][\/vc_column][\/vc_row]<\/p>\n<\/div>","protected":false},"excerpt":{"rendered":"<p>[vc_row gap=\u00a0\u00bb10&Prime; kswr_row_top_decor_enabled=\u00a0\u00bbfalse\u00a0\u00bb kswr_row_bottom_decor_enabled=\u00a0\u00bbfalse\u00a0\u00bb css=\u00a0\u00bb.vc_custom_1750035097841{margin-right: 100px !important;margin-left: 100px !important;padding-bottom: 20px !important;}\u00a0\u00bb][vc_column][vc_custom_heading text=\u00a0\u00bbQUESTIONS FR\u00c9QUEMMENT POS\u00c9ES\u00a0\u00bb font_container=\u00a0\u00bbtag:h2|font_size:40|text_align:center|color:%239c9379&Prime; use_theme_fonts=\u00a0\u00bbyes\u00a0\u00bb css=\u00a0\u00bb.vc_custom_1750035058276{padding-top: 25px !important;}\u00a0\u00bb][\/vc_column][\/vc_row][vc_row full_width=\u00a0\u00bbstretch_row_content_no_spaces\u00a0\u00bb kswr_row_top_decor_enabled=\u00a0\u00bbfalse\u00a0\u00bb kswr_row_bottom_decor_enabled=\u00a0\u00bbfalse\u00a0\u00bb css=\u00a0\u00bb.vc_custom_1750035196946{padding-bottom: 75px !important;}\u00a0\u00bb][vc_column width=\u00a0\u00bb1\/6&Prime;][\/vc_column][vc_column width=\u00a0\u00bb2\/3&Prime;][\/vc_column][vc_column width=\u00a0\u00bb1\/6&Prime;][\/vc_column][\/vc_row][vc_row][vc_column][\/vc_column][\/vc_row]<\/p>\n","protected":false},"author":1,"featured_media":0,"parent":67259,"menu_order":0,"comment_status":"closed","ping_status":"closed","template":"","meta":{"_et_pb_use_builder":"","_et_pb_old_content":"","_et_gb_content_width":"","footnotes":""},"class_list":["post-67351","page","type-page","status-publish","hentry","description-off"],"yoast_head":"<!-- This site is optimized with the Yoast SEO Premium plugin v26.6 (Yoast SEO v27.4) - https:\/\/yoast.com\/product\/yoast-seo-premium-wordpress\/ -->\n<title>L\u2019h\u00f4tel Bel Air Tremblant | FAQ sur l&#039;arriv\u00e9e et le d\u00e9part<\/title>\n<meta name=\"description\" content=\"Bel Air Tremblant arriv\u00e9e et d\u00e9part : Arriv\u00e9e en ligne entre 17 et 19 heures, acc\u00e8s apr\u00e8s les heures d&#039;ouverture, t\u00e9l\u00e9chargement d&#039;une pi\u00e8ce d&#039;identit\u00e9, envoi du code de verrouillage ; d\u00e9part avant 10 heures.\" \/>\n<meta name=\"robots\" content=\"noindex, follow, max-snippet:-1, max-image-preview:large, max-video-preview:-1\" \/>\n<meta property=\"og:locale\" content=\"fr_FR\" \/>\n<meta property=\"og:type\" content=\"article\" \/>\n<meta property=\"og:title\" content=\"Arriv\u00e9e et d\u00e9part\" \/>\n<meta property=\"og:description\" content=\"Bel Air Tremblant arriv\u00e9e et d\u00e9part : Arriv\u00e9e en ligne entre 17 et 19 heures, acc\u00e8s apr\u00e8s les heures d&#039;ouverture, t\u00e9l\u00e9chargement d&#039;une pi\u00e8ce d&#039;identit\u00e9, envoi du code de verrouillage ; d\u00e9part avant 10 heures.\" \/>\n<meta property=\"og:url\" content=\"https:\/\/dev.belairtremblant.com\/fr\/hotel-faq\/arrivee-et-depart\/\" \/>\n<meta property=\"og:site_name\" content=\"DEV Bel Air Tremblant\" \/>\n<meta property=\"article:modified_time\" content=\"2025-07-02T14:51:01+00:00\" \/>\n<meta name=\"twitter:card\" content=\"summary_large_image\" \/>\n<meta name=\"twitter:label1\" content=\"Dur\u00e9e de lecture estim\u00e9e\" \/>\n\t<meta name=\"twitter:data1\" content=\"4 minutes\" \/>\n<script type=\"application\/ld+json\" class=\"yoast-schema-graph\">{\"@context\":\"https:\\\/\\\/schema.org\",\"@graph\":[{\"@type\":\"WebPage\",\"@id\":\"https:\\\/\\\/dev.belairtremblant.com\\\/fr\\\/hotel-faq\\\/arrivee-et-depart\\\/\",\"url\":\"https:\\\/\\\/dev.belairtremblant.com\\\/fr\\\/hotel-faq\\\/arrivee-et-depart\\\/\",\"name\":\"L\u2019h\u00f4tel Bel Air Tremblant | FAQ sur l'arriv\u00e9e et le d\u00e9part\",\"isPartOf\":{\"@id\":\"https:\\\/\\\/dev.belairtremblant.com\\\/fr\\\/#website\"},\"datePublished\":\"2025-06-16T02:23:47+00:00\",\"dateModified\":\"2025-07-02T14:51:01+00:00\",\"description\":\"Bel Air Tremblant arriv\u00e9e et d\u00e9part : Arriv\u00e9e en ligne entre 17 et 19 heures, acc\u00e8s apr\u00e8s les heures d'ouverture, t\u00e9l\u00e9chargement d'une pi\u00e8ce d'identit\u00e9, envoi du code de verrouillage ; d\u00e9part avant 10 heures.\",\"breadcrumb\":{\"@id\":\"https:\\\/\\\/dev.belairtremblant.com\\\/fr\\\/hotel-faq\\\/arrivee-et-depart\\\/#breadcrumb\"},\"inLanguage\":\"fr-FR\",\"potentialAction\":[{\"@type\":\"ReadAction\",\"target\":[\"https:\\\/\\\/dev.belairtremblant.com\\\/fr\\\/hotel-faq\\\/arrivee-et-depart\\\/\"]}]},{\"@type\":\"BreadcrumbList\",\"@id\":\"https:\\\/\\\/dev.belairtremblant.com\\\/fr\\\/hotel-faq\\\/arrivee-et-depart\\\/#breadcrumb\",\"itemListElement\":[{\"@type\":\"ListItem\",\"position\":1,\"name\":\"Home\",\"item\":\"https:\\\/\\\/dev.belairtremblant.com\\\/fr\\\/\"},{\"@type\":\"ListItem\",\"position\":2,\"name\":\"H\u00f4tel FAQ\",\"item\":\"https:\\\/\\\/dev.belairtremblant.com\\\/fr\\\/hotels-faqs\\\/\"},{\"@type\":\"ListItem\",\"position\":3,\"name\":\"Arriv\u00e9e et d\u00e9part\"}]},{\"@type\":\"WebSite\",\"@id\":\"https:\\\/\\\/dev.belairtremblant.com\\\/fr\\\/#website\",\"url\":\"https:\\\/\\\/dev.belairtremblant.com\\\/fr\\\/\",\"name\":\"DEV Bel Air Tremblant\",\"description\":\"Unique domes &amp; chalet rentals Mont Tremblant\",\"publisher\":{\"@id\":\"https:\\\/\\\/dev.belairtremblant.com\\\/fr\\\/#organization\"},\"potentialAction\":[{\"@type\":\"SearchAction\",\"target\":{\"@type\":\"EntryPoint\",\"urlTemplate\":\"https:\\\/\\\/dev.belairtremblant.com\\\/fr\\\/?s={search_term_string}\"},\"query-input\":{\"@type\":\"PropertyValueSpecification\",\"valueRequired\":true,\"valueName\":\"search_term_string\"}}],\"inLanguage\":\"fr-FR\"},{\"@type\":\"Organization\",\"@id\":\"https:\\\/\\\/dev.belairtremblant.com\\\/fr\\\/#organization\",\"name\":\"Bel Air Resort hotel in Tremblant\",\"url\":\"https:\\\/\\\/dev.belairtremblant.com\\\/fr\\\/\",\"logo\":{\"@type\":\"ImageObject\",\"inLanguage\":\"fr-FR\",\"@id\":\"https:\\\/\\\/dev.belairtremblant.com\\\/fr\\\/#\\\/schema\\\/logo\\\/image\\\/\",\"url\":\"https:\\\/\\\/dev.belairtremblant.com\\\/wp-content\\\/uploads\\\/2022\\\/04\\\/New-BA-Tremblant-logo.jpg\",\"contentUrl\":\"https:\\\/\\\/dev.belairtremblant.com\\\/wp-content\\\/uploads\\\/2022\\\/04\\\/New-BA-Tremblant-logo.jpg\",\"width\":800,\"height\":383,\"caption\":\"Bel Air Resort hotel in Tremblant\"},\"image\":{\"@id\":\"https:\\\/\\\/dev.belairtremblant.com\\\/fr\\\/#\\\/schema\\\/logo\\\/image\\\/\"}}]}<\/script>\n<!-- \/ Yoast SEO Premium plugin. -->","yoast_head_json":{"title":"L\u2019h\u00f4tel Bel Air Tremblant | FAQ sur l'arriv\u00e9e et le d\u00e9part","description":"Bel Air Tremblant arriv\u00e9e et d\u00e9part : Arriv\u00e9e en ligne entre 17 et 19 heures, acc\u00e8s apr\u00e8s les heures d'ouverture, t\u00e9l\u00e9chargement d'une pi\u00e8ce d'identit\u00e9, envoi du code de verrouillage ; d\u00e9part avant 10 heures.","robots":{"index":"noindex","follow":"follow","max-snippet":"max-snippet:-1","max-image-preview":"max-image-preview:large","max-video-preview":"max-video-preview:-1"},"og_locale":"fr_FR","og_type":"article","og_title":"Arriv\u00e9e et d\u00e9part","og_description":"Bel Air Tremblant arriv\u00e9e et d\u00e9part : Arriv\u00e9e en ligne entre 17 et 19 heures, acc\u00e8s apr\u00e8s les heures d'ouverture, t\u00e9l\u00e9chargement d'une pi\u00e8ce d'identit\u00e9, envoi du code de verrouillage ; d\u00e9part avant 10 heures.","og_url":"https:\/\/dev.belairtremblant.com\/fr\/hotel-faq\/arrivee-et-depart\/","og_site_name":"DEV Bel Air Tremblant","article_modified_time":"2025-07-02T14:51:01+00:00","twitter_card":"summary_large_image","twitter_misc":{"Dur\u00e9e de lecture estim\u00e9e":"4 minutes"},"schema":{"@context":"https:\/\/schema.org","@graph":[{"@type":"WebPage","@id":"https:\/\/dev.belairtremblant.com\/fr\/hotel-faq\/arrivee-et-depart\/","url":"https:\/\/dev.belairtremblant.com\/fr\/hotel-faq\/arrivee-et-depart\/","name":"L\u2019h\u00f4tel Bel Air Tremblant | FAQ sur l'arriv\u00e9e et le d\u00e9part","isPartOf":{"@id":"https:\/\/dev.belairtremblant.com\/fr\/#website"},"datePublished":"2025-06-16T02:23:47+00:00","dateModified":"2025-07-02T14:51:01+00:00","description":"Bel Air Tremblant arriv\u00e9e et d\u00e9part : Arriv\u00e9e en ligne entre 17 et 19 heures, acc\u00e8s apr\u00e8s les heures d'ouverture, t\u00e9l\u00e9chargement d'une pi\u00e8ce d'identit\u00e9, envoi du code de verrouillage ; d\u00e9part avant 10 heures.","breadcrumb":{"@id":"https:\/\/dev.belairtremblant.com\/fr\/hotel-faq\/arrivee-et-depart\/#breadcrumb"},"inLanguage":"fr-FR","potentialAction":[{"@type":"ReadAction","target":["https:\/\/dev.belairtremblant.com\/fr\/hotel-faq\/arrivee-et-depart\/"]}]},{"@type":"BreadcrumbList","@id":"https:\/\/dev.belairtremblant.com\/fr\/hotel-faq\/arrivee-et-depart\/#breadcrumb","itemListElement":[{"@type":"ListItem","position":1,"name":"Home","item":"https:\/\/dev.belairtremblant.com\/fr\/"},{"@type":"ListItem","position":2,"name":"H\u00f4tel FAQ","item":"https:\/\/dev.belairtremblant.com\/fr\/hotels-faqs\/"},{"@type":"ListItem","position":3,"name":"Arriv\u00e9e et d\u00e9part"}]},{"@type":"WebSite","@id":"https:\/\/dev.belairtremblant.com\/fr\/#website","url":"https:\/\/dev.belairtremblant.com\/fr\/","name":"DEV Bel Air Tremblant","description":"Unique domes &amp; chalet rentals Mont Tremblant","publisher":{"@id":"https:\/\/dev.belairtremblant.com\/fr\/#organization"},"potentialAction":[{"@type":"SearchAction","target":{"@type":"EntryPoint","urlTemplate":"https:\/\/dev.belairtremblant.com\/fr\/?s={search_term_string}"},"query-input":{"@type":"PropertyValueSpecification","valueRequired":true,"valueName":"search_term_string"}}],"inLanguage":"fr-FR"},{"@type":"Organization","@id":"https:\/\/dev.belairtremblant.com\/fr\/#organization","name":"Bel Air Resort hotel in Tremblant","url":"https:\/\/dev.belairtremblant.com\/fr\/","logo":{"@type":"ImageObject","inLanguage":"fr-FR","@id":"https:\/\/dev.belairtremblant.com\/fr\/#\/schema\/logo\/image\/","url":"https:\/\/dev.belairtremblant.com\/wp-content\/uploads\/2022\/04\/New-BA-Tremblant-logo.jpg","contentUrl":"https:\/\/dev.belairtremblant.com\/wp-content\/uploads\/2022\/04\/New-BA-Tremblant-logo.jpg","width":800,"height":383,"caption":"Bel Air Resort hotel in Tremblant"},"image":{"@id":"https:\/\/dev.belairtremblant.com\/fr\/#\/schema\/logo\/image\/"}}]}},"_links":{"self":[{"href":"https:\/\/dev.belairtremblant.com\/fr\/wp-json\/wp\/v2\/pages\/67351","targetHints":{"allow":["GET"]}}],"collection":[{"href":"https:\/\/dev.belairtremblant.com\/fr\/wp-json\/wp\/v2\/pages"}],"about":[{"href":"https:\/\/dev.belairtremblant.com\/fr\/wp-json\/wp\/v2\/types\/page"}],"author":[{"embeddable":true,"href":"https:\/\/dev.belairtremblant.com\/fr\/wp-json\/wp\/v2\/users\/1"}],"replies":[{"embeddable":true,"href":"https:\/\/dev.belairtremblant.com\/fr\/wp-json\/wp\/v2\/comments?post=67351"}],"version-history":[{"count":0,"href":"https:\/\/dev.belairtremblant.com\/fr\/wp-json\/wp\/v2\/pages\/67351\/revisions"}],"up":[{"embeddable":true,"href":"https:\/\/dev.belairtremblant.com\/fr\/wp-json\/wp\/v2\/pages\/67259"}],"wp:attachment":[{"href":"https:\/\/dev.belairtremblant.com\/fr\/wp-json\/wp\/v2\/media?parent=67351"}],"curies":[{"name":"wp","href":"https:\/\/api.w.org\/{rel}","templated":true}]}}