{"id":67335,"date":"2025-06-20T14:14:38","date_gmt":"2025-06-20T14:14:38","guid":{"rendered":"https:\/\/dev.belairtremblant.com\/hotel-faq\/hebergement\/"},"modified":"2025-06-23T01:01:33","modified_gmt":"2025-06-23T01:01:33","slug":"hebergement","status":"publish","type":"page","link":"https:\/\/dev.belairtremblant.com\/fr\/hotel-faq\/hebergement\/","title":{"rendered":"H\u00e9bergement"},"content":{"rendered":"<div class=\"wpb-content-wrapper\"><p>[vc_row bg_type=\u00a0\u00bbimage\u00a0\u00bb parallax_style=\u00a0\u00bbvcpb-default\u00a0\u00bb bg_image_new=\u00a0\u00bbid^67318|url^https:\/\/dev.belairtremblant.com\/wp-content\/uploads\/2025\/06\/Tremblant-lodging-dome.webp|caption^null|alt^Tremblant lodging|title^Tremblant lodging dome|description^Bel Air tremblant lodging dome interior\u00a0\u00bb bg_image_repeat=\u00a0\u00bbno-repeat\u00a0\u00bb bg_override=\u00a0\u00bbfull\u00a0\u00bb css=\u00a0\u00bb.vc_custom_1750428842650{padding-top: 220px !important;padding-bottom: 250px !important;}\u00a0\u00bb][vc_column][\/vc_column][\/vc_row][vc_row gap=\u00a0\u00bb10&Prime; kswr_row_top_decor_enabled=\u00a0\u00bbfalse\u00a0\u00bb kswr_row_bottom_decor_enabled=\u00a0\u00bbfalse\u00a0\u00bb css=\u00a0\u00bb.vc_custom_1750035097841{margin-right: 100px !important;margin-left: 100px !important;padding-bottom: 20px !important;}\u00a0\u00bb][vc_column][vc_custom_heading text=\u00a0\u00bbFAQ BEL AIR TREMBLANT\u00a0\u00bb font_container=\u00a0\u00bbtag:h2|font_size:40|text_align:center|color:%239c9379&Prime; use_theme_fonts=\u00a0\u00bbyes\u00a0\u00bb css=\u00a0\u00bb.vc_custom_1750423987837{padding-top: 25px !important;}\u00a0\u00bb]<div id=\"ultimate-heading-831169e50cd7929f9\" class=\"uvc-heading ult-adjust-bottom-margin ultimate-heading-831169e50cd7929f9 uvc-8330 \" data-hspacer=\"no_spacer\"  data-halign=\"center\" style=\"text-align:center\"><div class=\"uvc-heading-spacer no_spacer\" style=\"top\"><\/div><div class=\"uvc-main-heading ult-responsive\"  data-ultimate-target='.uvc-heading.ultimate-heading-831169e50cd7929f9 h1'  data-responsive-json-new='{\"font-size\":\"desktop:24px;\",\"line-height\":\"\"}' ><h1 style=\"font-family:&#039;EB Garamond&#039;;font-style:italic;font-weight:600;color:#494848;margin-top:10px;\">FAQ sur notre h\u00e9bergement \u00e0 Mont-Tremblant<\/h1><\/div><\/div>[\/vc_column][\/vc_row][vc_row full_width=\u00a0\u00bbstretch_row_content_no_spaces\u00a0\u00bb kswr_row_top_decor_enabled=\u00a0\u00bbfalse\u00a0\u00bb kswr_row_bottom_decor_enabled=\u00a0\u00bbfalse\u00a0\u00bb css=\u00a0\u00bb.vc_custom_1750035196946{padding-bottom: 75px !important;}\u00a0\u00bb][vc_column width=\u00a0\u00bb1\/6&Prime;][\/vc_column][vc_column width=\u00a0\u00bb2\/3&Prime;]<div id=\"ultimate-heading-181669e50cd792ae3\" class=\"uvc-heading ult-adjust-bottom-margin ultimate-heading-181669e50cd792ae3 uvc-2475 \" data-hspacer=\"no_spacer\"  data-halign=\"left\" style=\"text-align:left\"><div class=\"uvc-heading-spacer no_spacer\" style=\"top\"><\/div><div class=\"uvc-main-heading ult-responsive\"  data-ultimate-target='.uvc-heading.ultimate-heading-181669e50cd792ae3 h2'  data-responsive-json-new='{\"font-size\":\"desktop:18px;\",\"line-height\":\"\"}' ><h2 style=\"font-family:&#039;EB Garamond&#039;;font-weight:700;color:#A79F88;margin-bottom:5px;\">\u2022 Quels sont les produits de bain fournis dans les chambres ?<\/h2><\/div><div class=\"uvc-sub-heading ult-responsive\"  data-ultimate-target='.uvc-heading.ultimate-heading-181669e50cd792ae3 .uvc-sub-heading '  data-responsive-json-new='{\"font-size\":\"desktop:16px;\",\"line-height\":\"\"}'  style=\"font-family:&#039;EB Garamond&#039;;font-weight:normal;color:#000000;margin-bottom:20px;\">Du savon en barre, shampoing, revitalisant, gel douche et savon pour les mains sont inclus dans toutes les nos <a href=\"https:\/\/dev.belairtremblant.com\/fr\/locations\/\">h\u00e9bergements \u00e0 Mont Tremblant.<\/a><\/div><\/div><div id=\"ultimate-heading-997569e50cd792b8c\" class=\"uvc-heading ult-adjust-bottom-margin ultimate-heading-997569e50cd792b8c uvc-1578 \" data-hspacer=\"no_spacer\"  data-halign=\"left\" style=\"text-align:left\"><div class=\"uvc-heading-spacer no_spacer\" style=\"top\"><\/div><div class=\"uvc-main-heading ult-responsive\"  data-ultimate-target='.uvc-heading.ultimate-heading-997569e50cd792b8c h2'  data-responsive-json-new='{\"font-size\":\"desktop:18px;\",\"line-height\":\"\"}' ><h2 style=\"font-family:&#039;EB Garamond&#039;;font-weight:700;color:#A79F88;margin-bottom:5px;\">\u2022 Qu\u2019est-ce qu\u2019un d\u00f4me ?<\/h2><\/div><div class=\"uvc-sub-heading ult-responsive\"  data-ultimate-target='.uvc-heading.ultimate-heading-997569e50cd792b8c .uvc-sub-heading '  data-responsive-json-new='{\"font-size\":\"desktop:16px;\",\"line-height\":\"\"}'  style=\"font-family:&#039;EB Garamond&#039;;font-weight:normal;color:#000000;margin-bottom:20px;\">Les d\u00f4mes sont une nouvelle tendance dans le monde de l\u2019h\u00e9bergement. Les d\u00f4mes locatifs de Bel Air sont des structures modernes con\u00e7ues pour offrir un confort optimal. Ils sont 100 % \u00e9tanches, isol\u00e9s, chauff\u00e9s et enti\u00e8rement \u00e9quip\u00e9s : lit king-size, t\u00e9l\u00e9vision intelligente, douche, coin cuisine, table \u00e0 manger, BBQ, sauna et spa priv\u00e9s.<\/div><\/div><div id=\"ultimate-heading-288669e50cd792c31\" class=\"uvc-heading ult-adjust-bottom-margin ultimate-heading-288669e50cd792c31 uvc-9846 \" data-hspacer=\"no_spacer\"  data-halign=\"left\" style=\"text-align:left\"><div class=\"uvc-heading-spacer no_spacer\" style=\"top\"><\/div><div class=\"uvc-main-heading ult-responsive\"  data-ultimate-target='.uvc-heading.ultimate-heading-288669e50cd792c31 h2'  data-responsive-json-new='{\"font-size\":\"desktop:18px;\",\"line-height\":\"\"}' ><h2 style=\"font-family:&#039;EB Garamond&#039;;font-weight:700;color:#A79F88;margin-bottom:5px;\">\u2022 Les d\u00f4mes sont-ils adapt\u00e9s pour l\u2019hiver ?<\/h2><\/div><div class=\"uvc-sub-heading ult-responsive\"  data-ultimate-target='.uvc-heading.ultimate-heading-288669e50cd792c31 .uvc-sub-heading '  data-responsive-json-new='{\"font-size\":\"desktop:16px;\",\"line-height\":\"\"}'  style=\"font-family:&#039;EB Garamond&#039;;font-weight:normal;color:#000000;margin-bottom:20px;\">Oui, les d\u00f4mes de glamping de Bel Air Tremblant sont con\u00e7us pour toutes les saisons. Ils disposent de planchers chauffants et d\u2019un foyer au gaz qui chauffe rapidement et assure un confort m\u00eame en cas de neige. Les temp\u00e9ratures extr\u00eames peuvent affecter l\u2019exp\u00e9rience ; veuillez consulter les conditions m\u00e9t\u00e9o.<\/div><\/div><div id=\"ultimate-heading-983669e50cd792cbb\" class=\"uvc-heading ult-adjust-bottom-margin ultimate-heading-983669e50cd792cbb uvc-6947 \" data-hspacer=\"no_spacer\"  data-halign=\"left\" style=\"text-align:left\"><div class=\"uvc-heading-spacer no_spacer\" style=\"top\"><\/div><div class=\"uvc-main-heading ult-responsive\"  data-ultimate-target='.uvc-heading.ultimate-heading-983669e50cd792cbb h2'  data-responsive-json-new='{\"font-size\":\"desktop:18px;\",\"line-height\":\"\"}' ><h2 style=\"font-family:&#039;EB Garamond&#039;;font-weight:700;color:#A79F88;margin-bottom:5px;\">\u2022 Les d\u00f4mes sont-ils adapt\u00e9s pour l\u2019\u00e9t\u00e9 ?<\/h2><\/div><div class=\"uvc-sub-heading ult-responsive\"  data-ultimate-target='.uvc-heading.ultimate-heading-983669e50cd792cbb .uvc-sub-heading '  data-responsive-json-new='{\"font-size\":\"desktop:16px;\",\"line-height\":\"\"}'  style=\"font-family:&#039;EB Garamond&#039;;font-weight:normal;color:#000000;margin-bottom:20px;\">Absolument, tous les d\u00f4mes sont climatis\u00e9s et \u00e9quip\u00e9s d\u2019un thermostat individuel vous permettant de r\u00e9gler la temp\u00e9rature selon vos pr\u00e9f\u00e9rences.<\/div><\/div><div id=\"ultimate-heading-32469e50cd792d3d\" class=\"uvc-heading ult-adjust-bottom-margin ultimate-heading-32469e50cd792d3d uvc-4242 \" data-hspacer=\"no_spacer\"  data-halign=\"left\" style=\"text-align:left\"><div class=\"uvc-heading-spacer no_spacer\" style=\"top\"><\/div><div class=\"uvc-main-heading ult-responsive\"  data-ultimate-target='.uvc-heading.ultimate-heading-32469e50cd792d3d h2'  data-responsive-json-new='{\"font-size\":\"desktop:18px;\",\"line-height\":\"\"}' ><h2 style=\"font-family:&#039;EB Garamond&#039;;font-weight:700;color:#A79F88;margin-bottom:5px;\">\u2022 Toutes les unit\u00e9s d\u2019h\u00e9bergement sont-elles \u00e9quip\u00e9es d\u2019une t\u00e9l\u00e9vision ?<\/h2><\/div><div class=\"uvc-sub-heading ult-responsive\"  data-ultimate-target='.uvc-heading.ultimate-heading-32469e50cd792d3d .uvc-sub-heading '  data-responsive-json-new='{\"font-size\":\"desktop:16px;\",\"line-height\":\"\"}'  style=\"font-family:&#039;EB Garamond&#039;;font-weight:normal;color:#000000;margin-bottom:20px;\">Oui, chaque unit\u00e9 est dot\u00e9e d\u2019une t\u00e9l\u00e9vision intelligente avec acc\u00e8s \u00e0 vos cha\u00eenes de streaming pr\u00e9f\u00e9r\u00e9es. Vous devez vous connecter \u00e0 vos propres comptes depuis votre appareil mobile, puis s\u00e9lectionner la TV comme destination de diffusion.<\/div><\/div><div id=\"ultimate-heading-907969e50cd792dbf\" class=\"uvc-heading ult-adjust-bottom-margin ultimate-heading-907969e50cd792dbf uvc-6952 \" data-hspacer=\"no_spacer\"  data-halign=\"left\" style=\"text-align:left\"><div class=\"uvc-heading-spacer no_spacer\" style=\"top\"><\/div><div class=\"uvc-main-heading ult-responsive\"  data-ultimate-target='.uvc-heading.ultimate-heading-907969e50cd792dbf h2'  data-responsive-json-new='{\"font-size\":\"desktop:18px;\",\"line-height\":\"\"}' ><h2 style=\"font-family:&#039;EB Garamond&#039;;font-weight:700;color:#A79F88;margin-bottom:5px;\">\u2022 Proposez-vous un service aux chambres depuis les restaurants de Bel Air Resort ?<\/h2><\/div><div class=\"uvc-sub-heading ult-responsive\"  data-ultimate-target='.uvc-heading.ultimate-heading-907969e50cd792dbf .uvc-sub-heading '  data-responsive-json-new='{\"font-size\":\"desktop:16px;\",\"line-height\":\"\"}'  style=\"font-family:&#039;EB Garamond&#039;;font-weight:normal;color:#000000;margin-bottom:20px;\">Le service aux chambres n\u2019est pas offert, mais vous pouvez commander en ligne pour un ramassage \u00e0 <a href=\"https:\/\/ekkisushitremblant.com\/fr\/\" target=\"_blank\" rel=\"noopener\">Ekki Sushi Tremblant<\/a> ou au <a href=\"https:\/\/bistrobelairtremblant.com\/fr\/\" target=\"_blank\" rel=\"noopener\">Bistro Bel Air<\/a>.<\/div><\/div>[\/vc_column][vc_column width=\u00a0\u00bb1\/6&Prime;][\/vc_column][\/vc_row][vc_row][vc_column][\/vc_column][\/vc_row]<\/p>\n<\/div>","protected":false},"excerpt":{"rendered":"<p>[vc_row bg_type=\u00a0\u00bbimage\u00a0\u00bb parallax_style=\u00a0\u00bbvcpb-default\u00a0\u00bb bg_image_new=\u00a0\u00bbid^67318|url^https:\/\/dev.belairtremblant.com\/wp-content\/uploads\/2025\/06\/Tremblant-lodging-dome.webp|caption^null|alt^Tremblant lodging|title^Tremblant lodging dome|description^Bel Air tremblant lodging dome interior\u00a0\u00bb bg_image_repeat=\u00a0\u00bbno-repeat\u00a0\u00bb bg_override=\u00a0\u00bbfull\u00a0\u00bb css=\u00a0\u00bb.vc_custom_1750428842650{padding-top: 220px !important;padding-bottom: 250px !important;}\u00a0\u00bb][vc_column][\/vc_column][\/vc_row][vc_row gap=\u00a0\u00bb10&Prime; kswr_row_top_decor_enabled=\u00a0\u00bbfalse\u00a0\u00bb kswr_row_bottom_decor_enabled=\u00a0\u00bbfalse\u00a0\u00bb css=\u00a0\u00bb.vc_custom_1750035097841{margin-right: 100px !important;margin-left: 100px !important;padding-bottom: 20px !important;}\u00a0\u00bb][vc_column][vc_custom_heading text=\u00a0\u00bbFAQ BEL AIR TREMBLANT\u00a0\u00bb font_container=\u00a0\u00bbtag:h2|font_size:40|text_align:center|color:%239c9379&Prime; use_theme_fonts=\u00a0\u00bbyes\u00a0\u00bb css=\u00a0\u00bb.vc_custom_1750423987837{padding-top: 25px !important;}\u00a0\u00bb][\/vc_column][\/vc_row][vc_row full_width=\u00a0\u00bbstretch_row_content_no_spaces\u00a0\u00bb kswr_row_top_decor_enabled=\u00a0\u00bbfalse\u00a0\u00bb kswr_row_bottom_decor_enabled=\u00a0\u00bbfalse\u00a0\u00bb css=\u00a0\u00bb.vc_custom_1750035196946{padding-bottom: 75px !important;}\u00a0\u00bb][vc_column width=\u00a0\u00bb1\/6&Prime;][\/vc_column][vc_column width=\u00a0\u00bb2\/3&Prime;][\/vc_column][vc_column width=\u00a0\u00bb1\/6&Prime;][\/vc_column][\/vc_row][vc_row][vc_column][\/vc_column][\/vc_row]<\/p>\n","protected":false},"author":1,"featured_media":67339,"parent":67259,"menu_order":0,"comment_status":"closed","ping_status":"closed","template":"","meta":{"_et_pb_use_builder":"","_et_pb_old_content":"","_et_gb_content_width":"","footnotes":""},"class_list":["post-67335","page","type-page","status-publish","has-post-thumbnail","hentry","description-off"],"yoast_head":"<!-- This site is optimized with the Yoast SEO Premium plugin v26.6 (Yoast SEO v27.4) - https:\/\/yoast.com\/product\/yoast-seo-premium-wordpress\/ -->\n<title>H\u00e9bergement Mont Tremblant | FAQ Bel Air Tremblant<\/title>\n<meta name=\"description\" content=\"Trouvez des r\u00e9ponses \u00e0 vos questions sur l&#039;h\u00e9bergement \u00e0 Mont-Tremblant \u00e0 Bel Air Tremblant.\" \/>\n<meta name=\"robots\" content=\"noindex, follow, max-snippet:-1, max-image-preview:large, max-video-preview:-1\" \/>\n<meta property=\"og:locale\" content=\"fr_FR\" \/>\n<meta property=\"og:type\" content=\"article\" \/>\n<meta property=\"og:title\" content=\"H\u00e9bergement\" \/>\n<meta property=\"og:description\" content=\"Trouvez des r\u00e9ponses \u00e0 vos questions sur l&#039;h\u00e9bergement \u00e0 Mont-Tremblant \u00e0 Bel Air Tremblant.\" \/>\n<meta property=\"og:url\" content=\"https:\/\/dev.belairtremblant.com\/fr\/hotel-faq\/hebergement\/\" \/>\n<meta property=\"og:site_name\" content=\"DEV Bel Air Tremblant\" \/>\n<meta property=\"article:modified_time\" content=\"2025-06-23T01:01:33+00:00\" \/>\n<meta property=\"og:image\" content=\"https:\/\/dev.belairtremblant.com\/wp-content\/uploads\/2025\/06\/Mont-tremblant-lodging-domes.webp\" \/>\n\t<meta property=\"og:image:width\" content=\"1200\" \/>\n\t<meta property=\"og:image:height\" content=\"800\" \/>\n\t<meta property=\"og:image:type\" content=\"image\/jpeg\" \/>\n<meta name=\"twitter:card\" content=\"summary_large_image\" \/>\n<meta name=\"twitter:label1\" content=\"Dur\u00e9e de lecture estim\u00e9e\" \/>\n\t<meta name=\"twitter:data1\" content=\"5 minutes\" \/>\n<script type=\"application\/ld+json\" class=\"yoast-schema-graph\">{\"@context\":\"https:\\\/\\\/schema.org\",\"@graph\":[{\"@type\":\"WebPage\",\"@id\":\"https:\\\/\\\/dev.belairtremblant.com\\\/fr\\\/hotel-faq\\\/hebergement\\\/\",\"url\":\"https:\\\/\\\/dev.belairtremblant.com\\\/fr\\\/hotel-faq\\\/hebergement\\\/\",\"name\":\"H\u00e9bergement Mont Tremblant | FAQ Bel Air Tremblant\",\"isPartOf\":{\"@id\":\"https:\\\/\\\/dev.belairtremblant.com\\\/fr\\\/#website\"},\"primaryImageOfPage\":{\"@id\":\"https:\\\/\\\/dev.belairtremblant.com\\\/fr\\\/hotel-faq\\\/hebergement\\\/#primaryimage\"},\"image\":{\"@id\":\"https:\\\/\\\/dev.belairtremblant.com\\\/fr\\\/hotel-faq\\\/hebergement\\\/#primaryimage\"},\"thumbnailUrl\":\"https:\\\/\\\/dev.belairtremblant.com\\\/wp-content\\\/uploads\\\/2025\\\/06\\\/Mont-tremblant-lodging-domes.webp\",\"datePublished\":\"2025-06-20T14:14:38+00:00\",\"dateModified\":\"2025-06-23T01:01:33+00:00\",\"description\":\"Trouvez des r\u00e9ponses \u00e0 vos questions sur l'h\u00e9bergement \u00e0 Mont-Tremblant \u00e0 Bel Air Tremblant.\",\"breadcrumb\":{\"@id\":\"https:\\\/\\\/dev.belairtremblant.com\\\/fr\\\/hotel-faq\\\/hebergement\\\/#breadcrumb\"},\"inLanguage\":\"fr-FR\",\"potentialAction\":[{\"@type\":\"ReadAction\",\"target\":[\"https:\\\/\\\/dev.belairtremblant.com\\\/fr\\\/hotel-faq\\\/hebergement\\\/\"]}]},{\"@type\":\"ImageObject\",\"inLanguage\":\"fr-FR\",\"@id\":\"https:\\\/\\\/dev.belairtremblant.com\\\/fr\\\/hotel-faq\\\/hebergement\\\/#primaryimage\",\"url\":\"https:\\\/\\\/dev.belairtremblant.com\\\/wp-content\\\/uploads\\\/2025\\\/06\\\/Mont-tremblant-lodging-domes.webp\",\"contentUrl\":\"https:\\\/\\\/dev.belairtremblant.com\\\/wp-content\\\/uploads\\\/2025\\\/06\\\/Mont-tremblant-lodging-domes.webp\",\"width\":1200,\"height\":800,\"caption\":\"Tremblant lodging\"},{\"@type\":\"BreadcrumbList\",\"@id\":\"https:\\\/\\\/dev.belairtremblant.com\\\/fr\\\/hotel-faq\\\/hebergement\\\/#breadcrumb\",\"itemListElement\":[{\"@type\":\"ListItem\",\"position\":1,\"name\":\"Home\",\"item\":\"https:\\\/\\\/dev.belairtremblant.com\\\/fr\\\/\"},{\"@type\":\"ListItem\",\"position\":2,\"name\":\"H\u00f4tel FAQ\",\"item\":\"https:\\\/\\\/dev.belairtremblant.com\\\/fr\\\/hotels-faqs\\\/\"},{\"@type\":\"ListItem\",\"position\":3,\"name\":\"H\u00e9bergement\"}]},{\"@type\":\"WebSite\",\"@id\":\"https:\\\/\\\/dev.belairtremblant.com\\\/fr\\\/#website\",\"url\":\"https:\\\/\\\/dev.belairtremblant.com\\\/fr\\\/\",\"name\":\"DEV Bel Air Tremblant\",\"description\":\"Unique domes &amp; chalet rentals Mont Tremblant\",\"publisher\":{\"@id\":\"https:\\\/\\\/dev.belairtremblant.com\\\/fr\\\/#organization\"},\"potentialAction\":[{\"@type\":\"SearchAction\",\"target\":{\"@type\":\"EntryPoint\",\"urlTemplate\":\"https:\\\/\\\/dev.belairtremblant.com\\\/fr\\\/?s={search_term_string}\"},\"query-input\":{\"@type\":\"PropertyValueSpecification\",\"valueRequired\":true,\"valueName\":\"search_term_string\"}}],\"inLanguage\":\"fr-FR\"},{\"@type\":\"Organization\",\"@id\":\"https:\\\/\\\/dev.belairtremblant.com\\\/fr\\\/#organization\",\"name\":\"Bel Air Resort hotel in Tremblant\",\"url\":\"https:\\\/\\\/dev.belairtremblant.com\\\/fr\\\/\",\"logo\":{\"@type\":\"ImageObject\",\"inLanguage\":\"fr-FR\",\"@id\":\"https:\\\/\\\/dev.belairtremblant.com\\\/fr\\\/#\\\/schema\\\/logo\\\/image\\\/\",\"url\":\"https:\\\/\\\/dev.belairtremblant.com\\\/wp-content\\\/uploads\\\/2022\\\/04\\\/New-BA-Tremblant-logo.jpg\",\"contentUrl\":\"https:\\\/\\\/dev.belairtremblant.com\\\/wp-content\\\/uploads\\\/2022\\\/04\\\/New-BA-Tremblant-logo.jpg\",\"width\":800,\"height\":383,\"caption\":\"Bel Air Resort hotel in Tremblant\"},\"image\":{\"@id\":\"https:\\\/\\\/dev.belairtremblant.com\\\/fr\\\/#\\\/schema\\\/logo\\\/image\\\/\"}}]}<\/script>\n<!-- \/ Yoast SEO Premium plugin. -->","yoast_head_json":{"title":"H\u00e9bergement Mont Tremblant | FAQ Bel Air Tremblant","description":"Trouvez des r\u00e9ponses \u00e0 vos questions sur l'h\u00e9bergement \u00e0 Mont-Tremblant \u00e0 Bel Air Tremblant.","robots":{"index":"noindex","follow":"follow","max-snippet":"max-snippet:-1","max-image-preview":"max-image-preview:large","max-video-preview":"max-video-preview:-1"},"og_locale":"fr_FR","og_type":"article","og_title":"H\u00e9bergement","og_description":"Trouvez des r\u00e9ponses \u00e0 vos questions sur l'h\u00e9bergement \u00e0 Mont-Tremblant \u00e0 Bel Air Tremblant.","og_url":"https:\/\/dev.belairtremblant.com\/fr\/hotel-faq\/hebergement\/","og_site_name":"DEV Bel Air Tremblant","article_modified_time":"2025-06-23T01:01:33+00:00","og_image":[{"width":1200,"height":800,"url":"https:\/\/dev.belairtremblant.com\/wp-content\/uploads\/2025\/06\/Mont-tremblant-lodging-domes.webp","type":"image\/jpeg"}],"twitter_card":"summary_large_image","twitter_misc":{"Dur\u00e9e de lecture estim\u00e9e":"5 minutes"},"schema":{"@context":"https:\/\/schema.org","@graph":[{"@type":"WebPage","@id":"https:\/\/dev.belairtremblant.com\/fr\/hotel-faq\/hebergement\/","url":"https:\/\/dev.belairtremblant.com\/fr\/hotel-faq\/hebergement\/","name":"H\u00e9bergement Mont Tremblant | FAQ Bel Air Tremblant","isPartOf":{"@id":"https:\/\/dev.belairtremblant.com\/fr\/#website"},"primaryImageOfPage":{"@id":"https:\/\/dev.belairtremblant.com\/fr\/hotel-faq\/hebergement\/#primaryimage"},"image":{"@id":"https:\/\/dev.belairtremblant.com\/fr\/hotel-faq\/hebergement\/#primaryimage"},"thumbnailUrl":"https:\/\/dev.belairtremblant.com\/wp-content\/uploads\/2025\/06\/Mont-tremblant-lodging-domes.webp","datePublished":"2025-06-20T14:14:38+00:00","dateModified":"2025-06-23T01:01:33+00:00","description":"Trouvez des r\u00e9ponses \u00e0 vos questions sur l'h\u00e9bergement \u00e0 Mont-Tremblant \u00e0 Bel Air Tremblant.","breadcrumb":{"@id":"https:\/\/dev.belairtremblant.com\/fr\/hotel-faq\/hebergement\/#breadcrumb"},"inLanguage":"fr-FR","potentialAction":[{"@type":"ReadAction","target":["https:\/\/dev.belairtremblant.com\/fr\/hotel-faq\/hebergement\/"]}]},{"@type":"ImageObject","inLanguage":"fr-FR","@id":"https:\/\/dev.belairtremblant.com\/fr\/hotel-faq\/hebergement\/#primaryimage","url":"https:\/\/dev.belairtremblant.com\/wp-content\/uploads\/2025\/06\/Mont-tremblant-lodging-domes.webp","contentUrl":"https:\/\/dev.belairtremblant.com\/wp-content\/uploads\/2025\/06\/Mont-tremblant-lodging-domes.webp","width":1200,"height":800,"caption":"Tremblant lodging"},{"@type":"BreadcrumbList","@id":"https:\/\/dev.belairtremblant.com\/fr\/hotel-faq\/hebergement\/#breadcrumb","itemListElement":[{"@type":"ListItem","position":1,"name":"Home","item":"https:\/\/dev.belairtremblant.com\/fr\/"},{"@type":"ListItem","position":2,"name":"H\u00f4tel FAQ","item":"https:\/\/dev.belairtremblant.com\/fr\/hotels-faqs\/"},{"@type":"ListItem","position":3,"name":"H\u00e9bergement"}]},{"@type":"WebSite","@id":"https:\/\/dev.belairtremblant.com\/fr\/#website","url":"https:\/\/dev.belairtremblant.com\/fr\/","name":"DEV Bel Air Tremblant","description":"Unique domes &amp; chalet rentals Mont Tremblant","publisher":{"@id":"https:\/\/dev.belairtremblant.com\/fr\/#organization"},"potentialAction":[{"@type":"SearchAction","target":{"@type":"EntryPoint","urlTemplate":"https:\/\/dev.belairtremblant.com\/fr\/?s={search_term_string}"},"query-input":{"@type":"PropertyValueSpecification","valueRequired":true,"valueName":"search_term_string"}}],"inLanguage":"fr-FR"},{"@type":"Organization","@id":"https:\/\/dev.belairtremblant.com\/fr\/#organization","name":"Bel Air Resort hotel in Tremblant","url":"https:\/\/dev.belairtremblant.com\/fr\/","logo":{"@type":"ImageObject","inLanguage":"fr-FR","@id":"https:\/\/dev.belairtremblant.com\/fr\/#\/schema\/logo\/image\/","url":"https:\/\/dev.belairtremblant.com\/wp-content\/uploads\/2022\/04\/New-BA-Tremblant-logo.jpg","contentUrl":"https:\/\/dev.belairtremblant.com\/wp-content\/uploads\/2022\/04\/New-BA-Tremblant-logo.jpg","width":800,"height":383,"caption":"Bel Air Resort hotel in Tremblant"},"image":{"@id":"https:\/\/dev.belairtremblant.com\/fr\/#\/schema\/logo\/image\/"}}]}},"_links":{"self":[{"href":"https:\/\/dev.belairtremblant.com\/fr\/wp-json\/wp\/v2\/pages\/67335","targetHints":{"allow":["GET"]}}],"collection":[{"href":"https:\/\/dev.belairtremblant.com\/fr\/wp-json\/wp\/v2\/pages"}],"about":[{"href":"https:\/\/dev.belairtremblant.com\/fr\/wp-json\/wp\/v2\/types\/page"}],"author":[{"embeddable":true,"href":"https:\/\/dev.belairtremblant.com\/fr\/wp-json\/wp\/v2\/users\/1"}],"replies":[{"embeddable":true,"href":"https:\/\/dev.belairtremblant.com\/fr\/wp-json\/wp\/v2\/comments?post=67335"}],"version-history":[{"count":0,"href":"https:\/\/dev.belairtremblant.com\/fr\/wp-json\/wp\/v2\/pages\/67335\/revisions"}],"up":[{"embeddable":true,"href":"https:\/\/dev.belairtremblant.com\/fr\/wp-json\/wp\/v2\/pages\/67259"}],"wp:featuredmedia":[{"embeddable":true,"href":"https:\/\/dev.belairtremblant.com\/fr\/wp-json\/wp\/v2\/media\/67339"}],"wp:attachment":[{"href":"https:\/\/dev.belairtremblant.com\/fr\/wp-json\/wp\/v2\/media?parent=67335"}],"curies":[{"name":"wp","href":"https:\/\/api.w.org\/{rel}","templated":true}]}}