{"id":67266,"date":"2025-06-15T20:17:15","date_gmt":"2025-06-15T20:17:15","guid":{"rendered":"https:\/\/dev.belairtremblant.com\/hotel-faq\/reservations-et-annulation\/"},"modified":"2026-01-16T19:08:32","modified_gmt":"2026-01-16T19:08:32","slug":"reservations-et-annulation","status":"publish","type":"page","link":"https:\/\/dev.belairtremblant.com\/fr\/hotel-faq\/reservations-et-annulation\/","title":{"rendered":"R\u00e9servations et annulation"},"content":{"rendered":"<div class=\"wpb-content-wrapper\"><p>[vc_row gap=\u00a0\u00bb10&Prime; kswr_row_top_decor_enabled=\u00a0\u00bbfalse\u00a0\u00bb kswr_row_bottom_decor_enabled=\u00a0\u00bbfalse\u00a0\u00bb css=\u00a0\u00bb.vc_custom_1750035097841{margin-right: 100px !important;margin-left: 100px !important;padding-bottom: 20px !important;}\u00a0\u00bb][vc_column][vc_custom_heading text=\u00a0\u00bbQUESTIONS FR\u00c9QUEMMENT POS\u00c9ES\u00a0\u00bb font_container=\u00a0\u00bbtag:h2|font_size:40|text_align:center|color:%239c9379&Prime; use_theme_fonts=\u00a0\u00bbyes\u00a0\u00bb css=\u00a0\u00bb.vc_custom_1750035058276{padding-top: 25px !important;}\u00a0\u00bb]<div id=\"ultimate-heading-264369e50a2386247\" class=\"uvc-heading ult-adjust-bottom-margin ultimate-heading-264369e50a2386247 uvc-7615 \" data-hspacer=\"no_spacer\"  data-halign=\"center\" style=\"text-align:center\"><div class=\"uvc-heading-spacer no_spacer\" style=\"top\"><\/div><div class=\"uvc-main-heading ult-responsive\"  data-ultimate-target='.uvc-heading.ultimate-heading-264369e50a2386247 h1'  data-responsive-json-new='{\"font-size\":\"desktop:24px;\",\"line-height\":\"\"}' ><h1 style=\"font-family:&#039;EB Garamond&#039;;font-style:italic;font-weight:600;color:#494848;margin-top:10px;\">R\u00e9servations et politique d\u2019annulation de l\u2019h\u00f4tel Bel Air Tremblant<\/h1><\/div><div class=\"uvc-sub-heading ult-responsive\"  data-ultimate-target='.uvc-heading.ultimate-heading-264369e50a2386247 .uvc-sub-heading '  data-responsive-json-new='{\"font-size\":\"\",\"line-height\":\"\"}'  style=\"font-weight:normal;margin-top:20px;margin-bottom:25px;\"><\/p>\n<p style=\"text-align: justify;\">R\u00e9server votre s\u00e9jour \u00e0 l\u2019h\u00f4tel Bel Air Tremblant doit \u00eatre simple et sans stress. Que vous planifiez une escapade de fin de semaine ou un s\u00e9jour prolong\u00e9, bien comprendre nos politiques de r\u00e9servation et d\u2019annulation vous assurera une exp\u00e9rience sans souci.<\/p>\n<p><\/div><\/div>[\/vc_column][\/vc_row][vc_row full_width=\u00a0\u00bbstretch_row_content_no_spaces\u00a0\u00bb kswr_row_top_decor_enabled=\u00a0\u00bbfalse\u00a0\u00bb kswr_row_bottom_decor_enabled=\u00a0\u00bbfalse\u00a0\u00bb css=\u00a0\u00bb.vc_custom_1750035196946{padding-bottom: 75px !important;}\u00a0\u00bb][vc_column width=\u00a0\u00bb1\/6&Prime;][\/vc_column][vc_column width=\u00a0\u00bb2\/3&Prime;]<div id=\"ultimate-heading-334169e50a238632c\" class=\"uvc-heading ult-adjust-bottom-margin ultimate-heading-334169e50a238632c uvc-3109 \" data-hspacer=\"no_spacer\"  data-halign=\"left\" style=\"text-align:left\"><div class=\"uvc-heading-spacer no_spacer\" style=\"top\"><\/div><div class=\"uvc-main-heading ult-responsive\"  data-ultimate-target='.uvc-heading.ultimate-heading-334169e50a238632c h2'  data-responsive-json-new='{\"font-size\":\"desktop:18px;\",\"line-height\":\"\"}' ><h2 style=\"font-family:&#039;EB Garamond&#039;;font-weight:700;color:#A79F88;margin-bottom:5px;\">\u2022 Comment puis-je r\u00e9server \u00e0 l\u2019h\u00f4tel Bel Air Tremblant ?<\/h2><\/div><div class=\"uvc-sub-heading ult-responsive\"  data-ultimate-target='.uvc-heading.ultimate-heading-334169e50a238632c .uvc-sub-heading '  data-responsive-json-new='{\"font-size\":\"desktop:16px;\",\"line-height\":\"\"}'  style=\"font-family:&#039;EB Garamond&#039;;font-weight:normal;color:#000000;margin-bottom:20px;\">Vous pouvez <a href=\"https:\/\/dev.belairtremblant.com\/fr\/locations\/chalets\/\" target=\"_blank\" rel=\"noopener\"><strong>r\u00e9server un chalet<\/strong><\/a>, <a href=\"https:\/\/dev.belairtremblant.com\/fr\/locations\/pods\/\" target=\"_blank\" rel=\"noopener\"><strong>un loft<\/strong><\/a> ou un <a href=\"https:\/\/dev.belairtremblant.com\/fr\/locations\/domes\/\" target=\"_blank\" rel=\"noopener\"><strong>d\u00f4me de glamping de lux<\/strong><\/a>e directement sur notre site web en cliquant sur <strong><a class=\"distributor-open\">\u00ab\u00a0R\u00c9SERVEZ MAINTENANT\u00a0\u00bb<\/a><\/strong> ou en nous appelant au +1 819-774-0203.<\/p>\n<p>En tant qu&rsquo;invit\u00e9, vous m\u00e9ritez une transparence compl\u00e8te sur chaque d\u00e9tail de votre s\u00e9jour \u00e0 venir. Nous nous assurons que vous avez toutes les r\u00e9ponses dont vous avez besoin, au moment o\u00f9 vous en avez besoin.<\/p>\n<p>La plupart de nos visiteurs choisissent de r\u00e9server directement avec nous, et il y a une bonne raison \u00e0 cela. Environ 95% \u00e9vitent compl\u00e8tement les sites tiers, pr\u00e9f\u00e9rant la s\u00e9curit\u00e9 et le lien personnel qui vient du fait de traiter directement avec les propri\u00e9taires et exploitants de l&rsquo;h\u00f4tel. Vos informations demeurent confidentielles et prot\u00e9g\u00e9es tout au long du processus.<\/p>\n<p>Parmi ceux qui r\u00e9servent directement, la grande majorit\u00e9 passe par notre site web o\u00f9 tout est simple et s\u00e9curis\u00e9. Un plus petit nombre pr\u00e9f\u00e8re nous appeler ou simplement passer au comptoir de r\u00e9ception quand ils sont dans le coin. Peu importe comment vous choisissez de r\u00e9server, nous sommes pr\u00eats \u00e0 vous aider.<\/p>\n<p>Notre \u00e9quipe traite chaque r\u00e9servation avec soin, r\u00e9pondant aux questions sur les types de chambres, les politiques, les commodit\u00e9s et tout ce qui vous pr\u00e9occupe. Chaque r\u00e9servation re\u00e7oit une confirmation par courriel qui couvre l&rsquo;essentiel de votre s\u00e9jour. Consid\u00e9rez-la comme votre compagnon de voyage, l\u00e0 chaque fois que vous devez v\u00e9rifier les dates, revoir ce qui est inclus ou vous rafra\u00eechir la m\u00e9moire sur les proc\u00e9dures d&rsquo;arriv\u00e9e.<\/p>\n<p>Parfois des questions surgissent apr\u00e8s l&rsquo;arriv\u00e9e de cette confirmation initiale. Peut-\u00eatre vous demandez-vous comment ajouter une nuit suppl\u00e9mentaire, am\u00e9liorer votre h\u00e9bergement ou organiser quelque chose de sp\u00e9cial. C&rsquo;est l\u00e0 que notre ligne t\u00e9l\u00e9phonique devient pr\u00e9cieuse. Nous sommes l\u00e0 durant les heures d&rsquo;ouverture sp\u00e9cifiquement pour ces conversations, et nous les appr\u00e9cions r\u00e9ellement. Il y a une satisfaction \u00e0 r\u00e9soudre les probl\u00e8mes et \u00e0 s&rsquo;assurer que chaque questions sur r\u00e9servations Bel Air pr\u00e9occupation soit adress\u00e9e correctement.<\/p>\n<p>L&rsquo;approche de r\u00e9servation directe vous donne quelqu&rsquo;un \u00e0 qui parler, quelqu&rsquo;un qui conna\u00eet l&rsquo;\u00e9tablissement sur le bout des doigts. Pas de syst\u00e8mes automatis\u00e9s, pas de renvoi entre d\u00e9partements. Juste de vraies personnes \u00e0 l&rsquo;H\u00f4tel Bel Air Tremblant qui veulent que votre s\u00e9jour commence bien, en commen\u00e7ant par un processus de questions sur r\u00e9servations Bel Air qui est clair, simple et compl\u00e8tement sans stress.<\/p>\n<p>&nbsp;<\/div><\/div><div id=\"ultimate-heading-688669e50a23863d1\" class=\"uvc-heading ult-adjust-bottom-margin ultimate-heading-688669e50a23863d1 uvc-7983 \" data-hspacer=\"no_spacer\"  data-halign=\"left\" style=\"text-align:left\"><div class=\"uvc-heading-spacer no_spacer\" style=\"top\"><\/div><div class=\"uvc-main-heading ult-responsive\"  data-ultimate-target='.uvc-heading.ultimate-heading-688669e50a23863d1 h2'  data-responsive-json-new='{\"font-size\":\"desktop:18px;\",\"line-height\":\"\"}' ><h2 style=\"font-family:&#039;EB Garamond&#039;;font-weight:700;color:#A79F88;margin-bottom:5px;\">\u2022 Demandez-vous un d\u00e9p\u00f4t de garantie \u00e0 l\u2019arriv\u00e9e ?<\/h2><\/div><div class=\"uvc-sub-heading ult-responsive\"  data-ultimate-target='.uvc-heading.ultimate-heading-688669e50a23863d1 .uvc-sub-heading '  data-responsive-json-new='{\"font-size\":\"desktop:16px;\",\"line-height\":\"\"}'  style=\"font-family:&#039;EB Garamond&#039;;font-weight:normal;color:#000000;margin-bottom:20px;\">Comme la plupart des h\u00f4tels \u00e0 Mont Tremblant, nous demandons un d\u00e9p\u00f4t de garantie pour couvrir d\u2019\u00e9ventuels dommages dans l\u2019unit\u00e9.<\/div><\/div><div id=\"ultimate-heading-303969e50a238645d\" class=\"uvc-heading ult-adjust-bottom-margin ultimate-heading-303969e50a238645d uvc-929 \" data-hspacer=\"no_spacer\"  data-halign=\"left\" style=\"text-align:left\"><div class=\"uvc-heading-spacer no_spacer\" style=\"top\"><\/div><div class=\"uvc-main-heading ult-responsive\"  data-ultimate-target='.uvc-heading.ultimate-heading-303969e50a238645d h2'  data-responsive-json-new='{\"font-size\":\"desktop:18px;\",\"line-height\":\"\"}' ><h2 style=\"font-family:&#039;EB Garamond&#039;;font-weight:700;color:#A79F88;margin-bottom:5px;\">\u2022 Quand le d\u00e9p\u00f4t de garantie sera-t-il lib\u00e9r\u00e9 ?<\/h2><\/div><div class=\"uvc-sub-heading ult-responsive\"  data-ultimate-target='.uvc-heading.ultimate-heading-303969e50a238645d .uvc-sub-heading '  data-responsive-json-new='{\"font-size\":\"desktop:16px;\",\"line-height\":\"\"}'  style=\"font-family:&#039;EB Garamond&#039;;font-weight:normal;color:#000000;margin-bottom:20px;\">Notre \u00e9quipe des r\u00e9servations lib\u00e9rera le d\u00e9p\u00f4t au moment du d\u00e9part. Votre banque peut prendre jusqu\u2019\u00e0 5 jours ouvrables pour d\u00e9bloquer les fonds sur votre carte.<\/div><\/div><div id=\"ultimate-heading-655469e50a23864e1\" class=\"uvc-heading ult-adjust-bottom-margin ultimate-heading-655469e50a23864e1 uvc-8539 \" data-hspacer=\"no_spacer\"  data-halign=\"left\" style=\"text-align:left\"><div class=\"uvc-heading-spacer no_spacer\" style=\"top\"><\/div><div class=\"uvc-main-heading ult-responsive\"  data-ultimate-target='.uvc-heading.ultimate-heading-655469e50a23864e1 h2'  data-responsive-json-new='{\"font-size\":\"desktop:18px;\",\"line-height\":\"\"}' ><h2 style=\"font-family:&#039;EB Garamond&#039;;font-weight:700;color:#A79F88;margin-bottom:5px;\">\u2022 Qu\u2019est-ce que les frais de s\u00e9jour ajout\u00e9s \u00e0 ma r\u00e9servation ?<\/h2><\/div><div class=\"uvc-sub-heading ult-responsive\"  data-ultimate-target='.uvc-heading.ultimate-heading-655469e50a23864e1 .uvc-sub-heading '  data-responsive-json-new='{\"font-size\":\"desktop:16px;\",\"line-height\":\"\"}'  style=\"font-family:&#039;EB Garamond&#039;;font-weight:normal;color:#000000;margin-bottom:20px;\">Des frais de s\u00e9jour sont ajout\u00e9s au tarif pour couvrir l\u2019acc\u00e8s aux <a href=\"https:\/\/dev.belairtremblant.com\/fr\/la-resort\/le-clubhouse\/\" target=\"_blank\" rel=\"noopener\">installations du Clubhouse<\/a> : jacuzzi, sauna, salle de sport, piscine, courts de tennis, pickleball et basketball. Le Bel Air comprend aussi une <a href=\"https:\/\/dev.belairtremblant.com\/fr\/la-resort\/mini-ferme\/\" target=\"_blank\" rel=\"noopener\">mini ferme d\u2019animaux<\/a> et une borne de recharge gratuite pour v\u00e9hicules \u00e9lectriques.<\/div><\/div><div id=\"ultimate-heading-47169e50a2386562\" class=\"uvc-heading ult-adjust-bottom-margin ultimate-heading-47169e50a2386562 uvc-8151 \" data-hspacer=\"no_spacer\"  data-halign=\"left\" style=\"text-align:left\"><div class=\"uvc-heading-spacer no_spacer\" style=\"top\"><\/div><div class=\"uvc-main-heading ult-responsive\"  data-ultimate-target='.uvc-heading.ultimate-heading-47169e50a2386562 h2'  data-responsive-json-new='{\"font-size\":\"desktop:18px;\",\"line-height\":\"\"}' ><h2 style=\"font-family:&#039;EB Garamond&#039;;font-weight:700;color:#A79F88;margin-bottom:5px;\">\u2022 Quels modes de paiement acceptez-vous ?<\/h2><\/div><div class=\"uvc-sub-heading ult-responsive\"  data-ultimate-target='.uvc-heading.ultimate-heading-47169e50a2386562 .uvc-sub-heading '  data-responsive-json-new='{\"font-size\":\"desktop:16px;\",\"line-height\":\"\"}'  style=\"font-family:&#039;EB Garamond&#039;;font-weight:normal;color:#000000;margin-bottom:20px;\">Pour les r\u00e9servations en ligne, nous acceptons Mastercard, Visa, American Express et Discover Card.<\/div><\/div><div id=\"ultimate-heading-650669e50a23865e2\" class=\"uvc-heading ult-adjust-bottom-margin ultimate-heading-650669e50a23865e2 uvc-5111 \" data-hspacer=\"no_spacer\"  data-halign=\"left\" style=\"text-align:left\"><div class=\"uvc-heading-spacer no_spacer\" style=\"top\"><\/div><div class=\"uvc-main-heading ult-responsive\"  data-ultimate-target='.uvc-heading.ultimate-heading-650669e50a23865e2 h2'  data-responsive-json-new='{\"font-size\":\"desktop:18px;\",\"line-height\":\"\"}' ><h2 style=\"font-family:&#039;EB Garamond&#039;;font-weight:700;color:#A79F88;margin-bottom:5px;\">\u2022 Puis-je r\u00e9server une nuit seulement \u00e0 l\u2019h\u00f4tel Bel Air Tremblant ?<\/h2><\/div><div class=\"uvc-sub-heading ult-responsive\"  data-ultimate-target='.uvc-heading.ultimate-heading-650669e50a23865e2 .uvc-sub-heading '  data-responsive-json-new='{\"font-size\":\"desktop:16px;\",\"line-height\":\"\"}'  style=\"font-family:&#039;EB Garamond&#039;;font-weight:normal;color:#000000;margin-bottom:20px;\">Oui, la plupart de l\u2019ann\u00e9e nous acceptons les r\u00e9servations d\u2019une nuit. Cependant, pendant certaines p\u00e9riodes comme les f\u00eates ou \u00e9v\u00e9nements sp\u00e9ciaux, un s\u00e9jour minimum de 3 \u00e0 7 nuits peut \u00eatre exig\u00e9.<\/div><\/div><div id=\"ultimate-heading-269769e50a238666a\" class=\"uvc-heading ult-adjust-bottom-margin ultimate-heading-269769e50a238666a uvc-3830 \" data-hspacer=\"no_spacer\"  data-halign=\"left\" style=\"text-align:left\"><div class=\"uvc-heading-spacer no_spacer\" style=\"top\"><\/div><div class=\"uvc-main-heading ult-responsive\"  data-ultimate-target='.uvc-heading.ultimate-heading-269769e50a238666a h2'  data-responsive-json-new='{\"font-size\":\"desktop:18px;\",\"line-height\":\"\"}' ><h2 style=\"font-family:&#039;EB Garamond&#039;;font-weight:700;color:#A79F88;margin-bottom:5px;\">\u2022 Que se passe-t-il si j\u2019annule ma r\u00e9servation ?<\/h2><\/div><div class=\"uvc-sub-heading ult-responsive\"  data-ultimate-target='.uvc-heading.ultimate-heading-269769e50a238666a .uvc-sub-heading '  data-responsive-json-new='{\"font-size\":\"desktop:16px;\",\"line-height\":\"\"}'  style=\"font-family:&#039;EB Garamond&#039;;font-weight:normal;color:#000000;margin-bottom:20px;\"><strong>Politique d\u2019annulation de Bel Air Tremblant :<\/strong><\/p>\n<ul>\n<li>Plus de 100 jours avant l\u2019arriv\u00e9e : frais d\u2019annulation de 50 $<\/li>\n<li>Entre 51 et 99 jours avant l\u2019arriv\u00e9e : 75 % du montant total retenu<\/li>\n<li>Entre 31 et 50 jours avant l\u2019arriv\u00e9e : 50 % du montant total retenu<\/li>\n<li>30 jours ou moins avant l\u2019arriv\u00e9e : 100 % du montant total retenu<\/li>\n<\/ul>\n<p><\/div><\/div>[\/vc_column][vc_column width=\u00a0\u00bb1\/6&Prime;][\/vc_column][\/vc_row][vc_row][vc_column][\/vc_column][\/vc_row]<\/p>\n<\/div>","protected":false},"excerpt":{"rendered":"<p>[vc_row gap=\u00a0\u00bb10&Prime; kswr_row_top_decor_enabled=\u00a0\u00bbfalse\u00a0\u00bb kswr_row_bottom_decor_enabled=\u00a0\u00bbfalse\u00a0\u00bb css=\u00a0\u00bb.vc_custom_1750035097841{margin-right: 100px !important;margin-left: 100px !important;padding-bottom: 20px !important;}\u00a0\u00bb][vc_column][vc_custom_heading text=\u00a0\u00bbQUESTIONS FR\u00c9QUEMMENT POS\u00c9ES\u00a0\u00bb font_container=\u00a0\u00bbtag:h2|font_size:40|text_align:center|color:%239c9379&Prime; use_theme_fonts=\u00a0\u00bbyes\u00a0\u00bb css=\u00a0\u00bb.vc_custom_1750035058276{padding-top: 25px !important;}\u00a0\u00bb][\/vc_column][\/vc_row][vc_row full_width=\u00a0\u00bbstretch_row_content_no_spaces\u00a0\u00bb kswr_row_top_decor_enabled=\u00a0\u00bbfalse\u00a0\u00bb kswr_row_bottom_decor_enabled=\u00a0\u00bbfalse\u00a0\u00bb css=\u00a0\u00bb.vc_custom_1750035196946{padding-bottom: 75px !important;}\u00a0\u00bb][vc_column width=\u00a0\u00bb1\/6&Prime;][\/vc_column][vc_column width=\u00a0\u00bb2\/3&Prime;][\/vc_column][vc_column width=\u00a0\u00bb1\/6&Prime;][\/vc_column][\/vc_row][vc_row][vc_column][\/vc_column][\/vc_row]<\/p>\n","protected":false},"author":1,"featured_media":0,"parent":67259,"menu_order":0,"comment_status":"closed","ping_status":"closed","template":"","meta":{"_et_pb_use_builder":"","_et_pb_old_content":"","_et_gb_content_width":"","footnotes":""},"class_list":["post-67266","page","type-page","status-publish","hentry","description-off"],"yoast_head":"<!-- This site is optimized with the Yoast SEO Premium plugin v26.6 (Yoast SEO v27.4) - https:\/\/yoast.com\/product\/yoast-seo-premium-wordpress\/ -->\n<title>L\u2019h\u00f4tel Bel Air Tremblant | R\u00e9servations d&#039;h\u00f4tel<\/title>\n<meta name=\"description\" content=\"R\u00e9server votre s\u00e9jour \u00e0 l\u2019h\u00f4tel Bel Air Tremblant doit \u00eatre simple et sans stress.\" \/>\n<meta name=\"robots\" content=\"noindex, follow, max-snippet:-1, max-image-preview:large, max-video-preview:-1\" \/>\n<meta property=\"og:locale\" content=\"fr_FR\" \/>\n<meta property=\"og:type\" content=\"article\" \/>\n<meta property=\"og:title\" content=\"R\u00e9servations et annulation\" \/>\n<meta property=\"og:description\" content=\"R\u00e9server votre s\u00e9jour \u00e0 l\u2019h\u00f4tel Bel Air Tremblant doit \u00eatre simple et sans stress.\" \/>\n<meta property=\"og:url\" content=\"https:\/\/dev.belairtremblant.com\/fr\/hotel-faq\/reservations-et-annulation\/\" \/>\n<meta property=\"og:site_name\" content=\"DEV Bel Air Tremblant\" \/>\n<meta property=\"article:modified_time\" content=\"2026-01-16T19:08:32+00:00\" \/>\n<meta name=\"twitter:card\" content=\"summary_large_image\" \/>\n<meta name=\"twitter:label1\" content=\"Dur\u00e9e de lecture estim\u00e9e\" \/>\n\t<meta name=\"twitter:data1\" content=\"7 minutes\" \/>\n<script type=\"application\/ld+json\" class=\"yoast-schema-graph\">{\"@context\":\"https:\\\/\\\/schema.org\",\"@graph\":[{\"@type\":\"WebPage\",\"@id\":\"https:\\\/\\\/dev.belairtremblant.com\\\/fr\\\/hotel-faq\\\/reservations-et-annulation\\\/\",\"url\":\"https:\\\/\\\/dev.belairtremblant.com\\\/fr\\\/hotel-faq\\\/reservations-et-annulation\\\/\",\"name\":\"L\u2019h\u00f4tel Bel Air Tremblant | R\u00e9servations d'h\u00f4tel\",\"isPartOf\":{\"@id\":\"https:\\\/\\\/dev.belairtremblant.com\\\/fr\\\/#website\"},\"datePublished\":\"2025-06-15T20:17:15+00:00\",\"dateModified\":\"2026-01-16T19:08:32+00:00\",\"description\":\"R\u00e9server votre s\u00e9jour \u00e0 l\u2019h\u00f4tel Bel Air Tremblant doit \u00eatre simple et sans stress.\",\"breadcrumb\":{\"@id\":\"https:\\\/\\\/dev.belairtremblant.com\\\/fr\\\/hotel-faq\\\/reservations-et-annulation\\\/#breadcrumb\"},\"inLanguage\":\"fr-FR\",\"potentialAction\":[{\"@type\":\"ReadAction\",\"target\":[\"https:\\\/\\\/dev.belairtremblant.com\\\/fr\\\/hotel-faq\\\/reservations-et-annulation\\\/\"]}]},{\"@type\":\"BreadcrumbList\",\"@id\":\"https:\\\/\\\/dev.belairtremblant.com\\\/fr\\\/hotel-faq\\\/reservations-et-annulation\\\/#breadcrumb\",\"itemListElement\":[{\"@type\":\"ListItem\",\"position\":1,\"name\":\"Home\",\"item\":\"https:\\\/\\\/dev.belairtremblant.com\\\/fr\\\/\"},{\"@type\":\"ListItem\",\"position\":2,\"name\":\"H\u00f4tel FAQ\",\"item\":\"https:\\\/\\\/dev.belairtremblant.com\\\/fr\\\/hotels-faqs\\\/\"},{\"@type\":\"ListItem\",\"position\":3,\"name\":\"R\u00e9servations et annulation\"}]},{\"@type\":\"WebSite\",\"@id\":\"https:\\\/\\\/dev.belairtremblant.com\\\/fr\\\/#website\",\"url\":\"https:\\\/\\\/dev.belairtremblant.com\\\/fr\\\/\",\"name\":\"DEV Bel Air Tremblant\",\"description\":\"Unique domes &amp; chalet rentals Mont Tremblant\",\"publisher\":{\"@id\":\"https:\\\/\\\/dev.belairtremblant.com\\\/fr\\\/#organization\"},\"potentialAction\":[{\"@type\":\"SearchAction\",\"target\":{\"@type\":\"EntryPoint\",\"urlTemplate\":\"https:\\\/\\\/dev.belairtremblant.com\\\/fr\\\/?s={search_term_string}\"},\"query-input\":{\"@type\":\"PropertyValueSpecification\",\"valueRequired\":true,\"valueName\":\"search_term_string\"}}],\"inLanguage\":\"fr-FR\"},{\"@type\":\"Organization\",\"@id\":\"https:\\\/\\\/dev.belairtremblant.com\\\/fr\\\/#organization\",\"name\":\"Bel Air Resort hotel in Tremblant\",\"url\":\"https:\\\/\\\/dev.belairtremblant.com\\\/fr\\\/\",\"logo\":{\"@type\":\"ImageObject\",\"inLanguage\":\"fr-FR\",\"@id\":\"https:\\\/\\\/dev.belairtremblant.com\\\/fr\\\/#\\\/schema\\\/logo\\\/image\\\/\",\"url\":\"https:\\\/\\\/dev.belairtremblant.com\\\/wp-content\\\/uploads\\\/2022\\\/04\\\/New-BA-Tremblant-logo.jpg\",\"contentUrl\":\"https:\\\/\\\/dev.belairtremblant.com\\\/wp-content\\\/uploads\\\/2022\\\/04\\\/New-BA-Tremblant-logo.jpg\",\"width\":800,\"height\":383,\"caption\":\"Bel Air Resort hotel in Tremblant\"},\"image\":{\"@id\":\"https:\\\/\\\/dev.belairtremblant.com\\\/fr\\\/#\\\/schema\\\/logo\\\/image\\\/\"}}]}<\/script>\n<!-- \/ Yoast SEO Premium plugin. -->","yoast_head_json":{"title":"L\u2019h\u00f4tel Bel Air Tremblant | R\u00e9servations d'h\u00f4tel","description":"R\u00e9server votre s\u00e9jour \u00e0 l\u2019h\u00f4tel Bel Air Tremblant doit \u00eatre simple et sans stress.","robots":{"index":"noindex","follow":"follow","max-snippet":"max-snippet:-1","max-image-preview":"max-image-preview:large","max-video-preview":"max-video-preview:-1"},"og_locale":"fr_FR","og_type":"article","og_title":"R\u00e9servations et annulation","og_description":"R\u00e9server votre s\u00e9jour \u00e0 l\u2019h\u00f4tel Bel Air Tremblant doit \u00eatre simple et sans stress.","og_url":"https:\/\/dev.belairtremblant.com\/fr\/hotel-faq\/reservations-et-annulation\/","og_site_name":"DEV Bel Air Tremblant","article_modified_time":"2026-01-16T19:08:32+00:00","twitter_card":"summary_large_image","twitter_misc":{"Dur\u00e9e de lecture estim\u00e9e":"7 minutes"},"schema":{"@context":"https:\/\/schema.org","@graph":[{"@type":"WebPage","@id":"https:\/\/dev.belairtremblant.com\/fr\/hotel-faq\/reservations-et-annulation\/","url":"https:\/\/dev.belairtremblant.com\/fr\/hotel-faq\/reservations-et-annulation\/","name":"L\u2019h\u00f4tel Bel Air Tremblant | R\u00e9servations d'h\u00f4tel","isPartOf":{"@id":"https:\/\/dev.belairtremblant.com\/fr\/#website"},"datePublished":"2025-06-15T20:17:15+00:00","dateModified":"2026-01-16T19:08:32+00:00","description":"R\u00e9server votre s\u00e9jour \u00e0 l\u2019h\u00f4tel Bel Air Tremblant doit \u00eatre simple et sans stress.","breadcrumb":{"@id":"https:\/\/dev.belairtremblant.com\/fr\/hotel-faq\/reservations-et-annulation\/#breadcrumb"},"inLanguage":"fr-FR","potentialAction":[{"@type":"ReadAction","target":["https:\/\/dev.belairtremblant.com\/fr\/hotel-faq\/reservations-et-annulation\/"]}]},{"@type":"BreadcrumbList","@id":"https:\/\/dev.belairtremblant.com\/fr\/hotel-faq\/reservations-et-annulation\/#breadcrumb","itemListElement":[{"@type":"ListItem","position":1,"name":"Home","item":"https:\/\/dev.belairtremblant.com\/fr\/"},{"@type":"ListItem","position":2,"name":"H\u00f4tel FAQ","item":"https:\/\/dev.belairtremblant.com\/fr\/hotels-faqs\/"},{"@type":"ListItem","position":3,"name":"R\u00e9servations et annulation"}]},{"@type":"WebSite","@id":"https:\/\/dev.belairtremblant.com\/fr\/#website","url":"https:\/\/dev.belairtremblant.com\/fr\/","name":"DEV Bel Air Tremblant","description":"Unique domes &amp; chalet rentals Mont Tremblant","publisher":{"@id":"https:\/\/dev.belairtremblant.com\/fr\/#organization"},"potentialAction":[{"@type":"SearchAction","target":{"@type":"EntryPoint","urlTemplate":"https:\/\/dev.belairtremblant.com\/fr\/?s={search_term_string}"},"query-input":{"@type":"PropertyValueSpecification","valueRequired":true,"valueName":"search_term_string"}}],"inLanguage":"fr-FR"},{"@type":"Organization","@id":"https:\/\/dev.belairtremblant.com\/fr\/#organization","name":"Bel Air Resort hotel in Tremblant","url":"https:\/\/dev.belairtremblant.com\/fr\/","logo":{"@type":"ImageObject","inLanguage":"fr-FR","@id":"https:\/\/dev.belairtremblant.com\/fr\/#\/schema\/logo\/image\/","url":"https:\/\/dev.belairtremblant.com\/wp-content\/uploads\/2022\/04\/New-BA-Tremblant-logo.jpg","contentUrl":"https:\/\/dev.belairtremblant.com\/wp-content\/uploads\/2022\/04\/New-BA-Tremblant-logo.jpg","width":800,"height":383,"caption":"Bel Air Resort hotel in Tremblant"},"image":{"@id":"https:\/\/dev.belairtremblant.com\/fr\/#\/schema\/logo\/image\/"}}]}},"_links":{"self":[{"href":"https:\/\/dev.belairtremblant.com\/fr\/wp-json\/wp\/v2\/pages\/67266","targetHints":{"allow":["GET"]}}],"collection":[{"href":"https:\/\/dev.belairtremblant.com\/fr\/wp-json\/wp\/v2\/pages"}],"about":[{"href":"https:\/\/dev.belairtremblant.com\/fr\/wp-json\/wp\/v2\/types\/page"}],"author":[{"embeddable":true,"href":"https:\/\/dev.belairtremblant.com\/fr\/wp-json\/wp\/v2\/users\/1"}],"replies":[{"embeddable":true,"href":"https:\/\/dev.belairtremblant.com\/fr\/wp-json\/wp\/v2\/comments?post=67266"}],"version-history":[{"count":0,"href":"https:\/\/dev.belairtremblant.com\/fr\/wp-json\/wp\/v2\/pages\/67266\/revisions"}],"up":[{"embeddable":true,"href":"https:\/\/dev.belairtremblant.com\/fr\/wp-json\/wp\/v2\/pages\/67259"}],"wp:attachment":[{"href":"https:\/\/dev.belairtremblant.com\/fr\/wp-json\/wp\/v2\/media?parent=67266"}],"curies":[{"name":"wp","href":"https:\/\/api.w.org\/{rel}","templated":true}]}}