{"id":67259,"date":"2025-06-15T02:24:43","date_gmt":"2025-06-15T02:24:43","guid":{"rendered":"https:\/\/dev.belairtremblant.com\/hotel-faq\/"},"modified":"2026-01-16T19:44:44","modified_gmt":"2026-01-16T19:44:44","slug":"hotel-faq","status":"publish","type":"page","link":"https:\/\/dev.belairtremblant.com\/fr\/hotel-faq\/","title":{"rendered":"H\u00f4tel FAQ"},"content":{"rendered":"<div class=\"wpb-content-wrapper\"><p>[vc_row bg_type=\u00a0\u00bbimage\u00a0\u00bb parallax_style=\u00a0\u00bbvcpb-default\u00a0\u00bb bg_image_new=\u00a0\u00bbid^67071|url^https:\/\/dev.belairtremblant.com\/wp-content\/uploads\/2025\/06\/Bel-Air-hotel-Mont-Tremblant.webp|caption^null|alt^hotel Mont Tremblant|title^Bel Air hotel Mont Tremblant|description^null\u00a0\u00bb bg_image_repeat=\u00a0\u00bbno-repeat\u00a0\u00bb bg_override=\u00a0\u00bbfull\u00a0\u00bb enable_overlay=\u00a0\u00bbenable_overlay_value\u00a0\u00bb overlay_color=\u00a0\u00bb#00000026&Prime; kswr_row_top_decor_enabled=\u00a0\u00bbfalse\u00a0\u00bb kswr_row_bottom_decor_enabled=\u00a0\u00bbfalse\u00a0\u00bb css=\u00a0\u00bb.vc_custom_1750643130534{padding-top: 260px !important;padding-bottom: 220px !important;}\u00a0\u00bb][vc_column width=\u00a0\u00bb1\/6&Prime;][\/vc_column][vc_column width=\u00a0\u00bb2\/3&Prime;][vc_custom_heading text=\u00a0\u00bbH\u00f4tel Bel Air Tremblant FAQ\u00a0\u00bb font_container=\u00a0\u00bbtag:h2|font_size:40|text_align:center|color:%23FFFFFF\u00a0\u00bb use_theme_fonts=\u00a0\u00bbyes\u00a0\u00bb css=\u00a0\u00bb.vc_custom_1749763767175{padding-top: 25px !important;}\u00a0\u00bb el_class=\u00a0\u00bbshadow-black\u00a0\u00bb][\/vc_column][vc_column width=\u00a0\u00bb1\/6&Prime;][\/vc_column][\/vc_row][vc_row kswr_row_top_decor_enabled=\u00a0\u00bbfalse\u00a0\u00bb kswr_row_bottom_decor_enabled=\u00a0\u00bbfalse\u00a0\u00bb css=\u00a0\u00bb.vc_custom_1749953294839{padding-top: 25px !important;padding-bottom: 25px !important;}\u00a0\u00bb][vc_column]<div id=\"ultimate-heading-103469e4dc2ccd26a\" class=\"uvc-heading ult-adjust-bottom-margin ultimate-heading-103469e4dc2ccd26a uvc-9270 \" data-hspacer=\"no_spacer\"  data-halign=\"center\" style=\"text-align:center\"><div class=\"uvc-heading-spacer no_spacer\" style=\"top\"><\/div><div class=\"uvc-main-heading ult-responsive\"  data-ultimate-target='.uvc-heading.ultimate-heading-103469e4dc2ccd26a h1'  data-responsive-json-new='{\"font-size\":\"desktop:36px;\",\"line-height\":\"\"}' ><h1 style=\"font-family:&#039;EB Garamond&#039;;font-weight:600;color:#9C9379;margin-bottom:10px;\">Les Questions Fr\u00e9quentes pour votre visite \u00e0 notre H\u00f4tel Bel Air Tremblant<\/h1><\/div><div class=\"uvc-sub-heading ult-responsive\"  data-ultimate-target='.uvc-heading.ultimate-heading-103469e4dc2ccd26a .uvc-sub-heading '  data-responsive-json-new='{\"font-size\":\"desktop:25px;\",\"line-height\":\"\"}'  style=\"font-family:&#039;EB Garamond&#039;;font-style:italic;font-weight:600;color:#494848;margin-bottom:20px;\">Notre priorit\u00e9 est de simplifier l&rsquo;organisation de votre s\u00e9jour. Nous avons rassembl\u00e9 toutes les informations n\u00e9cessaires au m\u00eame endroit, accessible \u00e0 tout moment.<\/div><\/div><div id=\"ultimate-heading-58869e4dc2ccd35f\" class=\"uvc-heading ult-adjust-bottom-margin ultimate-heading-58869e4dc2ccd35f uvc-5269 \" data-hspacer=\"no_spacer\"  data-halign=\"center\" style=\"text-align:center\"><div class=\"uvc-heading-spacer no_spacer\" style=\"top\"><\/div><div class=\"uvc-sub-heading ult-responsive\"  data-ultimate-target='.uvc-heading.ultimate-heading-58869e4dc2ccd35f .uvc-sub-heading '  data-responsive-json-new='{\"font-size\":\"desktop:16px;\",\"line-height\":\"\"}'  style=\"font-family:&#039;EB Garamond&#039;;font-weight:normal;color:#2E2E2E;margin-bottom:20px;\"><\/p>\n<p dir=\"ltr\" style=\"text-align: justify;\">Faciliter la planification de votre s\u00e9jour est notre priorit\u00e9. Nous avons rassembl\u00e9 tout ce que vous devez savoir en un seul endroit, accessible quand vous en avez besoin.<\/p>\n<p><\/p>\n<p dir=\"ltr\" style=\"text-align: justify;\">Notre \u00e9quipe d\u00e9vou\u00e9e reste disponible par courriel et t\u00e9l\u00e9phone de 8h \u00e0 20h tous les jours. Nous appr\u00e9cions sinc\u00e8rement ces \u00e9changes avec nos invit\u00e9s et croyons fermement au contact personnel. Il y a quelque chose de sp\u00e9cial \u00e0 prendre le temps avec chaque visiteur, \u00e0 r\u00e9pondre aux questions de fa\u00e7on r\u00e9fl\u00e9chie et \u00e0 s&rsquo;assurer que chacun se sente \u00e9cout\u00e9. C&rsquo;est la fa\u00e7on Bel Air.<\/p>\n<p><\/p>\n<p dir=\"ltr\" style=\"text-align: justify;\">Nous avons organis\u00e9 les questions fr\u00e9quentes Bel Air par th\u00e9matique pour que vous trouviez rapidement ce qui vous importe le plus. Chaque r\u00e9ponse a \u00e9t\u00e9 soigneusement r\u00e9dig\u00e9e pour vous donner l&rsquo;heure juste, pas seulement des r\u00e9ponses exp\u00e9ditives. Que vous vous interrogiez sur nos 22 options d&rsquo;h\u00e9bergement uniques, que vous soyez curieux de conna\u00eetre nos modalit\u00e9s de r\u00e9servation pour nos restaurants prim\u00e9s, ou que vous planifiez des soins au spa, l&rsquo;information est l\u00e0 qui vous attend.<\/p>\n<p><\/p>\n<p dir=\"ltr\" style=\"text-align: justify;\">Nos d\u00f4mes, chalets modernes et cottages vont des escapades intimes d&rsquo;une chambre aux refuges spacieux de quatre chambres. Familles, couples, groupes d&rsquo;amis &#8211; nous avons con\u00e7u des espaces qui convient magnifiquement \u00e0 tous.<\/p>\n<p><\/p>\n<p dir=\"ltr\" style=\"text-align: justify;\">Vous ne trouvez pas ce que vous cherchez? Contactez-nous en tout temps durant nos heures d&rsquo;ouverture. Nous sommes l\u00e0 pour rendre votre exp\u00e9rience \u00e0 Mont-Tremblant exceptionnelle, de la toute premi\u00e8re question jusqu&rsquo;\u00e0 votre d\u00e9part. Les questions fr\u00e9quentes Bel Air \u00e9voluent et s&rsquo;adaptent selon ce que nos invit\u00e9s demandent r\u00e9ellement, gardant le tout pertinent et vraiment utile.<\/p>\n<p><\/p>\n<p dir=\"ltr\" style=\"text-align: justify;\">R\u00e9servez directement avec nous en ligne et d\u00e9couvrez pourquoi le service personnalis\u00e9 ne se d\u00e9mode jamais \u00e0 l&rsquo;H\u00f4tel Bel Air Tremblant.<\/p>\n<p><\/div><\/div>[\/vc_column][\/vc_row][vc_row full_width=\u00a0\u00bbstretch_row\u00a0\u00bb gap=\u00a0\u00bb10&Prime; css=\u00a0\u00bb.vc_custom_1749954206488{padding-bottom: 60px !important;}\u00a0\u00bb][vc_column][vc_row_inner gap=\u00a0\u00bb10&Prime; css=\u00a0\u00bb.vc_custom_1750034182970{padding-bottom: 5px !important;}\u00a0\u00bb][vc_column_inner width=\u00a0\u00bb1\/3&Prime; css=\u00a0\u00bb.vc_custom_1750033897772{padding-top: 40px !important;padding-bottom: 10px !important;background-color: #F4F3F0 !important;}\u00a0\u00bb]<div class=\"aio-icon-component    style_2\"><a class=\"aio-icon-box-link\" href=\"https:\/\/dev.belairtremblant.com\/hotels-faqs\/reservations\/\" ><div id=\"Info-box-wrap-1998\" class=\"aio-icon-box top-icon\" style=\"\"  ><div class=\"aio-icon-top\"><div class=\"ult-just-icon-wrapper  \"><div class=\"align-icon\" style=\"text-align:center;\">\n<div class=\"aio-icon circle \"  style=\"color:#9C9379;background:#ffffff;font-size:40px;display:inline-block;\">\n\t<i class=\"far fa-calendar-alt\"><\/i>\n<\/div><\/div><\/div><\/div><div class=\"aio-icon-header\" ><h3 class=\"aio-icon-title ult-responsive\"  data-ultimate-target='#Info-box-wrap-1998 .aio-icon-title'  data-responsive-json-new='{\"font-size\":\"desktop:17px;\",\"line-height\":\"\"}'  style=\"font-family:&#039;EB Garamond&#039;;font-weight:700;color:#474747;\">RESERVATIONS<\/h3><\/div> <!-- header --><\/div> <!-- aio-icon-box --><\/a><\/div> <!-- aio-icon-component -->[\/vc_column_inner][vc_column_inner width=\u00a0\u00bb1\/3&Prime; css=\u00a0\u00bb.vc_custom_1750033935492{padding-top: 40px !important;padding-bottom: 10px !important;background-color: #F4F3F0 !important;}\u00a0\u00bb]<div class=\"aio-icon-component    style_2\"><a class=\"aio-icon-box-link\" href=\"https:\/\/dev.belairtremblant.com\/hotels-faqs\/location-transportation\/\" ><div id=\"Info-box-wrap-4254\" class=\"aio-icon-box top-icon\" style=\"\"  ><div class=\"aio-icon-top\"><div class=\"ult-just-icon-wrapper  \"><div class=\"align-icon\" style=\"text-align:center;\">\n<div class=\"aio-icon circle \"  style=\"color:#9C9379;background:#ffffff;font-size:40px;display:inline-block;\">\n\t<i class=\"fas fa-map-marked-alt\"><\/i>\n<\/div><\/div><\/div><\/div><div class=\"aio-icon-header\" ><h3 class=\"aio-icon-title ult-responsive\"  data-ultimate-target='#Info-box-wrap-4254 .aio-icon-title'  data-responsive-json-new='{\"font-size\":\"desktop:17px;\",\"line-height\":\"\"}'  style=\"font-family:&#039;EB Garamond&#039;;font-weight:700;color:#474747;\">COMMENT VENIR ICI<\/h3><\/div> <!-- header --><\/div> <!-- aio-icon-box --><\/a><\/div> <!-- aio-icon-component -->[\/vc_column_inner][vc_column_inner width=\u00a0\u00bb1\/3&Prime; css=\u00a0\u00bb.vc_custom_1750034065272{padding-top: 40px !important;padding-bottom: 10px !important;background-color: #F4F3F0 !important;}\u00a0\u00bb]<div class=\"aio-icon-component    style_2\"><a class=\"aio-icon-box-link\" href=\"https:\/\/dev.belairtremblant.com\/hotels-faqs\/check-in-check-out\/\" ><div id=\"Info-box-wrap-3717\" class=\"aio-icon-box top-icon\" style=\"\"  ><div class=\"aio-icon-top\"><div class=\"ult-just-icon-wrapper  \"><div class=\"align-icon\" style=\"text-align:center;\">\n<div class=\"aio-icon circle \"  style=\"color:#9C9379;background:#ffffff;font-size:40px;display:inline-block;\">\n\t<i class=\"fas fa-concierge-bell\"><\/i>\n<\/div><\/div><\/div><\/div><div class=\"aio-icon-header\" ><h3 class=\"aio-icon-title ult-responsive\"  data-ultimate-target='#Info-box-wrap-3717 .aio-icon-title'  data-responsive-json-new='{\"font-size\":\"desktop:17px;\",\"line-height\":\"\"}'  style=\"font-family:&#039;EB Garamond&#039;;font-weight:700;color:#474747;\">ARRIV\u00c9E ET D\u00c9PART<\/h3><\/div> <!-- header --><\/div> <!-- aio-icon-box --><\/a><\/div> <!-- aio-icon-component -->[\/vc_column_inner][\/vc_row_inner][vc_row_inner gap=\u00a0\u00bb10&Prime;][vc_column_inner width=\u00a0\u00bb1\/3&Prime; css=\u00a0\u00bb.vc_custom_1750033887269{padding-top: 40px !important;padding-bottom: 10px !important;background-color: #F4F3F0 !important;}\u00a0\u00bb]<div class=\"aio-icon-component    style_2\"><a class=\"aio-icon-box-link\" href=\"https:\/\/dev.belairtremblant.com\/hotels-faqs\/lodging\/\" ><div id=\"Info-box-wrap-3874\" class=\"aio-icon-box top-icon\" style=\"\"  ><div class=\"aio-icon-top\"><div class=\"ult-just-icon-wrapper  \"><div class=\"align-icon\" style=\"text-align:center;\">\n<div class=\"aio-icon circle \"  style=\"color:#9C9379;background:#ffffff;font-size:40px;display:inline-block;\">\n\t<i class=\"fas fa-house-user\"><\/i>\n<\/div><\/div><\/div><\/div><div class=\"aio-icon-header\" ><h3 class=\"aio-icon-title ult-responsive\"  data-ultimate-target='#Info-box-wrap-3874 .aio-icon-title'  data-responsive-json-new='{\"font-size\":\"desktop:17px;\",\"line-height\":\"\"}'  style=\"font-family:&#039;EB Garamond&#039;;font-weight:700;color:#474747;\">UNIT\u00c9S D&#039;H\u00d4TEL BEL AIR TREMBLANT<\/h3><\/div> <!-- header --><\/div> <!-- aio-icon-box --><\/a><\/div> <!-- aio-icon-component -->[\/vc_column_inner][vc_column_inner width=\u00a0\u00bb1\/3&Prime; css=\u00a0\u00bb.vc_custom_1750034116937{padding-top: 40px !important;padding-bottom: 10px !important;background-color: #F4F3F0 !important;}\u00a0\u00bb]<div class=\"aio-icon-component    style_2\"><a class=\"aio-icon-box-link\" href=\"https:\/\/dev.belairtremblant.com\/hotels-faqs\/general-questions\/\" ><div id=\"Info-box-wrap-2738\" class=\"aio-icon-box top-icon\" style=\"\"  ><div class=\"aio-icon-top\"><div class=\"ult-just-icon-wrapper  \"><div class=\"align-icon\" style=\"text-align:center;\">\n<div class=\"aio-icon circle \"  style=\"color:#9C9379;background:#ffffff;font-size:40px;display:inline-block;\">\n\t<i class=\"fas fa-question\"><\/i>\n<\/div><\/div><\/div><\/div><div class=\"aio-icon-header\" ><h3 class=\"aio-icon-title ult-responsive\"  data-ultimate-target='#Info-box-wrap-2738 .aio-icon-title'  data-responsive-json-new='{\"font-size\":\"desktop:17px;\",\"line-height\":\"\"}'  style=\"font-family:&#039;EB Garamond&#039;;font-weight:700;color:#474747;\">QUESTIONS FR\u00c9QUENTES<\/h3><\/div> <!-- header --><\/div> <!-- aio-icon-box --><\/a><\/div> <!-- aio-icon-component -->[\/vc_column_inner][vc_column_inner width=\u00a0\u00bb1\/3&Prime; css=\u00a0\u00bb.vc_custom_1749953975887{padding-top: 40px !important;padding-bottom: 40px !important;background-color: #F4F3F000 !important;}\u00a0\u00bb][\/vc_column_inner][\/vc_row_inner][\/vc_column][\/vc_row]<\/p>\n<\/div>","protected":false},"excerpt":{"rendered":"<p>[vc_row bg_type=\u00a0\u00bbimage\u00a0\u00bb parallax_style=\u00a0\u00bbvcpb-default\u00a0\u00bb bg_image_new=\u00a0\u00bbid^67071|url^https:\/\/dev.belairtremblant.com\/wp-content\/uploads\/2025\/06\/Bel-Air-hotel-Mont-Tremblant.webp|caption^null|alt^hotel Mont Tremblant|title^Bel Air hotel Mont Tremblant|description^null\u00a0\u00bb bg_image_repeat=\u00a0\u00bbno-repeat\u00a0\u00bb bg_override=\u00a0\u00bbfull\u00a0\u00bb enable_overlay=\u00a0\u00bbenable_overlay_value\u00a0\u00bb overlay_color=\u00a0\u00bb#00000026&Prime; kswr_row_top_decor_enabled=\u00a0\u00bbfalse\u00a0\u00bb kswr_row_bottom_decor_enabled=\u00a0\u00bbfalse\u00a0\u00bb css=\u00a0\u00bb.vc_custom_1750643130534{padding-top: 260px !important;padding-bottom: 220px !important;}\u00a0\u00bb][vc_column width=\u00a0\u00bb1\/6&Prime;][\/vc_column][vc_column width=\u00a0\u00bb2\/3&Prime;][vc_custom_heading text=\u00a0\u00bbH\u00f4tel Bel Air Tremblant FAQ\u00a0\u00bb font_container=\u00a0\u00bbtag:h2|font_size:40|text_align:center|color:%23FFFFFF\u00a0\u00bb use_theme_fonts=\u00a0\u00bbyes\u00a0\u00bb css=\u00a0\u00bb.vc_custom_1749763767175{padding-top: 25px !important;}\u00a0\u00bb el_class=\u00a0\u00bbshadow-black\u00a0\u00bb][\/vc_column][vc_column width=\u00a0\u00bb1\/6&Prime;][\/vc_column][\/vc_row][vc_row kswr_row_top_decor_enabled=\u00a0\u00bbfalse\u00a0\u00bb kswr_row_bottom_decor_enabled=\u00a0\u00bbfalse\u00a0\u00bb css=\u00a0\u00bb.vc_custom_1749953294839{padding-top: 25px !important;padding-bottom: 25px !important;}\u00a0\u00bb][vc_column][\/vc_column][\/vc_row][vc_row full_width=\u00a0\u00bbstretch_row\u00a0\u00bb gap=\u00a0\u00bb10&Prime; css=\u00a0\u00bb.vc_custom_1749954206488{padding-bottom: 60px !important;}\u00a0\u00bb][vc_column][vc_row_inner gap=\u00a0\u00bb10&Prime; css=\u00a0\u00bb.vc_custom_1750034182970{padding-bottom: 5px !important;}\u00a0\u00bb][vc_column_inner width=\u00a0\u00bb1\/3&Prime; css=\u00a0\u00bb.vc_custom_1750033897772{padding-top: 40px !important;padding-bottom:&hellip;<\/p>\n","protected":false},"author":1,"featured_media":67102,"parent":0,"menu_order":0,"comment_status":"closed","ping_status":"closed","template":"","meta":{"_et_pb_use_builder":"","_et_pb_old_content":"","_et_gb_content_width":"","footnotes":""},"class_list":["post-67259","page","type-page","status-publish","has-post-thumbnail","hentry","description-off"],"yoast_head":"<!-- This site is optimized with the Yoast SEO Premium plugin v26.6 (Yoast SEO v27.4) - https:\/\/yoast.com\/product\/yoast-seo-premium-wordpress\/ -->\n<title>H\u00f4tel Bel Air Tremblant FAQ | H\u00f4tel \u00e0 Mont Tremblant<\/title>\n<meta name=\"description\" content=\"H\u00f4tel Bel Air Tremblant FAQ - Consultez les r\u00e9ponses aux questions les plus fr\u00e9quentes sur nos notre h\u00f4tel \u00e0 Mont Tremblant.\" \/>\n<meta name=\"robots\" content=\"noindex, follow, max-snippet:-1, max-image-preview:large, max-video-preview:-1\" \/>\n<meta property=\"og:locale\" content=\"fr_FR\" \/>\n<meta property=\"og:type\" content=\"article\" \/>\n<meta property=\"og:title\" content=\"H\u00f4tel FAQ\" \/>\n<meta property=\"og:description\" content=\"H\u00f4tel Bel Air Tremblant FAQ - Consultez les r\u00e9ponses aux questions les plus fr\u00e9quentes sur nos notre h\u00f4tel \u00e0 Mont Tremblant.\" \/>\n<meta property=\"og:url\" content=\"https:\/\/dev.belairtremblant.com\/fr\/hotel-faq\/\" \/>\n<meta property=\"og:site_name\" content=\"DEV Bel Air Tremblant\" \/>\n<meta property=\"article:modified_time\" content=\"2026-01-16T19:44:44+00:00\" \/>\n<meta property=\"og:image\" content=\"https:\/\/dev.belairtremblant.com\/wp-content\/uploads\/2025\/06\/hotel-mont-tremblant.webp\" \/>\n\t<meta property=\"og:image:width\" content=\"1200\" \/>\n\t<meta property=\"og:image:height\" content=\"800\" \/>\n\t<meta property=\"og:image:type\" content=\"image\/jpeg\" \/>\n<meta name=\"twitter:card\" content=\"summary_large_image\" \/>\n<meta name=\"twitter:label1\" content=\"Dur\u00e9e de lecture estim\u00e9e\" \/>\n\t<meta name=\"twitter:data1\" content=\"6 minutes\" \/>\n<script type=\"application\/ld+json\" class=\"yoast-schema-graph\">{\"@context\":\"https:\\\/\\\/schema.org\",\"@graph\":[{\"@type\":\"WebPage\",\"@id\":\"https:\\\/\\\/dev.belairtremblant.com\\\/fr\\\/hotel-faq\\\/\",\"url\":\"https:\\\/\\\/dev.belairtremblant.com\\\/fr\\\/hotel-faq\\\/\",\"name\":\"H\u00f4tel Bel Air Tremblant FAQ | H\u00f4tel \u00e0 Mont Tremblant\",\"isPartOf\":{\"@id\":\"https:\\\/\\\/dev.belairtremblant.com\\\/fr\\\/#website\"},\"primaryImageOfPage\":{\"@id\":\"https:\\\/\\\/dev.belairtremblant.com\\\/fr\\\/hotel-faq\\\/#primaryimage\"},\"image\":{\"@id\":\"https:\\\/\\\/dev.belairtremblant.com\\\/fr\\\/hotel-faq\\\/#primaryimage\"},\"thumbnailUrl\":\"https:\\\/\\\/dev.belairtremblant.com\\\/wp-content\\\/uploads\\\/2025\\\/06\\\/hotel-mont-tremblant.webp\",\"datePublished\":\"2025-06-15T02:24:43+00:00\",\"dateModified\":\"2026-01-16T19:44:44+00:00\",\"description\":\"H\u00f4tel Bel Air Tremblant FAQ - Consultez les r\u00e9ponses aux questions les plus fr\u00e9quentes sur nos notre h\u00f4tel \u00e0 Mont Tremblant.\",\"breadcrumb\":{\"@id\":\"https:\\\/\\\/dev.belairtremblant.com\\\/fr\\\/hotel-faq\\\/#breadcrumb\"},\"inLanguage\":\"fr-FR\",\"potentialAction\":[{\"@type\":\"ReadAction\",\"target\":[\"https:\\\/\\\/dev.belairtremblant.com\\\/fr\\\/hotel-faq\\\/\"]}]},{\"@type\":\"ImageObject\",\"inLanguage\":\"fr-FR\",\"@id\":\"https:\\\/\\\/dev.belairtremblant.com\\\/fr\\\/hotel-faq\\\/#primaryimage\",\"url\":\"https:\\\/\\\/dev.belairtremblant.com\\\/wp-content\\\/uploads\\\/2025\\\/06\\\/hotel-mont-tremblant.webp\",\"contentUrl\":\"https:\\\/\\\/dev.belairtremblant.com\\\/wp-content\\\/uploads\\\/2025\\\/06\\\/hotel-mont-tremblant.webp\",\"width\":1200,\"height\":800,\"caption\":\"hotel mont tremblant FAQs\"},{\"@type\":\"BreadcrumbList\",\"@id\":\"https:\\\/\\\/dev.belairtremblant.com\\\/fr\\\/hotel-faq\\\/#breadcrumb\",\"itemListElement\":[{\"@type\":\"ListItem\",\"position\":1,\"name\":\"Home\",\"item\":\"https:\\\/\\\/dev.belairtremblant.com\\\/fr\\\/\"},{\"@type\":\"ListItem\",\"position\":2,\"name\":\"H\u00f4tel FAQ\"}]},{\"@type\":\"WebSite\",\"@id\":\"https:\\\/\\\/dev.belairtremblant.com\\\/fr\\\/#website\",\"url\":\"https:\\\/\\\/dev.belairtremblant.com\\\/fr\\\/\",\"name\":\"DEV Bel Air Tremblant\",\"description\":\"Unique domes &amp; chalet rentals Mont Tremblant\",\"publisher\":{\"@id\":\"https:\\\/\\\/dev.belairtremblant.com\\\/fr\\\/#organization\"},\"potentialAction\":[{\"@type\":\"SearchAction\",\"target\":{\"@type\":\"EntryPoint\",\"urlTemplate\":\"https:\\\/\\\/dev.belairtremblant.com\\\/fr\\\/?s={search_term_string}\"},\"query-input\":{\"@type\":\"PropertyValueSpecification\",\"valueRequired\":true,\"valueName\":\"search_term_string\"}}],\"inLanguage\":\"fr-FR\"},{\"@type\":\"Organization\",\"@id\":\"https:\\\/\\\/dev.belairtremblant.com\\\/fr\\\/#organization\",\"name\":\"Bel Air Resort hotel in Tremblant\",\"url\":\"https:\\\/\\\/dev.belairtremblant.com\\\/fr\\\/\",\"logo\":{\"@type\":\"ImageObject\",\"inLanguage\":\"fr-FR\",\"@id\":\"https:\\\/\\\/dev.belairtremblant.com\\\/fr\\\/#\\\/schema\\\/logo\\\/image\\\/\",\"url\":\"https:\\\/\\\/dev.belairtremblant.com\\\/wp-content\\\/uploads\\\/2022\\\/04\\\/New-BA-Tremblant-logo.jpg\",\"contentUrl\":\"https:\\\/\\\/dev.belairtremblant.com\\\/wp-content\\\/uploads\\\/2022\\\/04\\\/New-BA-Tremblant-logo.jpg\",\"width\":800,\"height\":383,\"caption\":\"Bel Air Resort hotel in Tremblant\"},\"image\":{\"@id\":\"https:\\\/\\\/dev.belairtremblant.com\\\/fr\\\/#\\\/schema\\\/logo\\\/image\\\/\"}}]}<\/script>\n<!-- \/ Yoast SEO Premium plugin. -->","yoast_head_json":{"title":"H\u00f4tel Bel Air Tremblant FAQ | H\u00f4tel \u00e0 Mont Tremblant","description":"H\u00f4tel Bel Air Tremblant FAQ - Consultez les r\u00e9ponses aux questions les plus fr\u00e9quentes sur nos notre h\u00f4tel \u00e0 Mont Tremblant.","robots":{"index":"noindex","follow":"follow","max-snippet":"max-snippet:-1","max-image-preview":"max-image-preview:large","max-video-preview":"max-video-preview:-1"},"og_locale":"fr_FR","og_type":"article","og_title":"H\u00f4tel FAQ","og_description":"H\u00f4tel Bel Air Tremblant FAQ - Consultez les r\u00e9ponses aux questions les plus fr\u00e9quentes sur nos notre h\u00f4tel \u00e0 Mont Tremblant.","og_url":"https:\/\/dev.belairtremblant.com\/fr\/hotel-faq\/","og_site_name":"DEV Bel Air Tremblant","article_modified_time":"2026-01-16T19:44:44+00:00","og_image":[{"width":1200,"height":800,"url":"https:\/\/dev.belairtremblant.com\/wp-content\/uploads\/2025\/06\/hotel-mont-tremblant.webp","type":"image\/jpeg"}],"twitter_card":"summary_large_image","twitter_misc":{"Dur\u00e9e de lecture estim\u00e9e":"6 minutes"},"schema":{"@context":"https:\/\/schema.org","@graph":[{"@type":"WebPage","@id":"https:\/\/dev.belairtremblant.com\/fr\/hotel-faq\/","url":"https:\/\/dev.belairtremblant.com\/fr\/hotel-faq\/","name":"H\u00f4tel Bel Air Tremblant FAQ | H\u00f4tel \u00e0 Mont Tremblant","isPartOf":{"@id":"https:\/\/dev.belairtremblant.com\/fr\/#website"},"primaryImageOfPage":{"@id":"https:\/\/dev.belairtremblant.com\/fr\/hotel-faq\/#primaryimage"},"image":{"@id":"https:\/\/dev.belairtremblant.com\/fr\/hotel-faq\/#primaryimage"},"thumbnailUrl":"https:\/\/dev.belairtremblant.com\/wp-content\/uploads\/2025\/06\/hotel-mont-tremblant.webp","datePublished":"2025-06-15T02:24:43+00:00","dateModified":"2026-01-16T19:44:44+00:00","description":"H\u00f4tel Bel Air Tremblant FAQ - Consultez les r\u00e9ponses aux questions les plus fr\u00e9quentes sur nos notre h\u00f4tel \u00e0 Mont Tremblant.","breadcrumb":{"@id":"https:\/\/dev.belairtremblant.com\/fr\/hotel-faq\/#breadcrumb"},"inLanguage":"fr-FR","potentialAction":[{"@type":"ReadAction","target":["https:\/\/dev.belairtremblant.com\/fr\/hotel-faq\/"]}]},{"@type":"ImageObject","inLanguage":"fr-FR","@id":"https:\/\/dev.belairtremblant.com\/fr\/hotel-faq\/#primaryimage","url":"https:\/\/dev.belairtremblant.com\/wp-content\/uploads\/2025\/06\/hotel-mont-tremblant.webp","contentUrl":"https:\/\/dev.belairtremblant.com\/wp-content\/uploads\/2025\/06\/hotel-mont-tremblant.webp","width":1200,"height":800,"caption":"hotel mont tremblant FAQs"},{"@type":"BreadcrumbList","@id":"https:\/\/dev.belairtremblant.com\/fr\/hotel-faq\/#breadcrumb","itemListElement":[{"@type":"ListItem","position":1,"name":"Home","item":"https:\/\/dev.belairtremblant.com\/fr\/"},{"@type":"ListItem","position":2,"name":"H\u00f4tel FAQ"}]},{"@type":"WebSite","@id":"https:\/\/dev.belairtremblant.com\/fr\/#website","url":"https:\/\/dev.belairtremblant.com\/fr\/","name":"DEV Bel Air Tremblant","description":"Unique domes &amp; chalet rentals Mont Tremblant","publisher":{"@id":"https:\/\/dev.belairtremblant.com\/fr\/#organization"},"potentialAction":[{"@type":"SearchAction","target":{"@type":"EntryPoint","urlTemplate":"https:\/\/dev.belairtremblant.com\/fr\/?s={search_term_string}"},"query-input":{"@type":"PropertyValueSpecification","valueRequired":true,"valueName":"search_term_string"}}],"inLanguage":"fr-FR"},{"@type":"Organization","@id":"https:\/\/dev.belairtremblant.com\/fr\/#organization","name":"Bel Air Resort hotel in Tremblant","url":"https:\/\/dev.belairtremblant.com\/fr\/","logo":{"@type":"ImageObject","inLanguage":"fr-FR","@id":"https:\/\/dev.belairtremblant.com\/fr\/#\/schema\/logo\/image\/","url":"https:\/\/dev.belairtremblant.com\/wp-content\/uploads\/2022\/04\/New-BA-Tremblant-logo.jpg","contentUrl":"https:\/\/dev.belairtremblant.com\/wp-content\/uploads\/2022\/04\/New-BA-Tremblant-logo.jpg","width":800,"height":383,"caption":"Bel Air Resort hotel in Tremblant"},"image":{"@id":"https:\/\/dev.belairtremblant.com\/fr\/#\/schema\/logo\/image\/"}}]}},"_links":{"self":[{"href":"https:\/\/dev.belairtremblant.com\/fr\/wp-json\/wp\/v2\/pages\/67259","targetHints":{"allow":["GET"]}}],"collection":[{"href":"https:\/\/dev.belairtremblant.com\/fr\/wp-json\/wp\/v2\/pages"}],"about":[{"href":"https:\/\/dev.belairtremblant.com\/fr\/wp-json\/wp\/v2\/types\/page"}],"author":[{"embeddable":true,"href":"https:\/\/dev.belairtremblant.com\/fr\/wp-json\/wp\/v2\/users\/1"}],"replies":[{"embeddable":true,"href":"https:\/\/dev.belairtremblant.com\/fr\/wp-json\/wp\/v2\/comments?post=67259"}],"version-history":[{"count":0,"href":"https:\/\/dev.belairtremblant.com\/fr\/wp-json\/wp\/v2\/pages\/67259\/revisions"}],"wp:featuredmedia":[{"embeddable":true,"href":"https:\/\/dev.belairtremblant.com\/fr\/wp-json\/wp\/v2\/media\/67102"}],"wp:attachment":[{"href":"https:\/\/dev.belairtremblant.com\/fr\/wp-json\/wp\/v2\/media?parent=67259"}],"curies":[{"name":"wp","href":"https:\/\/api.w.org\/{rel}","templated":true}]}}