{"id":64042,"date":"2023-04-17T14:29:51","date_gmt":"2023-04-17T14:29:51","guid":{"rendered":"https:\/\/dev.belairtremblant.com\/experiences\/team-building\/"},"modified":"2023-05-03T14:36:29","modified_gmt":"2023-05-03T14:36:29","slug":"consolidation-dequipe","status":"publish","type":"page","link":"https:\/\/dev.belairtremblant.com\/fr\/experiences\/consolidation-dequipe\/","title":{"rendered":"Consolidation d\u2019\u00e9quipe"},"content":{"rendered":"<div class=\"wpb-content-wrapper\"><p>[vc_row css=\u00a0\u00bb.vc_custom_1681226082160{padding-top: 30px !important;padding-bottom: 50px !important;}\u00a0\u00bb][vc_column][vc_column_text css=\u00a0\u00bb.vc_custom_1683124433492{padding-bottom: 30px !important;}\u00a0\u00bb]Bel Air Tremblant Resort est vraiment l&rsquo;endroit id\u00e9al pour organiser des s\u00e9minaires de consolidation d&rsquo;\u00e9quipe &#8211; team building &#8211; de la mani\u00e8re la plus agr\u00e9able et la plus aventureuse qui soit, et booster ainsi la motivation, la collaboration ou la cr\u00e9ativit\u00e9 des employ\u00e9s.<\/p>\n<p>Nos chalets, d\u00f4mes ou pods, et les services offerts par Bel Air Tremblant Resort d\u00e9passeront toutes vos attentes.<\/p>\n<p>Notre yourte, notre d\u00f4me nouvellement am\u00e9nag\u00e9, notre restaurant japonais d&rsquo;exception ou notre bistrot fran\u00e7ais seront les endroits parfaits pour accueillir votre \u00e9quipe pour vos r\u00e9unions et d\u00e9jeuner\/d\u00eener.<br \/>\n[\/vc_column_text]<style type=\"text\/css\" data-type=\"the7_shortcodes-inline-css\">.gallery-shortcode.gallery-masonry-shortcode-id-87865c3f93b07170939b32932de99bff figure,\n.gallery-shortcode.gallery-masonry-shortcode-id-87865c3f93b07170939b32932de99bff .rollover,\n.gallery-shortcode.gallery-masonry-shortcode-id-87865c3f93b07170939b32932de99bff img,\n.gallery-shortcode.gallery-masonry-shortcode-id-87865c3f93b07170939b32932de99bff .gallery-rollover {\n  border-radius: 0px;\n}\n.gallery-shortcode.gallery-masonry-shortcode-id-87865c3f93b07170939b32932de99bff.enable-bg-rollover .gallery-rollover {\n  background: -webkit-linear-gradient();\n  background: linear-gradient();\n}\n.gallery-shortcode.gallery-masonry-shortcode-id-87865c3f93b07170939b32932de99bff.enable-bg-rollover.hover-scale figure .rollover:after {\n  background: -webkit-linear-gradient();\n  background: linear-gradient();\n}\n.gallery-shortcode.gallery-masonry-shortcode-id-87865c3f93b07170939b32932de99bff .gallery-zoom-ico {\n  width: 44px;\n  height: 44px;\n  line-height: 44px;\n  border-radius: 100px;\n  margin: -22px 0 0 -22px;\n  border-width: 0px;\n  color: #ffffff;\n}\n.dt-icon-bg-on.gallery-shortcode.gallery-masonry-shortcode-id-87865c3f93b07170939b32932de99bff .gallery-zoom-ico {\n  background: rgba(255,255,255,0.3);\n  box-shadow: none;\n}\n.gallery-shortcode.gallery-masonry-shortcode-id-87865c3f93b07170939b32932de99bff .gallery-zoom-ico:before,\n.gallery-shortcode.gallery-masonry-shortcode-id-87865c3f93b07170939b32932de99bff .gallery-zoom-ico span {\n  font-size: 32px;\n  line-height: 44px;\n  color: #ffffff;\n}\n.gallery-shortcode.gallery-masonry-shortcode-id-87865c3f93b07170939b32932de99bff:not(.resize-by-browser-width) .dt-css-grid {\n  grid-row-gap: 30px;\n  grid-column-gap: 30px;\n  grid-template-columns: repeat(auto-fill,minmax(,1fr));\n}\n.gallery-shortcode.gallery-masonry-shortcode-id-87865c3f93b07170939b32932de99bff:not(.resize-by-browser-width) .dt-css-grid .double-width {\n  grid-column: span 2;\n}\n.cssgridlegacy.no-cssgrid .gallery-shortcode.gallery-masonry-shortcode-id-87865c3f93b07170939b32932de99bff:not(.resize-by-browser-width) .dt-css-grid,\n.no-cssgridlegacy.no-cssgrid .gallery-shortcode.gallery-masonry-shortcode-id-87865c3f93b07170939b32932de99bff:not(.resize-by-browser-width) .dt-css-grid {\n  display: flex;\n  flex-flow: row wrap;\n  margin: -15px;\n}\n.cssgridlegacy.no-cssgrid .gallery-shortcode.gallery-masonry-shortcode-id-87865c3f93b07170939b32932de99bff:not(.resize-by-browser-width) .dt-css-grid .wf-cell,\n.no-cssgridlegacy.no-cssgrid .gallery-shortcode.gallery-masonry-shortcode-id-87865c3f93b07170939b32932de99bff:not(.resize-by-browser-width) .dt-css-grid .wf-cell {\n  flex: 1 0 ;\n  max-width: 100%;\n  padding: 15px;\n  box-sizing: border-box;\n}\n.gallery-shortcode.gallery-masonry-shortcode-id-87865c3f93b07170939b32932de99bff.resize-by-browser-width .dt-css-grid {\n  grid-template-columns: repeat(4,1fr);\n  grid-template-rows: auto;\n  grid-column-gap: 30px;\n  grid-row-gap: 30px;\n}\n.gallery-shortcode.gallery-masonry-shortcode-id-87865c3f93b07170939b32932de99bff.resize-by-browser-width .dt-css-grid .double-width {\n  grid-column: span 2;\n}\n.cssgridlegacy.no-cssgrid .gallery-shortcode.gallery-masonry-shortcode-id-87865c3f93b07170939b32932de99bff.resize-by-browser-width .dt-css-grid {\n  margin: -15px;\n}\n.cssgridlegacy.no-cssgrid .gallery-shortcode.gallery-masonry-shortcode-id-87865c3f93b07170939b32932de99bff.resize-by-browser-width .dt-css-grid .wf-cell {\n  width: 25%;\n  padding: 15px;\n}\n.cssgridlegacy.no-cssgrid .gallery-shortcode.gallery-masonry-shortcode-id-87865c3f93b07170939b32932de99bff.resize-by-browser-width .dt-css-grid .wf-cell.double-width {\n  width: calc(25%) * 2;\n}\n.gallery-shortcode.gallery-masonry-shortcode-id-87865c3f93b07170939b32932de99bff.resize-by-browser-width:not(.centered-layout-list):not(.content-bg-on) .dt-css-grid {\n  grid-row-gap: 30px - ;\n}\n@media screen and (max-width: 1199px) {\n  .gallery-shortcode.gallery-masonry-shortcode-id-87865c3f93b07170939b32932de99bff.resize-by-browser-width .dt-css-grid {\n    grid-template-columns: repeat(4,1fr);\n  }\n  .cssgridlegacy.no-cssgrid .gallery-shortcode.gallery-masonry-shortcode-id-87865c3f93b07170939b32932de99bff.resize-by-browser-width .dt-css-grid .wf-cell,\n  .no-cssgridlegacy.no-cssgrid .gallery-shortcode.gallery-masonry-shortcode-id-87865c3f93b07170939b32932de99bff.resize-by-browser-width .dt-css-grid .wf-cell {\n    width: 25%;\n  }\n  .cssgridlegacy.no-cssgrid .gallery-shortcode.gallery-masonry-shortcode-id-87865c3f93b07170939b32932de99bff.resize-by-browser-width .dt-css-grid .wf-cell.double-width,\n  .no-cssgridlegacy.no-cssgrid .gallery-shortcode.gallery-masonry-shortcode-id-87865c3f93b07170939b32932de99bff.resize-by-browser-width .dt-css-grid .wf-cell.double-width {\n    width: calc(25%)*2;\n  }\n}\n@media screen and (max-width: 991px) {\n  .gallery-shortcode.gallery-masonry-shortcode-id-87865c3f93b07170939b32932de99bff.resize-by-browser-width .dt-css-grid {\n    grid-template-columns: repeat(4,1fr);\n  }\n  .cssgridlegacy.no-cssgrid .gallery-shortcode.gallery-masonry-shortcode-id-87865c3f93b07170939b32932de99bff.resize-by-browser-width .dt-css-grid .wf-cell,\n  .no-cssgridlegacy.no-cssgrid .gallery-shortcode.gallery-masonry-shortcode-id-87865c3f93b07170939b32932de99bff.resize-by-browser-width .dt-css-grid .wf-cell {\n    width: 25%;\n  }\n  .cssgridlegacy.no-cssgrid .gallery-shortcode.gallery-masonry-shortcode-id-87865c3f93b07170939b32932de99bff.resize-by-browser-width .dt-css-grid .wf-cell.double-width,\n  .no-cssgridlegacy.no-cssgrid .gallery-shortcode.gallery-masonry-shortcode-id-87865c3f93b07170939b32932de99bff.resize-by-browser-width .dt-css-grid .wf-cell.double-width {\n    width: calc(25%)*2;\n  }\n}\n@media screen and (max-width: 767px) {\n  .gallery-shortcode.gallery-masonry-shortcode-id-87865c3f93b07170939b32932de99bff.resize-by-browser-width .dt-css-grid {\n    grid-template-columns: repeat(2,1fr);\n  }\n  .cssgridlegacy.no-cssgrid .gallery-shortcode.gallery-masonry-shortcode-id-87865c3f93b07170939b32932de99bff.resize-by-browser-width .dt-css-grid .wf-cell,\n  .no-cssgridlegacy.no-cssgrid .gallery-shortcode.gallery-masonry-shortcode-id-87865c3f93b07170939b32932de99bff.resize-by-browser-width .dt-css-grid .wf-cell {\n    width: 50%;\n  }\n  .cssgridlegacy.no-cssgrid .gallery-shortcode.gallery-masonry-shortcode-id-87865c3f93b07170939b32932de99bff.resize-by-browser-width .dt-css-grid .wf-cell.double-width,\n  .no-cssgridlegacy.no-cssgrid .gallery-shortcode.gallery-masonry-shortcode-id-87865c3f93b07170939b32932de99bff.resize-by-browser-width .dt-css-grid .wf-cell.double-width {\n    width: calc(50%)*2;\n  }\n}<\/style><div class=\"gallery-shortcode dt-gallery-container gallery-masonry-shortcode-id-87865c3f93b07170939b32932de99bff mode-masonry jquery-filter dt-icon-bg-off quick-scale-img enable-bg-rollover resize-by-browser-width  hover-fade loading-effect-none description-on-hover\" data-padding=\"15px\" data-cur-page=\"1\" data-post-limit=\"-1\" data-pagination-mode=\"none\" data-desktop-columns-num=\"4\" data-v-tablet-columns-num=\"4\" data-h-tablet-columns-num=\"4\" data-phone-columns-num=\"2\" data-width=\"0px\" data-columns=\"0\"><div class=\"iso-container\" ><div class=\"wf-cell iso-item\" data-post-id=\"63395\" data-date=\"2023-04-14T13:20:59+00:00\" data-name=\"teamwork\"><figure class=\"post visible\"><a href=\"https:\/\/dev.belairtremblant.com\/wp-content\/uploads\/2023\/04\/teamwork-jpg.webp\" class=\"rollover dt-pswp-item layzr-bg\" data-large_image_width=\"854\" data-large_image_height=\"694\" data-dt-img-description=\"\" title=\"teamwork\"><img fetchpriority=\"high\" decoding=\"async\" class=\"preload-me iso-lazy-load aspect\" src=\"data:image\/svg+xml,%3Csvg%20xmlns%3D&#39;http%3A%2F%2Fwww.w3.org%2F2000%2Fsvg&#39;%20viewBox%3D&#39;0%200%20369%20369&#39;%2F%3E\" data-src=\"https:\/\/dev.belairtremblant.com\/wp-content\/uploads\/2023\/04\/teamwork-jpg-369x369.webp\" data-srcset=\"https:\/\/dev.belairtremblant.com\/wp-content\/uploads\/2023\/04\/teamwork-jpg-369x369.webp 369w, https:\/\/dev.belairtremblant.com\/wp-content\/uploads\/2023\/04\/teamwork-jpg-554x554.webp 554w\" loading=\"eager\" style=\"--ratio: 369 \/ 369\" sizes=\"(max-width: 369px) 100vw, 369px\" alt=\"team work\" width=\"369\" height=\"369\"  \/><span class=\"gallery-rollover\"><span class=\"gallery-zoom-ico icomoon-the7-font-the7-zoom-06\"><span><\/span><\/span><\/span><\/a><\/figure><\/div><div class=\"wf-cell iso-item\" data-post-id=\"63367\" data-date=\"2023-04-13T18:31:11+00:00\" data-name=\"team-building\"><figure class=\"post visible\"><a href=\"https:\/\/dev.belairtremblant.com\/wp-content\/uploads\/2023\/04\/team-building-1-rotated.webp\" class=\"rollover dt-pswp-item layzr-bg\" data-large_image_width=\"700\" data-large_image_height=\"570\" data-dt-img-description=\"\" title=\"team-building\"><img decoding=\"async\" class=\"preload-me iso-lazy-load aspect\" src=\"data:image\/svg+xml,%3Csvg%20xmlns%3D&#39;http%3A%2F%2Fwww.w3.org%2F2000%2Fsvg&#39;%20viewBox%3D&#39;0%200%20369%20369&#39;%2F%3E\" data-src=\"https:\/\/dev.belairtremblant.com\/wp-content\/uploads\/2023\/04\/team-building-1-rotated-369x369.webp\" data-srcset=\"https:\/\/dev.belairtremblant.com\/wp-content\/uploads\/2023\/04\/team-building-1-rotated-369x369.webp 369w, https:\/\/dev.belairtremblant.com\/wp-content\/uploads\/2023\/04\/team-building-1-rotated-554x554.webp 554w\" loading=\"eager\" style=\"--ratio: 369 \/ 369\" sizes=\"(max-width: 369px) 100vw, 369px\" alt=\"team building\" width=\"369\" height=\"369\"  \/><span class=\"gallery-rollover\"><span class=\"gallery-zoom-ico icomoon-the7-font-the7-zoom-06\"><span><\/span><\/span><\/span><\/a><\/figure><\/div><div class=\"wf-cell iso-item\" data-post-id=\"63541\" data-date=\"2023-04-17T14:28:52+00:00\" data-name=\"team-building2\"><figure class=\"post visible\"><a href=\"https:\/\/dev.belairtremblant.com\/wp-content\/uploads\/2023\/04\/team-building2-jpg.webp\" class=\"rollover dt-pswp-item layzr-bg\" data-large_image_width=\"675\" data-large_image_height=\"564\" data-dt-img-description=\"\" title=\"team-building2\"><img decoding=\"async\" class=\"preload-me iso-lazy-load aspect\" src=\"data:image\/svg+xml,%3Csvg%20xmlns%3D&#39;http%3A%2F%2Fwww.w3.org%2F2000%2Fsvg&#39;%20viewBox%3D&#39;0%200%20369%20369&#39;%2F%3E\" data-src=\"https:\/\/dev.belairtremblant.com\/wp-content\/uploads\/2023\/04\/team-building2-jpg-369x369.webp\" data-srcset=\"https:\/\/dev.belairtremblant.com\/wp-content\/uploads\/2023\/04\/team-building2-jpg-369x369.webp 369w, https:\/\/dev.belairtremblant.com\/wp-content\/uploads\/2023\/04\/team-building2-jpg-554x554.webp 554w\" loading=\"eager\" style=\"--ratio: 369 \/ 369\" sizes=\"(max-width: 369px) 100vw, 369px\" alt=\"\" width=\"369\" height=\"369\"  \/><span class=\"gallery-rollover\"><span class=\"gallery-zoom-ico icomoon-the7-font-the7-zoom-06\"><span><\/span><\/span><\/span><\/a><\/figure><\/div><div class=\"wf-cell iso-item\" data-post-id=\"63303\" data-date=\"2023-04-13T14:13:15+00:00\" data-name=\"bachelor\"><figure class=\"post visible\"><a href=\"https:\/\/dev.belairtremblant.com\/wp-content\/uploads\/2023\/04\/bachelor-scaled.webp\" class=\"rollover dt-pswp-item layzr-bg\" data-large_image_width=\"2560\" data-large_image_height=\"2006\" data-dt-img-description=\"\" title=\"bachelor\"><img decoding=\"async\" class=\"preload-me iso-lazy-load aspect\" src=\"data:image\/svg+xml,%3Csvg%20xmlns%3D&#39;http%3A%2F%2Fwww.w3.org%2F2000%2Fsvg&#39;%20viewBox%3D&#39;0%200%20369%20369&#39;%2F%3E\" data-src=\"https:\/\/dev.belairtremblant.com\/wp-content\/uploads\/2023\/04\/bachelor-scaled-369x369.webp\" data-srcset=\"https:\/\/dev.belairtremblant.com\/wp-content\/uploads\/2023\/04\/bachelor-scaled-369x369.webp 369w, https:\/\/dev.belairtremblant.com\/wp-content\/uploads\/2023\/04\/bachelor-scaled-554x554.webp 554w\" loading=\"eager\" style=\"--ratio: 369 \/ 369\" sizes=\"(max-width: 369px) 100vw, 369px\" alt=\"bachelor\" width=\"369\" height=\"369\"  \/><span class=\"gallery-rollover\"><span class=\"gallery-zoom-ico icomoon-the7-font-the7-zoom-06\"><span><\/span><\/span><\/span><\/a><\/figure><\/div><\/div><!-- iso-container|iso-grid --><\/div>[vc_column_text css=\u00a0\u00bb.vc_custom_1683124481157{padding-top: 30px !important;padding-bottom: 30px !important;}\u00a0\u00bb]Avec une aire de jeux de plus de 250 hectares dans un environnement exceptionnel, Bel Air est le paradis des activit\u00e9s de pleine nature :<\/p>\n<p>En hiver, vous pouvez faire du tra\u00eeneau \u00e0 chiens avec votre \u00e9quipe ou faire des balades inoubliables en motoneige ou en e-fatbike. Vous pouvez partir en excursion en raquettes, en patin \u00e0 glace ou en ski de fond.<\/p>\n<p>Au printemps et en \u00e9t\u00e9, nous proposons \u00e9galement de nombreuses activit\u00e9s de team building comme le buggy, la tyrolienne, le kayak, le stand up paddle et plus encore.<\/p>\n<p>Un personnel d\u00e9di\u00e9 veillera au bon d\u00e9roulement de votre retraite de team building. Nous nous occuperons de tous les d\u00e9tails afin que vous puissiez vous concentrer sur les activit\u00e9s de votre entreprise.<\/p>\n<p>N&rsquo;h\u00e9sitez pas \u00e0 nous contacter pour plus d&rsquo;informations afin de cr\u00e9er une retraite team-building inoubliable ![\/vc_column_text][\/vc_column][\/vc_row]<\/p>\n<\/div>","protected":false},"excerpt":{"rendered":"<p>[vc_row css=\u00a0\u00bb.vc_custom_1681226082160{padding-top: 30px !important;padding-bottom: 50px !important;}\u00a0\u00bb][vc_column][vc_column_text css=\u00a0\u00bb.vc_custom_1683124433492{padding-bottom: 30px !important;}\u00a0\u00bb]Bel Air Tremblant Resort est vraiment l&rsquo;endroit id\u00e9al pour organiser des s\u00e9minaires de consolidation d&rsquo;\u00e9quipe &#8211; team building &#8211; de la mani\u00e8re la plus agr\u00e9able et la plus aventureuse qui soit, et booster ainsi la motivation, la collaboration ou la cr\u00e9ativit\u00e9 des employ\u00e9s. Nos chalets, d\u00f4mes ou&hellip;<\/p>\n","protected":false},"author":1,"featured_media":63367,"parent":63874,"menu_order":0,"comment_status":"closed","ping_status":"closed","template":"","meta":{"_et_pb_use_builder":"","_et_pb_old_content":"","_et_gb_content_width":"","footnotes":""},"class_list":["post-64042","page","type-page","status-publish","has-post-thumbnail","hentry","description-off"],"yoast_head":"<!-- This site is optimized with the Yoast SEO Premium plugin v26.6 (Yoast SEO v27.4) - https:\/\/yoast.com\/product\/yoast-seo-premium-wordpress\/ -->\n<title>Consolidation d\u2019\u00e9quipe \u00e0 Mont Tremblant, \u00e9v\u00e9nement corporatif.<\/title>\n<meta name=\"description\" content=\"DEV Bel Air Tremblant pr\u00e9sente le consolidation d\u2019\u00e9quipe et les \u00e9v\u00e9nements corporatifs \u00e0 Mont Tremblant. Activit\u00e9s corporatives \u00e0 Mont Tremblant.\" \/>\n<meta name=\"robots\" content=\"noindex, follow, max-snippet:-1, max-image-preview:large, max-video-preview:-1\" \/>\n<meta property=\"og:locale\" content=\"fr_FR\" \/>\n<meta property=\"og:type\" content=\"article\" \/>\n<meta property=\"og:title\" content=\"Consolidation d\u2019\u00e9quipe\" \/>\n<meta property=\"og:description\" content=\"DEV Bel Air Tremblant pr\u00e9sente le consolidation d\u2019\u00e9quipe et les \u00e9v\u00e9nements corporatifs \u00e0 Mont Tremblant. Activit\u00e9s corporatives \u00e0 Mont Tremblant.\" \/>\n<meta property=\"og:url\" content=\"https:\/\/dev.belairtremblant.com\/fr\/experiences\/consolidation-dequipe\/\" \/>\n<meta property=\"og:site_name\" content=\"DEV Bel Air Tremblant\" \/>\n<meta property=\"article:modified_time\" content=\"2023-05-03T14:36:29+00:00\" \/>\n<meta property=\"og:image\" content=\"https:\/\/dev.belairtremblant.com\/wp-content\/uploads\/2023\/04\/team-building-1-rotated.webp\" \/>\n\t<meta property=\"og:image:width\" content=\"700\" \/>\n\t<meta property=\"og:image:height\" content=\"570\" \/>\n\t<meta property=\"og:image:type\" content=\"image\/jpeg\" \/>\n<meta name=\"twitter:card\" content=\"summary_large_image\" \/>\n<meta name=\"twitter:label1\" content=\"Dur\u00e9e de lecture estim\u00e9e\" \/>\n\t<meta name=\"twitter:data1\" content=\"2 minutes\" \/>\n<script type=\"application\/ld+json\" class=\"yoast-schema-graph\">{\"@context\":\"https:\\\/\\\/schema.org\",\"@graph\":[{\"@type\":\"WebPage\",\"@id\":\"https:\\\/\\\/dev.belairtremblant.com\\\/fr\\\/experiences\\\/consolidation-dequipe\\\/\",\"url\":\"https:\\\/\\\/dev.belairtremblant.com\\\/fr\\\/experiences\\\/consolidation-dequipe\\\/\",\"name\":\"Consolidation d\u2019\u00e9quipe \u00e0 Mont Tremblant, \u00e9v\u00e9nement corporatif.\",\"isPartOf\":{\"@id\":\"https:\\\/\\\/dev.belairtremblant.com\\\/fr\\\/#website\"},\"primaryImageOfPage\":{\"@id\":\"https:\\\/\\\/dev.belairtremblant.com\\\/fr\\\/experiences\\\/consolidation-dequipe\\\/#primaryimage\"},\"image\":{\"@id\":\"https:\\\/\\\/dev.belairtremblant.com\\\/fr\\\/experiences\\\/consolidation-dequipe\\\/#primaryimage\"},\"thumbnailUrl\":\"https:\\\/\\\/dev.belairtremblant.com\\\/wp-content\\\/uploads\\\/2023\\\/04\\\/team-building-1-rotated.webp\",\"datePublished\":\"2023-04-17T14:29:51+00:00\",\"dateModified\":\"2023-05-03T14:36:29+00:00\",\"description\":\"DEV Bel Air Tremblant pr\u00e9sente le consolidation d\u2019\u00e9quipe et les \u00e9v\u00e9nements corporatifs \u00e0 Mont Tremblant. Activit\u00e9s corporatives \u00e0 Mont Tremblant.\",\"breadcrumb\":{\"@id\":\"https:\\\/\\\/dev.belairtremblant.com\\\/fr\\\/experiences\\\/consolidation-dequipe\\\/#breadcrumb\"},\"inLanguage\":\"fr-FR\",\"potentialAction\":[{\"@type\":\"ReadAction\",\"target\":[\"https:\\\/\\\/dev.belairtremblant.com\\\/fr\\\/experiences\\\/consolidation-dequipe\\\/\"]}]},{\"@type\":\"ImageObject\",\"inLanguage\":\"fr-FR\",\"@id\":\"https:\\\/\\\/dev.belairtremblant.com\\\/fr\\\/experiences\\\/consolidation-dequipe\\\/#primaryimage\",\"url\":\"https:\\\/\\\/dev.belairtremblant.com\\\/wp-content\\\/uploads\\\/2023\\\/04\\\/team-building-1-rotated.webp\",\"contentUrl\":\"https:\\\/\\\/dev.belairtremblant.com\\\/wp-content\\\/uploads\\\/2023\\\/04\\\/team-building-1-rotated.webp\",\"width\":700,\"height\":570,\"caption\":\"team building\"},{\"@type\":\"BreadcrumbList\",\"@id\":\"https:\\\/\\\/dev.belairtremblant.com\\\/fr\\\/experiences\\\/consolidation-dequipe\\\/#breadcrumb\",\"itemListElement\":[{\"@type\":\"ListItem\",\"position\":1,\"name\":\"Home\",\"item\":\"https:\\\/\\\/dev.belairtremblant.com\\\/fr\\\/\"},{\"@type\":\"ListItem\",\"position\":2,\"name\":\"Experiences\",\"item\":\"https:\\\/\\\/dev.belairtremblant.com\\\/fr\\\/experiences\\\/\"},{\"@type\":\"ListItem\",\"position\":3,\"name\":\"Consolidation d\u2019\u00e9quipe\"}]},{\"@type\":\"WebSite\",\"@id\":\"https:\\\/\\\/dev.belairtremblant.com\\\/fr\\\/#website\",\"url\":\"https:\\\/\\\/dev.belairtremblant.com\\\/fr\\\/\",\"name\":\"DEV Bel Air Tremblant\",\"description\":\"Unique domes &amp; chalet rentals Mont Tremblant\",\"publisher\":{\"@id\":\"https:\\\/\\\/dev.belairtremblant.com\\\/fr\\\/#organization\"},\"potentialAction\":[{\"@type\":\"SearchAction\",\"target\":{\"@type\":\"EntryPoint\",\"urlTemplate\":\"https:\\\/\\\/dev.belairtremblant.com\\\/fr\\\/?s={search_term_string}\"},\"query-input\":{\"@type\":\"PropertyValueSpecification\",\"valueRequired\":true,\"valueName\":\"search_term_string\"}}],\"inLanguage\":\"fr-FR\"},{\"@type\":\"Organization\",\"@id\":\"https:\\\/\\\/dev.belairtremblant.com\\\/fr\\\/#organization\",\"name\":\"Bel Air Resort hotel in Tremblant\",\"url\":\"https:\\\/\\\/dev.belairtremblant.com\\\/fr\\\/\",\"logo\":{\"@type\":\"ImageObject\",\"inLanguage\":\"fr-FR\",\"@id\":\"https:\\\/\\\/dev.belairtremblant.com\\\/fr\\\/#\\\/schema\\\/logo\\\/image\\\/\",\"url\":\"https:\\\/\\\/dev.belairtremblant.com\\\/wp-content\\\/uploads\\\/2022\\\/04\\\/New-BA-Tremblant-logo.jpg\",\"contentUrl\":\"https:\\\/\\\/dev.belairtremblant.com\\\/wp-content\\\/uploads\\\/2022\\\/04\\\/New-BA-Tremblant-logo.jpg\",\"width\":800,\"height\":383,\"caption\":\"Bel Air Resort hotel in Tremblant\"},\"image\":{\"@id\":\"https:\\\/\\\/dev.belairtremblant.com\\\/fr\\\/#\\\/schema\\\/logo\\\/image\\\/\"}}]}<\/script>\n<!-- \/ Yoast SEO Premium plugin. -->","yoast_head_json":{"title":"Consolidation d\u2019\u00e9quipe \u00e0 Mont Tremblant, \u00e9v\u00e9nement corporatif.","description":"DEV Bel Air Tremblant pr\u00e9sente le consolidation d\u2019\u00e9quipe et les \u00e9v\u00e9nements corporatifs \u00e0 Mont Tremblant. Activit\u00e9s corporatives \u00e0 Mont Tremblant.","robots":{"index":"noindex","follow":"follow","max-snippet":"max-snippet:-1","max-image-preview":"max-image-preview:large","max-video-preview":"max-video-preview:-1"},"og_locale":"fr_FR","og_type":"article","og_title":"Consolidation d\u2019\u00e9quipe","og_description":"DEV Bel Air Tremblant pr\u00e9sente le consolidation d\u2019\u00e9quipe et les \u00e9v\u00e9nements corporatifs \u00e0 Mont Tremblant. Activit\u00e9s corporatives \u00e0 Mont Tremblant.","og_url":"https:\/\/dev.belairtremblant.com\/fr\/experiences\/consolidation-dequipe\/","og_site_name":"DEV Bel Air Tremblant","article_modified_time":"2023-05-03T14:36:29+00:00","og_image":[{"width":700,"height":570,"url":"https:\/\/dev.belairtremblant.com\/wp-content\/uploads\/2023\/04\/team-building-1-rotated.webp","type":"image\/jpeg"}],"twitter_card":"summary_large_image","twitter_misc":{"Dur\u00e9e de lecture estim\u00e9e":"2 minutes"},"schema":{"@context":"https:\/\/schema.org","@graph":[{"@type":"WebPage","@id":"https:\/\/dev.belairtremblant.com\/fr\/experiences\/consolidation-dequipe\/","url":"https:\/\/dev.belairtremblant.com\/fr\/experiences\/consolidation-dequipe\/","name":"Consolidation d\u2019\u00e9quipe \u00e0 Mont Tremblant, \u00e9v\u00e9nement corporatif.","isPartOf":{"@id":"https:\/\/dev.belairtremblant.com\/fr\/#website"},"primaryImageOfPage":{"@id":"https:\/\/dev.belairtremblant.com\/fr\/experiences\/consolidation-dequipe\/#primaryimage"},"image":{"@id":"https:\/\/dev.belairtremblant.com\/fr\/experiences\/consolidation-dequipe\/#primaryimage"},"thumbnailUrl":"https:\/\/dev.belairtremblant.com\/wp-content\/uploads\/2023\/04\/team-building-1-rotated.webp","datePublished":"2023-04-17T14:29:51+00:00","dateModified":"2023-05-03T14:36:29+00:00","description":"DEV Bel Air Tremblant pr\u00e9sente le consolidation d\u2019\u00e9quipe et les \u00e9v\u00e9nements corporatifs \u00e0 Mont Tremblant. Activit\u00e9s corporatives \u00e0 Mont Tremblant.","breadcrumb":{"@id":"https:\/\/dev.belairtremblant.com\/fr\/experiences\/consolidation-dequipe\/#breadcrumb"},"inLanguage":"fr-FR","potentialAction":[{"@type":"ReadAction","target":["https:\/\/dev.belairtremblant.com\/fr\/experiences\/consolidation-dequipe\/"]}]},{"@type":"ImageObject","inLanguage":"fr-FR","@id":"https:\/\/dev.belairtremblant.com\/fr\/experiences\/consolidation-dequipe\/#primaryimage","url":"https:\/\/dev.belairtremblant.com\/wp-content\/uploads\/2023\/04\/team-building-1-rotated.webp","contentUrl":"https:\/\/dev.belairtremblant.com\/wp-content\/uploads\/2023\/04\/team-building-1-rotated.webp","width":700,"height":570,"caption":"team building"},{"@type":"BreadcrumbList","@id":"https:\/\/dev.belairtremblant.com\/fr\/experiences\/consolidation-dequipe\/#breadcrumb","itemListElement":[{"@type":"ListItem","position":1,"name":"Home","item":"https:\/\/dev.belairtremblant.com\/fr\/"},{"@type":"ListItem","position":2,"name":"Experiences","item":"https:\/\/dev.belairtremblant.com\/fr\/experiences\/"},{"@type":"ListItem","position":3,"name":"Consolidation d\u2019\u00e9quipe"}]},{"@type":"WebSite","@id":"https:\/\/dev.belairtremblant.com\/fr\/#website","url":"https:\/\/dev.belairtremblant.com\/fr\/","name":"DEV Bel Air Tremblant","description":"Unique domes &amp; chalet rentals Mont Tremblant","publisher":{"@id":"https:\/\/dev.belairtremblant.com\/fr\/#organization"},"potentialAction":[{"@type":"SearchAction","target":{"@type":"EntryPoint","urlTemplate":"https:\/\/dev.belairtremblant.com\/fr\/?s={search_term_string}"},"query-input":{"@type":"PropertyValueSpecification","valueRequired":true,"valueName":"search_term_string"}}],"inLanguage":"fr-FR"},{"@type":"Organization","@id":"https:\/\/dev.belairtremblant.com\/fr\/#organization","name":"Bel Air Resort hotel in Tremblant","url":"https:\/\/dev.belairtremblant.com\/fr\/","logo":{"@type":"ImageObject","inLanguage":"fr-FR","@id":"https:\/\/dev.belairtremblant.com\/fr\/#\/schema\/logo\/image\/","url":"https:\/\/dev.belairtremblant.com\/wp-content\/uploads\/2022\/04\/New-BA-Tremblant-logo.jpg","contentUrl":"https:\/\/dev.belairtremblant.com\/wp-content\/uploads\/2022\/04\/New-BA-Tremblant-logo.jpg","width":800,"height":383,"caption":"Bel Air Resort hotel in Tremblant"},"image":{"@id":"https:\/\/dev.belairtremblant.com\/fr\/#\/schema\/logo\/image\/"}}]}},"_links":{"self":[{"href":"https:\/\/dev.belairtremblant.com\/fr\/wp-json\/wp\/v2\/pages\/64042","targetHints":{"allow":["GET"]}}],"collection":[{"href":"https:\/\/dev.belairtremblant.com\/fr\/wp-json\/wp\/v2\/pages"}],"about":[{"href":"https:\/\/dev.belairtremblant.com\/fr\/wp-json\/wp\/v2\/types\/page"}],"author":[{"embeddable":true,"href":"https:\/\/dev.belairtremblant.com\/fr\/wp-json\/wp\/v2\/users\/1"}],"replies":[{"embeddable":true,"href":"https:\/\/dev.belairtremblant.com\/fr\/wp-json\/wp\/v2\/comments?post=64042"}],"version-history":[{"count":0,"href":"https:\/\/dev.belairtremblant.com\/fr\/wp-json\/wp\/v2\/pages\/64042\/revisions"}],"up":[{"embeddable":true,"href":"https:\/\/dev.belairtremblant.com\/fr\/wp-json\/wp\/v2\/pages\/63874"}],"wp:featuredmedia":[{"embeddable":true,"href":"https:\/\/dev.belairtremblant.com\/fr\/wp-json\/wp\/v2\/media\/63367"}],"wp:attachment":[{"href":"https:\/\/dev.belairtremblant.com\/fr\/wp-json\/wp\/v2\/media?parent=64042"}],"curies":[{"name":"wp","href":"https:\/\/api.w.org\/{rel}","templated":true}]}}