{"id":64021,"date":"2023-04-27T19:38:05","date_gmt":"2023-04-27T19:38:05","guid":{"rendered":"https:\/\/dev.belairtremblant.com\/experiences\/yoga-meditation\/"},"modified":"2023-05-02T20:23:19","modified_gmt":"2023-05-02T20:23:19","slug":"yoga-meditation","status":"publish","type":"page","link":"https:\/\/dev.belairtremblant.com\/fr\/experiences\/yoga-meditation\/","title":{"rendered":"Yoga &#038; M\u00e9ditation"},"content":{"rendered":"<div class=\"wpb-content-wrapper\"><p>[vc_row css=\u00a0\u00bb.vc_custom_1681226082160{padding-top: 30px !important;padding-bottom: 50px !important;}\u00a0\u00bb][vc_column][vc_column_text]Nich\u00e9es dans les montagnes \u00e0 couper le souffle de Mont Tremblant, les retraites de yoga au Bel Air Tremblant Resort offrent une \u00e9vasion sereine et paisible du stress de la vie quotidienne. Ces retraites combinent souvent des pratiques quotidiennes de yoga avec des aventures en plein air, des repas sains, des moments de relaxation,des s\u00e9ances de m\u00e9ditation, des promenades en nature et des soins de spa \u00e0 ONO SPA , pour offrir une exp\u00e9rience compl\u00e8te et rajeunissante pour les participants.<\/p>\n<p>Les retraites de yoga de Bel Air Tremblant Resort offrent une opportunit\u00e9 de se d\u00e9connecter du monde ext\u00e9rieur et de se reconnecter avec soi-m\u00eame.<\/p>\n<p>Plongez-vous dans notre tout nouveau studio de yoga en d\u00f4me de 74 m\u00e8tres carr\u00e9s, nich\u00e9 au c\u0153ur de la nature. Ax\u00e9es sur la pleine conscience et le bien-\u00eatre dans un cadre naturel \u00e0 couper le souffle, nos retraites offrent un voyage r\u00e9v\u00e9lateur de soi[\/vc_column_text][vc_separator css=\u00a0\u00bb.vc_custom_1681482504114{padding-top: 30px !important;padding-bottom: 30px !important;}\u00a0\u00bb]<style type=\"text\/css\" data-type=\"the7_shortcodes-inline-css\">.gallery-shortcode.gallery-masonry-shortcode-id-0c34573185578b08d0293bd9843222fe figure,\n.gallery-shortcode.gallery-masonry-shortcode-id-0c34573185578b08d0293bd9843222fe .rollover,\n.gallery-shortcode.gallery-masonry-shortcode-id-0c34573185578b08d0293bd9843222fe img,\n.gallery-shortcode.gallery-masonry-shortcode-id-0c34573185578b08d0293bd9843222fe .gallery-rollover {\n  border-radius: 0px;\n}\n.gallery-shortcode.gallery-masonry-shortcode-id-0c34573185578b08d0293bd9843222fe.enable-bg-rollover .gallery-rollover {\n  background: -webkit-linear-gradient();\n  background: linear-gradient();\n}\n.gallery-shortcode.gallery-masonry-shortcode-id-0c34573185578b08d0293bd9843222fe.enable-bg-rollover.hover-scale figure .rollover:after {\n  background: -webkit-linear-gradient();\n  background: linear-gradient();\n}\n.gallery-shortcode.gallery-masonry-shortcode-id-0c34573185578b08d0293bd9843222fe .gallery-zoom-ico {\n  width: 44px;\n  height: 44px;\n  line-height: 44px;\n  border-radius: 100px;\n  margin: -22px 0 0 -22px;\n  border-width: 0px;\n  color: #ffffff;\n}\n.dt-icon-bg-on.gallery-shortcode.gallery-masonry-shortcode-id-0c34573185578b08d0293bd9843222fe .gallery-zoom-ico {\n  background: rgba(255,255,255,0.3);\n  box-shadow: none;\n}\n.gallery-shortcode.gallery-masonry-shortcode-id-0c34573185578b08d0293bd9843222fe .gallery-zoom-ico:before,\n.gallery-shortcode.gallery-masonry-shortcode-id-0c34573185578b08d0293bd9843222fe .gallery-zoom-ico span {\n  font-size: 32px;\n  line-height: 44px;\n  color: #ffffff;\n}\n.gallery-shortcode.gallery-masonry-shortcode-id-0c34573185578b08d0293bd9843222fe:not(.resize-by-browser-width) .dt-css-grid {\n  grid-row-gap: 30px;\n  grid-column-gap: 30px;\n  grid-template-columns: repeat(auto-fill,minmax(,1fr));\n}\n.gallery-shortcode.gallery-masonry-shortcode-id-0c34573185578b08d0293bd9843222fe:not(.resize-by-browser-width) .dt-css-grid .double-width {\n  grid-column: span 2;\n}\n.cssgridlegacy.no-cssgrid .gallery-shortcode.gallery-masonry-shortcode-id-0c34573185578b08d0293bd9843222fe:not(.resize-by-browser-width) .dt-css-grid,\n.no-cssgridlegacy.no-cssgrid .gallery-shortcode.gallery-masonry-shortcode-id-0c34573185578b08d0293bd9843222fe:not(.resize-by-browser-width) .dt-css-grid {\n  display: flex;\n  flex-flow: row wrap;\n  margin: -15px;\n}\n.cssgridlegacy.no-cssgrid .gallery-shortcode.gallery-masonry-shortcode-id-0c34573185578b08d0293bd9843222fe:not(.resize-by-browser-width) .dt-css-grid .wf-cell,\n.no-cssgridlegacy.no-cssgrid .gallery-shortcode.gallery-masonry-shortcode-id-0c34573185578b08d0293bd9843222fe:not(.resize-by-browser-width) .dt-css-grid .wf-cell {\n  flex: 1 0 ;\n  max-width: 100%;\n  padding: 15px;\n  box-sizing: border-box;\n}\n.gallery-shortcode.gallery-masonry-shortcode-id-0c34573185578b08d0293bd9843222fe.resize-by-browser-width .dt-css-grid {\n  grid-template-columns: repeat(3,1fr);\n  grid-template-rows: auto;\n  grid-column-gap: 30px;\n  grid-row-gap: 30px;\n}\n.gallery-shortcode.gallery-masonry-shortcode-id-0c34573185578b08d0293bd9843222fe.resize-by-browser-width .dt-css-grid .double-width {\n  grid-column: span 2;\n}\n.cssgridlegacy.no-cssgrid .gallery-shortcode.gallery-masonry-shortcode-id-0c34573185578b08d0293bd9843222fe.resize-by-browser-width .dt-css-grid {\n  margin: -15px;\n}\n.cssgridlegacy.no-cssgrid .gallery-shortcode.gallery-masonry-shortcode-id-0c34573185578b08d0293bd9843222fe.resize-by-browser-width .dt-css-grid .wf-cell {\n  width: 33.333333333333%;\n  padding: 15px;\n}\n.cssgridlegacy.no-cssgrid .gallery-shortcode.gallery-masonry-shortcode-id-0c34573185578b08d0293bd9843222fe.resize-by-browser-width .dt-css-grid .wf-cell.double-width {\n  width: calc(33.333333333333%) * 2;\n}\n.gallery-shortcode.gallery-masonry-shortcode-id-0c34573185578b08d0293bd9843222fe.resize-by-browser-width:not(.centered-layout-list):not(.content-bg-on) .dt-css-grid {\n  grid-row-gap: 30px - ;\n}\n@media screen and (max-width: 1199px) {\n  .gallery-shortcode.gallery-masonry-shortcode-id-0c34573185578b08d0293bd9843222fe.resize-by-browser-width .dt-css-grid {\n    grid-template-columns: repeat(3,1fr);\n  }\n  .cssgridlegacy.no-cssgrid .gallery-shortcode.gallery-masonry-shortcode-id-0c34573185578b08d0293bd9843222fe.resize-by-browser-width .dt-css-grid .wf-cell,\n  .no-cssgridlegacy.no-cssgrid .gallery-shortcode.gallery-masonry-shortcode-id-0c34573185578b08d0293bd9843222fe.resize-by-browser-width .dt-css-grid .wf-cell {\n    width: 33.333333333333%;\n  }\n  .cssgridlegacy.no-cssgrid .gallery-shortcode.gallery-masonry-shortcode-id-0c34573185578b08d0293bd9843222fe.resize-by-browser-width .dt-css-grid .wf-cell.double-width,\n  .no-cssgridlegacy.no-cssgrid .gallery-shortcode.gallery-masonry-shortcode-id-0c34573185578b08d0293bd9843222fe.resize-by-browser-width .dt-css-grid .wf-cell.double-width {\n    width: calc(33.333333333333%)*2;\n  }\n}\n@media screen and (max-width: 991px) {\n  .gallery-shortcode.gallery-masonry-shortcode-id-0c34573185578b08d0293bd9843222fe.resize-by-browser-width .dt-css-grid {\n    grid-template-columns: repeat(3,1fr);\n  }\n  .cssgridlegacy.no-cssgrid .gallery-shortcode.gallery-masonry-shortcode-id-0c34573185578b08d0293bd9843222fe.resize-by-browser-width .dt-css-grid .wf-cell,\n  .no-cssgridlegacy.no-cssgrid .gallery-shortcode.gallery-masonry-shortcode-id-0c34573185578b08d0293bd9843222fe.resize-by-browser-width .dt-css-grid .wf-cell {\n    width: 33.333333333333%;\n  }\n  .cssgridlegacy.no-cssgrid .gallery-shortcode.gallery-masonry-shortcode-id-0c34573185578b08d0293bd9843222fe.resize-by-browser-width .dt-css-grid .wf-cell.double-width,\n  .no-cssgridlegacy.no-cssgrid .gallery-shortcode.gallery-masonry-shortcode-id-0c34573185578b08d0293bd9843222fe.resize-by-browser-width .dt-css-grid .wf-cell.double-width {\n    width: calc(33.333333333333%)*2;\n  }\n}\n@media screen and (max-width: 767px) {\n  .gallery-shortcode.gallery-masonry-shortcode-id-0c34573185578b08d0293bd9843222fe.resize-by-browser-width .dt-css-grid {\n    grid-template-columns: repeat(1,1fr);\n  }\n  .cssgridlegacy.no-cssgrid .gallery-shortcode.gallery-masonry-shortcode-id-0c34573185578b08d0293bd9843222fe.resize-by-browser-width .dt-css-grid .wf-cell,\n  .no-cssgridlegacy.no-cssgrid .gallery-shortcode.gallery-masonry-shortcode-id-0c34573185578b08d0293bd9843222fe.resize-by-browser-width .dt-css-grid .wf-cell {\n    width: 100%;\n  }\n  .cssgridlegacy.no-cssgrid .gallery-shortcode.gallery-masonry-shortcode-id-0c34573185578b08d0293bd9843222fe.resize-by-browser-width .dt-css-grid .wf-cell.double-width,\n  .no-cssgridlegacy.no-cssgrid .gallery-shortcode.gallery-masonry-shortcode-id-0c34573185578b08d0293bd9843222fe.resize-by-browser-width .dt-css-grid .wf-cell.double-width {\n    width: calc(100%)*2;\n  }\n}<\/style><div class=\"gallery-shortcode dt-gallery-container gallery-masonry-shortcode-id-0c34573185578b08d0293bd9843222fe mode-grid jquery-filter dt-icon-bg-off quick-scale-img dt-css-grid-wrap enable-bg-rollover resize-by-browser-width  hover-fade loading-effect-none description-on-hover\" data-padding=\"15px\" data-cur-page=\"1\" data-post-limit=\"-1\" data-pagination-mode=\"none\" data-desktop-columns-num=\"3\" data-v-tablet-columns-num=\"3\" data-h-tablet-columns-num=\"3\" data-phone-columns-num=\"1\" data-width=\"0px\" data-columns=\"0\"><div class=\"dt-css-grid\" ><div class=\"wf-cell\" data-post-id=\"63398\" data-date=\"2023-04-14T13:26:08+00:00\" data-name=\"DSC_0555\"><figure class=\"post visible\"><a href=\"https:\/\/dev.belairtremblant.com\/wp-content\/uploads\/2023\/04\/DSC_0555-jpg.webp\" class=\"rollover dt-pswp-item layzr-bg\" data-large_image_width=\"1250\" data-large_image_height=\"1087\" data-dt-img-description=\"\" title=\"DSC_0555\"><img fetchpriority=\"high\" decoding=\"async\" class=\"preload-me iso-lazy-load aspect\" src=\"data:image\/svg+xml,%3Csvg%20xmlns%3D&#39;http%3A%2F%2Fwww.w3.org%2F2000%2Fsvg&#39;%20viewBox%3D&#39;0%200%20768%20768&#39;%2F%3E\" data-src=\"https:\/\/dev.belairtremblant.com\/wp-content\/uploads\/2023\/04\/DSC_0555-jpg-768x768.webp\" data-srcset=\"https:\/\/dev.belairtremblant.com\/wp-content\/uploads\/2023\/04\/DSC_0555-jpg-768x768.webp 768w, https:\/\/dev.belairtremblant.com\/wp-content\/uploads\/2023\/04\/DSC_0555-jpg-1087x1087.webp 1087w\" loading=\"eager\" style=\"--ratio: 768 \/ 768\" sizes=\"(max-width: 768px) 100vw, 768px\" alt=\"yoga\" width=\"768\" height=\"768\"  \/><span class=\"gallery-rollover\"><span class=\"gallery-zoom-ico icomoon-the7-font-the7-zoom-06\"><span><\/span><\/span><\/span><\/a><\/figure><\/div><div class=\"wf-cell\" data-post-id=\"63330\" data-date=\"2023-04-13T15:06:39+00:00\" data-name=\"DSC_0551\"><figure class=\"post visible\"><a href=\"https:\/\/dev.belairtremblant.com\/wp-content\/uploads\/2023\/04\/DSC_0551-jpg.webp\" class=\"rollover dt-pswp-item layzr-bg\" data-large_image_width=\"700\" data-large_image_height=\"562\" data-dt-img-description=\"\" title=\"DSC_0551\"><img decoding=\"async\" class=\"preload-me iso-lazy-load aspect\" src=\"data:image\/svg+xml,%3Csvg%20xmlns%3D&#39;http%3A%2F%2Fwww.w3.org%2F2000%2Fsvg&#39;%20viewBox%3D&#39;0%200%20562%20562&#39;%2F%3E\" data-src=\"https:\/\/dev.belairtremblant.com\/wp-content\/uploads\/2023\/04\/DSC_0551-jpg-562x562.webp\" data-srcset=\"https:\/\/dev.belairtremblant.com\/wp-content\/uploads\/2023\/04\/DSC_0551-jpg-562x562.webp 562w\" loading=\"eager\" style=\"--ratio: 562 \/ 562\" sizes=\"(max-width: 562px) 100vw, 562px\" alt=\"yoga\" width=\"562\" height=\"562\"  \/><span class=\"gallery-rollover\"><span class=\"gallery-zoom-ico icomoon-the7-font-the7-zoom-06\"><span><\/span><\/span><\/span><\/a><\/figure><\/div><div class=\"wf-cell\" data-post-id=\"63401\" data-date=\"2023-04-14T13:29:48+00:00\" data-name=\"DSC_0385\"><figure class=\"post visible\"><a href=\"https:\/\/dev.belairtremblant.com\/wp-content\/uploads\/2023\/04\/DSC_0385-jpg.webp\" class=\"rollover dt-pswp-item layzr-bg\" data-large_image_width=\"1500\" data-large_image_height=\"1321\" data-dt-img-description=\"\" title=\"DSC_0385\"><img decoding=\"async\" class=\"preload-me iso-lazy-load aspect\" src=\"data:image\/svg+xml,%3Csvg%20xmlns%3D&#39;http%3A%2F%2Fwww.w3.org%2F2000%2Fsvg&#39;%20viewBox%3D&#39;0%200%20768%20768&#39;%2F%3E\" data-src=\"https:\/\/dev.belairtremblant.com\/wp-content\/uploads\/2023\/04\/DSC_0385-jpg-768x768.webp\" data-srcset=\"https:\/\/dev.belairtremblant.com\/wp-content\/uploads\/2023\/04\/DSC_0385-jpg-768x768.webp 768w, https:\/\/dev.belairtremblant.com\/wp-content\/uploads\/2023\/04\/DSC_0385-jpg-1152x1152.webp 1152w\" loading=\"eager\" style=\"--ratio: 768 \/ 768\" sizes=\"(max-width: 768px) 100vw, 768px\" alt=\"meditation\" width=\"768\" height=\"768\"  \/><span class=\"gallery-rollover\"><span class=\"gallery-zoom-ico icomoon-the7-font-the7-zoom-06\"><span><\/span><\/span><\/span><\/a><\/figure><\/div><\/div><!-- iso-container|iso-grid --><\/div>[vc_separator css=\u00a0\u00bb.vc_custom_1681482504114{padding-top: 30px !important;padding-bottom: 30px !important;}\u00a0\u00bb][\/vc_column][\/vc_row]<\/p>\n<\/div>","protected":false},"excerpt":{"rendered":"<p>[vc_row css=\u00a0\u00bb.vc_custom_1681226082160{padding-top: 30px !important;padding-bottom: 50px !important;}\u00a0\u00bb][vc_column][vc_column_text]Nich\u00e9es dans les montagnes \u00e0 couper le souffle de Mont Tremblant, les retraites de yoga au Bel Air Tremblant Resort offrent une \u00e9vasion sereine et paisible du stress de la vie quotidienne. Ces retraites combinent souvent des pratiques quotidiennes de yoga avec des aventures en plein air, des repas sains,&hellip;<\/p>\n","protected":false},"author":1,"featured_media":63356,"parent":63874,"menu_order":0,"comment_status":"closed","ping_status":"closed","template":"","meta":{"_et_pb_use_builder":"","_et_pb_old_content":"","_et_gb_content_width":"","footnotes":""},"class_list":["post-64021","page","type-page","status-publish","has-post-thumbnail","hentry","description-off"],"yoast_head":"<!-- This site is optimized with the Yoast SEO Premium plugin v26.6 (Yoast SEO v27.4) - https:\/\/yoast.com\/product\/yoast-seo-premium-wordpress\/ -->\n<title>Yoga &amp; M\u00e9ditation \u00e0 Mont Tremblant, DEV Bel Air Tremblant<\/title>\n<meta name=\"description\" content=\"DEV Bel Air Tremblant Resort pr\u00e9sente des retraites de yoga et des retraites de m\u00e9ditation \u00e0 Mont Tremblant. Participez \u00e0 des retraites sant\u00e9 \u00e0 Mont Tremblant.\" \/>\n<meta name=\"robots\" content=\"noindex, follow, max-snippet:-1, max-image-preview:large, max-video-preview:-1\" \/>\n<meta property=\"og:locale\" content=\"fr_FR\" \/>\n<meta property=\"og:type\" content=\"article\" \/>\n<meta property=\"og:title\" content=\"Yoga &amp; M\u00e9ditation\" \/>\n<meta property=\"og:description\" content=\"DEV Bel Air Tremblant Resort pr\u00e9sente des retraites de yoga et des retraites de m\u00e9ditation \u00e0 Mont Tremblant. Participez \u00e0 des retraites sant\u00e9 \u00e0 Mont Tremblant.\" \/>\n<meta property=\"og:url\" content=\"https:\/\/dev.belairtremblant.com\/fr\/experiences\/yoga-meditation\/\" \/>\n<meta property=\"og:site_name\" content=\"DEV Bel Air Tremblant\" \/>\n<meta property=\"article:modified_time\" content=\"2023-05-02T20:23:19+00:00\" \/>\n<meta property=\"og:image\" content=\"https:\/\/dev.belairtremblant.com\/wp-content\/uploads\/2023\/04\/meditation-jpg.webp\" \/>\n\t<meta property=\"og:image:width\" content=\"700\" \/>\n\t<meta property=\"og:image:height\" content=\"623\" \/>\n\t<meta property=\"og:image:type\" content=\"image\/jpeg\" \/>\n<meta name=\"twitter:card\" content=\"summary_large_image\" \/>\n<meta name=\"twitter:label1\" content=\"Dur\u00e9e de lecture estim\u00e9e\" \/>\n\t<meta name=\"twitter:data1\" content=\"1 minute\" \/>\n<script type=\"application\/ld+json\" class=\"yoast-schema-graph\">{\"@context\":\"https:\\\/\\\/schema.org\",\"@graph\":[{\"@type\":\"WebPage\",\"@id\":\"https:\\\/\\\/dev.belairtremblant.com\\\/fr\\\/experiences\\\/yoga-meditation\\\/\",\"url\":\"https:\\\/\\\/dev.belairtremblant.com\\\/fr\\\/experiences\\\/yoga-meditation\\\/\",\"name\":\"Yoga & M\u00e9ditation \u00e0 Mont Tremblant, DEV Bel Air Tremblant\",\"isPartOf\":{\"@id\":\"https:\\\/\\\/dev.belairtremblant.com\\\/fr\\\/#website\"},\"primaryImageOfPage\":{\"@id\":\"https:\\\/\\\/dev.belairtremblant.com\\\/fr\\\/experiences\\\/yoga-meditation\\\/#primaryimage\"},\"image\":{\"@id\":\"https:\\\/\\\/dev.belairtremblant.com\\\/fr\\\/experiences\\\/yoga-meditation\\\/#primaryimage\"},\"thumbnailUrl\":\"https:\\\/\\\/dev.belairtremblant.com\\\/wp-content\\\/uploads\\\/2023\\\/04\\\/meditation-jpg.webp\",\"datePublished\":\"2023-04-27T19:38:05+00:00\",\"dateModified\":\"2023-05-02T20:23:19+00:00\",\"description\":\"DEV Bel Air Tremblant Resort pr\u00e9sente des retraites de yoga et des retraites de m\u00e9ditation \u00e0 Mont Tremblant. Participez \u00e0 des retraites sant\u00e9 \u00e0 Mont Tremblant.\",\"breadcrumb\":{\"@id\":\"https:\\\/\\\/dev.belairtremblant.com\\\/fr\\\/experiences\\\/yoga-meditation\\\/#breadcrumb\"},\"inLanguage\":\"fr-FR\",\"potentialAction\":[{\"@type\":\"ReadAction\",\"target\":[\"https:\\\/\\\/dev.belairtremblant.com\\\/fr\\\/experiences\\\/yoga-meditation\\\/\"]}]},{\"@type\":\"ImageObject\",\"inLanguage\":\"fr-FR\",\"@id\":\"https:\\\/\\\/dev.belairtremblant.com\\\/fr\\\/experiences\\\/yoga-meditation\\\/#primaryimage\",\"url\":\"https:\\\/\\\/dev.belairtremblant.com\\\/wp-content\\\/uploads\\\/2023\\\/04\\\/meditation-jpg.webp\",\"contentUrl\":\"https:\\\/\\\/dev.belairtremblant.com\\\/wp-content\\\/uploads\\\/2023\\\/04\\\/meditation-jpg.webp\",\"width\":700,\"height\":623,\"caption\":\"meditation\"},{\"@type\":\"BreadcrumbList\",\"@id\":\"https:\\\/\\\/dev.belairtremblant.com\\\/fr\\\/experiences\\\/yoga-meditation\\\/#breadcrumb\",\"itemListElement\":[{\"@type\":\"ListItem\",\"position\":1,\"name\":\"Home\",\"item\":\"https:\\\/\\\/dev.belairtremblant.com\\\/fr\\\/\"},{\"@type\":\"ListItem\",\"position\":2,\"name\":\"Experiences\",\"item\":\"https:\\\/\\\/dev.belairtremblant.com\\\/fr\\\/experiences\\\/\"},{\"@type\":\"ListItem\",\"position\":3,\"name\":\"Yoga &#038; M\u00e9ditation\"}]},{\"@type\":\"WebSite\",\"@id\":\"https:\\\/\\\/dev.belairtremblant.com\\\/fr\\\/#website\",\"url\":\"https:\\\/\\\/dev.belairtremblant.com\\\/fr\\\/\",\"name\":\"DEV Bel Air Tremblant\",\"description\":\"Unique domes &amp; chalet rentals Mont Tremblant\",\"publisher\":{\"@id\":\"https:\\\/\\\/dev.belairtremblant.com\\\/fr\\\/#organization\"},\"potentialAction\":[{\"@type\":\"SearchAction\",\"target\":{\"@type\":\"EntryPoint\",\"urlTemplate\":\"https:\\\/\\\/dev.belairtremblant.com\\\/fr\\\/?s={search_term_string}\"},\"query-input\":{\"@type\":\"PropertyValueSpecification\",\"valueRequired\":true,\"valueName\":\"search_term_string\"}}],\"inLanguage\":\"fr-FR\"},{\"@type\":\"Organization\",\"@id\":\"https:\\\/\\\/dev.belairtremblant.com\\\/fr\\\/#organization\",\"name\":\"Bel Air Resort hotel in Tremblant\",\"url\":\"https:\\\/\\\/dev.belairtremblant.com\\\/fr\\\/\",\"logo\":{\"@type\":\"ImageObject\",\"inLanguage\":\"fr-FR\",\"@id\":\"https:\\\/\\\/dev.belairtremblant.com\\\/fr\\\/#\\\/schema\\\/logo\\\/image\\\/\",\"url\":\"https:\\\/\\\/dev.belairtremblant.com\\\/wp-content\\\/uploads\\\/2022\\\/04\\\/New-BA-Tremblant-logo.jpg\",\"contentUrl\":\"https:\\\/\\\/dev.belairtremblant.com\\\/wp-content\\\/uploads\\\/2022\\\/04\\\/New-BA-Tremblant-logo.jpg\",\"width\":800,\"height\":383,\"caption\":\"Bel Air Resort hotel in Tremblant\"},\"image\":{\"@id\":\"https:\\\/\\\/dev.belairtremblant.com\\\/fr\\\/#\\\/schema\\\/logo\\\/image\\\/\"}}]}<\/script>\n<!-- \/ Yoast SEO Premium plugin. -->","yoast_head_json":{"title":"Yoga & M\u00e9ditation \u00e0 Mont Tremblant, DEV Bel Air Tremblant","description":"DEV Bel Air Tremblant Resort pr\u00e9sente des retraites de yoga et des retraites de m\u00e9ditation \u00e0 Mont Tremblant. Participez \u00e0 des retraites sant\u00e9 \u00e0 Mont Tremblant.","robots":{"index":"noindex","follow":"follow","max-snippet":"max-snippet:-1","max-image-preview":"max-image-preview:large","max-video-preview":"max-video-preview:-1"},"og_locale":"fr_FR","og_type":"article","og_title":"Yoga & M\u00e9ditation","og_description":"DEV Bel Air Tremblant Resort pr\u00e9sente des retraites de yoga et des retraites de m\u00e9ditation \u00e0 Mont Tremblant. Participez \u00e0 des retraites sant\u00e9 \u00e0 Mont Tremblant.","og_url":"https:\/\/dev.belairtremblant.com\/fr\/experiences\/yoga-meditation\/","og_site_name":"DEV Bel Air Tremblant","article_modified_time":"2023-05-02T20:23:19+00:00","og_image":[{"width":700,"height":623,"url":"https:\/\/dev.belairtremblant.com\/wp-content\/uploads\/2023\/04\/meditation-jpg.webp","type":"image\/jpeg"}],"twitter_card":"summary_large_image","twitter_misc":{"Dur\u00e9e de lecture estim\u00e9e":"1 minute"},"schema":{"@context":"https:\/\/schema.org","@graph":[{"@type":"WebPage","@id":"https:\/\/dev.belairtremblant.com\/fr\/experiences\/yoga-meditation\/","url":"https:\/\/dev.belairtremblant.com\/fr\/experiences\/yoga-meditation\/","name":"Yoga & M\u00e9ditation \u00e0 Mont Tremblant, DEV Bel Air Tremblant","isPartOf":{"@id":"https:\/\/dev.belairtremblant.com\/fr\/#website"},"primaryImageOfPage":{"@id":"https:\/\/dev.belairtremblant.com\/fr\/experiences\/yoga-meditation\/#primaryimage"},"image":{"@id":"https:\/\/dev.belairtremblant.com\/fr\/experiences\/yoga-meditation\/#primaryimage"},"thumbnailUrl":"https:\/\/dev.belairtremblant.com\/wp-content\/uploads\/2023\/04\/meditation-jpg.webp","datePublished":"2023-04-27T19:38:05+00:00","dateModified":"2023-05-02T20:23:19+00:00","description":"DEV Bel Air Tremblant Resort pr\u00e9sente des retraites de yoga et des retraites de m\u00e9ditation \u00e0 Mont Tremblant. Participez \u00e0 des retraites sant\u00e9 \u00e0 Mont Tremblant.","breadcrumb":{"@id":"https:\/\/dev.belairtremblant.com\/fr\/experiences\/yoga-meditation\/#breadcrumb"},"inLanguage":"fr-FR","potentialAction":[{"@type":"ReadAction","target":["https:\/\/dev.belairtremblant.com\/fr\/experiences\/yoga-meditation\/"]}]},{"@type":"ImageObject","inLanguage":"fr-FR","@id":"https:\/\/dev.belairtremblant.com\/fr\/experiences\/yoga-meditation\/#primaryimage","url":"https:\/\/dev.belairtremblant.com\/wp-content\/uploads\/2023\/04\/meditation-jpg.webp","contentUrl":"https:\/\/dev.belairtremblant.com\/wp-content\/uploads\/2023\/04\/meditation-jpg.webp","width":700,"height":623,"caption":"meditation"},{"@type":"BreadcrumbList","@id":"https:\/\/dev.belairtremblant.com\/fr\/experiences\/yoga-meditation\/#breadcrumb","itemListElement":[{"@type":"ListItem","position":1,"name":"Home","item":"https:\/\/dev.belairtremblant.com\/fr\/"},{"@type":"ListItem","position":2,"name":"Experiences","item":"https:\/\/dev.belairtremblant.com\/fr\/experiences\/"},{"@type":"ListItem","position":3,"name":"Yoga &#038; M\u00e9ditation"}]},{"@type":"WebSite","@id":"https:\/\/dev.belairtremblant.com\/fr\/#website","url":"https:\/\/dev.belairtremblant.com\/fr\/","name":"DEV Bel Air Tremblant","description":"Unique domes &amp; chalet rentals Mont Tremblant","publisher":{"@id":"https:\/\/dev.belairtremblant.com\/fr\/#organization"},"potentialAction":[{"@type":"SearchAction","target":{"@type":"EntryPoint","urlTemplate":"https:\/\/dev.belairtremblant.com\/fr\/?s={search_term_string}"},"query-input":{"@type":"PropertyValueSpecification","valueRequired":true,"valueName":"search_term_string"}}],"inLanguage":"fr-FR"},{"@type":"Organization","@id":"https:\/\/dev.belairtremblant.com\/fr\/#organization","name":"Bel Air Resort hotel in Tremblant","url":"https:\/\/dev.belairtremblant.com\/fr\/","logo":{"@type":"ImageObject","inLanguage":"fr-FR","@id":"https:\/\/dev.belairtremblant.com\/fr\/#\/schema\/logo\/image\/","url":"https:\/\/dev.belairtremblant.com\/wp-content\/uploads\/2022\/04\/New-BA-Tremblant-logo.jpg","contentUrl":"https:\/\/dev.belairtremblant.com\/wp-content\/uploads\/2022\/04\/New-BA-Tremblant-logo.jpg","width":800,"height":383,"caption":"Bel Air Resort hotel in Tremblant"},"image":{"@id":"https:\/\/dev.belairtremblant.com\/fr\/#\/schema\/logo\/image\/"}}]}},"_links":{"self":[{"href":"https:\/\/dev.belairtremblant.com\/fr\/wp-json\/wp\/v2\/pages\/64021","targetHints":{"allow":["GET"]}}],"collection":[{"href":"https:\/\/dev.belairtremblant.com\/fr\/wp-json\/wp\/v2\/pages"}],"about":[{"href":"https:\/\/dev.belairtremblant.com\/fr\/wp-json\/wp\/v2\/types\/page"}],"author":[{"embeddable":true,"href":"https:\/\/dev.belairtremblant.com\/fr\/wp-json\/wp\/v2\/users\/1"}],"replies":[{"embeddable":true,"href":"https:\/\/dev.belairtremblant.com\/fr\/wp-json\/wp\/v2\/comments?post=64021"}],"version-history":[{"count":0,"href":"https:\/\/dev.belairtremblant.com\/fr\/wp-json\/wp\/v2\/pages\/64021\/revisions"}],"up":[{"embeddable":true,"href":"https:\/\/dev.belairtremblant.com\/fr\/wp-json\/wp\/v2\/pages\/63874"}],"wp:featuredmedia":[{"embeddable":true,"href":"https:\/\/dev.belairtremblant.com\/fr\/wp-json\/wp\/v2\/media\/63356"}],"wp:attachment":[{"href":"https:\/\/dev.belairtremblant.com\/fr\/wp-json\/wp\/v2\/media?parent=64021"}],"curies":[{"name":"wp","href":"https:\/\/api.w.org\/{rel}","templated":true}]}}