{"id":64018,"date":"2023-05-01T17:36:00","date_gmt":"2023-05-01T17:36:00","guid":{"rendered":"https:\/\/dev.belairtremblant.com\/experiences\/resort-events\/"},"modified":"2023-05-02T20:15:18","modified_gmt":"2023-05-02T20:15:18","slug":"evenements-resort","status":"publish","type":"page","link":"https:\/\/dev.belairtremblant.com\/fr\/experiences\/evenements-resort\/","title":{"rendered":"\u00c9v\u00e9nements resort"},"content":{"rendered":"<div class=\"wpb-content-wrapper\"><p>[vc_row css=\u00a0\u00bb.vc_custom_1681226082160{padding-top: 30px !important;padding-bottom: 50px !important;}\u00a0\u00bb][vc_column][vc_column_text]<span style=\"font-weight: 400;\">Vivre des exp\u00e9riences inoubliables est la cl\u00e9 de vacances r\u00e9ussies.<\/span><\/p>\n<p><span style=\"font-weight: 400;\">C&rsquo;est pourquoi, au Bel Air Resort, nous organisons une s\u00e9rie d&rsquo;\u00e9v\u00e9nements passionnants pour nos clients tout au long de l&rsquo;ann\u00e9e. Des soir\u00e9es fondue apr\u00e8s une randonn\u00e9e en raquettes,\u00a0 aux d\u00e9gustations de vins et cours de cuisine, en passant par les s\u00e9ances de yoga en plein air et les comp\u00e9titions amicales de\u00a0 volley-ball, il se passe toujours quelque chose d&rsquo;amusant dans notre resort.<\/span><\/p>\n<p><span style=\"font-weight: 400;\">Notre \u00e9quipe est la meilleure pour cr\u00e9er des exp\u00e9riences uniques et agr\u00e9ables pour nos clients. Nous savons faire preuve de cr\u00e9ativit\u00e9 et sortir des sentiers battus, alors pour un barbecue au bord de la piscine, une soir\u00e9e d&rsquo;observation des \u00e9toiles ou une soir\u00e9e \u00e0 th\u00e8me, nous ferons de notre mieux pour que cela se produise.<\/span>[\/vc_column_text][vc_separator css=\u00a0\u00bb.vc_custom_1681482504114{padding-top: 30px !important;padding-bottom: 30px !important;}\u00a0\u00bb][vc_row_inner][vc_column_inner width=\u00a0\u00bb1\/4&Prime;][\/vc_column_inner][vc_column_inner width=\u00a0\u00bb1\/2&Prime;][vc_single_image image=\u00a0\u00bb63309&Prime; img_size=\u00a0\u00bbfull\u00a0\u00bb alignment=\u00a0\u00bbcenter\u00a0\u00bb][\/vc_column_inner][vc_column_inner width=\u00a0\u00bb1\/4&Prime;][\/vc_column_inner][\/vc_row_inner][vc_separator css=\u00a0\u00bb.vc_custom_1681482504114{padding-top: 30px !important;padding-bottom: 30px !important;}\u00a0\u00bb][vc_column_text]<span style=\"font-weight: 400;\">Nos \u00e9v\u00e9nements offrent une excellente occasion de se connecter avec d&rsquo;autres invit\u00e9s et de se faire de nouveaux amis, tout en d\u00e9couvrant la beaut\u00e9 naturelle des montagnes des Laurentides. Gardez un \u0153il sur notre site Web ou contactez-nous directement pour conna\u00eetre les \u00e9v\u00e9nements \u00e0 venir pendant votre s\u00e9jour au Bel Air Tremblant Resort.\u00a0<\/span>[\/vc_column_text][\/vc_column][\/vc_row]<\/p>\n<\/div>","protected":false},"excerpt":{"rendered":"<p>[vc_row css=\u00a0\u00bb.vc_custom_1681226082160{padding-top: 30px !important;padding-bottom: 50px !important;}\u00a0\u00bb][vc_column][vc_column_text]Vivre des exp\u00e9riences inoubliables est la cl\u00e9 de vacances r\u00e9ussies. C&rsquo;est pourquoi, au Bel Air Resort, nous organisons une s\u00e9rie d&rsquo;\u00e9v\u00e9nements passionnants pour nos clients tout au long de l&rsquo;ann\u00e9e. Des soir\u00e9es fondue apr\u00e8s une randonn\u00e9e en raquettes,\u00a0 aux d\u00e9gustations de vins et cours de cuisine, en passant par les&hellip;<\/p>\n","protected":false},"author":1,"featured_media":63310,"parent":63874,"menu_order":0,"comment_status":"closed","ping_status":"closed","template":"","meta":{"_et_pb_use_builder":"","_et_pb_old_content":"","_et_gb_content_width":"","footnotes":""},"class_list":["post-64018","page","type-page","status-publish","has-post-thumbnail","hentry","description-off"],"yoast_head":"<!-- This site is optimized with the Yoast SEO Premium plugin v26.6 (Yoast SEO v27.4) - https:\/\/yoast.com\/product\/yoast-seo-premium-wordpress\/ -->\n<title>\u00c9v\u00e9nements resort \u00e0 Mont Tremblant, DEV Bel Air Tremblant<\/title>\n<meta name=\"description\" content=\"DEV Bel Air Tremblant pr\u00e9sente les \u00e9v\u00e9nements de vill\u00e9giature \u00e0 Mont Tremblant. Des cours de cuisine \u00e0 Mont Tremblant aux d\u00e9gustations de vin \u00e0 Mont Tremblant.\" \/>\n<meta name=\"robots\" content=\"noindex, follow, max-snippet:-1, max-image-preview:large, max-video-preview:-1\" \/>\n<meta property=\"og:locale\" content=\"fr_FR\" \/>\n<meta property=\"og:type\" content=\"article\" \/>\n<meta property=\"og:title\" content=\"\u00c9v\u00e9nements resort\" \/>\n<meta property=\"og:description\" content=\"DEV Bel Air Tremblant pr\u00e9sente les \u00e9v\u00e9nements de vill\u00e9giature \u00e0 Mont Tremblant. Des cours de cuisine \u00e0 Mont Tremblant aux d\u00e9gustations de vin \u00e0 Mont Tremblant.\" \/>\n<meta property=\"og:url\" content=\"https:\/\/dev.belairtremblant.com\/fr\/experiences\/evenements-resort\/\" \/>\n<meta property=\"og:site_name\" content=\"DEV Bel Air Tremblant\" \/>\n<meta property=\"article:modified_time\" content=\"2023-05-02T20:15:18+00:00\" \/>\n<meta property=\"og:image\" content=\"https:\/\/dev.belairtremblant.com\/wp-content\/uploads\/2023\/04\/image00002-jpeg.webp\" \/>\n\t<meta property=\"og:image:width\" content=\"700\" \/>\n\t<meta property=\"og:image:height\" content=\"654\" \/>\n\t<meta property=\"og:image:type\" content=\"image\/jpeg\" \/>\n<meta name=\"twitter:card\" content=\"summary_large_image\" \/>\n<meta name=\"twitter:label1\" content=\"Dur\u00e9e de lecture estim\u00e9e\" \/>\n\t<meta name=\"twitter:data1\" content=\"1 minute\" \/>\n<script type=\"application\/ld+json\" class=\"yoast-schema-graph\">{\"@context\":\"https:\\\/\\\/schema.org\",\"@graph\":[{\"@type\":\"WebPage\",\"@id\":\"https:\\\/\\\/dev.belairtremblant.com\\\/fr\\\/experiences\\\/evenements-resort\\\/\",\"url\":\"https:\\\/\\\/dev.belairtremblant.com\\\/fr\\\/experiences\\\/evenements-resort\\\/\",\"name\":\"\u00c9v\u00e9nements resort \u00e0 Mont Tremblant, DEV Bel Air Tremblant\",\"isPartOf\":{\"@id\":\"https:\\\/\\\/dev.belairtremblant.com\\\/fr\\\/#website\"},\"primaryImageOfPage\":{\"@id\":\"https:\\\/\\\/dev.belairtremblant.com\\\/fr\\\/experiences\\\/evenements-resort\\\/#primaryimage\"},\"image\":{\"@id\":\"https:\\\/\\\/dev.belairtremblant.com\\\/fr\\\/experiences\\\/evenements-resort\\\/#primaryimage\"},\"thumbnailUrl\":\"https:\\\/\\\/dev.belairtremblant.com\\\/wp-content\\\/uploads\\\/2023\\\/04\\\/image00002-jpeg.webp\",\"datePublished\":\"2023-05-01T17:36:00+00:00\",\"dateModified\":\"2023-05-02T20:15:18+00:00\",\"description\":\"DEV Bel Air Tremblant pr\u00e9sente les \u00e9v\u00e9nements de vill\u00e9giature \u00e0 Mont Tremblant. Des cours de cuisine \u00e0 Mont Tremblant aux d\u00e9gustations de vin \u00e0 Mont Tremblant.\",\"breadcrumb\":{\"@id\":\"https:\\\/\\\/dev.belairtremblant.com\\\/fr\\\/experiences\\\/evenements-resort\\\/#breadcrumb\"},\"inLanguage\":\"fr-FR\",\"potentialAction\":[{\"@type\":\"ReadAction\",\"target\":[\"https:\\\/\\\/dev.belairtremblant.com\\\/fr\\\/experiences\\\/evenements-resort\\\/\"]}]},{\"@type\":\"ImageObject\",\"inLanguage\":\"fr-FR\",\"@id\":\"https:\\\/\\\/dev.belairtremblant.com\\\/fr\\\/experiences\\\/evenements-resort\\\/#primaryimage\",\"url\":\"https:\\\/\\\/dev.belairtremblant.com\\\/wp-content\\\/uploads\\\/2023\\\/04\\\/image00002-jpeg.webp\",\"contentUrl\":\"https:\\\/\\\/dev.belairtremblant.com\\\/wp-content\\\/uploads\\\/2023\\\/04\\\/image00002-jpeg.webp\",\"width\":700,\"height\":654,\"caption\":\"event\"},{\"@type\":\"BreadcrumbList\",\"@id\":\"https:\\\/\\\/dev.belairtremblant.com\\\/fr\\\/experiences\\\/evenements-resort\\\/#breadcrumb\",\"itemListElement\":[{\"@type\":\"ListItem\",\"position\":1,\"name\":\"Home\",\"item\":\"https:\\\/\\\/dev.belairtremblant.com\\\/fr\\\/\"},{\"@type\":\"ListItem\",\"position\":2,\"name\":\"Experiences\",\"item\":\"https:\\\/\\\/dev.belairtremblant.com\\\/fr\\\/experiences\\\/\"},{\"@type\":\"ListItem\",\"position\":3,\"name\":\"\u00c9v\u00e9nements resort\"}]},{\"@type\":\"WebSite\",\"@id\":\"https:\\\/\\\/dev.belairtremblant.com\\\/fr\\\/#website\",\"url\":\"https:\\\/\\\/dev.belairtremblant.com\\\/fr\\\/\",\"name\":\"DEV Bel Air Tremblant\",\"description\":\"Unique domes &amp; chalet rentals Mont Tremblant\",\"publisher\":{\"@id\":\"https:\\\/\\\/dev.belairtremblant.com\\\/fr\\\/#organization\"},\"potentialAction\":[{\"@type\":\"SearchAction\",\"target\":{\"@type\":\"EntryPoint\",\"urlTemplate\":\"https:\\\/\\\/dev.belairtremblant.com\\\/fr\\\/?s={search_term_string}\"},\"query-input\":{\"@type\":\"PropertyValueSpecification\",\"valueRequired\":true,\"valueName\":\"search_term_string\"}}],\"inLanguage\":\"fr-FR\"},{\"@type\":\"Organization\",\"@id\":\"https:\\\/\\\/dev.belairtremblant.com\\\/fr\\\/#organization\",\"name\":\"Bel Air Resort hotel in Tremblant\",\"url\":\"https:\\\/\\\/dev.belairtremblant.com\\\/fr\\\/\",\"logo\":{\"@type\":\"ImageObject\",\"inLanguage\":\"fr-FR\",\"@id\":\"https:\\\/\\\/dev.belairtremblant.com\\\/fr\\\/#\\\/schema\\\/logo\\\/image\\\/\",\"url\":\"https:\\\/\\\/dev.belairtremblant.com\\\/wp-content\\\/uploads\\\/2022\\\/04\\\/New-BA-Tremblant-logo.jpg\",\"contentUrl\":\"https:\\\/\\\/dev.belairtremblant.com\\\/wp-content\\\/uploads\\\/2022\\\/04\\\/New-BA-Tremblant-logo.jpg\",\"width\":800,\"height\":383,\"caption\":\"Bel Air Resort hotel in Tremblant\"},\"image\":{\"@id\":\"https:\\\/\\\/dev.belairtremblant.com\\\/fr\\\/#\\\/schema\\\/logo\\\/image\\\/\"}}]}<\/script>\n<!-- \/ Yoast SEO Premium plugin. -->","yoast_head_json":{"title":"\u00c9v\u00e9nements resort \u00e0 Mont Tremblant, DEV Bel Air Tremblant","description":"DEV Bel Air Tremblant pr\u00e9sente les \u00e9v\u00e9nements de vill\u00e9giature \u00e0 Mont Tremblant. Des cours de cuisine \u00e0 Mont Tremblant aux d\u00e9gustations de vin \u00e0 Mont Tremblant.","robots":{"index":"noindex","follow":"follow","max-snippet":"max-snippet:-1","max-image-preview":"max-image-preview:large","max-video-preview":"max-video-preview:-1"},"og_locale":"fr_FR","og_type":"article","og_title":"\u00c9v\u00e9nements resort","og_description":"DEV Bel Air Tremblant pr\u00e9sente les \u00e9v\u00e9nements de vill\u00e9giature \u00e0 Mont Tremblant. Des cours de cuisine \u00e0 Mont Tremblant aux d\u00e9gustations de vin \u00e0 Mont Tremblant.","og_url":"https:\/\/dev.belairtremblant.com\/fr\/experiences\/evenements-resort\/","og_site_name":"DEV Bel Air Tremblant","article_modified_time":"2023-05-02T20:15:18+00:00","og_image":[{"width":700,"height":654,"url":"https:\/\/dev.belairtremblant.com\/wp-content\/uploads\/2023\/04\/image00002-jpeg.webp","type":"image\/jpeg"}],"twitter_card":"summary_large_image","twitter_misc":{"Dur\u00e9e de lecture estim\u00e9e":"1 minute"},"schema":{"@context":"https:\/\/schema.org","@graph":[{"@type":"WebPage","@id":"https:\/\/dev.belairtremblant.com\/fr\/experiences\/evenements-resort\/","url":"https:\/\/dev.belairtremblant.com\/fr\/experiences\/evenements-resort\/","name":"\u00c9v\u00e9nements resort \u00e0 Mont Tremblant, DEV Bel Air Tremblant","isPartOf":{"@id":"https:\/\/dev.belairtremblant.com\/fr\/#website"},"primaryImageOfPage":{"@id":"https:\/\/dev.belairtremblant.com\/fr\/experiences\/evenements-resort\/#primaryimage"},"image":{"@id":"https:\/\/dev.belairtremblant.com\/fr\/experiences\/evenements-resort\/#primaryimage"},"thumbnailUrl":"https:\/\/dev.belairtremblant.com\/wp-content\/uploads\/2023\/04\/image00002-jpeg.webp","datePublished":"2023-05-01T17:36:00+00:00","dateModified":"2023-05-02T20:15:18+00:00","description":"DEV Bel Air Tremblant pr\u00e9sente les \u00e9v\u00e9nements de vill\u00e9giature \u00e0 Mont Tremblant. Des cours de cuisine \u00e0 Mont Tremblant aux d\u00e9gustations de vin \u00e0 Mont Tremblant.","breadcrumb":{"@id":"https:\/\/dev.belairtremblant.com\/fr\/experiences\/evenements-resort\/#breadcrumb"},"inLanguage":"fr-FR","potentialAction":[{"@type":"ReadAction","target":["https:\/\/dev.belairtremblant.com\/fr\/experiences\/evenements-resort\/"]}]},{"@type":"ImageObject","inLanguage":"fr-FR","@id":"https:\/\/dev.belairtremblant.com\/fr\/experiences\/evenements-resort\/#primaryimage","url":"https:\/\/dev.belairtremblant.com\/wp-content\/uploads\/2023\/04\/image00002-jpeg.webp","contentUrl":"https:\/\/dev.belairtremblant.com\/wp-content\/uploads\/2023\/04\/image00002-jpeg.webp","width":700,"height":654,"caption":"event"},{"@type":"BreadcrumbList","@id":"https:\/\/dev.belairtremblant.com\/fr\/experiences\/evenements-resort\/#breadcrumb","itemListElement":[{"@type":"ListItem","position":1,"name":"Home","item":"https:\/\/dev.belairtremblant.com\/fr\/"},{"@type":"ListItem","position":2,"name":"Experiences","item":"https:\/\/dev.belairtremblant.com\/fr\/experiences\/"},{"@type":"ListItem","position":3,"name":"\u00c9v\u00e9nements resort"}]},{"@type":"WebSite","@id":"https:\/\/dev.belairtremblant.com\/fr\/#website","url":"https:\/\/dev.belairtremblant.com\/fr\/","name":"DEV Bel Air Tremblant","description":"Unique domes &amp; chalet rentals Mont Tremblant","publisher":{"@id":"https:\/\/dev.belairtremblant.com\/fr\/#organization"},"potentialAction":[{"@type":"SearchAction","target":{"@type":"EntryPoint","urlTemplate":"https:\/\/dev.belairtremblant.com\/fr\/?s={search_term_string}"},"query-input":{"@type":"PropertyValueSpecification","valueRequired":true,"valueName":"search_term_string"}}],"inLanguage":"fr-FR"},{"@type":"Organization","@id":"https:\/\/dev.belairtremblant.com\/fr\/#organization","name":"Bel Air Resort hotel in Tremblant","url":"https:\/\/dev.belairtremblant.com\/fr\/","logo":{"@type":"ImageObject","inLanguage":"fr-FR","@id":"https:\/\/dev.belairtremblant.com\/fr\/#\/schema\/logo\/image\/","url":"https:\/\/dev.belairtremblant.com\/wp-content\/uploads\/2022\/04\/New-BA-Tremblant-logo.jpg","contentUrl":"https:\/\/dev.belairtremblant.com\/wp-content\/uploads\/2022\/04\/New-BA-Tremblant-logo.jpg","width":800,"height":383,"caption":"Bel Air Resort hotel in Tremblant"},"image":{"@id":"https:\/\/dev.belairtremblant.com\/fr\/#\/schema\/logo\/image\/"}}]}},"_links":{"self":[{"href":"https:\/\/dev.belairtremblant.com\/fr\/wp-json\/wp\/v2\/pages\/64018","targetHints":{"allow":["GET"]}}],"collection":[{"href":"https:\/\/dev.belairtremblant.com\/fr\/wp-json\/wp\/v2\/pages"}],"about":[{"href":"https:\/\/dev.belairtremblant.com\/fr\/wp-json\/wp\/v2\/types\/page"}],"author":[{"embeddable":true,"href":"https:\/\/dev.belairtremblant.com\/fr\/wp-json\/wp\/v2\/users\/1"}],"replies":[{"embeddable":true,"href":"https:\/\/dev.belairtremblant.com\/fr\/wp-json\/wp\/v2\/comments?post=64018"}],"version-history":[{"count":0,"href":"https:\/\/dev.belairtremblant.com\/fr\/wp-json\/wp\/v2\/pages\/64018\/revisions"}],"up":[{"embeddable":true,"href":"https:\/\/dev.belairtremblant.com\/fr\/wp-json\/wp\/v2\/pages\/63874"}],"wp:featuredmedia":[{"embeddable":true,"href":"https:\/\/dev.belairtremblant.com\/fr\/wp-json\/wp\/v2\/media\/63310"}],"wp:attachment":[{"href":"https:\/\/dev.belairtremblant.com\/fr\/wp-json\/wp\/v2\/media?parent=64018"}],"curies":[{"name":"wp","href":"https:\/\/api.w.org\/{rel}","templated":true}]}}