{"id":64011,"date":"2023-05-01T15:04:11","date_gmt":"2023-05-01T15:04:11","guid":{"rendered":"https:\/\/dev.belairtremblant.com\/experiences\/weddings\/"},"modified":"2023-05-02T20:05:24","modified_gmt":"2023-05-02T20:05:24","slug":"mariages","status":"publish","type":"page","link":"https:\/\/dev.belairtremblant.com\/fr\/experiences\/mariages\/","title":{"rendered":"Mariages"},"content":{"rendered":"<div class=\"wpb-content-wrapper\"><p>[vc_row css=\u00a0\u00bb.vc_custom_1681226082160{padding-top: 30px !important;padding-bottom: 50px !important;}\u00a0\u00bb][vc_column][vc_column_text]Au Bel Air Tremblant Resort , nous vous offrons un cadre exceptionnel, un h\u00e9bergement exceptionnel , et une \u00e9quipe exceptionnelle pour un jour exceptionnel.<\/p>\n<p>Que vous recherchiez une c\u00e9r\u00e9monie romantique sous un auvent dans notre prairie ou une vue imprenable sur le lac, notre \u00e9quipe saura travailler avec vous pour personnaliser chaque aspect de ce grand jour. Nous pouvons accueillir des mariages de toutes tailles, des rassemblements intimes aux grandes c\u00e9l\u00e9brations, et offrons une gamme d&rsquo;options en fonction de vos pr\u00e9f\u00e9rences et de votre style.<br \/>\n[\/vc_column_text][vc_separator css=\u00a0\u00bb.vc_custom_1681482504114{padding-top: 30px !important;padding-bottom: 30px !important;}\u00a0\u00bb][vc_row_inner][vc_column_inner width=\u00a0\u00bb1\/4&Prime;][\/vc_column_inner][vc_column_inner width=\u00a0\u00bb1\/2&Prime;][vc_single_image image=\u00a0\u00bb63307&Prime; img_size=\u00a0\u00bbfull\u00a0\u00bb alignment=\u00a0\u00bbcenter\u00a0\u00bb][\/vc_column_inner][vc_column_inner width=\u00a0\u00bb1\/4&Prime;][\/vc_column_inner][\/vc_row_inner][vc_separator css=\u00a0\u00bb.vc_custom_1681482504114{padding-top: 30px !important;padding-bottom: 30px !important;}\u00a0\u00bb][vc_column_text]<span style=\"font-weight: 400;\">Notre resort propose une vari\u00e9t\u00e9 d&rsquo;unit\u00e9s de glamping uniques, notamment des pods, des d\u00f4mes et des mini-chalets, ainsi que des chalets luxueux de diff\u00e9rentes capacit\u00e9s. Nous pouvons organiser l&rsquo;h\u00e9bergement de tous vos invit\u00e9s, pendant ce week-end si sp\u00e9cial.<\/span><\/p>\n<p><span style=\"font-weight: 400;\">Et avec notre \u00e9quipe d\u00e9vou\u00e9e de wedding planners et de coordonnateurs d&rsquo;\u00e9v\u00e9nements, nous pouvons vous aider dans tous les d\u00e9tails, que ce soit la restauration , la d\u00e9coration, la musique ou l\u2019animation. Chaque mariage est unique et nous nous engageons \u00e0 cr\u00e9er une exp\u00e9rience personnalis\u00e9e et inoubliable qui refl\u00e8tera votre style et vos go\u00fbts, si originaux soient-ils.<\/span><\/p>\n<p><span style=\"font-weight: 400;\">Votre mariage doit\u00a0 \u00eatre l&rsquo;un des jours les plus m\u00e9morables et les plus magiques de votre vie. Laissez-nous vous aider \u00e0 concr\u00e9tiser vos r\u00eaves et contactez-nous d\u00e8s aujourd&rsquo;hui pour en savoir plus sur nos forfaits et options de mariage.<\/span>[\/vc_column_text][\/vc_column][\/vc_row]<\/p>\n<\/div>","protected":false},"excerpt":{"rendered":"<p>[vc_row css=\u00a0\u00bb.vc_custom_1681226082160{padding-top: 30px !important;padding-bottom: 50px !important;}\u00a0\u00bb][vc_column][vc_column_text]Au Bel Air Tremblant Resort , nous vous offrons un cadre exceptionnel, un h\u00e9bergement exceptionnel , et une \u00e9quipe exceptionnelle pour un jour exceptionnel. Que vous recherchiez une c\u00e9r\u00e9monie romantique sous un auvent dans notre prairie ou une vue imprenable sur le lac, notre \u00e9quipe saura travailler avec vous pour&hellip;<\/p>\n","protected":false},"author":1,"featured_media":63308,"parent":63874,"menu_order":0,"comment_status":"closed","ping_status":"closed","template":"","meta":{"_et_pb_use_builder":"","_et_pb_old_content":"","_et_gb_content_width":"","footnotes":""},"class_list":["post-64011","page","type-page","status-publish","has-post-thumbnail","hentry","description-off"],"yoast_head":"<!-- This site is optimized with the Yoast SEO Premium plugin v26.6 (Yoast SEO v27.4) - https:\/\/yoast.com\/product\/yoast-seo-premium-wordpress\/ -->\n<title>Mariages \u00e0 Mont Tremblant, DEV Bel Air Tremblant<\/title>\n<meta name=\"description\" content=\"DEV Bel Air Tremblant pr\u00e9sente Mariages \u00e0 Mont Tremblant. C\u00e9r\u00e9monie de mariage et f\u00eate \u00e0 Mont Tremblant. Planificateurs de mariage \u00e0 Mont Tremblant.\" \/>\n<meta name=\"robots\" content=\"noindex, follow, max-snippet:-1, max-image-preview:large, max-video-preview:-1\" \/>\n<meta property=\"og:locale\" content=\"fr_FR\" \/>\n<meta property=\"og:type\" content=\"article\" \/>\n<meta property=\"og:title\" content=\"Mariages\" \/>\n<meta property=\"og:description\" content=\"DEV Bel Air Tremblant pr\u00e9sente Mariages \u00e0 Mont Tremblant. C\u00e9r\u00e9monie de mariage et f\u00eate \u00e0 Mont Tremblant. Planificateurs de mariage \u00e0 Mont Tremblant.\" \/>\n<meta property=\"og:url\" content=\"https:\/\/dev.belairtremblant.com\/fr\/experiences\/mariages\/\" \/>\n<meta property=\"og:site_name\" content=\"DEV Bel Air Tremblant\" \/>\n<meta property=\"article:modified_time\" content=\"2023-05-02T20:05:24+00:00\" \/>\n<meta property=\"og:image\" content=\"https:\/\/dev.belairtremblant.com\/wp-content\/uploads\/2023\/04\/wedding-jpg.webp\" \/>\n\t<meta property=\"og:image:width\" content=\"1051\" \/>\n\t<meta property=\"og:image:height\" content=\"1000\" \/>\n\t<meta property=\"og:image:type\" content=\"image\/jpeg\" \/>\n<meta name=\"twitter:card\" content=\"summary_large_image\" \/>\n<meta name=\"twitter:label1\" content=\"Dur\u00e9e de lecture estim\u00e9e\" \/>\n\t<meta name=\"twitter:data1\" content=\"2 minutes\" \/>\n<script type=\"application\/ld+json\" class=\"yoast-schema-graph\">{\"@context\":\"https:\\\/\\\/schema.org\",\"@graph\":[{\"@type\":\"WebPage\",\"@id\":\"https:\\\/\\\/dev.belairtremblant.com\\\/fr\\\/experiences\\\/mariages\\\/\",\"url\":\"https:\\\/\\\/dev.belairtremblant.com\\\/fr\\\/experiences\\\/mariages\\\/\",\"name\":\"Mariages \u00e0 Mont Tremblant, DEV Bel Air Tremblant\",\"isPartOf\":{\"@id\":\"https:\\\/\\\/dev.belairtremblant.com\\\/fr\\\/#website\"},\"primaryImageOfPage\":{\"@id\":\"https:\\\/\\\/dev.belairtremblant.com\\\/fr\\\/experiences\\\/mariages\\\/#primaryimage\"},\"image\":{\"@id\":\"https:\\\/\\\/dev.belairtremblant.com\\\/fr\\\/experiences\\\/mariages\\\/#primaryimage\"},\"thumbnailUrl\":\"https:\\\/\\\/dev.belairtremblant.com\\\/wp-content\\\/uploads\\\/2023\\\/04\\\/wedding-jpg.webp\",\"datePublished\":\"2023-05-01T15:04:11+00:00\",\"dateModified\":\"2023-05-02T20:05:24+00:00\",\"description\":\"DEV Bel Air Tremblant pr\u00e9sente Mariages \u00e0 Mont Tremblant. C\u00e9r\u00e9monie de mariage et f\u00eate \u00e0 Mont Tremblant. Planificateurs de mariage \u00e0 Mont Tremblant.\",\"breadcrumb\":{\"@id\":\"https:\\\/\\\/dev.belairtremblant.com\\\/fr\\\/experiences\\\/mariages\\\/#breadcrumb\"},\"inLanguage\":\"fr-FR\",\"potentialAction\":[{\"@type\":\"ReadAction\",\"target\":[\"https:\\\/\\\/dev.belairtremblant.com\\\/fr\\\/experiences\\\/mariages\\\/\"]}]},{\"@type\":\"ImageObject\",\"inLanguage\":\"fr-FR\",\"@id\":\"https:\\\/\\\/dev.belairtremblant.com\\\/fr\\\/experiences\\\/mariages\\\/#primaryimage\",\"url\":\"https:\\\/\\\/dev.belairtremblant.com\\\/wp-content\\\/uploads\\\/2023\\\/04\\\/wedding-jpg.webp\",\"contentUrl\":\"https:\\\/\\\/dev.belairtremblant.com\\\/wp-content\\\/uploads\\\/2023\\\/04\\\/wedding-jpg.webp\",\"width\":1051,\"height\":1000,\"caption\":\"wedding\"},{\"@type\":\"BreadcrumbList\",\"@id\":\"https:\\\/\\\/dev.belairtremblant.com\\\/fr\\\/experiences\\\/mariages\\\/#breadcrumb\",\"itemListElement\":[{\"@type\":\"ListItem\",\"position\":1,\"name\":\"Home\",\"item\":\"https:\\\/\\\/dev.belairtremblant.com\\\/fr\\\/\"},{\"@type\":\"ListItem\",\"position\":2,\"name\":\"Experiences\",\"item\":\"https:\\\/\\\/dev.belairtremblant.com\\\/fr\\\/experiences\\\/\"},{\"@type\":\"ListItem\",\"position\":3,\"name\":\"Mariages\"}]},{\"@type\":\"WebSite\",\"@id\":\"https:\\\/\\\/dev.belairtremblant.com\\\/fr\\\/#website\",\"url\":\"https:\\\/\\\/dev.belairtremblant.com\\\/fr\\\/\",\"name\":\"DEV Bel Air Tremblant\",\"description\":\"Unique domes &amp; chalet rentals Mont Tremblant\",\"publisher\":{\"@id\":\"https:\\\/\\\/dev.belairtremblant.com\\\/fr\\\/#organization\"},\"potentialAction\":[{\"@type\":\"SearchAction\",\"target\":{\"@type\":\"EntryPoint\",\"urlTemplate\":\"https:\\\/\\\/dev.belairtremblant.com\\\/fr\\\/?s={search_term_string}\"},\"query-input\":{\"@type\":\"PropertyValueSpecification\",\"valueRequired\":true,\"valueName\":\"search_term_string\"}}],\"inLanguage\":\"fr-FR\"},{\"@type\":\"Organization\",\"@id\":\"https:\\\/\\\/dev.belairtremblant.com\\\/fr\\\/#organization\",\"name\":\"Bel Air Resort hotel in Tremblant\",\"url\":\"https:\\\/\\\/dev.belairtremblant.com\\\/fr\\\/\",\"logo\":{\"@type\":\"ImageObject\",\"inLanguage\":\"fr-FR\",\"@id\":\"https:\\\/\\\/dev.belairtremblant.com\\\/fr\\\/#\\\/schema\\\/logo\\\/image\\\/\",\"url\":\"https:\\\/\\\/dev.belairtremblant.com\\\/wp-content\\\/uploads\\\/2022\\\/04\\\/New-BA-Tremblant-logo.jpg\",\"contentUrl\":\"https:\\\/\\\/dev.belairtremblant.com\\\/wp-content\\\/uploads\\\/2022\\\/04\\\/New-BA-Tremblant-logo.jpg\",\"width\":800,\"height\":383,\"caption\":\"Bel Air Resort hotel in Tremblant\"},\"image\":{\"@id\":\"https:\\\/\\\/dev.belairtremblant.com\\\/fr\\\/#\\\/schema\\\/logo\\\/image\\\/\"}}]}<\/script>\n<!-- \/ Yoast SEO Premium plugin. -->","yoast_head_json":{"title":"Mariages \u00e0 Mont Tremblant, DEV Bel Air Tremblant","description":"DEV Bel Air Tremblant pr\u00e9sente Mariages \u00e0 Mont Tremblant. C\u00e9r\u00e9monie de mariage et f\u00eate \u00e0 Mont Tremblant. Planificateurs de mariage \u00e0 Mont Tremblant.","robots":{"index":"noindex","follow":"follow","max-snippet":"max-snippet:-1","max-image-preview":"max-image-preview:large","max-video-preview":"max-video-preview:-1"},"og_locale":"fr_FR","og_type":"article","og_title":"Mariages","og_description":"DEV Bel Air Tremblant pr\u00e9sente Mariages \u00e0 Mont Tremblant. C\u00e9r\u00e9monie de mariage et f\u00eate \u00e0 Mont Tremblant. Planificateurs de mariage \u00e0 Mont Tremblant.","og_url":"https:\/\/dev.belairtremblant.com\/fr\/experiences\/mariages\/","og_site_name":"DEV Bel Air Tremblant","article_modified_time":"2023-05-02T20:05:24+00:00","og_image":[{"width":1051,"height":1000,"url":"https:\/\/dev.belairtremblant.com\/wp-content\/uploads\/2023\/04\/wedding-jpg.webp","type":"image\/jpeg"}],"twitter_card":"summary_large_image","twitter_misc":{"Dur\u00e9e de lecture estim\u00e9e":"2 minutes"},"schema":{"@context":"https:\/\/schema.org","@graph":[{"@type":"WebPage","@id":"https:\/\/dev.belairtremblant.com\/fr\/experiences\/mariages\/","url":"https:\/\/dev.belairtremblant.com\/fr\/experiences\/mariages\/","name":"Mariages \u00e0 Mont Tremblant, DEV Bel Air Tremblant","isPartOf":{"@id":"https:\/\/dev.belairtremblant.com\/fr\/#website"},"primaryImageOfPage":{"@id":"https:\/\/dev.belairtremblant.com\/fr\/experiences\/mariages\/#primaryimage"},"image":{"@id":"https:\/\/dev.belairtremblant.com\/fr\/experiences\/mariages\/#primaryimage"},"thumbnailUrl":"https:\/\/dev.belairtremblant.com\/wp-content\/uploads\/2023\/04\/wedding-jpg.webp","datePublished":"2023-05-01T15:04:11+00:00","dateModified":"2023-05-02T20:05:24+00:00","description":"DEV Bel Air Tremblant pr\u00e9sente Mariages \u00e0 Mont Tremblant. C\u00e9r\u00e9monie de mariage et f\u00eate \u00e0 Mont Tremblant. Planificateurs de mariage \u00e0 Mont Tremblant.","breadcrumb":{"@id":"https:\/\/dev.belairtremblant.com\/fr\/experiences\/mariages\/#breadcrumb"},"inLanguage":"fr-FR","potentialAction":[{"@type":"ReadAction","target":["https:\/\/dev.belairtremblant.com\/fr\/experiences\/mariages\/"]}]},{"@type":"ImageObject","inLanguage":"fr-FR","@id":"https:\/\/dev.belairtremblant.com\/fr\/experiences\/mariages\/#primaryimage","url":"https:\/\/dev.belairtremblant.com\/wp-content\/uploads\/2023\/04\/wedding-jpg.webp","contentUrl":"https:\/\/dev.belairtremblant.com\/wp-content\/uploads\/2023\/04\/wedding-jpg.webp","width":1051,"height":1000,"caption":"wedding"},{"@type":"BreadcrumbList","@id":"https:\/\/dev.belairtremblant.com\/fr\/experiences\/mariages\/#breadcrumb","itemListElement":[{"@type":"ListItem","position":1,"name":"Home","item":"https:\/\/dev.belairtremblant.com\/fr\/"},{"@type":"ListItem","position":2,"name":"Experiences","item":"https:\/\/dev.belairtremblant.com\/fr\/experiences\/"},{"@type":"ListItem","position":3,"name":"Mariages"}]},{"@type":"WebSite","@id":"https:\/\/dev.belairtremblant.com\/fr\/#website","url":"https:\/\/dev.belairtremblant.com\/fr\/","name":"DEV Bel Air Tremblant","description":"Unique domes &amp; chalet rentals Mont Tremblant","publisher":{"@id":"https:\/\/dev.belairtremblant.com\/fr\/#organization"},"potentialAction":[{"@type":"SearchAction","target":{"@type":"EntryPoint","urlTemplate":"https:\/\/dev.belairtremblant.com\/fr\/?s={search_term_string}"},"query-input":{"@type":"PropertyValueSpecification","valueRequired":true,"valueName":"search_term_string"}}],"inLanguage":"fr-FR"},{"@type":"Organization","@id":"https:\/\/dev.belairtremblant.com\/fr\/#organization","name":"Bel Air Resort hotel in Tremblant","url":"https:\/\/dev.belairtremblant.com\/fr\/","logo":{"@type":"ImageObject","inLanguage":"fr-FR","@id":"https:\/\/dev.belairtremblant.com\/fr\/#\/schema\/logo\/image\/","url":"https:\/\/dev.belairtremblant.com\/wp-content\/uploads\/2022\/04\/New-BA-Tremblant-logo.jpg","contentUrl":"https:\/\/dev.belairtremblant.com\/wp-content\/uploads\/2022\/04\/New-BA-Tremblant-logo.jpg","width":800,"height":383,"caption":"Bel Air Resort hotel in Tremblant"},"image":{"@id":"https:\/\/dev.belairtremblant.com\/fr\/#\/schema\/logo\/image\/"}}]}},"_links":{"self":[{"href":"https:\/\/dev.belairtremblant.com\/fr\/wp-json\/wp\/v2\/pages\/64011","targetHints":{"allow":["GET"]}}],"collection":[{"href":"https:\/\/dev.belairtremblant.com\/fr\/wp-json\/wp\/v2\/pages"}],"about":[{"href":"https:\/\/dev.belairtremblant.com\/fr\/wp-json\/wp\/v2\/types\/page"}],"author":[{"embeddable":true,"href":"https:\/\/dev.belairtremblant.com\/fr\/wp-json\/wp\/v2\/users\/1"}],"replies":[{"embeddable":true,"href":"https:\/\/dev.belairtremblant.com\/fr\/wp-json\/wp\/v2\/comments?post=64011"}],"version-history":[{"count":0,"href":"https:\/\/dev.belairtremblant.com\/fr\/wp-json\/wp\/v2\/pages\/64011\/revisions"}],"up":[{"embeddable":true,"href":"https:\/\/dev.belairtremblant.com\/fr\/wp-json\/wp\/v2\/pages\/63874"}],"wp:featuredmedia":[{"embeddable":true,"href":"https:\/\/dev.belairtremblant.com\/fr\/wp-json\/wp\/v2\/media\/63308"}],"wp:attachment":[{"href":"https:\/\/dev.belairtremblant.com\/fr\/wp-json\/wp\/v2\/media?parent=64011"}],"curies":[{"name":"wp","href":"https:\/\/api.w.org\/{rel}","templated":true}]}}