{"id":63992,"date":"2023-04-27T19:04:34","date_gmt":"2023-04-27T19:04:34","guid":{"rendered":"https:\/\/dev.belairtremblant.com\/experiences\/bachelor-bachelorette\/"},"modified":"2023-05-02T19:45:08","modified_gmt":"2023-05-02T19:45:08","slug":"enterrement-de-vie-de-jeune","status":"publish","type":"page","link":"https:\/\/dev.belairtremblant.com\/fr\/experiences\/enterrement-de-vie-de-jeune\/","title":{"rendered":"Enterrement de vie de jeune"},"content":{"rendered":"<div class=\"wpb-content-wrapper\"><p>[vc_row css=\u00a0\u00bb.vc_custom_1681226082160{padding-top: 30px !important;padding-bottom: 50px !important;}\u00a0\u00bb][vc_column][vc_column_text]Vous recherchez \u00e0 organiser un s\u00e9jour avec vos meilleures ami(e)s pour un enterrement de vie de jeune fille\/homme ?<\/p>\n<p>Ne cherchez pas plus loin que Bel Air Tremblant Resort !<\/p>\n<p>Nos unit\u00e9s de glamping ou chalets de luxe offrent le cadre id\u00e9al pour une exp\u00e9rience digne d&rsquo;Instagram. Profitez d&rsquo;activit\u00e9s comme le paddle, les cours de tyrolienne ou les soir\u00e9es karaok\u00e9, et offrez-vous des soins relaxants ou des massages dans notre centre de bien-\u00eatre, Ono Spa. Savourez une exp\u00e9rience culinaire japonaise chez Ekki Sushi, profitez d&rsquo;un d\u00eener raffin\u00e9 au bord de notre piscine au Clubhouse ou d&rsquo;un barbecue au coucher du soleil au bord du lac.<br \/>\n[\/vc_column_text][vc_separator css=\u00a0\u00bb.vc_custom_1681482504114{padding-top: 30px !important;padding-bottom: 30px !important;}\u00a0\u00bb]<style type=\"text\/css\" data-type=\"the7_shortcodes-inline-css\">.gallery-shortcode.gallery-masonry-shortcode-id-96891af84db21550c9f1c82a6aaa16a6 figure,\n.gallery-shortcode.gallery-masonry-shortcode-id-96891af84db21550c9f1c82a6aaa16a6 .rollover,\n.gallery-shortcode.gallery-masonry-shortcode-id-96891af84db21550c9f1c82a6aaa16a6 img,\n.gallery-shortcode.gallery-masonry-shortcode-id-96891af84db21550c9f1c82a6aaa16a6 .gallery-rollover {\n  border-radius: 0px;\n}\n.gallery-shortcode.gallery-masonry-shortcode-id-96891af84db21550c9f1c82a6aaa16a6.enable-bg-rollover .gallery-rollover {\n  background: -webkit-linear-gradient();\n  background: linear-gradient();\n}\n.gallery-shortcode.gallery-masonry-shortcode-id-96891af84db21550c9f1c82a6aaa16a6.enable-bg-rollover.hover-scale figure .rollover:after {\n  background: -webkit-linear-gradient();\n  background: linear-gradient();\n}\n.gallery-shortcode.gallery-masonry-shortcode-id-96891af84db21550c9f1c82a6aaa16a6 .gallery-zoom-ico {\n  width: 44px;\n  height: 44px;\n  line-height: 44px;\n  border-radius: 100px;\n  margin: -22px 0 0 -22px;\n  border-width: 0px;\n  color: #ffffff;\n}\n.dt-icon-bg-on.gallery-shortcode.gallery-masonry-shortcode-id-96891af84db21550c9f1c82a6aaa16a6 .gallery-zoom-ico {\n  background: rgba(255,255,255,0.3);\n  box-shadow: none;\n}\n.gallery-shortcode.gallery-masonry-shortcode-id-96891af84db21550c9f1c82a6aaa16a6 .gallery-zoom-ico:before,\n.gallery-shortcode.gallery-masonry-shortcode-id-96891af84db21550c9f1c82a6aaa16a6 .gallery-zoom-ico span {\n  font-size: 32px;\n  line-height: 44px;\n  color: #ffffff;\n}\n.gallery-shortcode.gallery-masonry-shortcode-id-96891af84db21550c9f1c82a6aaa16a6:not(.resize-by-browser-width) .dt-css-grid {\n  grid-row-gap: 30px;\n  grid-column-gap: 30px;\n  grid-template-columns: repeat(auto-fill,minmax(,1fr));\n}\n.gallery-shortcode.gallery-masonry-shortcode-id-96891af84db21550c9f1c82a6aaa16a6:not(.resize-by-browser-width) .dt-css-grid .double-width {\n  grid-column: span 2;\n}\n.cssgridlegacy.no-cssgrid .gallery-shortcode.gallery-masonry-shortcode-id-96891af84db21550c9f1c82a6aaa16a6:not(.resize-by-browser-width) .dt-css-grid,\n.no-cssgridlegacy.no-cssgrid .gallery-shortcode.gallery-masonry-shortcode-id-96891af84db21550c9f1c82a6aaa16a6:not(.resize-by-browser-width) .dt-css-grid {\n  display: flex;\n  flex-flow: row wrap;\n  margin: -15px;\n}\n.cssgridlegacy.no-cssgrid .gallery-shortcode.gallery-masonry-shortcode-id-96891af84db21550c9f1c82a6aaa16a6:not(.resize-by-browser-width) .dt-css-grid .wf-cell,\n.no-cssgridlegacy.no-cssgrid .gallery-shortcode.gallery-masonry-shortcode-id-96891af84db21550c9f1c82a6aaa16a6:not(.resize-by-browser-width) .dt-css-grid .wf-cell {\n  flex: 1 0 ;\n  max-width: 100%;\n  padding: 15px;\n  box-sizing: border-box;\n}\n.gallery-shortcode.gallery-masonry-shortcode-id-96891af84db21550c9f1c82a6aaa16a6.resize-by-browser-width .dt-css-grid {\n  grid-template-columns: repeat(4,1fr);\n  grid-template-rows: auto;\n  grid-column-gap: 30px;\n  grid-row-gap: 30px;\n}\n.gallery-shortcode.gallery-masonry-shortcode-id-96891af84db21550c9f1c82a6aaa16a6.resize-by-browser-width .dt-css-grid .double-width {\n  grid-column: span 2;\n}\n.cssgridlegacy.no-cssgrid .gallery-shortcode.gallery-masonry-shortcode-id-96891af84db21550c9f1c82a6aaa16a6.resize-by-browser-width .dt-css-grid {\n  margin: -15px;\n}\n.cssgridlegacy.no-cssgrid .gallery-shortcode.gallery-masonry-shortcode-id-96891af84db21550c9f1c82a6aaa16a6.resize-by-browser-width .dt-css-grid .wf-cell {\n  width: 25%;\n  padding: 15px;\n}\n.cssgridlegacy.no-cssgrid .gallery-shortcode.gallery-masonry-shortcode-id-96891af84db21550c9f1c82a6aaa16a6.resize-by-browser-width .dt-css-grid .wf-cell.double-width {\n  width: calc(25%) * 2;\n}\n.gallery-shortcode.gallery-masonry-shortcode-id-96891af84db21550c9f1c82a6aaa16a6.resize-by-browser-width:not(.centered-layout-list):not(.content-bg-on) .dt-css-grid {\n  grid-row-gap: 30px - ;\n}\n@media screen and (max-width: 1199px) {\n  .gallery-shortcode.gallery-masonry-shortcode-id-96891af84db21550c9f1c82a6aaa16a6.resize-by-browser-width .dt-css-grid {\n    grid-template-columns: repeat(4,1fr);\n  }\n  .cssgridlegacy.no-cssgrid .gallery-shortcode.gallery-masonry-shortcode-id-96891af84db21550c9f1c82a6aaa16a6.resize-by-browser-width .dt-css-grid .wf-cell,\n  .no-cssgridlegacy.no-cssgrid .gallery-shortcode.gallery-masonry-shortcode-id-96891af84db21550c9f1c82a6aaa16a6.resize-by-browser-width .dt-css-grid .wf-cell {\n    width: 25%;\n  }\n  .cssgridlegacy.no-cssgrid .gallery-shortcode.gallery-masonry-shortcode-id-96891af84db21550c9f1c82a6aaa16a6.resize-by-browser-width .dt-css-grid .wf-cell.double-width,\n  .no-cssgridlegacy.no-cssgrid .gallery-shortcode.gallery-masonry-shortcode-id-96891af84db21550c9f1c82a6aaa16a6.resize-by-browser-width .dt-css-grid .wf-cell.double-width {\n    width: calc(25%)*2;\n  }\n}\n@media screen and (max-width: 991px) {\n  .gallery-shortcode.gallery-masonry-shortcode-id-96891af84db21550c9f1c82a6aaa16a6.resize-by-browser-width .dt-css-grid {\n    grid-template-columns: repeat(4,1fr);\n  }\n  .cssgridlegacy.no-cssgrid .gallery-shortcode.gallery-masonry-shortcode-id-96891af84db21550c9f1c82a6aaa16a6.resize-by-browser-width .dt-css-grid .wf-cell,\n  .no-cssgridlegacy.no-cssgrid .gallery-shortcode.gallery-masonry-shortcode-id-96891af84db21550c9f1c82a6aaa16a6.resize-by-browser-width .dt-css-grid .wf-cell {\n    width: 25%;\n  }\n  .cssgridlegacy.no-cssgrid .gallery-shortcode.gallery-masonry-shortcode-id-96891af84db21550c9f1c82a6aaa16a6.resize-by-browser-width .dt-css-grid .wf-cell.double-width,\n  .no-cssgridlegacy.no-cssgrid .gallery-shortcode.gallery-masonry-shortcode-id-96891af84db21550c9f1c82a6aaa16a6.resize-by-browser-width .dt-css-grid .wf-cell.double-width {\n    width: calc(25%)*2;\n  }\n}\n@media screen and (max-width: 767px) {\n  .gallery-shortcode.gallery-masonry-shortcode-id-96891af84db21550c9f1c82a6aaa16a6.resize-by-browser-width .dt-css-grid {\n    grid-template-columns: repeat(2,1fr);\n  }\n  .cssgridlegacy.no-cssgrid .gallery-shortcode.gallery-masonry-shortcode-id-96891af84db21550c9f1c82a6aaa16a6.resize-by-browser-width .dt-css-grid .wf-cell,\n  .no-cssgridlegacy.no-cssgrid .gallery-shortcode.gallery-masonry-shortcode-id-96891af84db21550c9f1c82a6aaa16a6.resize-by-browser-width .dt-css-grid .wf-cell {\n    width: 50%;\n  }\n  .cssgridlegacy.no-cssgrid .gallery-shortcode.gallery-masonry-shortcode-id-96891af84db21550c9f1c82a6aaa16a6.resize-by-browser-width .dt-css-grid .wf-cell.double-width,\n  .no-cssgridlegacy.no-cssgrid .gallery-shortcode.gallery-masonry-shortcode-id-96891af84db21550c9f1c82a6aaa16a6.resize-by-browser-width .dt-css-grid .wf-cell.double-width {\n    width: calc(50%)*2;\n  }\n}<\/style><div class=\"gallery-shortcode dt-gallery-container gallery-masonry-shortcode-id-96891af84db21550c9f1c82a6aaa16a6 mode-grid jquery-filter dt-icon-bg-off quick-scale-img dt-css-grid-wrap enable-bg-rollover resize-by-browser-width  hover-fade loading-effect-none description-on-hover\" data-padding=\"15px\" data-cur-page=\"1\" data-post-limit=\"-1\" data-pagination-mode=\"none\" data-desktop-columns-num=\"4\" data-v-tablet-columns-num=\"4\" data-h-tablet-columns-num=\"4\" data-phone-columns-num=\"2\" data-width=\"0px\" data-columns=\"0\"><div class=\"dt-css-grid\" ><div class=\"wf-cell\" data-post-id=\"63314\" data-date=\"2023-04-13T14:31:05+00:00\" data-name=\"IMG_0516\"><figure class=\"post visible\"><a href=\"https:\/\/dev.belairtremblant.com\/wp-content\/uploads\/2023\/04\/IMG_0516-rotated.webp\" class=\"rollover dt-pswp-item layzr-bg\" data-large_image_width=\"700\" data-large_image_height=\"601\" data-dt-img-description=\"\" title=\"IMG_0516\"><img fetchpriority=\"high\" decoding=\"async\" class=\"preload-me iso-lazy-load aspect\" src=\"data:image\/svg+xml,%3Csvg%20xmlns%3D&#39;http%3A%2F%2Fwww.w3.org%2F2000%2Fsvg&#39;%20viewBox%3D&#39;0%200%20369%20369&#39;%2F%3E\" data-src=\"https:\/\/dev.belairtremblant.com\/wp-content\/uploads\/2023\/04\/IMG_0516-rotated-369x369.webp\" data-srcset=\"https:\/\/dev.belairtremblant.com\/wp-content\/uploads\/2023\/04\/IMG_0516-rotated-369x369.webp 369w, https:\/\/dev.belairtremblant.com\/wp-content\/uploads\/2023\/04\/IMG_0516-rotated-554x554.webp 554w\" loading=\"eager\" style=\"--ratio: 369 \/ 369\" sizes=\"(max-width: 369px) 100vw, 369px\" alt=\"bachelorette\" width=\"369\" height=\"369\"  \/><span class=\"gallery-rollover\"><span class=\"gallery-zoom-ico icomoon-the7-font-the7-zoom-06\"><span><\/span><\/span><\/span><\/a><\/figure><\/div><div class=\"wf-cell\" data-post-id=\"63282\" data-date=\"2023-04-11T20:09:59+00:00\" data-name=\"corporate\"><figure class=\"post visible\"><a href=\"https:\/\/dev.belairtremblant.com\/wp-content\/uploads\/2023\/04\/corporate-jpg.webp\" class=\"rollover dt-pswp-item layzr-bg\" data-large_image_width=\"400\" data-large_image_height=\"283\" data-dt-img-description=\"\" title=\"corporate\"><img decoding=\"async\" class=\"preload-me iso-lazy-load aspect\" src=\"data:image\/svg+xml,%3Csvg%20xmlns%3D&#39;http%3A%2F%2Fwww.w3.org%2F2000%2Fsvg&#39;%20viewBox%3D&#39;0%200%20283%20283&#39;%2F%3E\" data-src=\"https:\/\/dev.belairtremblant.com\/wp-content\/uploads\/2023\/04\/corporate-jpg-283x283.webp\" data-srcset=\"https:\/\/dev.belairtremblant.com\/wp-content\/uploads\/2023\/04\/corporate-jpg-283x283.webp 283w\" loading=\"eager\" style=\"--ratio: 283 \/ 283\" sizes=\"(max-width: 283px) 100vw, 283px\" alt=\"corporate\" width=\"283\" height=\"283\"  \/><span class=\"gallery-rollover\"><span class=\"gallery-zoom-ico icomoon-the7-font-the7-zoom-06\"><span><\/span><\/span><\/span><\/a><\/figure><\/div><div class=\"wf-cell\" data-post-id=\"63389\" data-date=\"2023-04-14T13:07:47+00:00\" data-name=\"IMG_0544\"><figure class=\"post visible\"><a href=\"https:\/\/dev.belairtremblant.com\/wp-content\/uploads\/2023\/04\/IMG_0544-rotated.webp\" class=\"rollover dt-pswp-item layzr-bg\" data-large_image_width=\"800\" data-large_image_height=\"731\" data-dt-img-description=\"\" title=\"IMG_0544\"><img decoding=\"async\" class=\"preload-me iso-lazy-load aspect\" src=\"data:image\/svg+xml,%3Csvg%20xmlns%3D&#39;http%3A%2F%2Fwww.w3.org%2F2000%2Fsvg&#39;%20viewBox%3D&#39;0%200%20369%20369&#39;%2F%3E\" data-src=\"https:\/\/dev.belairtremblant.com\/wp-content\/uploads\/2023\/04\/IMG_0544-rotated-369x369.webp\" data-srcset=\"https:\/\/dev.belairtremblant.com\/wp-content\/uploads\/2023\/04\/IMG_0544-rotated-369x369.webp 369w, https:\/\/dev.belairtremblant.com\/wp-content\/uploads\/2023\/04\/IMG_0544-rotated-554x554.webp 554w\" loading=\"eager\" style=\"--ratio: 369 \/ 369\" sizes=\"(max-width: 369px) 100vw, 369px\" alt=\"bachelor\" width=\"369\" height=\"369\"  \/><span class=\"gallery-rollover\"><span class=\"gallery-zoom-ico icomoon-the7-font-the7-zoom-06\"><span><\/span><\/span><\/span><\/a><\/figure><\/div><div class=\"wf-cell\" data-post-id=\"63392\" data-date=\"2023-04-14T13:13:41+00:00\" data-name=\"WEB_0557\"><figure class=\"post visible\"><a href=\"https:\/\/dev.belairtremblant.com\/wp-content\/uploads\/2023\/04\/WEB_0557-jpg.webp\" class=\"rollover dt-pswp-item layzr-bg\" data-large_image_width=\"809\" data-large_image_height=\"667\" data-dt-img-description=\"\" title=\"WEB_0557\"><img decoding=\"async\" class=\"preload-me iso-lazy-load aspect\" src=\"data:image\/svg+xml,%3Csvg%20xmlns%3D&#39;http%3A%2F%2Fwww.w3.org%2F2000%2Fsvg&#39;%20viewBox%3D&#39;0%200%20369%20369&#39;%2F%3E\" data-src=\"https:\/\/dev.belairtremblant.com\/wp-content\/uploads\/2023\/04\/WEB_0557-jpg-369x369.webp\" data-srcset=\"https:\/\/dev.belairtremblant.com\/wp-content\/uploads\/2023\/04\/WEB_0557-jpg-369x369.webp 369w, https:\/\/dev.belairtremblant.com\/wp-content\/uploads\/2023\/04\/WEB_0557-jpg-554x554.webp 554w\" loading=\"eager\" style=\"--ratio: 369 \/ 369\" sizes=\"(max-width: 369px) 100vw, 369px\" alt=\"reunion\" width=\"369\" height=\"369\"  \/><span class=\"gallery-rollover\"><span class=\"gallery-zoom-ico icomoon-the7-font-the7-zoom-06\"><span><\/span><\/span><\/span><\/a><\/figure><\/div><\/div><!-- iso-container|iso-grid --><\/div>[vc_separator css=\u00a0\u00bb.vc_custom_1681482504114{padding-top: 30px !important;padding-bottom: 30px !important;}\u00a0\u00bb][vc_column_text]Des d\u00e9corations personnalis\u00e9es et des coffrets enterrement de vie de jeune fille remplis de surprises vous attendront vous et vos meilleurs amis \u00e0 votre arriv\u00e9e. Et pour la c\u00e9l\u00e9bration ultime, nous proposons des cours de cuisine priv\u00e9s, des ateliers de pr\u00e9paration de cocktails et bien plus encore ! Quel que soit le forfait que vous choisissez, nous vous promettons que votre enterrement de vie de jeune fille sera rempli de plaisir et cr\u00e9era des souvenirs pour toute une vie. Notre \u00e9quipe s&rsquo;engage \u00e0 personnaliser chaque aspect de votre s\u00e9jour pour le rendre inoubliable. Contactez-nous pour plus d&rsquo;informations et laissez-nous vous aider \u00e0 organiser le parfait enterrement de vie de jeune fille au Bel Air Tremblant Resort ![\/vc_column_text][\/vc_column][\/vc_row]<\/p>\n<\/div>","protected":false},"excerpt":{"rendered":"<p>[vc_row css=\u00a0\u00bb.vc_custom_1681226082160{padding-top: 30px !important;padding-bottom: 50px !important;}\u00a0\u00bb][vc_column][vc_column_text]Vous recherchez \u00e0 organiser un s\u00e9jour avec vos meilleures ami(e)s pour un enterrement de vie de jeune fille\/homme ? Ne cherchez pas plus loin que Bel Air Tremblant Resort ! Nos unit\u00e9s de glamping ou chalets de luxe offrent le cadre id\u00e9al pour une exp\u00e9rience digne d&rsquo;Instagram. Profitez d&rsquo;activit\u00e9s comme&hellip;<\/p>\n","protected":false},"author":1,"featured_media":63314,"parent":63874,"menu_order":0,"comment_status":"closed","ping_status":"closed","template":"","meta":{"_et_pb_use_builder":"","_et_pb_old_content":"","_et_gb_content_width":"","footnotes":""},"class_list":["post-63992","page","type-page","status-publish","has-post-thumbnail","hentry","description-off"],"yoast_head":"<!-- This site is optimized with the Yoast SEO Premium plugin v26.6 (Yoast SEO v27.4) - https:\/\/yoast.com\/product\/yoast-seo-premium-wordpress\/ -->\n<title>Eenterrement de vie de jeune \u00e0 Mont Tremblant, DEV Bel Air Tremblant<\/title>\n<meta name=\"description\" content=\"DEV Bel Air Tremblant introduit enterrement de vie de jeune \u00e0 Mont Tremblant. Escapade entre amis, enterrement de vie de jeune fille \u00e0 Mont Tremblant.\" \/>\n<meta name=\"robots\" content=\"noindex, follow, max-snippet:-1, max-image-preview:large, max-video-preview:-1\" \/>\n<meta property=\"og:locale\" content=\"fr_FR\" \/>\n<meta property=\"og:type\" content=\"article\" \/>\n<meta property=\"og:title\" content=\"Enterrement de vie de jeune\" \/>\n<meta property=\"og:description\" content=\"DEV Bel Air Tremblant introduit enterrement de vie de jeune \u00e0 Mont Tremblant. Escapade entre amis, enterrement de vie de jeune fille \u00e0 Mont Tremblant.\" \/>\n<meta property=\"og:url\" content=\"https:\/\/dev.belairtremblant.com\/fr\/experiences\/enterrement-de-vie-de-jeune\/\" \/>\n<meta property=\"og:site_name\" content=\"DEV Bel Air Tremblant\" \/>\n<meta property=\"article:modified_time\" content=\"2023-05-02T19:45:08+00:00\" \/>\n<meta property=\"og:image\" content=\"https:\/\/dev.belairtremblant.com\/wp-content\/uploads\/2023\/04\/IMG_0516-rotated.webp\" \/>\n\t<meta property=\"og:image:width\" content=\"700\" \/>\n\t<meta property=\"og:image:height\" content=\"601\" \/>\n\t<meta property=\"og:image:type\" content=\"image\/jpeg\" \/>\n<meta name=\"twitter:card\" content=\"summary_large_image\" \/>\n<meta name=\"twitter:label1\" content=\"Dur\u00e9e de lecture estim\u00e9e\" \/>\n\t<meta name=\"twitter:data1\" content=\"2 minutes\" \/>\n<script type=\"application\/ld+json\" class=\"yoast-schema-graph\">{\"@context\":\"https:\\\/\\\/schema.org\",\"@graph\":[{\"@type\":\"WebPage\",\"@id\":\"https:\\\/\\\/dev.belairtremblant.com\\\/fr\\\/experiences\\\/enterrement-de-vie-de-jeune\\\/\",\"url\":\"https:\\\/\\\/dev.belairtremblant.com\\\/fr\\\/experiences\\\/enterrement-de-vie-de-jeune\\\/\",\"name\":\"Eenterrement de vie de jeune \u00e0 Mont Tremblant, DEV Bel Air Tremblant\",\"isPartOf\":{\"@id\":\"https:\\\/\\\/dev.belairtremblant.com\\\/fr\\\/#website\"},\"primaryImageOfPage\":{\"@id\":\"https:\\\/\\\/dev.belairtremblant.com\\\/fr\\\/experiences\\\/enterrement-de-vie-de-jeune\\\/#primaryimage\"},\"image\":{\"@id\":\"https:\\\/\\\/dev.belairtremblant.com\\\/fr\\\/experiences\\\/enterrement-de-vie-de-jeune\\\/#primaryimage\"},\"thumbnailUrl\":\"https:\\\/\\\/dev.belairtremblant.com\\\/wp-content\\\/uploads\\\/2023\\\/04\\\/IMG_0516-rotated.webp\",\"datePublished\":\"2023-04-27T19:04:34+00:00\",\"dateModified\":\"2023-05-02T19:45:08+00:00\",\"description\":\"DEV Bel Air Tremblant introduit enterrement de vie de jeune \u00e0 Mont Tremblant. Escapade entre amis, enterrement de vie de jeune fille \u00e0 Mont Tremblant.\",\"breadcrumb\":{\"@id\":\"https:\\\/\\\/dev.belairtremblant.com\\\/fr\\\/experiences\\\/enterrement-de-vie-de-jeune\\\/#breadcrumb\"},\"inLanguage\":\"fr-FR\",\"potentialAction\":[{\"@type\":\"ReadAction\",\"target\":[\"https:\\\/\\\/dev.belairtremblant.com\\\/fr\\\/experiences\\\/enterrement-de-vie-de-jeune\\\/\"]}]},{\"@type\":\"ImageObject\",\"inLanguage\":\"fr-FR\",\"@id\":\"https:\\\/\\\/dev.belairtremblant.com\\\/fr\\\/experiences\\\/enterrement-de-vie-de-jeune\\\/#primaryimage\",\"url\":\"https:\\\/\\\/dev.belairtremblant.com\\\/wp-content\\\/uploads\\\/2023\\\/04\\\/IMG_0516-rotated.webp\",\"contentUrl\":\"https:\\\/\\\/dev.belairtremblant.com\\\/wp-content\\\/uploads\\\/2023\\\/04\\\/IMG_0516-rotated.webp\",\"width\":700,\"height\":601,\"caption\":\"bachelorette\"},{\"@type\":\"BreadcrumbList\",\"@id\":\"https:\\\/\\\/dev.belairtremblant.com\\\/fr\\\/experiences\\\/enterrement-de-vie-de-jeune\\\/#breadcrumb\",\"itemListElement\":[{\"@type\":\"ListItem\",\"position\":1,\"name\":\"Home\",\"item\":\"https:\\\/\\\/dev.belairtremblant.com\\\/fr\\\/\"},{\"@type\":\"ListItem\",\"position\":2,\"name\":\"Experiences\",\"item\":\"https:\\\/\\\/dev.belairtremblant.com\\\/fr\\\/experiences\\\/\"},{\"@type\":\"ListItem\",\"position\":3,\"name\":\"Enterrement de vie de jeune\"}]},{\"@type\":\"WebSite\",\"@id\":\"https:\\\/\\\/dev.belairtremblant.com\\\/fr\\\/#website\",\"url\":\"https:\\\/\\\/dev.belairtremblant.com\\\/fr\\\/\",\"name\":\"DEV Bel Air Tremblant\",\"description\":\"Unique domes &amp; chalet rentals Mont Tremblant\",\"publisher\":{\"@id\":\"https:\\\/\\\/dev.belairtremblant.com\\\/fr\\\/#organization\"},\"potentialAction\":[{\"@type\":\"SearchAction\",\"target\":{\"@type\":\"EntryPoint\",\"urlTemplate\":\"https:\\\/\\\/dev.belairtremblant.com\\\/fr\\\/?s={search_term_string}\"},\"query-input\":{\"@type\":\"PropertyValueSpecification\",\"valueRequired\":true,\"valueName\":\"search_term_string\"}}],\"inLanguage\":\"fr-FR\"},{\"@type\":\"Organization\",\"@id\":\"https:\\\/\\\/dev.belairtremblant.com\\\/fr\\\/#organization\",\"name\":\"Bel Air Resort hotel in Tremblant\",\"url\":\"https:\\\/\\\/dev.belairtremblant.com\\\/fr\\\/\",\"logo\":{\"@type\":\"ImageObject\",\"inLanguage\":\"fr-FR\",\"@id\":\"https:\\\/\\\/dev.belairtremblant.com\\\/fr\\\/#\\\/schema\\\/logo\\\/image\\\/\",\"url\":\"https:\\\/\\\/dev.belairtremblant.com\\\/wp-content\\\/uploads\\\/2022\\\/04\\\/New-BA-Tremblant-logo.jpg\",\"contentUrl\":\"https:\\\/\\\/dev.belairtremblant.com\\\/wp-content\\\/uploads\\\/2022\\\/04\\\/New-BA-Tremblant-logo.jpg\",\"width\":800,\"height\":383,\"caption\":\"Bel Air Resort hotel in Tremblant\"},\"image\":{\"@id\":\"https:\\\/\\\/dev.belairtremblant.com\\\/fr\\\/#\\\/schema\\\/logo\\\/image\\\/\"}}]}<\/script>\n<!-- \/ Yoast SEO Premium plugin. -->","yoast_head_json":{"title":"Eenterrement de vie de jeune \u00e0 Mont Tremblant, DEV Bel Air Tremblant","description":"DEV Bel Air Tremblant introduit enterrement de vie de jeune \u00e0 Mont Tremblant. Escapade entre amis, enterrement de vie de jeune fille \u00e0 Mont Tremblant.","robots":{"index":"noindex","follow":"follow","max-snippet":"max-snippet:-1","max-image-preview":"max-image-preview:large","max-video-preview":"max-video-preview:-1"},"og_locale":"fr_FR","og_type":"article","og_title":"Enterrement de vie de jeune","og_description":"DEV Bel Air Tremblant introduit enterrement de vie de jeune \u00e0 Mont Tremblant. Escapade entre amis, enterrement de vie de jeune fille \u00e0 Mont Tremblant.","og_url":"https:\/\/dev.belairtremblant.com\/fr\/experiences\/enterrement-de-vie-de-jeune\/","og_site_name":"DEV Bel Air Tremblant","article_modified_time":"2023-05-02T19:45:08+00:00","og_image":[{"width":700,"height":601,"url":"https:\/\/dev.belairtremblant.com\/wp-content\/uploads\/2023\/04\/IMG_0516-rotated.webp","type":"image\/jpeg"}],"twitter_card":"summary_large_image","twitter_misc":{"Dur\u00e9e de lecture estim\u00e9e":"2 minutes"},"schema":{"@context":"https:\/\/schema.org","@graph":[{"@type":"WebPage","@id":"https:\/\/dev.belairtremblant.com\/fr\/experiences\/enterrement-de-vie-de-jeune\/","url":"https:\/\/dev.belairtremblant.com\/fr\/experiences\/enterrement-de-vie-de-jeune\/","name":"Eenterrement de vie de jeune \u00e0 Mont Tremblant, DEV Bel Air Tremblant","isPartOf":{"@id":"https:\/\/dev.belairtremblant.com\/fr\/#website"},"primaryImageOfPage":{"@id":"https:\/\/dev.belairtremblant.com\/fr\/experiences\/enterrement-de-vie-de-jeune\/#primaryimage"},"image":{"@id":"https:\/\/dev.belairtremblant.com\/fr\/experiences\/enterrement-de-vie-de-jeune\/#primaryimage"},"thumbnailUrl":"https:\/\/dev.belairtremblant.com\/wp-content\/uploads\/2023\/04\/IMG_0516-rotated.webp","datePublished":"2023-04-27T19:04:34+00:00","dateModified":"2023-05-02T19:45:08+00:00","description":"DEV Bel Air Tremblant introduit enterrement de vie de jeune \u00e0 Mont Tremblant. Escapade entre amis, enterrement de vie de jeune fille \u00e0 Mont Tremblant.","breadcrumb":{"@id":"https:\/\/dev.belairtremblant.com\/fr\/experiences\/enterrement-de-vie-de-jeune\/#breadcrumb"},"inLanguage":"fr-FR","potentialAction":[{"@type":"ReadAction","target":["https:\/\/dev.belairtremblant.com\/fr\/experiences\/enterrement-de-vie-de-jeune\/"]}]},{"@type":"ImageObject","inLanguage":"fr-FR","@id":"https:\/\/dev.belairtremblant.com\/fr\/experiences\/enterrement-de-vie-de-jeune\/#primaryimage","url":"https:\/\/dev.belairtremblant.com\/wp-content\/uploads\/2023\/04\/IMG_0516-rotated.webp","contentUrl":"https:\/\/dev.belairtremblant.com\/wp-content\/uploads\/2023\/04\/IMG_0516-rotated.webp","width":700,"height":601,"caption":"bachelorette"},{"@type":"BreadcrumbList","@id":"https:\/\/dev.belairtremblant.com\/fr\/experiences\/enterrement-de-vie-de-jeune\/#breadcrumb","itemListElement":[{"@type":"ListItem","position":1,"name":"Home","item":"https:\/\/dev.belairtremblant.com\/fr\/"},{"@type":"ListItem","position":2,"name":"Experiences","item":"https:\/\/dev.belairtremblant.com\/fr\/experiences\/"},{"@type":"ListItem","position":3,"name":"Enterrement de vie de jeune"}]},{"@type":"WebSite","@id":"https:\/\/dev.belairtremblant.com\/fr\/#website","url":"https:\/\/dev.belairtremblant.com\/fr\/","name":"DEV Bel Air Tremblant","description":"Unique domes &amp; chalet rentals Mont Tremblant","publisher":{"@id":"https:\/\/dev.belairtremblant.com\/fr\/#organization"},"potentialAction":[{"@type":"SearchAction","target":{"@type":"EntryPoint","urlTemplate":"https:\/\/dev.belairtremblant.com\/fr\/?s={search_term_string}"},"query-input":{"@type":"PropertyValueSpecification","valueRequired":true,"valueName":"search_term_string"}}],"inLanguage":"fr-FR"},{"@type":"Organization","@id":"https:\/\/dev.belairtremblant.com\/fr\/#organization","name":"Bel Air Resort hotel in Tremblant","url":"https:\/\/dev.belairtremblant.com\/fr\/","logo":{"@type":"ImageObject","inLanguage":"fr-FR","@id":"https:\/\/dev.belairtremblant.com\/fr\/#\/schema\/logo\/image\/","url":"https:\/\/dev.belairtremblant.com\/wp-content\/uploads\/2022\/04\/New-BA-Tremblant-logo.jpg","contentUrl":"https:\/\/dev.belairtremblant.com\/wp-content\/uploads\/2022\/04\/New-BA-Tremblant-logo.jpg","width":800,"height":383,"caption":"Bel Air Resort hotel in Tremblant"},"image":{"@id":"https:\/\/dev.belairtremblant.com\/fr\/#\/schema\/logo\/image\/"}}]}},"_links":{"self":[{"href":"https:\/\/dev.belairtremblant.com\/fr\/wp-json\/wp\/v2\/pages\/63992","targetHints":{"allow":["GET"]}}],"collection":[{"href":"https:\/\/dev.belairtremblant.com\/fr\/wp-json\/wp\/v2\/pages"}],"about":[{"href":"https:\/\/dev.belairtremblant.com\/fr\/wp-json\/wp\/v2\/types\/page"}],"author":[{"embeddable":true,"href":"https:\/\/dev.belairtremblant.com\/fr\/wp-json\/wp\/v2\/users\/1"}],"replies":[{"embeddable":true,"href":"https:\/\/dev.belairtremblant.com\/fr\/wp-json\/wp\/v2\/comments?post=63992"}],"version-history":[{"count":0,"href":"https:\/\/dev.belairtremblant.com\/fr\/wp-json\/wp\/v2\/pages\/63992\/revisions"}],"up":[{"embeddable":true,"href":"https:\/\/dev.belairtremblant.com\/fr\/wp-json\/wp\/v2\/pages\/63874"}],"wp:featuredmedia":[{"embeddable":true,"href":"https:\/\/dev.belairtremblant.com\/fr\/wp-json\/wp\/v2\/media\/63314"}],"wp:attachment":[{"href":"https:\/\/dev.belairtremblant.com\/fr\/wp-json\/wp\/v2\/media?parent=63992"}],"curies":[{"name":"wp","href":"https:\/\/api.w.org\/{rel}","templated":true}]}}