{"id":63980,"date":"2023-04-14T17:24:10","date_gmt":"2023-04-14T17:24:10","guid":{"rendered":"https:\/\/dev.belairtremblant.com\/experiences\/anniversary\/"},"modified":"2023-05-02T18:27:42","modified_gmt":"2023-05-02T18:27:42","slug":"anniversaire","status":"publish","type":"page","link":"https:\/\/dev.belairtremblant.com\/fr\/experiences\/anniversaire\/","title":{"rendered":"Anniversaire"},"content":{"rendered":"<div class=\"wpb-content-wrapper\"><p>[vc_row css=\u00a0\u00bb.vc_custom_1681226082160{padding-top: 30px !important;padding-bottom: 50px !important;}\u00a0\u00bb][vc_column][vc_column_text css=\u00a0\u00bb.vc_custom_1683051657965{padding-bottom: 30px !important;}\u00a0\u00bb]C\u00e9l\u00e9brer un anniversaire \u00e0 Bel Air Tremblant Resort est une exp\u00e9rience vraiment sp\u00e9ciale. Notre resort est le cadre id\u00e9al pour raviver vos sentiments amoureux et cr\u00e9er des souvenirs qui dureront toute une vie.<br \/>\nAvec nos luxueuses unit\u00e9s de glamping en pleine nature, comme des pods et des d\u00f4mes, ou nos magnifiques chalets, vous et votre bien-aim\u00e9 pouvez profiter d&rsquo;un cadre vraiment intime et romantique. D\u00e9tendez-vous dans votre jacuzzi priv\u00e9 ou d\u00e9tendez-vous au coin du feu tout en admirant les magnifiques montagnes des Laurentides.<br \/>\n[\/vc_column_text]<style type=\"text\/css\" data-type=\"the7_shortcodes-inline-css\">.gallery-shortcode.gallery-masonry-shortcode-id-6e7b19972638306b1c30f6fd627774ef figure,\n.gallery-shortcode.gallery-masonry-shortcode-id-6e7b19972638306b1c30f6fd627774ef .rollover,\n.gallery-shortcode.gallery-masonry-shortcode-id-6e7b19972638306b1c30f6fd627774ef img,\n.gallery-shortcode.gallery-masonry-shortcode-id-6e7b19972638306b1c30f6fd627774ef .gallery-rollover {\n  border-radius: 0px;\n}\n.gallery-shortcode.gallery-masonry-shortcode-id-6e7b19972638306b1c30f6fd627774ef.enable-bg-rollover .gallery-rollover {\n  background: -webkit-linear-gradient();\n  background: linear-gradient();\n}\n.gallery-shortcode.gallery-masonry-shortcode-id-6e7b19972638306b1c30f6fd627774ef.enable-bg-rollover.hover-scale figure .rollover:after {\n  background: -webkit-linear-gradient();\n  background: linear-gradient();\n}\n.gallery-shortcode.gallery-masonry-shortcode-id-6e7b19972638306b1c30f6fd627774ef .gallery-zoom-ico {\n  width: 44px;\n  height: 44px;\n  line-height: 44px;\n  border-radius: 100px;\n  margin: -22px 0 0 -22px;\n  border-width: 0px;\n  color: #ffffff;\n}\n.dt-icon-bg-on.gallery-shortcode.gallery-masonry-shortcode-id-6e7b19972638306b1c30f6fd627774ef .gallery-zoom-ico {\n  background: rgba(255,255,255,0.3);\n  box-shadow: none;\n}\n.gallery-shortcode.gallery-masonry-shortcode-id-6e7b19972638306b1c30f6fd627774ef .gallery-zoom-ico:before,\n.gallery-shortcode.gallery-masonry-shortcode-id-6e7b19972638306b1c30f6fd627774ef .gallery-zoom-ico span {\n  font-size: 32px;\n  line-height: 44px;\n  color: #ffffff;\n}\n.gallery-shortcode.gallery-masonry-shortcode-id-6e7b19972638306b1c30f6fd627774ef:not(.resize-by-browser-width) .dt-css-grid {\n  grid-row-gap: 30px;\n  grid-column-gap: 30px;\n  grid-template-columns: repeat(auto-fill,minmax(,1fr));\n}\n.gallery-shortcode.gallery-masonry-shortcode-id-6e7b19972638306b1c30f6fd627774ef:not(.resize-by-browser-width) .dt-css-grid .double-width {\n  grid-column: span 2;\n}\n.cssgridlegacy.no-cssgrid .gallery-shortcode.gallery-masonry-shortcode-id-6e7b19972638306b1c30f6fd627774ef:not(.resize-by-browser-width) .dt-css-grid,\n.no-cssgridlegacy.no-cssgrid .gallery-shortcode.gallery-masonry-shortcode-id-6e7b19972638306b1c30f6fd627774ef:not(.resize-by-browser-width) .dt-css-grid {\n  display: flex;\n  flex-flow: row wrap;\n  margin: -15px;\n}\n.cssgridlegacy.no-cssgrid .gallery-shortcode.gallery-masonry-shortcode-id-6e7b19972638306b1c30f6fd627774ef:not(.resize-by-browser-width) .dt-css-grid .wf-cell,\n.no-cssgridlegacy.no-cssgrid .gallery-shortcode.gallery-masonry-shortcode-id-6e7b19972638306b1c30f6fd627774ef:not(.resize-by-browser-width) .dt-css-grid .wf-cell {\n  flex: 1 0 ;\n  max-width: 100%;\n  padding: 15px;\n  box-sizing: border-box;\n}\n.gallery-shortcode.gallery-masonry-shortcode-id-6e7b19972638306b1c30f6fd627774ef.resize-by-browser-width .dt-css-grid {\n  grid-template-columns: repeat(4,1fr);\n  grid-template-rows: auto;\n  grid-column-gap: 30px;\n  grid-row-gap: 30px;\n}\n.gallery-shortcode.gallery-masonry-shortcode-id-6e7b19972638306b1c30f6fd627774ef.resize-by-browser-width .dt-css-grid .double-width {\n  grid-column: span 2;\n}\n.cssgridlegacy.no-cssgrid .gallery-shortcode.gallery-masonry-shortcode-id-6e7b19972638306b1c30f6fd627774ef.resize-by-browser-width .dt-css-grid {\n  margin: -15px;\n}\n.cssgridlegacy.no-cssgrid .gallery-shortcode.gallery-masonry-shortcode-id-6e7b19972638306b1c30f6fd627774ef.resize-by-browser-width .dt-css-grid .wf-cell {\n  width: 25%;\n  padding: 15px;\n}\n.cssgridlegacy.no-cssgrid .gallery-shortcode.gallery-masonry-shortcode-id-6e7b19972638306b1c30f6fd627774ef.resize-by-browser-width .dt-css-grid .wf-cell.double-width {\n  width: calc(25%) * 2;\n}\n.gallery-shortcode.gallery-masonry-shortcode-id-6e7b19972638306b1c30f6fd627774ef.resize-by-browser-width:not(.centered-layout-list):not(.content-bg-on) .dt-css-grid {\n  grid-row-gap: 30px - ;\n}\n@media screen and (max-width: 1199px) {\n  .gallery-shortcode.gallery-masonry-shortcode-id-6e7b19972638306b1c30f6fd627774ef.resize-by-browser-width .dt-css-grid {\n    grid-template-columns: repeat(4,1fr);\n  }\n  .cssgridlegacy.no-cssgrid .gallery-shortcode.gallery-masonry-shortcode-id-6e7b19972638306b1c30f6fd627774ef.resize-by-browser-width .dt-css-grid .wf-cell,\n  .no-cssgridlegacy.no-cssgrid .gallery-shortcode.gallery-masonry-shortcode-id-6e7b19972638306b1c30f6fd627774ef.resize-by-browser-width .dt-css-grid .wf-cell {\n    width: 25%;\n  }\n  .cssgridlegacy.no-cssgrid .gallery-shortcode.gallery-masonry-shortcode-id-6e7b19972638306b1c30f6fd627774ef.resize-by-browser-width .dt-css-grid .wf-cell.double-width,\n  .no-cssgridlegacy.no-cssgrid .gallery-shortcode.gallery-masonry-shortcode-id-6e7b19972638306b1c30f6fd627774ef.resize-by-browser-width .dt-css-grid .wf-cell.double-width {\n    width: calc(25%)*2;\n  }\n}\n@media screen and (max-width: 991px) {\n  .gallery-shortcode.gallery-masonry-shortcode-id-6e7b19972638306b1c30f6fd627774ef.resize-by-browser-width .dt-css-grid {\n    grid-template-columns: repeat(4,1fr);\n  }\n  .cssgridlegacy.no-cssgrid .gallery-shortcode.gallery-masonry-shortcode-id-6e7b19972638306b1c30f6fd627774ef.resize-by-browser-width .dt-css-grid .wf-cell,\n  .no-cssgridlegacy.no-cssgrid .gallery-shortcode.gallery-masonry-shortcode-id-6e7b19972638306b1c30f6fd627774ef.resize-by-browser-width .dt-css-grid .wf-cell {\n    width: 25%;\n  }\n  .cssgridlegacy.no-cssgrid .gallery-shortcode.gallery-masonry-shortcode-id-6e7b19972638306b1c30f6fd627774ef.resize-by-browser-width .dt-css-grid .wf-cell.double-width,\n  .no-cssgridlegacy.no-cssgrid .gallery-shortcode.gallery-masonry-shortcode-id-6e7b19972638306b1c30f6fd627774ef.resize-by-browser-width .dt-css-grid .wf-cell.double-width {\n    width: calc(25%)*2;\n  }\n}\n@media screen and (max-width: 767px) {\n  .gallery-shortcode.gallery-masonry-shortcode-id-6e7b19972638306b1c30f6fd627774ef.resize-by-browser-width .dt-css-grid {\n    grid-template-columns: repeat(2,1fr);\n  }\n  .cssgridlegacy.no-cssgrid .gallery-shortcode.gallery-masonry-shortcode-id-6e7b19972638306b1c30f6fd627774ef.resize-by-browser-width .dt-css-grid .wf-cell,\n  .no-cssgridlegacy.no-cssgrid .gallery-shortcode.gallery-masonry-shortcode-id-6e7b19972638306b1c30f6fd627774ef.resize-by-browser-width .dt-css-grid .wf-cell {\n    width: 50%;\n  }\n  .cssgridlegacy.no-cssgrid .gallery-shortcode.gallery-masonry-shortcode-id-6e7b19972638306b1c30f6fd627774ef.resize-by-browser-width .dt-css-grid .wf-cell.double-width,\n  .no-cssgridlegacy.no-cssgrid .gallery-shortcode.gallery-masonry-shortcode-id-6e7b19972638306b1c30f6fd627774ef.resize-by-browser-width .dt-css-grid .wf-cell.double-width {\n    width: calc(50%)*2;\n  }\n}<\/style><div class=\"gallery-shortcode dt-gallery-container gallery-masonry-shortcode-id-6e7b19972638306b1c30f6fd627774ef mode-masonry jquery-filter dt-icon-bg-off quick-scale-img enable-bg-rollover resize-by-browser-width  hover-fade loading-effect-none description-on-hover\" data-padding=\"15px\" data-cur-page=\"1\" data-post-limit=\"-1\" data-pagination-mode=\"none\" data-desktop-columns-num=\"4\" data-v-tablet-columns-num=\"4\" data-h-tablet-columns-num=\"4\" data-phone-columns-num=\"2\" data-width=\"0px\" data-columns=\"0\"><div class=\"iso-container\" ><div class=\"wf-cell iso-item\" data-post-id=\"63534\" data-date=\"2023-04-17T13:33:34+00:00\" data-name=\"Photo Feb 01 2023, 4 40 46 PM\"><figure class=\"post visible\"><a href=\"https:\/\/dev.belairtremblant.com\/wp-content\/uploads\/2023\/04\/Photo-Feb-01-2023-4-40-46-PM-2-rotated.webp\" class=\"rollover dt-pswp-item layzr-bg\" data-large_image_width=\"1500\" data-large_image_height=\"1356\" data-dt-img-description=\"\" title=\"Photo Feb 01 2023, 4 40 46 PM\"><img fetchpriority=\"high\" decoding=\"async\" class=\"preload-me iso-lazy-load aspect\" src=\"data:image\/svg+xml,%3Csvg%20xmlns%3D&#39;http%3A%2F%2Fwww.w3.org%2F2000%2Fsvg&#39;%20viewBox%3D&#39;0%200%20369%20369&#39;%2F%3E\" data-src=\"https:\/\/dev.belairtremblant.com\/wp-content\/uploads\/2023\/04\/Photo-Feb-01-2023-4-40-46-PM-2-rotated-369x369.webp\" data-srcset=\"https:\/\/dev.belairtremblant.com\/wp-content\/uploads\/2023\/04\/Photo-Feb-01-2023-4-40-46-PM-2-rotated-369x369.webp 369w, https:\/\/dev.belairtremblant.com\/wp-content\/uploads\/2023\/04\/Photo-Feb-01-2023-4-40-46-PM-2-rotated-554x554.webp 554w\" loading=\"eager\" style=\"--ratio: 369 \/ 369\" sizes=\"(max-width: 369px) 100vw, 369px\" alt=\"\" width=\"369\" height=\"369\"  \/><span class=\"gallery-rollover\"><span class=\"gallery-zoom-ico icomoon-the7-font-the7-zoom-06\"><span><\/span><\/span><\/span><\/a><\/figure><\/div><div class=\"wf-cell iso-item\" data-post-id=\"63532\" data-date=\"2023-04-17T13:33:29+00:00\" data-name=\"image00054\"><figure class=\"post visible\"><a href=\"https:\/\/dev.belairtremblant.com\/wp-content\/uploads\/2023\/04\/image00054-jpeg.webp\" class=\"rollover dt-pswp-item layzr-bg\" data-large_image_width=\"800\" data-large_image_height=\"732\" data-dt-img-description=\"\" title=\"image00054\"><img decoding=\"async\" class=\"preload-me iso-lazy-load aspect\" src=\"data:image\/svg+xml,%3Csvg%20xmlns%3D&#39;http%3A%2F%2Fwww.w3.org%2F2000%2Fsvg&#39;%20viewBox%3D&#39;0%200%20369%20369&#39;%2F%3E\" data-src=\"https:\/\/dev.belairtremblant.com\/wp-content\/uploads\/2023\/04\/image00054-jpeg-369x369.webp\" data-srcset=\"https:\/\/dev.belairtremblant.com\/wp-content\/uploads\/2023\/04\/image00054-jpeg-369x369.webp 369w, https:\/\/dev.belairtremblant.com\/wp-content\/uploads\/2023\/04\/image00054-jpeg-554x554.webp 554w\" loading=\"eager\" style=\"--ratio: 369 \/ 369\" sizes=\"(max-width: 369px) 100vw, 369px\" alt=\"\" width=\"369\" height=\"369\"  \/><span class=\"gallery-rollover\"><span class=\"gallery-zoom-ico icomoon-the7-font-the7-zoom-06\"><span><\/span><\/span><\/span><\/a><\/figure><\/div><div class=\"wf-cell iso-item\" data-post-id=\"63536\" data-date=\"2023-04-17T13:33:39+00:00\" data-name=\"image00010\"><figure class=\"post visible\"><a href=\"https:\/\/dev.belairtremblant.com\/wp-content\/uploads\/2023\/04\/image00010-jpeg.webp\" class=\"rollover dt-pswp-item layzr-bg\" data-large_image_width=\"1000\" data-large_image_height=\"1027\" data-dt-img-description=\"\" title=\"image00010\"><img decoding=\"async\" class=\"preload-me iso-lazy-load aspect\" src=\"data:image\/svg+xml,%3Csvg%20xmlns%3D&#39;http%3A%2F%2Fwww.w3.org%2F2000%2Fsvg&#39;%20viewBox%3D&#39;0%200%20369%20369&#39;%2F%3E\" data-src=\"https:\/\/dev.belairtremblant.com\/wp-content\/uploads\/2023\/04\/image00010-jpeg-369x369.webp\" data-srcset=\"https:\/\/dev.belairtremblant.com\/wp-content\/uploads\/2023\/04\/image00010-jpeg-369x369.webp 369w, https:\/\/dev.belairtremblant.com\/wp-content\/uploads\/2023\/04\/image00010-jpeg-554x554.webp 554w\" loading=\"eager\" style=\"--ratio: 369 \/ 369\" sizes=\"(max-width: 369px) 100vw, 369px\" alt=\"\" width=\"369\" height=\"369\"  \/><span class=\"gallery-rollover\"><span class=\"gallery-zoom-ico icomoon-the7-font-the7-zoom-06\"><span><\/span><\/span><\/span><\/a><\/figure><\/div><div class=\"wf-cell iso-item\" data-post-id=\"63219\" data-date=\"2023-04-11T16:51:13+00:00\" data-name=\"marry3\"><figure class=\"post visible\"><a href=\"https:\/\/dev.belairtremblant.com\/wp-content\/uploads\/2023\/04\/marry3-rotated.webp\" class=\"rollover dt-pswp-item layzr-bg\" data-large_image_width=\"1500\" data-large_image_height=\"1654\" data-dt-img-description=\"\" title=\"marry3\"><img decoding=\"async\" class=\"preload-me iso-lazy-load aspect\" src=\"data:image\/svg+xml,%3Csvg%20xmlns%3D&#39;http%3A%2F%2Fwww.w3.org%2F2000%2Fsvg&#39;%20viewBox%3D&#39;0%200%20369%20369&#39;%2F%3E\" data-src=\"https:\/\/dev.belairtremblant.com\/wp-content\/uploads\/2023\/04\/marry3-rotated-369x369.webp\" data-srcset=\"https:\/\/dev.belairtremblant.com\/wp-content\/uploads\/2023\/04\/marry3-rotated-369x369.webp 369w, https:\/\/dev.belairtremblant.com\/wp-content\/uploads\/2023\/04\/marry3-rotated-554x554.webp 554w\" loading=\"eager\" style=\"--ratio: 369 \/ 369\" sizes=\"(max-width: 369px) 100vw, 369px\" alt=\"\" width=\"369\" height=\"369\"  \/><span class=\"gallery-rollover\"><span class=\"gallery-zoom-ico icomoon-the7-font-the7-zoom-06\"><span><\/span><\/span><\/span><\/a><\/figure><\/div><\/div><!-- iso-container|iso-grid --><\/div>[vc_column_text css=\u00a0\u00bb.vc_custom_1683051665663{padding-top: 30px !important;padding-bottom: 30px !important;}\u00a0\u00bb]Mais il ne s&rsquo;agit pas seulement de l&rsquo;h\u00e9bergement &#8211; il y a aussi de nombreuses activit\u00e9s propos\u00e9es pendant votre s\u00e9jour. Faites une randonn\u00e9e ou une balade en fatbike dans les for\u00eats environnantes, offrez-vous un massage en couple dans notre spa Ono sur place ou profitez d&rsquo;un d\u00eener romantique pour deux dans notre restaurant japonais ph\u00e9nom\u00e9nal, Ekki Sushi.<br \/>\nEt pour une touche suppl\u00e9mentaire, notre \u00e9quipe peut vous aider \u00e0 personnaliser votre s\u00e9jour avec des demandes sp\u00e9ciales comme du champagne et des roses, des d\u00e9corations personnalis\u00e9es ou toute autre id\u00e9e que vous pourriez avoir pour rendre votre anniversaire inoubliable.[\/vc_column_text][\/vc_column][\/vc_row]<\/p>\n<\/div>","protected":false},"excerpt":{"rendered":"<p>[vc_row css=\u00a0\u00bb.vc_custom_1681226082160{padding-top: 30px !important;padding-bottom: 50px !important;}\u00a0\u00bb][vc_column][vc_column_text css=\u00a0\u00bb.vc_custom_1683051657965{padding-bottom: 30px !important;}\u00a0\u00bb]C\u00e9l\u00e9brer un anniversaire \u00e0 Bel Air Tremblant Resort est une exp\u00e9rience vraiment sp\u00e9ciale. Notre resort est le cadre id\u00e9al pour raviver vos sentiments amoureux et cr\u00e9er des souvenirs qui dureront toute une vie. Avec nos luxueuses unit\u00e9s de glamping en pleine nature, comme des pods et des&hellip;<\/p>\n","protected":false},"author":1,"featured_media":63446,"parent":63874,"menu_order":0,"comment_status":"closed","ping_status":"closed","template":"","meta":{"_et_pb_use_builder":"","_et_pb_old_content":"","_et_gb_content_width":"","footnotes":""},"class_list":["post-63980","page","type-page","status-publish","has-post-thumbnail","hentry","description-off"],"yoast_head":"<!-- This site is optimized with the Yoast SEO Premium plugin v26.6 (Yoast SEO v27.4) - https:\/\/yoast.com\/product\/yoast-seo-premium-wordpress\/ -->\n<title>Anniversaire \u00e0 Mont Tremblant, H\u00f4tel romantique \u00e0 Mont Tremblant<\/title>\n<meta name=\"description\" content=\"DEV Bel Air Tremblant Resort pr\u00e9sente \u00e9v\u00e9nement anniversaire \u00e0 Mont Tremblant. S\u00e9journez dans un h\u00f4tel romantique \u00e0 Mont Tremblant.\" \/>\n<meta name=\"robots\" content=\"noindex, follow, max-snippet:-1, max-image-preview:large, max-video-preview:-1\" \/>\n<meta property=\"og:locale\" content=\"fr_FR\" \/>\n<meta property=\"og:type\" content=\"article\" \/>\n<meta property=\"og:title\" content=\"Anniversaire\" \/>\n<meta property=\"og:description\" content=\"DEV Bel Air Tremblant Resort pr\u00e9sente \u00e9v\u00e9nement anniversaire \u00e0 Mont Tremblant. S\u00e9journez dans un h\u00f4tel romantique \u00e0 Mont Tremblant.\" \/>\n<meta property=\"og:url\" content=\"https:\/\/dev.belairtremblant.com\/fr\/experiences\/anniversaire\/\" \/>\n<meta property=\"og:site_name\" content=\"DEV Bel Air Tremblant\" \/>\n<meta property=\"article:modified_time\" content=\"2023-05-02T18:27:42+00:00\" \/>\n<meta property=\"og:image\" content=\"https:\/\/dev.belairtremblant.com\/wp-content\/uploads\/2023\/04\/IMG_9514-jpeg.webp\" \/>\n\t<meta property=\"og:image:width\" content=\"1400\" \/>\n\t<meta property=\"og:image:height\" content=\"1050\" \/>\n\t<meta property=\"og:image:type\" content=\"image\/jpeg\" \/>\n<meta name=\"twitter:card\" content=\"summary_large_image\" \/>\n<meta name=\"twitter:label1\" content=\"Dur\u00e9e de lecture estim\u00e9e\" \/>\n\t<meta name=\"twitter:data1\" content=\"1 minute\" \/>\n<script type=\"application\/ld+json\" class=\"yoast-schema-graph\">{\"@context\":\"https:\\\/\\\/schema.org\",\"@graph\":[{\"@type\":\"WebPage\",\"@id\":\"https:\\\/\\\/dev.belairtremblant.com\\\/fr\\\/experiences\\\/anniversaire\\\/\",\"url\":\"https:\\\/\\\/dev.belairtremblant.com\\\/fr\\\/experiences\\\/anniversaire\\\/\",\"name\":\"Anniversaire \u00e0 Mont Tremblant, H\u00f4tel romantique \u00e0 Mont Tremblant\",\"isPartOf\":{\"@id\":\"https:\\\/\\\/dev.belairtremblant.com\\\/fr\\\/#website\"},\"primaryImageOfPage\":{\"@id\":\"https:\\\/\\\/dev.belairtremblant.com\\\/fr\\\/experiences\\\/anniversaire\\\/#primaryimage\"},\"image\":{\"@id\":\"https:\\\/\\\/dev.belairtremblant.com\\\/fr\\\/experiences\\\/anniversaire\\\/#primaryimage\"},\"thumbnailUrl\":\"https:\\\/\\\/dev.belairtremblant.com\\\/wp-content\\\/uploads\\\/2023\\\/04\\\/IMG_9514-jpeg.webp\",\"datePublished\":\"2023-04-14T17:24:10+00:00\",\"dateModified\":\"2023-05-02T18:27:42+00:00\",\"description\":\"DEV Bel Air Tremblant Resort pr\u00e9sente \u00e9v\u00e9nement anniversaire \u00e0 Mont Tremblant. S\u00e9journez dans un h\u00f4tel romantique \u00e0 Mont Tremblant.\",\"breadcrumb\":{\"@id\":\"https:\\\/\\\/dev.belairtremblant.com\\\/fr\\\/experiences\\\/anniversaire\\\/#breadcrumb\"},\"inLanguage\":\"fr-FR\",\"potentialAction\":[{\"@type\":\"ReadAction\",\"target\":[\"https:\\\/\\\/dev.belairtremblant.com\\\/fr\\\/experiences\\\/anniversaire\\\/\"]}]},{\"@type\":\"ImageObject\",\"inLanguage\":\"fr-FR\",\"@id\":\"https:\\\/\\\/dev.belairtremblant.com\\\/fr\\\/experiences\\\/anniversaire\\\/#primaryimage\",\"url\":\"https:\\\/\\\/dev.belairtremblant.com\\\/wp-content\\\/uploads\\\/2023\\\/04\\\/IMG_9514-jpeg.webp\",\"contentUrl\":\"https:\\\/\\\/dev.belairtremblant.com\\\/wp-content\\\/uploads\\\/2023\\\/04\\\/IMG_9514-jpeg.webp\",\"width\":1400,\"height\":1050},{\"@type\":\"BreadcrumbList\",\"@id\":\"https:\\\/\\\/dev.belairtremblant.com\\\/fr\\\/experiences\\\/anniversaire\\\/#breadcrumb\",\"itemListElement\":[{\"@type\":\"ListItem\",\"position\":1,\"name\":\"Home\",\"item\":\"https:\\\/\\\/dev.belairtremblant.com\\\/fr\\\/\"},{\"@type\":\"ListItem\",\"position\":2,\"name\":\"Experiences\",\"item\":\"https:\\\/\\\/dev.belairtremblant.com\\\/fr\\\/experiences\\\/\"},{\"@type\":\"ListItem\",\"position\":3,\"name\":\"Anniversaire\"}]},{\"@type\":\"WebSite\",\"@id\":\"https:\\\/\\\/dev.belairtremblant.com\\\/fr\\\/#website\",\"url\":\"https:\\\/\\\/dev.belairtremblant.com\\\/fr\\\/\",\"name\":\"DEV Bel Air Tremblant\",\"description\":\"Unique domes &amp; chalet rentals Mont Tremblant\",\"publisher\":{\"@id\":\"https:\\\/\\\/dev.belairtremblant.com\\\/fr\\\/#organization\"},\"potentialAction\":[{\"@type\":\"SearchAction\",\"target\":{\"@type\":\"EntryPoint\",\"urlTemplate\":\"https:\\\/\\\/dev.belairtremblant.com\\\/fr\\\/?s={search_term_string}\"},\"query-input\":{\"@type\":\"PropertyValueSpecification\",\"valueRequired\":true,\"valueName\":\"search_term_string\"}}],\"inLanguage\":\"fr-FR\"},{\"@type\":\"Organization\",\"@id\":\"https:\\\/\\\/dev.belairtremblant.com\\\/fr\\\/#organization\",\"name\":\"Bel Air Resort hotel in Tremblant\",\"url\":\"https:\\\/\\\/dev.belairtremblant.com\\\/fr\\\/\",\"logo\":{\"@type\":\"ImageObject\",\"inLanguage\":\"fr-FR\",\"@id\":\"https:\\\/\\\/dev.belairtremblant.com\\\/fr\\\/#\\\/schema\\\/logo\\\/image\\\/\",\"url\":\"https:\\\/\\\/dev.belairtremblant.com\\\/wp-content\\\/uploads\\\/2022\\\/04\\\/New-BA-Tremblant-logo.jpg\",\"contentUrl\":\"https:\\\/\\\/dev.belairtremblant.com\\\/wp-content\\\/uploads\\\/2022\\\/04\\\/New-BA-Tremblant-logo.jpg\",\"width\":800,\"height\":383,\"caption\":\"Bel Air Resort hotel in Tremblant\"},\"image\":{\"@id\":\"https:\\\/\\\/dev.belairtremblant.com\\\/fr\\\/#\\\/schema\\\/logo\\\/image\\\/\"}}]}<\/script>\n<!-- \/ Yoast SEO Premium plugin. -->","yoast_head_json":{"title":"Anniversaire \u00e0 Mont Tremblant, H\u00f4tel romantique \u00e0 Mont Tremblant","description":"DEV Bel Air Tremblant Resort pr\u00e9sente \u00e9v\u00e9nement anniversaire \u00e0 Mont Tremblant. S\u00e9journez dans un h\u00f4tel romantique \u00e0 Mont Tremblant.","robots":{"index":"noindex","follow":"follow","max-snippet":"max-snippet:-1","max-image-preview":"max-image-preview:large","max-video-preview":"max-video-preview:-1"},"og_locale":"fr_FR","og_type":"article","og_title":"Anniversaire","og_description":"DEV Bel Air Tremblant Resort pr\u00e9sente \u00e9v\u00e9nement anniversaire \u00e0 Mont Tremblant. S\u00e9journez dans un h\u00f4tel romantique \u00e0 Mont Tremblant.","og_url":"https:\/\/dev.belairtremblant.com\/fr\/experiences\/anniversaire\/","og_site_name":"DEV Bel Air Tremblant","article_modified_time":"2023-05-02T18:27:42+00:00","og_image":[{"width":1400,"height":1050,"url":"https:\/\/dev.belairtremblant.com\/wp-content\/uploads\/2023\/04\/IMG_9514-jpeg.webp","type":"image\/jpeg"}],"twitter_card":"summary_large_image","twitter_misc":{"Dur\u00e9e de lecture estim\u00e9e":"1 minute"},"schema":{"@context":"https:\/\/schema.org","@graph":[{"@type":"WebPage","@id":"https:\/\/dev.belairtremblant.com\/fr\/experiences\/anniversaire\/","url":"https:\/\/dev.belairtremblant.com\/fr\/experiences\/anniversaire\/","name":"Anniversaire \u00e0 Mont Tremblant, H\u00f4tel romantique \u00e0 Mont Tremblant","isPartOf":{"@id":"https:\/\/dev.belairtremblant.com\/fr\/#website"},"primaryImageOfPage":{"@id":"https:\/\/dev.belairtremblant.com\/fr\/experiences\/anniversaire\/#primaryimage"},"image":{"@id":"https:\/\/dev.belairtremblant.com\/fr\/experiences\/anniversaire\/#primaryimage"},"thumbnailUrl":"https:\/\/dev.belairtremblant.com\/wp-content\/uploads\/2023\/04\/IMG_9514-jpeg.webp","datePublished":"2023-04-14T17:24:10+00:00","dateModified":"2023-05-02T18:27:42+00:00","description":"DEV Bel Air Tremblant Resort pr\u00e9sente \u00e9v\u00e9nement anniversaire \u00e0 Mont Tremblant. S\u00e9journez dans un h\u00f4tel romantique \u00e0 Mont Tremblant.","breadcrumb":{"@id":"https:\/\/dev.belairtremblant.com\/fr\/experiences\/anniversaire\/#breadcrumb"},"inLanguage":"fr-FR","potentialAction":[{"@type":"ReadAction","target":["https:\/\/dev.belairtremblant.com\/fr\/experiences\/anniversaire\/"]}]},{"@type":"ImageObject","inLanguage":"fr-FR","@id":"https:\/\/dev.belairtremblant.com\/fr\/experiences\/anniversaire\/#primaryimage","url":"https:\/\/dev.belairtremblant.com\/wp-content\/uploads\/2023\/04\/IMG_9514-jpeg.webp","contentUrl":"https:\/\/dev.belairtremblant.com\/wp-content\/uploads\/2023\/04\/IMG_9514-jpeg.webp","width":1400,"height":1050},{"@type":"BreadcrumbList","@id":"https:\/\/dev.belairtremblant.com\/fr\/experiences\/anniversaire\/#breadcrumb","itemListElement":[{"@type":"ListItem","position":1,"name":"Home","item":"https:\/\/dev.belairtremblant.com\/fr\/"},{"@type":"ListItem","position":2,"name":"Experiences","item":"https:\/\/dev.belairtremblant.com\/fr\/experiences\/"},{"@type":"ListItem","position":3,"name":"Anniversaire"}]},{"@type":"WebSite","@id":"https:\/\/dev.belairtremblant.com\/fr\/#website","url":"https:\/\/dev.belairtremblant.com\/fr\/","name":"DEV Bel Air Tremblant","description":"Unique domes &amp; chalet rentals Mont Tremblant","publisher":{"@id":"https:\/\/dev.belairtremblant.com\/fr\/#organization"},"potentialAction":[{"@type":"SearchAction","target":{"@type":"EntryPoint","urlTemplate":"https:\/\/dev.belairtremblant.com\/fr\/?s={search_term_string}"},"query-input":{"@type":"PropertyValueSpecification","valueRequired":true,"valueName":"search_term_string"}}],"inLanguage":"fr-FR"},{"@type":"Organization","@id":"https:\/\/dev.belairtremblant.com\/fr\/#organization","name":"Bel Air Resort hotel in Tremblant","url":"https:\/\/dev.belairtremblant.com\/fr\/","logo":{"@type":"ImageObject","inLanguage":"fr-FR","@id":"https:\/\/dev.belairtremblant.com\/fr\/#\/schema\/logo\/image\/","url":"https:\/\/dev.belairtremblant.com\/wp-content\/uploads\/2022\/04\/New-BA-Tremblant-logo.jpg","contentUrl":"https:\/\/dev.belairtremblant.com\/wp-content\/uploads\/2022\/04\/New-BA-Tremblant-logo.jpg","width":800,"height":383,"caption":"Bel Air Resort hotel in Tremblant"},"image":{"@id":"https:\/\/dev.belairtremblant.com\/fr\/#\/schema\/logo\/image\/"}}]}},"_links":{"self":[{"href":"https:\/\/dev.belairtremblant.com\/fr\/wp-json\/wp\/v2\/pages\/63980","targetHints":{"allow":["GET"]}}],"collection":[{"href":"https:\/\/dev.belairtremblant.com\/fr\/wp-json\/wp\/v2\/pages"}],"about":[{"href":"https:\/\/dev.belairtremblant.com\/fr\/wp-json\/wp\/v2\/types\/page"}],"author":[{"embeddable":true,"href":"https:\/\/dev.belairtremblant.com\/fr\/wp-json\/wp\/v2\/users\/1"}],"replies":[{"embeddable":true,"href":"https:\/\/dev.belairtremblant.com\/fr\/wp-json\/wp\/v2\/comments?post=63980"}],"version-history":[{"count":0,"href":"https:\/\/dev.belairtremblant.com\/fr\/wp-json\/wp\/v2\/pages\/63980\/revisions"}],"up":[{"embeddable":true,"href":"https:\/\/dev.belairtremblant.com\/fr\/wp-json\/wp\/v2\/pages\/63874"}],"wp:featuredmedia":[{"embeddable":true,"href":"https:\/\/dev.belairtremblant.com\/fr\/wp-json\/wp\/v2\/media\/63446"}],"wp:attachment":[{"href":"https:\/\/dev.belairtremblant.com\/fr\/wp-json\/wp\/v2\/media?parent=63980"}],"curies":[{"name":"wp","href":"https:\/\/api.w.org\/{rel}","templated":true}]}}