{"id":63962,"date":"2023-04-14T14:26:17","date_gmt":"2023-04-14T14:26:17","guid":{"rendered":"https:\/\/dev.belairtremblant.com\/experiences\/romantic-getaway\/"},"modified":"2023-05-02T17:09:25","modified_gmt":"2023-05-02T17:09:25","slug":"escapades-romantiques","status":"publish","type":"page","link":"https:\/\/dev.belairtremblant.com\/fr\/experiences\/escapades-romantiques\/","title":{"rendered":"Escapades romantiques"},"content":{"rendered":"<div class=\"wpb-content-wrapper\"><p>[vc_row css=\u00a0\u00bb.vc_custom_1681226082160{padding-top: 30px !important;padding-bottom: 50px !important;}\u00a0\u00bb][vc_column][vc_column_text]Bel Air Tremblant Resort, nich\u00e9 au coeur de la nature, offre une exp\u00e9rience unique et magique aux couples d\u00e9sireux de c\u00e9l\u00e9brer l&rsquo;amour sous toutes ses formes. Pour la Saint-Valentin, demandes ou anniversaires de mariage, anniversaires, etc., le complexe est devenu une destination incontournable pour les couples \u00e0 la recherche d&rsquo;une escapade romantique.<br \/>\nCe qui fait notamment de Bel Air Tremblant l&rsquo;endroit id\u00e9al pour les \u00e9v\u00e9nements romantiques est son cadre naturel. Entour\u00e9s de paysages \u00e0 couper le souffle et d&rsquo;une atmosph\u00e8re sereine, les couples peuvent profiter de la beaut\u00e9 de la nature tout en renouant l\u2019un avec l&rsquo;autre. Le complexe propose une vari\u00e9t\u00e9 d&rsquo;unit\u00e9s de glamping, y compris des pods, des d\u00f4mes et des mini-chalets, qui offrent tous un cadre tr\u00e8s confortable et intime pour les couples, avec SPA ou Jacuzzi \u00e0 l\u2019abri des regards.<br \/>\n[\/vc_column_text][vc_separator css=\u00a0\u00bb.vc_custom_1681482504114{padding-top: 30px !important;padding-bottom: 30px !important;}\u00a0\u00bb]<style type=\"text\/css\" data-type=\"the7_shortcodes-inline-css\">.gallery-shortcode.gallery-masonry-shortcode-id-c43725d4ab9f05962ed8768b9d0da5ca figure,\n.gallery-shortcode.gallery-masonry-shortcode-id-c43725d4ab9f05962ed8768b9d0da5ca .rollover,\n.gallery-shortcode.gallery-masonry-shortcode-id-c43725d4ab9f05962ed8768b9d0da5ca img,\n.gallery-shortcode.gallery-masonry-shortcode-id-c43725d4ab9f05962ed8768b9d0da5ca .gallery-rollover {\n  border-radius: 0px;\n}\n.gallery-shortcode.gallery-masonry-shortcode-id-c43725d4ab9f05962ed8768b9d0da5ca.enable-bg-rollover .gallery-rollover {\n  background: -webkit-linear-gradient();\n  background: linear-gradient();\n}\n.gallery-shortcode.gallery-masonry-shortcode-id-c43725d4ab9f05962ed8768b9d0da5ca.enable-bg-rollover.hover-scale figure .rollover:after {\n  background: -webkit-linear-gradient();\n  background: linear-gradient();\n}\n.gallery-shortcode.gallery-masonry-shortcode-id-c43725d4ab9f05962ed8768b9d0da5ca .gallery-zoom-ico {\n  width: 44px;\n  height: 44px;\n  line-height: 44px;\n  border-radius: 100px;\n  margin: -22px 0 0 -22px;\n  border-width: 0px;\n  color: #ffffff;\n}\n.dt-icon-bg-on.gallery-shortcode.gallery-masonry-shortcode-id-c43725d4ab9f05962ed8768b9d0da5ca .gallery-zoom-ico {\n  background: rgba(255,255,255,0.3);\n  box-shadow: none;\n}\n.gallery-shortcode.gallery-masonry-shortcode-id-c43725d4ab9f05962ed8768b9d0da5ca .gallery-zoom-ico:before,\n.gallery-shortcode.gallery-masonry-shortcode-id-c43725d4ab9f05962ed8768b9d0da5ca .gallery-zoom-ico span {\n  font-size: 32px;\n  line-height: 44px;\n  color: #ffffff;\n}\n.gallery-shortcode.gallery-masonry-shortcode-id-c43725d4ab9f05962ed8768b9d0da5ca:not(.resize-by-browser-width) .dt-css-grid {\n  grid-row-gap: 30px;\n  grid-column-gap: 30px;\n  grid-template-columns: repeat(auto-fill,minmax(,1fr));\n}\n.gallery-shortcode.gallery-masonry-shortcode-id-c43725d4ab9f05962ed8768b9d0da5ca:not(.resize-by-browser-width) .dt-css-grid .double-width {\n  grid-column: span 2;\n}\n.cssgridlegacy.no-cssgrid .gallery-shortcode.gallery-masonry-shortcode-id-c43725d4ab9f05962ed8768b9d0da5ca:not(.resize-by-browser-width) .dt-css-grid,\n.no-cssgridlegacy.no-cssgrid .gallery-shortcode.gallery-masonry-shortcode-id-c43725d4ab9f05962ed8768b9d0da5ca:not(.resize-by-browser-width) .dt-css-grid {\n  display: flex;\n  flex-flow: row wrap;\n  margin: -15px;\n}\n.cssgridlegacy.no-cssgrid .gallery-shortcode.gallery-masonry-shortcode-id-c43725d4ab9f05962ed8768b9d0da5ca:not(.resize-by-browser-width) .dt-css-grid .wf-cell,\n.no-cssgridlegacy.no-cssgrid .gallery-shortcode.gallery-masonry-shortcode-id-c43725d4ab9f05962ed8768b9d0da5ca:not(.resize-by-browser-width) .dt-css-grid .wf-cell {\n  flex: 1 0 ;\n  max-width: 100%;\n  padding: 15px;\n  box-sizing: border-box;\n}\n.gallery-shortcode.gallery-masonry-shortcode-id-c43725d4ab9f05962ed8768b9d0da5ca.resize-by-browser-width .dt-css-grid {\n  grid-template-columns: repeat(4,1fr);\n  grid-template-rows: auto;\n  grid-column-gap: 30px;\n  grid-row-gap: 30px;\n}\n.gallery-shortcode.gallery-masonry-shortcode-id-c43725d4ab9f05962ed8768b9d0da5ca.resize-by-browser-width .dt-css-grid .double-width {\n  grid-column: span 2;\n}\n.cssgridlegacy.no-cssgrid .gallery-shortcode.gallery-masonry-shortcode-id-c43725d4ab9f05962ed8768b9d0da5ca.resize-by-browser-width .dt-css-grid {\n  margin: -15px;\n}\n.cssgridlegacy.no-cssgrid .gallery-shortcode.gallery-masonry-shortcode-id-c43725d4ab9f05962ed8768b9d0da5ca.resize-by-browser-width .dt-css-grid .wf-cell {\n  width: 25%;\n  padding: 15px;\n}\n.cssgridlegacy.no-cssgrid .gallery-shortcode.gallery-masonry-shortcode-id-c43725d4ab9f05962ed8768b9d0da5ca.resize-by-browser-width .dt-css-grid .wf-cell.double-width {\n  width: calc(25%) * 2;\n}\n.gallery-shortcode.gallery-masonry-shortcode-id-c43725d4ab9f05962ed8768b9d0da5ca.resize-by-browser-width:not(.centered-layout-list):not(.content-bg-on) .dt-css-grid {\n  grid-row-gap: 30px - ;\n}\n@media screen and (max-width: 1199px) {\n  .gallery-shortcode.gallery-masonry-shortcode-id-c43725d4ab9f05962ed8768b9d0da5ca.resize-by-browser-width .dt-css-grid {\n    grid-template-columns: repeat(4,1fr);\n  }\n  .cssgridlegacy.no-cssgrid .gallery-shortcode.gallery-masonry-shortcode-id-c43725d4ab9f05962ed8768b9d0da5ca.resize-by-browser-width .dt-css-grid .wf-cell,\n  .no-cssgridlegacy.no-cssgrid .gallery-shortcode.gallery-masonry-shortcode-id-c43725d4ab9f05962ed8768b9d0da5ca.resize-by-browser-width .dt-css-grid .wf-cell {\n    width: 25%;\n  }\n  .cssgridlegacy.no-cssgrid .gallery-shortcode.gallery-masonry-shortcode-id-c43725d4ab9f05962ed8768b9d0da5ca.resize-by-browser-width .dt-css-grid .wf-cell.double-width,\n  .no-cssgridlegacy.no-cssgrid .gallery-shortcode.gallery-masonry-shortcode-id-c43725d4ab9f05962ed8768b9d0da5ca.resize-by-browser-width .dt-css-grid .wf-cell.double-width {\n    width: calc(25%)*2;\n  }\n}\n@media screen and (max-width: 991px) {\n  .gallery-shortcode.gallery-masonry-shortcode-id-c43725d4ab9f05962ed8768b9d0da5ca.resize-by-browser-width .dt-css-grid {\n    grid-template-columns: repeat(4,1fr);\n  }\n  .cssgridlegacy.no-cssgrid .gallery-shortcode.gallery-masonry-shortcode-id-c43725d4ab9f05962ed8768b9d0da5ca.resize-by-browser-width .dt-css-grid .wf-cell,\n  .no-cssgridlegacy.no-cssgrid .gallery-shortcode.gallery-masonry-shortcode-id-c43725d4ab9f05962ed8768b9d0da5ca.resize-by-browser-width .dt-css-grid .wf-cell {\n    width: 25%;\n  }\n  .cssgridlegacy.no-cssgrid .gallery-shortcode.gallery-masonry-shortcode-id-c43725d4ab9f05962ed8768b9d0da5ca.resize-by-browser-width .dt-css-grid .wf-cell.double-width,\n  .no-cssgridlegacy.no-cssgrid .gallery-shortcode.gallery-masonry-shortcode-id-c43725d4ab9f05962ed8768b9d0da5ca.resize-by-browser-width .dt-css-grid .wf-cell.double-width {\n    width: calc(25%)*2;\n  }\n}\n@media screen and (max-width: 767px) {\n  .gallery-shortcode.gallery-masonry-shortcode-id-c43725d4ab9f05962ed8768b9d0da5ca.resize-by-browser-width .dt-css-grid {\n    grid-template-columns: repeat(2,1fr);\n  }\n  .cssgridlegacy.no-cssgrid .gallery-shortcode.gallery-masonry-shortcode-id-c43725d4ab9f05962ed8768b9d0da5ca.resize-by-browser-width .dt-css-grid .wf-cell,\n  .no-cssgridlegacy.no-cssgrid .gallery-shortcode.gallery-masonry-shortcode-id-c43725d4ab9f05962ed8768b9d0da5ca.resize-by-browser-width .dt-css-grid .wf-cell {\n    width: 50%;\n  }\n  .cssgridlegacy.no-cssgrid .gallery-shortcode.gallery-masonry-shortcode-id-c43725d4ab9f05962ed8768b9d0da5ca.resize-by-browser-width .dt-css-grid .wf-cell.double-width,\n  .no-cssgridlegacy.no-cssgrid .gallery-shortcode.gallery-masonry-shortcode-id-c43725d4ab9f05962ed8768b9d0da5ca.resize-by-browser-width .dt-css-grid .wf-cell.double-width {\n    width: calc(50%)*2;\n  }\n}<\/style><div class=\"gallery-shortcode dt-gallery-container gallery-masonry-shortcode-id-c43725d4ab9f05962ed8768b9d0da5ca mode-grid jquery-filter dt-icon-bg-off quick-scale-img dt-css-grid-wrap enable-bg-rollover resize-by-browser-width  hover-fade loading-effect-none description-on-hover\" data-padding=\"15px\" data-cur-page=\"1\" data-post-limit=\"-1\" data-pagination-mode=\"none\" data-desktop-columns-num=\"4\" data-v-tablet-columns-num=\"4\" data-h-tablet-columns-num=\"4\" data-phone-columns-num=\"2\" data-width=\"0px\" data-columns=\"0\"><div class=\"dt-css-grid\" ><div class=\"wf-cell\" data-post-id=\"63443\" data-date=\"2023-04-14T15:04:59+00:00\" data-name=\"image00003\"><figure class=\"post visible\"><a href=\"https:\/\/dev.belairtremblant.com\/wp-content\/uploads\/2023\/04\/image00003-jpeg.webp\" class=\"rollover dt-pswp-item layzr-bg\" data-large_image_width=\"1239\" data-large_image_height=\"1165\" data-dt-img-description=\"\" title=\"image00003\"><img fetchpriority=\"high\" decoding=\"async\" class=\"preload-me iso-lazy-load aspect\" src=\"data:image\/svg+xml,%3Csvg%20xmlns%3D&#39;http%3A%2F%2Fwww.w3.org%2F2000%2Fsvg&#39;%20viewBox%3D&#39;0%200%20369%20369&#39;%2F%3E\" data-src=\"https:\/\/dev.belairtremblant.com\/wp-content\/uploads\/2023\/04\/image00003-jpeg-369x369.webp\" data-srcset=\"https:\/\/dev.belairtremblant.com\/wp-content\/uploads\/2023\/04\/image00003-jpeg-369x369.webp 369w, https:\/\/dev.belairtremblant.com\/wp-content\/uploads\/2023\/04\/image00003-jpeg-554x554.webp 554w\" loading=\"eager\" style=\"--ratio: 369 \/ 369\" sizes=\"(max-width: 369px) 100vw, 369px\" alt=\"\" width=\"369\" height=\"369\"  \/><span class=\"gallery-rollover\"><span class=\"gallery-zoom-ico icomoon-the7-font-the7-zoom-06\"><span><\/span><\/span><\/span><\/a><\/figure><\/div><div class=\"wf-cell\" data-post-id=\"63446\" data-date=\"2023-04-14T15:06:19+00:00\" data-name=\"IMG_9514\"><figure class=\"post visible\"><a href=\"https:\/\/dev.belairtremblant.com\/wp-content\/uploads\/2023\/04\/IMG_9514-jpeg.webp\" class=\"rollover dt-pswp-item layzr-bg\" data-large_image_width=\"1400\" data-large_image_height=\"1050\" data-dt-img-description=\"\" title=\"IMG_9514\"><img decoding=\"async\" class=\"preload-me iso-lazy-load aspect\" src=\"data:image\/svg+xml,%3Csvg%20xmlns%3D&#39;http%3A%2F%2Fwww.w3.org%2F2000%2Fsvg&#39;%20viewBox%3D&#39;0%200%20369%20369&#39;%2F%3E\" data-src=\"https:\/\/dev.belairtremblant.com\/wp-content\/uploads\/2023\/04\/IMG_9514-jpeg-369x369.webp\" data-srcset=\"https:\/\/dev.belairtremblant.com\/wp-content\/uploads\/2023\/04\/IMG_9514-jpeg-369x369.webp 369w, https:\/\/dev.belairtremblant.com\/wp-content\/uploads\/2023\/04\/IMG_9514-jpeg-554x554.webp 554w\" loading=\"eager\" style=\"--ratio: 369 \/ 369\" sizes=\"(max-width: 369px) 100vw, 369px\" alt=\"\" width=\"369\" height=\"369\"  \/><span class=\"gallery-rollover\"><span class=\"gallery-zoom-ico icomoon-the7-font-the7-zoom-06\"><span><\/span><\/span><\/span><\/a><\/figure><\/div><div class=\"wf-cell\" data-post-id=\"63437\" data-date=\"2023-04-14T14:31:48+00:00\" data-name=\"horse\"><figure class=\"post visible\"><a href=\"https:\/\/dev.belairtremblant.com\/wp-content\/uploads\/2023\/04\/horse-jpg.webp\" class=\"rollover dt-pswp-item layzr-bg\" data-large_image_width=\"1344\" data-large_image_height=\"1020\" data-dt-img-description=\"\" title=\"horse\"><img decoding=\"async\" class=\"preload-me iso-lazy-load aspect\" src=\"data:image\/svg+xml,%3Csvg%20xmlns%3D&#39;http%3A%2F%2Fwww.w3.org%2F2000%2Fsvg&#39;%20viewBox%3D&#39;0%200%20369%20369&#39;%2F%3E\" data-src=\"https:\/\/dev.belairtremblant.com\/wp-content\/uploads\/2023\/04\/horse-jpg-369x369.webp\" data-srcset=\"https:\/\/dev.belairtremblant.com\/wp-content\/uploads\/2023\/04\/horse-jpg-369x369.webp 369w, https:\/\/dev.belairtremblant.com\/wp-content\/uploads\/2023\/04\/horse-jpg-554x554.webp 554w\" loading=\"eager\" style=\"--ratio: 369 \/ 369\" sizes=\"(max-width: 369px) 100vw, 369px\" alt=\"\" width=\"369\" height=\"369\"  \/><span class=\"gallery-rollover\"><span class=\"gallery-zoom-ico icomoon-the7-font-the7-zoom-06\"><span><\/span><\/span><\/span><\/a><\/figure><\/div><div class=\"wf-cell\" data-post-id=\"63267\" data-date=\"2023-04-11T19:43:34+00:00\" data-name=\"image00017\"><figure class=\"post visible\"><a href=\"https:\/\/dev.belairtremblant.com\/wp-content\/uploads\/2023\/04\/image00017-rotated.webp\" class=\"rollover dt-pswp-item layzr-bg\" data-large_image_width=\"1400\" data-large_image_height=\"1157\" data-dt-img-description=\"\" title=\"image00017\"><img decoding=\"async\" class=\"preload-me iso-lazy-load aspect\" src=\"data:image\/svg+xml,%3Csvg%20xmlns%3D&#39;http%3A%2F%2Fwww.w3.org%2F2000%2Fsvg&#39;%20viewBox%3D&#39;0%200%20369%20369&#39;%2F%3E\" data-src=\"https:\/\/dev.belairtremblant.com\/wp-content\/uploads\/2023\/04\/image00017-rotated-369x369.webp\" data-srcset=\"https:\/\/dev.belairtremblant.com\/wp-content\/uploads\/2023\/04\/image00017-rotated-369x369.webp 369w, https:\/\/dev.belairtremblant.com\/wp-content\/uploads\/2023\/04\/image00017-rotated-554x554.webp 554w\" loading=\"eager\" style=\"--ratio: 369 \/ 369\" sizes=\"(max-width: 369px) 100vw, 369px\" alt=\"anniversary \" width=\"369\" height=\"369\"  \/><span class=\"gallery-rollover\"><span class=\"gallery-zoom-ico icomoon-the7-font-the7-zoom-06\"><span><\/span><\/span><\/span><\/a><\/figure><\/div><\/div><!-- iso-container|iso-grid --><\/div>[vc_separator css=\u00a0\u00bb.vc_custom_1681482504114{padding-top: 30px !important;padding-bottom: 30px !important;}\u00a0\u00bb][vc_column_text]Ces unit\u00e9s de glamping offrent une exp\u00e9rience unique o\u00f9 les couples peuvent se sentir seuls et isol\u00e9s, profitant de la compagnie de l&rsquo;autre sans aucune distraction.<\/p>\n<p>L&rsquo;\u00e9quipe du complexe s&rsquo;occupe de tout pour que les couples vivent une exp\u00e9rience m\u00e9morable et sans stress. Qu&rsquo;il s&rsquo;agisse de champagne dans la chambre, de p\u00e9tales de rose ou de toute autre demande sp\u00e9ciale, l&rsquo;\u00e9quipe est pr\u00eate \u00e0 vous aider \u00e0 cr\u00e9er l&rsquo;atmosph\u00e8re romantique parfaite.<\/p>\n<p>Bel Air Tremblant Resort offre bien plus qu&rsquo;un cadre naturel magnifique et des unit\u00e9s de glamping luxueuses. La station propose \u00e9galement une vari\u00e9t\u00e9 d&rsquo;activit\u00e9s que les couples peuvent pratiquer ensemble, comme la randonn\u00e9e, le v\u00e9lo, le kayak ou le tra\u00eeneau \u00e0 chiens pendant l&rsquo;hiver.<\/p>\n<p>Qu&rsquo;il s&rsquo;agisse d&rsquo;une occasion sp\u00e9ciale ou juste d&rsquo;une fin de semaine, Bel Air Tremblant Resort promet une exp\u00e9rience inoubliable aux couples qui cherchent \u00e0 cr\u00e9er des souvenirs inoubliables.[\/vc_column_text][\/vc_column][\/vc_row]<\/p>\n<\/div>","protected":false},"excerpt":{"rendered":"<p>[vc_row css=\u00a0\u00bb.vc_custom_1681226082160{padding-top: 30px !important;padding-bottom: 50px !important;}\u00a0\u00bb][vc_column][vc_column_text]Bel Air Tremblant Resort, nich\u00e9 au coeur de la nature, offre une exp\u00e9rience unique et magique aux couples d\u00e9sireux de c\u00e9l\u00e9brer l&rsquo;amour sous toutes ses formes. Pour la Saint-Valentin, demandes ou anniversaires de mariage, anniversaires, etc., le complexe est devenu une destination incontournable pour les couples \u00e0 la recherche d&rsquo;une&hellip;<\/p>\n","protected":false},"author":1,"featured_media":63265,"parent":63874,"menu_order":0,"comment_status":"closed","ping_status":"closed","template":"","meta":{"_et_pb_use_builder":"","_et_pb_old_content":"","_et_gb_content_width":"","footnotes":""},"class_list":["post-63962","page","type-page","status-publish","has-post-thumbnail","hentry","description-off"],"yoast_head":"<!-- This site is optimized with the Yoast SEO Premium plugin v26.6 (Yoast SEO v27.4) - https:\/\/yoast.com\/product\/yoast-seo-premium-wordpress\/ -->\n<title>H\u00f4tel romantique \u00e0 Mont Tremblant, DEV Bel Air Tremblant Resort.<\/title>\n<meta name=\"description\" content=\"DEV Bel Air Tremblant Resort vous pr\u00e9sente les escapades romantiques \u00e0 Mont Tremblant. Passez une fin de semaine dans un merveilleux h\u00f4tel romantique \u00e0 Mont Tremblant.\" \/>\n<meta name=\"robots\" content=\"noindex, follow, max-snippet:-1, max-image-preview:large, max-video-preview:-1\" \/>\n<meta property=\"og:locale\" content=\"fr_FR\" \/>\n<meta property=\"og:type\" content=\"article\" \/>\n<meta property=\"og:title\" content=\"Escapades romantiques\" \/>\n<meta property=\"og:description\" content=\"DEV Bel Air Tremblant Resort vous pr\u00e9sente les escapades romantiques \u00e0 Mont Tremblant. Passez une fin de semaine dans un merveilleux h\u00f4tel romantique \u00e0 Mont Tremblant.\" \/>\n<meta property=\"og:url\" content=\"https:\/\/dev.belairtremblant.com\/fr\/experiences\/escapades-romantiques\/\" \/>\n<meta property=\"og:site_name\" content=\"DEV Bel Air Tremblant\" \/>\n<meta property=\"article:modified_time\" content=\"2023-05-02T17:09:25+00:00\" \/>\n<meta property=\"og:image\" content=\"https:\/\/dev.belairtremblant.com\/wp-content\/uploads\/2023\/04\/DSC_0506-jpg.webp\" \/>\n\t<meta property=\"og:image:width\" content=\"1238\" \/>\n\t<meta property=\"og:image:height\" content=\"979\" \/>\n\t<meta property=\"og:image:type\" content=\"image\/jpeg\" \/>\n<meta name=\"twitter:card\" content=\"summary_large_image\" \/>\n<meta name=\"twitter:label1\" content=\"Dur\u00e9e de lecture estim\u00e9e\" \/>\n\t<meta name=\"twitter:data1\" content=\"2 minutes\" \/>\n<script type=\"application\/ld+json\" class=\"yoast-schema-graph\">{\"@context\":\"https:\\\/\\\/schema.org\",\"@graph\":[{\"@type\":\"WebPage\",\"@id\":\"https:\\\/\\\/dev.belairtremblant.com\\\/fr\\\/experiences\\\/escapades-romantiques\\\/\",\"url\":\"https:\\\/\\\/dev.belairtremblant.com\\\/fr\\\/experiences\\\/escapades-romantiques\\\/\",\"name\":\"H\u00f4tel romantique \u00e0 Mont Tremblant, DEV Bel Air Tremblant Resort.\",\"isPartOf\":{\"@id\":\"https:\\\/\\\/dev.belairtremblant.com\\\/fr\\\/#website\"},\"primaryImageOfPage\":{\"@id\":\"https:\\\/\\\/dev.belairtremblant.com\\\/fr\\\/experiences\\\/escapades-romantiques\\\/#primaryimage\"},\"image\":{\"@id\":\"https:\\\/\\\/dev.belairtremblant.com\\\/fr\\\/experiences\\\/escapades-romantiques\\\/#primaryimage\"},\"thumbnailUrl\":\"https:\\\/\\\/dev.belairtremblant.com\\\/wp-content\\\/uploads\\\/2023\\\/04\\\/DSC_0506-jpg.webp\",\"datePublished\":\"2023-04-14T14:26:17+00:00\",\"dateModified\":\"2023-05-02T17:09:25+00:00\",\"description\":\"DEV Bel Air Tremblant Resort vous pr\u00e9sente les escapades romantiques \u00e0 Mont Tremblant. Passez une fin de semaine dans un merveilleux h\u00f4tel romantique \u00e0 Mont Tremblant.\",\"breadcrumb\":{\"@id\":\"https:\\\/\\\/dev.belairtremblant.com\\\/fr\\\/experiences\\\/escapades-romantiques\\\/#breadcrumb\"},\"inLanguage\":\"fr-FR\",\"potentialAction\":[{\"@type\":\"ReadAction\",\"target\":[\"https:\\\/\\\/dev.belairtremblant.com\\\/fr\\\/experiences\\\/escapades-romantiques\\\/\"]}]},{\"@type\":\"ImageObject\",\"inLanguage\":\"fr-FR\",\"@id\":\"https:\\\/\\\/dev.belairtremblant.com\\\/fr\\\/experiences\\\/escapades-romantiques\\\/#primaryimage\",\"url\":\"https:\\\/\\\/dev.belairtremblant.com\\\/wp-content\\\/uploads\\\/2023\\\/04\\\/DSC_0506-jpg.webp\",\"contentUrl\":\"https:\\\/\\\/dev.belairtremblant.com\\\/wp-content\\\/uploads\\\/2023\\\/04\\\/DSC_0506-jpg.webp\",\"width\":1238,\"height\":979},{\"@type\":\"BreadcrumbList\",\"@id\":\"https:\\\/\\\/dev.belairtremblant.com\\\/fr\\\/experiences\\\/escapades-romantiques\\\/#breadcrumb\",\"itemListElement\":[{\"@type\":\"ListItem\",\"position\":1,\"name\":\"Home\",\"item\":\"https:\\\/\\\/dev.belairtremblant.com\\\/fr\\\/\"},{\"@type\":\"ListItem\",\"position\":2,\"name\":\"Experiences\",\"item\":\"https:\\\/\\\/dev.belairtremblant.com\\\/fr\\\/experiences\\\/\"},{\"@type\":\"ListItem\",\"position\":3,\"name\":\"Escapades romantiques\"}]},{\"@type\":\"WebSite\",\"@id\":\"https:\\\/\\\/dev.belairtremblant.com\\\/fr\\\/#website\",\"url\":\"https:\\\/\\\/dev.belairtremblant.com\\\/fr\\\/\",\"name\":\"DEV Bel Air Tremblant\",\"description\":\"Unique domes &amp; chalet rentals Mont Tremblant\",\"publisher\":{\"@id\":\"https:\\\/\\\/dev.belairtremblant.com\\\/fr\\\/#organization\"},\"potentialAction\":[{\"@type\":\"SearchAction\",\"target\":{\"@type\":\"EntryPoint\",\"urlTemplate\":\"https:\\\/\\\/dev.belairtremblant.com\\\/fr\\\/?s={search_term_string}\"},\"query-input\":{\"@type\":\"PropertyValueSpecification\",\"valueRequired\":true,\"valueName\":\"search_term_string\"}}],\"inLanguage\":\"fr-FR\"},{\"@type\":\"Organization\",\"@id\":\"https:\\\/\\\/dev.belairtremblant.com\\\/fr\\\/#organization\",\"name\":\"Bel Air Resort hotel in Tremblant\",\"url\":\"https:\\\/\\\/dev.belairtremblant.com\\\/fr\\\/\",\"logo\":{\"@type\":\"ImageObject\",\"inLanguage\":\"fr-FR\",\"@id\":\"https:\\\/\\\/dev.belairtremblant.com\\\/fr\\\/#\\\/schema\\\/logo\\\/image\\\/\",\"url\":\"https:\\\/\\\/dev.belairtremblant.com\\\/wp-content\\\/uploads\\\/2022\\\/04\\\/New-BA-Tremblant-logo.jpg\",\"contentUrl\":\"https:\\\/\\\/dev.belairtremblant.com\\\/wp-content\\\/uploads\\\/2022\\\/04\\\/New-BA-Tremblant-logo.jpg\",\"width\":800,\"height\":383,\"caption\":\"Bel Air Resort hotel in Tremblant\"},\"image\":{\"@id\":\"https:\\\/\\\/dev.belairtremblant.com\\\/fr\\\/#\\\/schema\\\/logo\\\/image\\\/\"}}]}<\/script>\n<!-- \/ Yoast SEO Premium plugin. -->","yoast_head_json":{"title":"H\u00f4tel romantique \u00e0 Mont Tremblant, DEV Bel Air Tremblant Resort.","description":"DEV Bel Air Tremblant Resort vous pr\u00e9sente les escapades romantiques \u00e0 Mont Tremblant. Passez une fin de semaine dans un merveilleux h\u00f4tel romantique \u00e0 Mont Tremblant.","robots":{"index":"noindex","follow":"follow","max-snippet":"max-snippet:-1","max-image-preview":"max-image-preview:large","max-video-preview":"max-video-preview:-1"},"og_locale":"fr_FR","og_type":"article","og_title":"Escapades romantiques","og_description":"DEV Bel Air Tremblant Resort vous pr\u00e9sente les escapades romantiques \u00e0 Mont Tremblant. Passez une fin de semaine dans un merveilleux h\u00f4tel romantique \u00e0 Mont Tremblant.","og_url":"https:\/\/dev.belairtremblant.com\/fr\/experiences\/escapades-romantiques\/","og_site_name":"DEV Bel Air Tremblant","article_modified_time":"2023-05-02T17:09:25+00:00","og_image":[{"width":1238,"height":979,"url":"https:\/\/dev.belairtremblant.com\/wp-content\/uploads\/2023\/04\/DSC_0506-jpg.webp","type":"image\/jpeg"}],"twitter_card":"summary_large_image","twitter_misc":{"Dur\u00e9e de lecture estim\u00e9e":"2 minutes"},"schema":{"@context":"https:\/\/schema.org","@graph":[{"@type":"WebPage","@id":"https:\/\/dev.belairtremblant.com\/fr\/experiences\/escapades-romantiques\/","url":"https:\/\/dev.belairtremblant.com\/fr\/experiences\/escapades-romantiques\/","name":"H\u00f4tel romantique \u00e0 Mont Tremblant, DEV Bel Air Tremblant Resort.","isPartOf":{"@id":"https:\/\/dev.belairtremblant.com\/fr\/#website"},"primaryImageOfPage":{"@id":"https:\/\/dev.belairtremblant.com\/fr\/experiences\/escapades-romantiques\/#primaryimage"},"image":{"@id":"https:\/\/dev.belairtremblant.com\/fr\/experiences\/escapades-romantiques\/#primaryimage"},"thumbnailUrl":"https:\/\/dev.belairtremblant.com\/wp-content\/uploads\/2023\/04\/DSC_0506-jpg.webp","datePublished":"2023-04-14T14:26:17+00:00","dateModified":"2023-05-02T17:09:25+00:00","description":"DEV Bel Air Tremblant Resort vous pr\u00e9sente les escapades romantiques \u00e0 Mont Tremblant. Passez une fin de semaine dans un merveilleux h\u00f4tel romantique \u00e0 Mont Tremblant.","breadcrumb":{"@id":"https:\/\/dev.belairtremblant.com\/fr\/experiences\/escapades-romantiques\/#breadcrumb"},"inLanguage":"fr-FR","potentialAction":[{"@type":"ReadAction","target":["https:\/\/dev.belairtremblant.com\/fr\/experiences\/escapades-romantiques\/"]}]},{"@type":"ImageObject","inLanguage":"fr-FR","@id":"https:\/\/dev.belairtremblant.com\/fr\/experiences\/escapades-romantiques\/#primaryimage","url":"https:\/\/dev.belairtremblant.com\/wp-content\/uploads\/2023\/04\/DSC_0506-jpg.webp","contentUrl":"https:\/\/dev.belairtremblant.com\/wp-content\/uploads\/2023\/04\/DSC_0506-jpg.webp","width":1238,"height":979},{"@type":"BreadcrumbList","@id":"https:\/\/dev.belairtremblant.com\/fr\/experiences\/escapades-romantiques\/#breadcrumb","itemListElement":[{"@type":"ListItem","position":1,"name":"Home","item":"https:\/\/dev.belairtremblant.com\/fr\/"},{"@type":"ListItem","position":2,"name":"Experiences","item":"https:\/\/dev.belairtremblant.com\/fr\/experiences\/"},{"@type":"ListItem","position":3,"name":"Escapades romantiques"}]},{"@type":"WebSite","@id":"https:\/\/dev.belairtremblant.com\/fr\/#website","url":"https:\/\/dev.belairtremblant.com\/fr\/","name":"DEV Bel Air Tremblant","description":"Unique domes &amp; chalet rentals Mont Tremblant","publisher":{"@id":"https:\/\/dev.belairtremblant.com\/fr\/#organization"},"potentialAction":[{"@type":"SearchAction","target":{"@type":"EntryPoint","urlTemplate":"https:\/\/dev.belairtremblant.com\/fr\/?s={search_term_string}"},"query-input":{"@type":"PropertyValueSpecification","valueRequired":true,"valueName":"search_term_string"}}],"inLanguage":"fr-FR"},{"@type":"Organization","@id":"https:\/\/dev.belairtremblant.com\/fr\/#organization","name":"Bel Air Resort hotel in Tremblant","url":"https:\/\/dev.belairtremblant.com\/fr\/","logo":{"@type":"ImageObject","inLanguage":"fr-FR","@id":"https:\/\/dev.belairtremblant.com\/fr\/#\/schema\/logo\/image\/","url":"https:\/\/dev.belairtremblant.com\/wp-content\/uploads\/2022\/04\/New-BA-Tremblant-logo.jpg","contentUrl":"https:\/\/dev.belairtremblant.com\/wp-content\/uploads\/2022\/04\/New-BA-Tremblant-logo.jpg","width":800,"height":383,"caption":"Bel Air Resort hotel in Tremblant"},"image":{"@id":"https:\/\/dev.belairtremblant.com\/fr\/#\/schema\/logo\/image\/"}}]}},"_links":{"self":[{"href":"https:\/\/dev.belairtremblant.com\/fr\/wp-json\/wp\/v2\/pages\/63962","targetHints":{"allow":["GET"]}}],"collection":[{"href":"https:\/\/dev.belairtremblant.com\/fr\/wp-json\/wp\/v2\/pages"}],"about":[{"href":"https:\/\/dev.belairtremblant.com\/fr\/wp-json\/wp\/v2\/types\/page"}],"author":[{"embeddable":true,"href":"https:\/\/dev.belairtremblant.com\/fr\/wp-json\/wp\/v2\/users\/1"}],"replies":[{"embeddable":true,"href":"https:\/\/dev.belairtremblant.com\/fr\/wp-json\/wp\/v2\/comments?post=63962"}],"version-history":[{"count":0,"href":"https:\/\/dev.belairtremblant.com\/fr\/wp-json\/wp\/v2\/pages\/63962\/revisions"}],"up":[{"embeddable":true,"href":"https:\/\/dev.belairtremblant.com\/fr\/wp-json\/wp\/v2\/pages\/63874"}],"wp:featuredmedia":[{"embeddable":true,"href":"https:\/\/dev.belairtremblant.com\/fr\/wp-json\/wp\/v2\/media\/63265"}],"wp:attachment":[{"href":"https:\/\/dev.belairtremblant.com\/fr\/wp-json\/wp\/v2\/media?parent=63962"}],"curies":[{"name":"wp","href":"https:\/\/api.w.org\/{rel}","templated":true}]}}