{"id":60725,"date":"2022-05-01T04:57:01","date_gmt":"2022-05-01T04:57:01","guid":{"rendered":"https:\/\/dev.belairtremblant.com\/la-resort\/avis\/"},"modified":"2025-11-29T04:52:28","modified_gmt":"2025-11-29T04:52:28","slug":"avis","status":"publish","type":"page","link":"https:\/\/dev.belairtremblant.com\/fr\/la-resort\/avis\/","title":{"rendered":"Avis"},"content":{"rendered":"<div class=\"wpb-content-wrapper\"><p>[vc_row css=\u00a0\u00bb.vc_custom_1749739988629{padding-bottom: 50px !important;}\u00a0\u00bb][vc_column][vc_custom_heading text=\u00a0\u00bbAVIS H\u00d4TELS TREMBLANT-AVIS BEL AIR\u00a0\u00bb font_container=\u00a0\u00bbtag:h1|font_size:34|text_align:center|color:%239c9379&Prime; use_theme_fonts=\u00a0\u00bbyes\u00a0\u00bb css=\u00a0\u00bb.vc_custom_1749739008423{padding-top: 50px !important;}\u00a0\u00bb]<div id=\"ultimate-heading-685369e4dbde6f1ec\" class=\"uvc-heading ult-adjust-bottom-margin ultimate-heading-685369e4dbde6f1ec uvc-1614 \" data-hspacer=\"no_spacer\"  data-halign=\"center\" style=\"text-align:center\"><div class=\"uvc-heading-spacer no_spacer\" style=\"top\"><\/div><div class=\"uvc-main-heading ult-responsive\"  data-ultimate-target='.uvc-heading.ultimate-heading-685369e4dbde6f1ec h1'  data-responsive-json-new='{\"font-size\":\"desktop:22px;\",\"line-height\":\"\"}' ><h1 style=\"--font-weight:theme;color:#494848;\">Lisez des avis v\u00e9rifi\u00e9s sur Google et TripAdvisor r\u00e9dig\u00e9s par nos anciens clients.<\/h1><\/div><div class=\"uvc-sub-heading ult-responsive\"  data-ultimate-target='.uvc-heading.ultimate-heading-685369e4dbde6f1ec .uvc-sub-heading '  data-responsive-json-new='{\"font-size\":\"\",\"line-height\":\"\"}'  style=\"font-weight:normal;color:#49484800;margin-top:15px;\"><\/p>\n<div data-romw-token=\"ExvCAcJNQFV9AttQhHcaSzuvyiicVFOFaI7GGYzUzaX7WipuPc\"><\/div>\n<p><script src=\"https:\/\/reviewsonmywebsite.com\/js\/v2\/embed.js?id=ed4438e9e91ed835b3e5bd228423f3c6\" type=\"text\/javascript\"><\/script><\/div><\/div>[vc_column_text css=\u00a0\u00bb.vc_custom_1749740025293{padding-top: 15px !important;padding-bottom: 15px !important;}\u00a0\u00bb]<\/p>\n<p style=\"text-align: justify;\">Comme pour tout \u00e9tablissement, les avis Bel Air laiss\u00e9s par nos visiteurs sont devenus un outil essentiel pour illustrer la v\u00e9ritable valeur de notre offre. Les voyageurs d\u2019aujourd\u2019hui disposent d\u2019une multitude d\u2019informations avant de r\u00e9server\u202f: comparaison des prix sur plusieurs plateformes, lecture d\u2019avis h\u00f4tels Tremblant authentiques et impartiaux, etc.<\/p>\n<p><\/p>\n<p style=\"text-align: justify;\">Nous sommes fiers des commentaires que nous recevons chez Bel Air Tremblant. Notre \u00e9quipe s\u2019engage pleinement \u00e0 offrir une exp\u00e9rience exceptionnelle \u00e0 chaque \u00e9tape du s\u00e9jour. Chaque retour est minutieusement analys\u00e9 et int\u00e9gr\u00e9 \u00e0 notre processus d\u2019am\u00e9lioration continue.<\/p>\n<p><\/p>\n<p style=\"text-align: justify;\">Ce qui nous distingue vraiment, c\u2019est la constance de notre retour positif. En comparaison avec d\u2019autres avis h\u00f4tels Tremblant, Bel Air Tremblant pr\u00e9sente l\u2019un des meilleurs taux de satisfaction selon le nombre d\u2019unit\u00e9s propos\u00e9es. La reconnaissance de nos invit\u00e9s nous touche profond\u00e9ment et nous pousse \u00e0 \u00e9lever nos standards jour apr\u00e8s jour.<\/p>\n<p>[\/vc_column_text][\/vc_column][\/vc_row][vc_row full_width=\u00a0\u00bbstretch_row\u00a0\u00bb bg_type=\u00a0\u00bbbg_color\u00a0\u00bb bg_override=\u00a0\u00bbfull\u00a0\u00bb css=\u00a0\u00bb.vc_custom_1749739359798{padding-bottom: 45px !important;}\u00a0\u00bb bg_color_value=\u00a0\u00bb#F3F3F3&Prime;][vc_column css=\u00a0\u00bb.vc_custom_1749739408299{padding-top: 25px !important;padding-bottom: 25px !important;}\u00a0\u00bb][vc_column_text]<\/p>\n<div data-romw-token=\"r2Gq2sHZIyOfCjJlMVHC9ESfebW0LhHXy5gVV0KpsfZ5IZ6mrh\"><\/div>\n<p><script src=\"https:\/\/reviewsonmywebsite.com\/js\/v2\/embed.js?id=fd1f59fcc8467fb2938d\" type=\"text\/javascript\"><\/script>[\/vc_column_text][\/vc_column][\/vc_row]<\/p>\n<\/div>","protected":false},"excerpt":{"rendered":"<p>[vc_row css=\u00a0\u00bb.vc_custom_1749739988629{padding-bottom: 50px !important;}\u00a0\u00bb][vc_column][vc_custom_heading text=\u00a0\u00bbAVIS H\u00d4TELS TREMBLANT-AVIS BEL AIR\u00a0\u00bb font_container=\u00a0\u00bbtag:h1|font_size:34|text_align:center|color:%239c9379&Prime; use_theme_fonts=\u00a0\u00bbyes\u00a0\u00bb css=\u00a0\u00bb.vc_custom_1749739008423{padding-top: 50px !important;}\u00a0\u00bb][vc_column_text css=\u00a0\u00bb.vc_custom_1749740025293{padding-top: 15px !important;padding-bottom: 15px !important;}\u00a0\u00bb] Comme pour tout \u00e9tablissement, les avis Bel Air laiss\u00e9s par nos visiteurs sont devenus un outil essentiel pour illustrer la v\u00e9ritable valeur de notre offre. Les voyageurs d\u2019aujourd\u2019hui disposent d\u2019une multitude d\u2019informations avant de r\u00e9server\u202f: comparaison&hellip;<\/p>\n","protected":false},"author":1,"featured_media":0,"parent":59801,"menu_order":0,"comment_status":"closed","ping_status":"closed","template":"","meta":{"_et_pb_use_builder":"","_et_pb_old_content":"","_et_gb_content_width":"","footnotes":""},"class_list":["post-60725","page","type-page","status-publish","hentry","description-off"],"yoast_head":"<!-- This site is optimized with the Yoast SEO Premium plugin v26.6 (Yoast SEO v27.4) - https:\/\/yoast.com\/product\/yoast-seo-premium-wordpress\/ -->\n<title>Avis h\u00f4tels Tremblant | Avis Bel Air<\/title>\n<meta name=\"description\" content=\"En comparaison avec d\u2019autres avis h\u00f4tels Tremblant, Bel Air Tremblant pr\u00e9sente l\u2019un des meilleurs taux de satisfaction.\" \/>\n<meta name=\"robots\" content=\"noindex, follow, max-snippet:-1, max-image-preview:large, max-video-preview:-1\" \/>\n<meta property=\"og:locale\" content=\"fr_FR\" \/>\n<meta property=\"og:type\" content=\"article\" \/>\n<meta property=\"og:title\" content=\"Avis\" \/>\n<meta property=\"og:description\" content=\"En comparaison avec d\u2019autres avis h\u00f4tels Tremblant, Bel Air Tremblant pr\u00e9sente l\u2019un des meilleurs taux de satisfaction.\" \/>\n<meta property=\"og:url\" content=\"https:\/\/dev.belairtremblant.com\/fr\/la-resort\/avis\/\" \/>\n<meta property=\"og:site_name\" content=\"DEV Bel Air Tremblant\" \/>\n<meta property=\"article:modified_time\" content=\"2025-11-29T04:52:28+00:00\" \/>\n<meta name=\"twitter:card\" content=\"summary_large_image\" \/>\n<meta name=\"twitter:label1\" content=\"Dur\u00e9e de lecture estim\u00e9e\" \/>\n\t<meta name=\"twitter:data1\" content=\"2 minutes\" \/>\n<script type=\"application\/ld+json\" class=\"yoast-schema-graph\">{\"@context\":\"https:\\\/\\\/schema.org\",\"@graph\":[{\"@type\":\"WebPage\",\"@id\":\"https:\\\/\\\/dev.belairtremblant.com\\\/fr\\\/la-resort\\\/avis\\\/\",\"url\":\"https:\\\/\\\/dev.belairtremblant.com\\\/fr\\\/la-resort\\\/avis\\\/\",\"name\":\"Avis h\u00f4tels Tremblant | Avis Bel Air\",\"isPartOf\":{\"@id\":\"https:\\\/\\\/dev.belairtremblant.com\\\/fr\\\/#website\"},\"datePublished\":\"2022-05-01T04:57:01+00:00\",\"dateModified\":\"2025-11-29T04:52:28+00:00\",\"description\":\"En comparaison avec d\u2019autres avis h\u00f4tels Tremblant, Bel Air Tremblant pr\u00e9sente l\u2019un des meilleurs taux de satisfaction.\",\"breadcrumb\":{\"@id\":\"https:\\\/\\\/dev.belairtremblant.com\\\/fr\\\/la-resort\\\/avis\\\/#breadcrumb\"},\"inLanguage\":\"fr-FR\",\"potentialAction\":[{\"@type\":\"ReadAction\",\"target\":[\"https:\\\/\\\/dev.belairtremblant.com\\\/fr\\\/la-resort\\\/avis\\\/\"]}]},{\"@type\":\"BreadcrumbList\",\"@id\":\"https:\\\/\\\/dev.belairtremblant.com\\\/fr\\\/la-resort\\\/avis\\\/#breadcrumb\",\"itemListElement\":[{\"@type\":\"ListItem\",\"position\":1,\"name\":\"Home\",\"item\":\"https:\\\/\\\/dev.belairtremblant.com\\\/fr\\\/\"},{\"@type\":\"ListItem\",\"position\":2,\"name\":\"Le Resort\",\"item\":\"https:\\\/\\\/dev.belairtremblant.com\\\/fr\\\/the-resort\\\/\"},{\"@type\":\"ListItem\",\"position\":3,\"name\":\"Avis\"}]},{\"@type\":\"WebSite\",\"@id\":\"https:\\\/\\\/dev.belairtremblant.com\\\/fr\\\/#website\",\"url\":\"https:\\\/\\\/dev.belairtremblant.com\\\/fr\\\/\",\"name\":\"DEV Bel Air Tremblant\",\"description\":\"Unique domes &amp; chalet rentals Mont Tremblant\",\"publisher\":{\"@id\":\"https:\\\/\\\/dev.belairtremblant.com\\\/fr\\\/#organization\"},\"potentialAction\":[{\"@type\":\"SearchAction\",\"target\":{\"@type\":\"EntryPoint\",\"urlTemplate\":\"https:\\\/\\\/dev.belairtremblant.com\\\/fr\\\/?s={search_term_string}\"},\"query-input\":{\"@type\":\"PropertyValueSpecification\",\"valueRequired\":true,\"valueName\":\"search_term_string\"}}],\"inLanguage\":\"fr-FR\"},{\"@type\":\"Organization\",\"@id\":\"https:\\\/\\\/dev.belairtremblant.com\\\/fr\\\/#organization\",\"name\":\"Bel Air Resort hotel in Tremblant\",\"url\":\"https:\\\/\\\/dev.belairtremblant.com\\\/fr\\\/\",\"logo\":{\"@type\":\"ImageObject\",\"inLanguage\":\"fr-FR\",\"@id\":\"https:\\\/\\\/dev.belairtremblant.com\\\/fr\\\/#\\\/schema\\\/logo\\\/image\\\/\",\"url\":\"https:\\\/\\\/dev.belairtremblant.com\\\/wp-content\\\/uploads\\\/2022\\\/04\\\/New-BA-Tremblant-logo.jpg\",\"contentUrl\":\"https:\\\/\\\/dev.belairtremblant.com\\\/wp-content\\\/uploads\\\/2022\\\/04\\\/New-BA-Tremblant-logo.jpg\",\"width\":800,\"height\":383,\"caption\":\"Bel Air Resort hotel in Tremblant\"},\"image\":{\"@id\":\"https:\\\/\\\/dev.belairtremblant.com\\\/fr\\\/#\\\/schema\\\/logo\\\/image\\\/\"}}]}<\/script>\n<!-- \/ Yoast SEO Premium plugin. -->","yoast_head_json":{"title":"Avis h\u00f4tels Tremblant | Avis Bel Air","description":"En comparaison avec d\u2019autres avis h\u00f4tels Tremblant, Bel Air Tremblant pr\u00e9sente l\u2019un des meilleurs taux de satisfaction.","robots":{"index":"noindex","follow":"follow","max-snippet":"max-snippet:-1","max-image-preview":"max-image-preview:large","max-video-preview":"max-video-preview:-1"},"og_locale":"fr_FR","og_type":"article","og_title":"Avis","og_description":"En comparaison avec d\u2019autres avis h\u00f4tels Tremblant, Bel Air Tremblant pr\u00e9sente l\u2019un des meilleurs taux de satisfaction.","og_url":"https:\/\/dev.belairtremblant.com\/fr\/la-resort\/avis\/","og_site_name":"DEV Bel Air Tremblant","article_modified_time":"2025-11-29T04:52:28+00:00","twitter_card":"summary_large_image","twitter_misc":{"Dur\u00e9e de lecture estim\u00e9e":"2 minutes"},"schema":{"@context":"https:\/\/schema.org","@graph":[{"@type":"WebPage","@id":"https:\/\/dev.belairtremblant.com\/fr\/la-resort\/avis\/","url":"https:\/\/dev.belairtremblant.com\/fr\/la-resort\/avis\/","name":"Avis h\u00f4tels Tremblant | Avis Bel Air","isPartOf":{"@id":"https:\/\/dev.belairtremblant.com\/fr\/#website"},"datePublished":"2022-05-01T04:57:01+00:00","dateModified":"2025-11-29T04:52:28+00:00","description":"En comparaison avec d\u2019autres avis h\u00f4tels Tremblant, Bel Air Tremblant pr\u00e9sente l\u2019un des meilleurs taux de satisfaction.","breadcrumb":{"@id":"https:\/\/dev.belairtremblant.com\/fr\/la-resort\/avis\/#breadcrumb"},"inLanguage":"fr-FR","potentialAction":[{"@type":"ReadAction","target":["https:\/\/dev.belairtremblant.com\/fr\/la-resort\/avis\/"]}]},{"@type":"BreadcrumbList","@id":"https:\/\/dev.belairtremblant.com\/fr\/la-resort\/avis\/#breadcrumb","itemListElement":[{"@type":"ListItem","position":1,"name":"Home","item":"https:\/\/dev.belairtremblant.com\/fr\/"},{"@type":"ListItem","position":2,"name":"Le Resort","item":"https:\/\/dev.belairtremblant.com\/fr\/the-resort\/"},{"@type":"ListItem","position":3,"name":"Avis"}]},{"@type":"WebSite","@id":"https:\/\/dev.belairtremblant.com\/fr\/#website","url":"https:\/\/dev.belairtremblant.com\/fr\/","name":"DEV Bel Air Tremblant","description":"Unique domes &amp; chalet rentals Mont Tremblant","publisher":{"@id":"https:\/\/dev.belairtremblant.com\/fr\/#organization"},"potentialAction":[{"@type":"SearchAction","target":{"@type":"EntryPoint","urlTemplate":"https:\/\/dev.belairtremblant.com\/fr\/?s={search_term_string}"},"query-input":{"@type":"PropertyValueSpecification","valueRequired":true,"valueName":"search_term_string"}}],"inLanguage":"fr-FR"},{"@type":"Organization","@id":"https:\/\/dev.belairtremblant.com\/fr\/#organization","name":"Bel Air Resort hotel in Tremblant","url":"https:\/\/dev.belairtremblant.com\/fr\/","logo":{"@type":"ImageObject","inLanguage":"fr-FR","@id":"https:\/\/dev.belairtremblant.com\/fr\/#\/schema\/logo\/image\/","url":"https:\/\/dev.belairtremblant.com\/wp-content\/uploads\/2022\/04\/New-BA-Tremblant-logo.jpg","contentUrl":"https:\/\/dev.belairtremblant.com\/wp-content\/uploads\/2022\/04\/New-BA-Tremblant-logo.jpg","width":800,"height":383,"caption":"Bel Air Resort hotel in Tremblant"},"image":{"@id":"https:\/\/dev.belairtremblant.com\/fr\/#\/schema\/logo\/image\/"}}]}},"_links":{"self":[{"href":"https:\/\/dev.belairtremblant.com\/fr\/wp-json\/wp\/v2\/pages\/60725","targetHints":{"allow":["GET"]}}],"collection":[{"href":"https:\/\/dev.belairtremblant.com\/fr\/wp-json\/wp\/v2\/pages"}],"about":[{"href":"https:\/\/dev.belairtremblant.com\/fr\/wp-json\/wp\/v2\/types\/page"}],"author":[{"embeddable":true,"href":"https:\/\/dev.belairtremblant.com\/fr\/wp-json\/wp\/v2\/users\/1"}],"replies":[{"embeddable":true,"href":"https:\/\/dev.belairtremblant.com\/fr\/wp-json\/wp\/v2\/comments?post=60725"}],"version-history":[{"count":0,"href":"https:\/\/dev.belairtremblant.com\/fr\/wp-json\/wp\/v2\/pages\/60725\/revisions"}],"up":[{"embeddable":true,"href":"https:\/\/dev.belairtremblant.com\/fr\/wp-json\/wp\/v2\/pages\/59801"}],"wp:attachment":[{"href":"https:\/\/dev.belairtremblant.com\/fr\/wp-json\/wp\/v2\/media?parent=60725"}],"curies":[{"name":"wp","href":"https:\/\/api.w.org\/{rel}","templated":true}]}}