{"id":60388,"date":"2021-10-29T21:12:16","date_gmt":"2021-10-29T21:12:16","guid":{"rendered":"https:\/\/dev.belairtremblant.com\/immobilier\/maisons-modeles\/mini-negano\/"},"modified":"2025-11-29T04:01:33","modified_gmt":"2025-11-29T04:01:33","slug":"mini-negano","status":"publish","type":"page","link":"https:\/\/dev.belairtremblant.com\/fr\/immobilier\/maisons-modeles\/mini-negano\/","title":{"rendered":"Mini Nagano"},"content":{"rendered":"<div class=\"wpb-content-wrapper\"><p>[vc_row][vc_column][vc_single_image image=\u00a0\u00bb59293&Prime; img_size=\u00a0\u00bbfull\u00a0\u00bb alignment=\u00a0\u00bbcenter\u00a0\u00bb style=\u00a0\u00bbvc_box_shadow\u00a0\u00bb onclick=\u00a0\u00bblink_image\u00a0\u00bb css=\u00a0\u00bb.vc_custom_1635541541705{padding-bottom: 10px !important;}\u00a0\u00bb][vc_column_text css=\u00a0\u00bb.vc_custom_1635518187882{padding-bottom: 25px !important;}\u00a0\u00bb]<\/p>\n<p style=\"text-align: center;\"><strong>* Ilustration artistique :<\/strong><em> l\u2019architecture du mod\u00e8le r\u00e9el peut varier.<\/em><\/p>\n<p>[\/vc_column_text][\/vc_column][\/vc_row][vc_row css=\u00a0\u00bb.vc_custom_1635531726287{padding-top: 20px !important;}\u00a0\u00bb][vc_column][vc_custom_heading text=\u00a0\u00bbMINI NAGANO\u00a0\u00bb font_container=\u00a0\u00bbtag:h1|font_size:40|text_align:center|color:%239c9379&Prime; use_theme_fonts=\u00a0\u00bbyes\u00a0\u00bb css=\u00a0\u00bb\u00a0\u00bb][vc_custom_heading text=\u00a0\u00bb1 058 000 $\u00a0\u00bb font_container=\u00a0\u00bbtag:h2|font_size:25|text_align:center|color:%23494848&Prime; use_theme_fonts=\u00a0\u00bbyes\u00a0\u00bb css=\u00a0\u00bb.vc_custom_1651326861626{padding-top: 5px !important;}\u00a0\u00bb][\/vc_column][\/vc_row][vc_row gap=\u00a0\u00bb20&Prime; content_placement=\u00a0\u00bbmiddle\u00a0\u00bb css=\u00a0\u00bb.vc_custom_1660154725836{padding-top: 15px !important;padding-right: 50px !important;padding-left: 50px !important;}\u00a0\u00bb][vc_column width=\u00a0\u00bb1\/6&Prime;][\/vc_column][vc_column width=\u00a0\u00bb1\/6&Prime;]<div id=\"ultimate-heading-575169e4f8dfabf12\" class=\"uvc-heading ult-adjust-bottom-margin ultimate-heading-575169e4f8dfabf12 uvc-2489 \" data-hspacer=\"line_only\"  data-halign=\"center\" style=\"text-align:center\"><div class=\"uvc-main-heading ult-responsive\"  data-ultimate-target='.uvc-heading.ultimate-heading-575169e4f8dfabf12 h2'  data-responsive-json-new='{\"font-size\":\"desktop:30px;\",\"line-height\":\"\"}' ><h2 style=\"font-weight:bold;color:#000000;\">4<\/h2><\/div><div class=\"uvc-heading-spacer line_only\" style=\"topheight:0.5px;\"><span class=\"uvc-headings-line\" style=\"border-style:solid;border-bottom-width:0.5px;border-color:rgba(156,147,121,0.76);width:100px;\"><\/span><\/div><div class=\"uvc-sub-heading ult-responsive\"  data-ultimate-target='.uvc-heading.ultimate-heading-575169e4f8dfabf12 .uvc-sub-heading '  data-responsive-json-new='{\"font-size\":\"desktop:24px;\",\"line-height\":\"\"}'  style=\"font-weight:normal;color:#000000;margin-top:10px;\">Chambres<\/div><\/div>[\/vc_column][vc_column width=\u00a0\u00bb1\/6&Prime;]<div id=\"ultimate-heading-775669e4f8dfabfe5\" class=\"uvc-heading ult-adjust-bottom-margin ultimate-heading-775669e4f8dfabfe5 uvc-986 \" data-hspacer=\"line_only\"  data-halign=\"center\" style=\"text-align:center\"><div class=\"uvc-main-heading ult-responsive\"  data-ultimate-target='.uvc-heading.ultimate-heading-775669e4f8dfabfe5 h2'  data-responsive-json-new='{\"font-size\":\"desktop:30px;\",\"line-height\":\"\"}' ><h2 style=\"font-weight:bold;color:#000000;\">4.5<\/h2><\/div><div class=\"uvc-heading-spacer line_only\" style=\"topheight:1px;\"><span class=\"uvc-headings-line\" style=\"border-style:solid;border-bottom-width:1px;border-color:rgba(156,147,121,0.76);width:100px;\"><\/span><\/div><div class=\"uvc-sub-heading ult-responsive\"  data-ultimate-target='.uvc-heading.ultimate-heading-775669e4f8dfabfe5 .uvc-sub-heading '  data-responsive-json-new='{\"font-size\":\"desktop:24px;\",\"line-height\":\"\"}'  style=\"font-weight:normal;color:#000000;margin-top:10px;\">Salles de bain<\/div><\/div>[\/vc_column][vc_column width=\u00a0\u00bb1\/6&Prime;]<div id=\"ultimate-heading-500469e4f8dfac067\" class=\"uvc-heading ult-adjust-bottom-margin ultimate-heading-500469e4f8dfac067 uvc-5955 \" data-hspacer=\"line_only\"  data-halign=\"center\" style=\"text-align:center\"><div class=\"uvc-main-heading ult-responsive\"  data-ultimate-target='.uvc-heading.ultimate-heading-500469e4f8dfac067 h2'  data-responsive-json-new='{\"font-size\":\"desktop:30px;\",\"line-height\":\"\"}' ><h2 style=\"font-weight:bold;color:#000000;\">TBA<\/h2><\/div><div class=\"uvc-heading-spacer line_only\" style=\"topheight:1px;\"><span class=\"uvc-headings-line\" style=\"border-style:solid;border-bottom-width:1px;border-color:rgba(156,147,121,0.76);width:100px;\"><\/span><\/div><div class=\"uvc-sub-heading ult-responsive\"  data-ultimate-target='.uvc-heading.ultimate-heading-500469e4f8dfac067 .uvc-sub-heading '  data-responsive-json-new='{\"font-size\":\"desktop:24px;\",\"line-height\":\"\"}'  style=\"font-weight:normal;color:#000000;margin-top:10px;\">Pieds carr\u00e9s<\/div><\/div>[\/vc_column][vc_column width=\u00a0\u00bb1\/6&Prime;]<div id=\"ultimate-heading-713169e4f8dfac0dd\" class=\"uvc-heading ult-adjust-bottom-margin ultimate-heading-713169e4f8dfac0dd uvc-7448 \" data-hspacer=\"line_only\"  data-halign=\"center\" style=\"text-align:center\"><div class=\"uvc-main-heading ult-responsive\"  data-ultimate-target='.uvc-heading.ultimate-heading-713169e4f8dfac0dd h2'  data-responsive-json-new='{\"font-size\":\"desktop:30px;\",\"line-height\":\"\"}' ><h2 style=\"font-weight:bold;color:#000000;\">2<\/h2><\/div><div class=\"uvc-heading-spacer line_only\" style=\"topheight:1px;\"><span class=\"uvc-headings-line\" style=\"border-style:solid;border-bottom-width:1px;border-color:rgba(156,147,121,0.76);width:100px;\"><\/span><\/div><div class=\"uvc-sub-heading ult-responsive\"  data-ultimate-target='.uvc-heading.ultimate-heading-713169e4f8dfac0dd .uvc-sub-heading '  data-responsive-json-new='{\"font-size\":\"desktop:24px;\",\"line-height\":\"\"}'  style=\"font-weight:normal;color:#000000;margin-top:10px;\">\u00c9tage<\/div><\/div>[\/vc_column][vc_column width=\u00a0\u00bb1\/6&Prime;][\/vc_column][\/vc_row][vc_row css=\u00a0\u00bb.vc_custom_1635534864700{padding-top: 40px !important;padding-right: 50px !important;padding-left: 50px !important;}\u00a0\u00bb][vc_column][vc_custom_heading text=\u00a0\u00bbPlans d&apos;\u00e9tage\u00a0\u00bb font_container=\u00a0\u00bbtag:h2|font_size:25|text_align:center|color:%239c9379&Prime; use_theme_fonts=\u00a0\u00bbyes\u00a0\u00bb css=\u00a0\u00bb.vc_custom_1635534842106{padding-top: 25px !important;}\u00a0\u00bb][vc_separator color=\u00a0\u00bbcustom\u00a0\u00bb el_width=\u00a0\u00bb60&Prime;][vc_column_text]<\/p>\n<p style=\"text-align: center;\">Download floorplans<\/p>\n<p><\/p>\n<p style=\"text-align: center;\"><a href=\"https:\/\/dev.belairtremblant.com\/wp-content\/uploads\/2021\/10\/mini-negano.pdf\"><img loading=\"lazy\" decoding=\"async\" class=\"aligncenter size-full wp-image-57370\" src=\"https:\/\/dev.belairtremblant.com\/wp-content\/uploads\/2021\/10\/PDF_downlaod.png\" alt=\"\" width=\"50\" height=\"55\" \/><\/a><\/p>\n<p>[\/vc_column_text][\/vc_column][\/vc_row][vc_row full_width=\u00a0\u00bbstretch_row\u00a0\u00bb css=\u00a0\u00bb.vc_custom_1660153758447{margin-right: 50px !important;margin-left: 50px !important;}\u00a0\u00bb][vc_column]<style type=\"text\/css\" data-type=\"the7_shortcodes-inline-css\">.shortcode-single-image-wrap.shortcode-single-image-2ced85b20e983c822e8f2435cf4becc1.enable-bg-rollover .rollover i,\n.shortcode-single-image-wrap.shortcode-single-image-2ced85b20e983c822e8f2435cf4becc1.enable-bg-rollover .rollover-video i {\n  background: -webkit-linear-gradient();\n  background: linear-gradient();\n}\n.shortcode-single-image-wrap.shortcode-single-image-2ced85b20e983c822e8f2435cf4becc1 .rollover-icon {\n  font-size: 32px;\n  color: #ffffff;\n  min-width: 80px;\n  min-height: 80px;\n  line-height: 80px;\n  border-radius: 100px;\n  border-style: solid;\n  border-width: 0px;\n}\n.dt-icon-bg-on.shortcode-single-image-wrap.shortcode-single-image-2ced85b20e983c822e8f2435cf4becc1 .rollover-icon {\n  background: #9c9379;\n  box-shadow: none;\n}<\/style><div class=\"shortcode-single-image-wrap shortcode-single-image-2ced85b20e983c822e8f2435cf4becc1 alignnone  enable-bg-rollover dt-icon-bg-on\" style=\"margin-top:0px; margin-bottom:0px; margin-left:0px; margin-right:0px; width:800px;\" data-pretty-share=\"facebook,twitter,pinterest,linkedin\"><div class=\"shortcode-single-image\"><div class=\"fancy-media-wrap\" style=\"\"><a class=\"layzr-bg rollover rollover-zoom dt-pswp-item pswp-image\" href=\"https:\/\/dev.belairtremblant.com\/wp-content\/uploads\/2021\/10\/MINI-NEGANO.jpg\" title=\"MINI-NEGANO\" data-dt-img-description=\"\" data-large_image_width=\"800\" data-large_image_height = \"576\"  style=\"\"><img fetchpriority=\"high\" decoding=\"async\" class=\"preload-me lazy-load aspect\" src=\"data:image\/svg+xml,%3Csvg%20xmlns%3D&#39;http%3A%2F%2Fwww.w3.org%2F2000%2Fsvg&#39;%20viewBox%3D&#39;0%200%20800%20576&#39;%2F%3E\" data-src=\"https:\/\/dev.belairtremblant.com\/wp-content\/uploads\/2021\/10\/MINI-NEGANO.jpg\" data-srcset=\"https:\/\/dev.belairtremblant.com\/wp-content\/uploads\/2021\/10\/MINI-NEGANO.jpg 800w\" loading=\"eager\" style=\"--ratio: 800 \/ 576\" sizes=\"(max-width: 800px) 100vw, 800px\" width=\"800\" height=\"576\"  data-dt-location=\"https:\/\/dev.belairtremblant.com\/fr\/mini-negano\/\" alt=\"\" \/><span class=\" rollover-icon icomoon-the7-font-the7-plus-10\"><\/span><\/a><\/div><\/div><\/div>[\/vc_column][\/vc_row]<\/p>\n<\/div>","protected":false},"excerpt":{"rendered":"<p>[vc_row][vc_column][vc_single_image image=\u00a0\u00bb59293&Prime; img_size=\u00a0\u00bbfull\u00a0\u00bb alignment=\u00a0\u00bbcenter\u00a0\u00bb style=\u00a0\u00bbvc_box_shadow\u00a0\u00bb onclick=\u00a0\u00bblink_image\u00a0\u00bb css=\u00a0\u00bb.vc_custom_1635541541705{padding-bottom: 10px !important;}\u00a0\u00bb][vc_column_text css=\u00a0\u00bb.vc_custom_1635518187882{padding-bottom: 25px !important;}\u00a0\u00bb] * Ilustration artistique : l\u2019architecture du mod\u00e8le r\u00e9el peut varier. [\/vc_column_text][\/vc_column][\/vc_row][vc_row css=\u00a0\u00bb.vc_custom_1635531726287{padding-top: 20px !important;}\u00a0\u00bb][vc_column][vc_custom_heading text=\u00a0\u00bbMINI NAGANO\u00a0\u00bb font_container=\u00a0\u00bbtag:h1|font_size:40|text_align:center|color:%239c9379&Prime; use_theme_fonts=\u00a0\u00bbyes\u00a0\u00bb css=\u00a0\u00bb\u00a0\u00bb][vc_custom_heading text=\u00a0\u00bb1 058 000 $\u00a0\u00bb font_container=\u00a0\u00bbtag:h2|font_size:25|text_align:center|color:%23494848&Prime; use_theme_fonts=\u00a0\u00bbyes\u00a0\u00bb css=\u00a0\u00bb.vc_custom_1651326861626{padding-top: 5px !important;}\u00a0\u00bb][\/vc_column][\/vc_row][vc_row gap=\u00a0\u00bb20&Prime; content_placement=\u00a0\u00bbmiddle\u00a0\u00bb css=\u00a0\u00bb.vc_custom_1660154725836{padding-top: 15px !important;padding-right: 50px !important;padding-left: 50px !important;}\u00a0\u00bb][vc_column width=\u00a0\u00bb1\/6&Prime;][\/vc_column][vc_column width=\u00a0\u00bb1\/6&Prime;][\/vc_column][vc_column width=\u00a0\u00bb1\/6&Prime;][\/vc_column][vc_column width=\u00a0\u00bb1\/6&Prime;][\/vc_column][vc_column width=\u00a0\u00bb1\/6&Prime;][\/vc_column][vc_column width=\u00a0\u00bb1\/6&Prime;][\/vc_column][\/vc_row][vc_row&hellip;<\/p>\n","protected":false},"author":1,"featured_media":0,"parent":59916,"menu_order":0,"comment_status":"closed","ping_status":"closed","template":"","meta":{"_et_pb_use_builder":"","_et_pb_old_content":"","_et_gb_content_width":"","footnotes":""},"class_list":["post-60388","page","type-page","status-publish","hentry","description-off"],"yoast_head":"<!-- This site is optimized with the Yoast SEO Premium plugin v26.6 (Yoast SEO v27.4) - https:\/\/yoast.com\/product\/yoast-seo-premium-wordpress\/ -->\n<title>Maison mod\u00e8le Mini Nagano<\/title>\n<meta name=\"description\" content=\"D\u00e9couvrez la maison mod\u00e8le Mini Nagano \u00e0 Bel Air Tremblant avec 4 chambres \u00e0 coucher, 4.5 salles de bain, 2 niveaux.\" \/>\n<meta name=\"robots\" content=\"noindex, follow, max-snippet:-1, max-image-preview:large, max-video-preview:-1\" \/>\n<meta property=\"og:locale\" content=\"fr_FR\" \/>\n<meta property=\"og:type\" content=\"article\" \/>\n<meta property=\"og:title\" content=\"Mini Nagano\" \/>\n<meta property=\"og:description\" content=\"D\u00e9couvrez la maison mod\u00e8le Mini Nagano \u00e0 Bel Air Tremblant avec 4 chambres \u00e0 coucher, 4.5 salles de bain, 2 niveaux.\" \/>\n<meta property=\"og:url\" content=\"https:\/\/dev.belairtremblant.com\/fr\/immobilier\/maisons-modeles\/mini-negano\/\" \/>\n<meta property=\"og:site_name\" content=\"DEV Bel Air Tremblant\" \/>\n<meta property=\"article:modified_time\" content=\"2025-11-29T04:01:33+00:00\" \/>\n<meta property=\"og:image\" content=\"https:\/\/dev.belairtremblant.com\/wp-content\/uploads\/2021\/10\/PDF_downlaod.png\" \/>\n\t<meta property=\"og:image:width\" content=\"50\" \/>\n\t<meta property=\"og:image:height\" content=\"55\" \/>\n\t<meta property=\"og:image:type\" content=\"image\/png\" \/>\n<meta name=\"twitter:card\" content=\"summary_large_image\" \/>\n<meta name=\"twitter:label1\" content=\"Dur\u00e9e de lecture estim\u00e9e\" \/>\n\t<meta name=\"twitter:data1\" content=\"2 minutes\" \/>\n<script type=\"application\/ld+json\" class=\"yoast-schema-graph\">{\"@context\":\"https:\\\/\\\/schema.org\",\"@graph\":[{\"@type\":\"WebPage\",\"@id\":\"https:\\\/\\\/dev.belairtremblant.com\\\/fr\\\/immobilier\\\/maisons-modeles\\\/mini-negano\\\/\",\"url\":\"https:\\\/\\\/dev.belairtremblant.com\\\/fr\\\/immobilier\\\/maisons-modeles\\\/mini-negano\\\/\",\"name\":\"Maison mod\u00e8le Mini Nagano\",\"isPartOf\":{\"@id\":\"https:\\\/\\\/dev.belairtremblant.com\\\/fr\\\/#website\"},\"primaryImageOfPage\":{\"@id\":\"https:\\\/\\\/dev.belairtremblant.com\\\/fr\\\/immobilier\\\/maisons-modeles\\\/mini-negano\\\/#primaryimage\"},\"image\":{\"@id\":\"https:\\\/\\\/dev.belairtremblant.com\\\/fr\\\/immobilier\\\/maisons-modeles\\\/mini-negano\\\/#primaryimage\"},\"thumbnailUrl\":\"https:\\\/\\\/dev.belairtremblant.com\\\/wp-content\\\/uploads\\\/2021\\\/10\\\/PDF_downlaod.png\",\"datePublished\":\"2021-10-29T21:12:16+00:00\",\"dateModified\":\"2025-11-29T04:01:33+00:00\",\"description\":\"D\u00e9couvrez la maison mod\u00e8le Mini Nagano \u00e0 Bel Air Tremblant avec 4 chambres \u00e0 coucher, 4.5 salles de bain, 2 niveaux.\",\"breadcrumb\":{\"@id\":\"https:\\\/\\\/dev.belairtremblant.com\\\/fr\\\/immobilier\\\/maisons-modeles\\\/mini-negano\\\/#breadcrumb\"},\"inLanguage\":\"fr-FR\",\"potentialAction\":[{\"@type\":\"ReadAction\",\"target\":[\"https:\\\/\\\/dev.belairtremblant.com\\\/fr\\\/immobilier\\\/maisons-modeles\\\/mini-negano\\\/\"]}]},{\"@type\":\"ImageObject\",\"inLanguage\":\"fr-FR\",\"@id\":\"https:\\\/\\\/dev.belairtremblant.com\\\/fr\\\/immobilier\\\/maisons-modeles\\\/mini-negano\\\/#primaryimage\",\"url\":\"https:\\\/\\\/dev.belairtremblant.com\\\/wp-content\\\/uploads\\\/2021\\\/10\\\/PDF_downlaod.png\",\"contentUrl\":\"https:\\\/\\\/dev.belairtremblant.com\\\/wp-content\\\/uploads\\\/2021\\\/10\\\/PDF_downlaod.png\"},{\"@type\":\"BreadcrumbList\",\"@id\":\"https:\\\/\\\/dev.belairtremblant.com\\\/fr\\\/immobilier\\\/maisons-modeles\\\/mini-negano\\\/#breadcrumb\",\"itemListElement\":[{\"@type\":\"ListItem\",\"position\":1,\"name\":\"Home\",\"item\":\"https:\\\/\\\/dev.belairtremblant.com\\\/fr\\\/\"},{\"@type\":\"ListItem\",\"position\":2,\"name\":\"Immobilier\",\"item\":\"https:\\\/\\\/dev.belairtremblant.com\\\/fr\\\/real-estate\\\/\"},{\"@type\":\"ListItem\",\"position\":3,\"name\":\"Maisons mod\u00e8les\",\"item\":\"https:\\\/\\\/dev.belairtremblant.com\\\/fr\\\/real-estate\\\/model-homes\\\/\"},{\"@type\":\"ListItem\",\"position\":4,\"name\":\"Mini Nagano\"}]},{\"@type\":\"WebSite\",\"@id\":\"https:\\\/\\\/dev.belairtremblant.com\\\/fr\\\/#website\",\"url\":\"https:\\\/\\\/dev.belairtremblant.com\\\/fr\\\/\",\"name\":\"DEV Bel Air Tremblant\",\"description\":\"Unique domes &amp; chalet rentals Mont Tremblant\",\"publisher\":{\"@id\":\"https:\\\/\\\/dev.belairtremblant.com\\\/fr\\\/#organization\"},\"potentialAction\":[{\"@type\":\"SearchAction\",\"target\":{\"@type\":\"EntryPoint\",\"urlTemplate\":\"https:\\\/\\\/dev.belairtremblant.com\\\/fr\\\/?s={search_term_string}\"},\"query-input\":{\"@type\":\"PropertyValueSpecification\",\"valueRequired\":true,\"valueName\":\"search_term_string\"}}],\"inLanguage\":\"fr-FR\"},{\"@type\":\"Organization\",\"@id\":\"https:\\\/\\\/dev.belairtremblant.com\\\/fr\\\/#organization\",\"name\":\"Bel Air Resort hotel in Tremblant\",\"url\":\"https:\\\/\\\/dev.belairtremblant.com\\\/fr\\\/\",\"logo\":{\"@type\":\"ImageObject\",\"inLanguage\":\"fr-FR\",\"@id\":\"https:\\\/\\\/dev.belairtremblant.com\\\/fr\\\/#\\\/schema\\\/logo\\\/image\\\/\",\"url\":\"https:\\\/\\\/dev.belairtremblant.com\\\/wp-content\\\/uploads\\\/2022\\\/04\\\/New-BA-Tremblant-logo.jpg\",\"contentUrl\":\"https:\\\/\\\/dev.belairtremblant.com\\\/wp-content\\\/uploads\\\/2022\\\/04\\\/New-BA-Tremblant-logo.jpg\",\"width\":800,\"height\":383,\"caption\":\"Bel Air Resort hotel in Tremblant\"},\"image\":{\"@id\":\"https:\\\/\\\/dev.belairtremblant.com\\\/fr\\\/#\\\/schema\\\/logo\\\/image\\\/\"}}]}<\/script>\n<!-- \/ Yoast SEO Premium plugin. -->","yoast_head_json":{"title":"Maison mod\u00e8le Mini Nagano","description":"D\u00e9couvrez la maison mod\u00e8le Mini Nagano \u00e0 Bel Air Tremblant avec 4 chambres \u00e0 coucher, 4.5 salles de bain, 2 niveaux.","robots":{"index":"noindex","follow":"follow","max-snippet":"max-snippet:-1","max-image-preview":"max-image-preview:large","max-video-preview":"max-video-preview:-1"},"og_locale":"fr_FR","og_type":"article","og_title":"Mini Nagano","og_description":"D\u00e9couvrez la maison mod\u00e8le Mini Nagano \u00e0 Bel Air Tremblant avec 4 chambres \u00e0 coucher, 4.5 salles de bain, 2 niveaux.","og_url":"https:\/\/dev.belairtremblant.com\/fr\/immobilier\/maisons-modeles\/mini-negano\/","og_site_name":"DEV Bel Air Tremblant","article_modified_time":"2025-11-29T04:01:33+00:00","og_image":[{"width":50,"height":55,"url":"https:\/\/dev.belairtremblant.com\/wp-content\/uploads\/2021\/10\/PDF_downlaod.png","type":"image\/png"}],"twitter_card":"summary_large_image","twitter_misc":{"Dur\u00e9e de lecture estim\u00e9e":"2 minutes"},"schema":{"@context":"https:\/\/schema.org","@graph":[{"@type":"WebPage","@id":"https:\/\/dev.belairtremblant.com\/fr\/immobilier\/maisons-modeles\/mini-negano\/","url":"https:\/\/dev.belairtremblant.com\/fr\/immobilier\/maisons-modeles\/mini-negano\/","name":"Maison mod\u00e8le Mini Nagano","isPartOf":{"@id":"https:\/\/dev.belairtremblant.com\/fr\/#website"},"primaryImageOfPage":{"@id":"https:\/\/dev.belairtremblant.com\/fr\/immobilier\/maisons-modeles\/mini-negano\/#primaryimage"},"image":{"@id":"https:\/\/dev.belairtremblant.com\/fr\/immobilier\/maisons-modeles\/mini-negano\/#primaryimage"},"thumbnailUrl":"https:\/\/dev.belairtremblant.com\/wp-content\/uploads\/2021\/10\/PDF_downlaod.png","datePublished":"2021-10-29T21:12:16+00:00","dateModified":"2025-11-29T04:01:33+00:00","description":"D\u00e9couvrez la maison mod\u00e8le Mini Nagano \u00e0 Bel Air Tremblant avec 4 chambres \u00e0 coucher, 4.5 salles de bain, 2 niveaux.","breadcrumb":{"@id":"https:\/\/dev.belairtremblant.com\/fr\/immobilier\/maisons-modeles\/mini-negano\/#breadcrumb"},"inLanguage":"fr-FR","potentialAction":[{"@type":"ReadAction","target":["https:\/\/dev.belairtremblant.com\/fr\/immobilier\/maisons-modeles\/mini-negano\/"]}]},{"@type":"ImageObject","inLanguage":"fr-FR","@id":"https:\/\/dev.belairtremblant.com\/fr\/immobilier\/maisons-modeles\/mini-negano\/#primaryimage","url":"https:\/\/dev.belairtremblant.com\/wp-content\/uploads\/2021\/10\/PDF_downlaod.png","contentUrl":"https:\/\/dev.belairtremblant.com\/wp-content\/uploads\/2021\/10\/PDF_downlaod.png"},{"@type":"BreadcrumbList","@id":"https:\/\/dev.belairtremblant.com\/fr\/immobilier\/maisons-modeles\/mini-negano\/#breadcrumb","itemListElement":[{"@type":"ListItem","position":1,"name":"Home","item":"https:\/\/dev.belairtremblant.com\/fr\/"},{"@type":"ListItem","position":2,"name":"Immobilier","item":"https:\/\/dev.belairtremblant.com\/fr\/real-estate\/"},{"@type":"ListItem","position":3,"name":"Maisons mod\u00e8les","item":"https:\/\/dev.belairtremblant.com\/fr\/real-estate\/model-homes\/"},{"@type":"ListItem","position":4,"name":"Mini Nagano"}]},{"@type":"WebSite","@id":"https:\/\/dev.belairtremblant.com\/fr\/#website","url":"https:\/\/dev.belairtremblant.com\/fr\/","name":"DEV Bel Air Tremblant","description":"Unique domes &amp; chalet rentals Mont Tremblant","publisher":{"@id":"https:\/\/dev.belairtremblant.com\/fr\/#organization"},"potentialAction":[{"@type":"SearchAction","target":{"@type":"EntryPoint","urlTemplate":"https:\/\/dev.belairtremblant.com\/fr\/?s={search_term_string}"},"query-input":{"@type":"PropertyValueSpecification","valueRequired":true,"valueName":"search_term_string"}}],"inLanguage":"fr-FR"},{"@type":"Organization","@id":"https:\/\/dev.belairtremblant.com\/fr\/#organization","name":"Bel Air Resort hotel in Tremblant","url":"https:\/\/dev.belairtremblant.com\/fr\/","logo":{"@type":"ImageObject","inLanguage":"fr-FR","@id":"https:\/\/dev.belairtremblant.com\/fr\/#\/schema\/logo\/image\/","url":"https:\/\/dev.belairtremblant.com\/wp-content\/uploads\/2022\/04\/New-BA-Tremblant-logo.jpg","contentUrl":"https:\/\/dev.belairtremblant.com\/wp-content\/uploads\/2022\/04\/New-BA-Tremblant-logo.jpg","width":800,"height":383,"caption":"Bel Air Resort hotel in Tremblant"},"image":{"@id":"https:\/\/dev.belairtremblant.com\/fr\/#\/schema\/logo\/image\/"}}]}},"_links":{"self":[{"href":"https:\/\/dev.belairtremblant.com\/fr\/wp-json\/wp\/v2\/pages\/60388","targetHints":{"allow":["GET"]}}],"collection":[{"href":"https:\/\/dev.belairtremblant.com\/fr\/wp-json\/wp\/v2\/pages"}],"about":[{"href":"https:\/\/dev.belairtremblant.com\/fr\/wp-json\/wp\/v2\/types\/page"}],"author":[{"embeddable":true,"href":"https:\/\/dev.belairtremblant.com\/fr\/wp-json\/wp\/v2\/users\/1"}],"replies":[{"embeddable":true,"href":"https:\/\/dev.belairtremblant.com\/fr\/wp-json\/wp\/v2\/comments?post=60388"}],"version-history":[{"count":0,"href":"https:\/\/dev.belairtremblant.com\/fr\/wp-json\/wp\/v2\/pages\/60388\/revisions"}],"up":[{"embeddable":true,"href":"https:\/\/dev.belairtremblant.com\/fr\/wp-json\/wp\/v2\/pages\/59916"}],"wp:attachment":[{"href":"https:\/\/dev.belairtremblant.com\/fr\/wp-json\/wp\/v2\/media?parent=60388"}],"curies":[{"name":"wp","href":"https:\/\/api.w.org\/{rel}","templated":true}]}}