{"id":60296,"date":"2021-10-25T20:18:38","date_gmt":"2021-10-25T20:18:38","guid":{"rendered":"https:\/\/dev.belairtremblant.com\/politique-de-confidentialite\/"},"modified":"2025-07-07T20:51:02","modified_gmt":"2025-07-07T20:51:02","slug":"politique-de-confidentialite","status":"publish","type":"page","link":"https:\/\/dev.belairtremblant.com\/fr\/politique-de-confidentialite\/","title":{"rendered":"Politique de confidentialit\u00e9"},"content":{"rendered":"<div class=\"wpb-content-wrapper\"><p>[vc_row css=\u00a0\u00bb.vc_custom_1573855312855{margin-right: 75px !important;margin-left: 75px !important;}\u00a0\u00bb][vc_column][vc_custom_heading text=\u00a0\u00bbPolitique de confidentialit\u00e9\u00a0\u00bb font_container=\u00a0\u00bbtag:h1|font_size:40|text_align:center|color:%239c9379&Prime; use_theme_fonts=\u00a0\u00bbyes\u00a0\u00bb css=\u00a0\u00bb.vc_custom_1751920464925{padding-top: 25px !important;}\u00a0\u00bb][vc_column_text css=\u00a0\u00bb.vc_custom_1750172314720{padding-top: 45px !important;}\u00a0\u00bb]<\/p>\n<p style=\"text-align: justify;\"><strong>Vie priv\u00e9e<\/strong><br \/>\nCette politique d\u00e9termine la mani\u00e8re dont Bel Air Tremblant traite les informations qu&rsquo;il obtient sur vous lorsque vous visitez notre site Web, <a href=\"https:\/\/dev.belairtremblant.com\/fr\/\">belairtremblant.com<\/a>. La protection de la vie priv\u00e9e et des donn\u00e9es personnelles de nos visiteurs est de la plus haute importance pour nous, tant dans nos activit\u00e9s en ligne que hors ligne.<\/p>\n<p><\/p>\n<p style=\"text-align: justify;\"><strong>Sp\u00e9cifications pour l&rsquo;utilisation et la collecte des donn\u00e9es<\/strong><br \/>\nD&rsquo;une mani\u00e8re g\u00e9n\u00e9rale, vous pouvez consulter <a href=\"https:\/\/dev.belairtremblant.com\/fr\">belairtremblant.com<\/a> sans divulguer aucune information vous concernant. Toutefois, si vous visitez <a href=\"https:\/\/dev.belairtremblant.com\/fr\">belairtremblant.com<\/a> pour lire ou t\u00e9l\u00e9charger des informations, nous ne recueillons et ne stockons que les informations suivantes, qui sont automatiquement reconnues : la date et l&rsquo;heure de votre visite, votre adresse IP, le nom de domaine, le type de navigateur et de syst\u00e8me d&rsquo;exploitation utilis\u00e9 (s&rsquo;il est fourni par le navigateur), l&rsquo;URL de la page de r\u00e9f\u00e9rence (s&rsquo;il est fourni par le navigateur), le sujet demand\u00e9 et l&rsquo;\u00e9tat d&rsquo;avancement de la demande.<\/p>\n<p><\/p>\n<p style=\"text-align: justify;\"><strong>Cookies et autres technologies<\/strong><br \/>\nNous recueillons des informations anonymes sur les visites de notre site pour nous aider \u00e0 am\u00e9liorer notre offre de services aux clients. Par exemple, nous gardons une trace des domaines \u00e0 partir desquels les gens visitent notre site et nous mesurons \u00e9galement l&rsquo;activit\u00e9 des visiteurs sur les sites suivants <a href=\"https:\/\/dev.belairtremblant.com\/fr\">belairtremblant.com<\/a> mais nous le faisons de mani\u00e8re \u00e0 ce que les informations restent anonymes. Les informations ainsi collect\u00e9es sont ensuite utilis\u00e9es pour mesurer le nombre de visiteurs dans les diff\u00e9rentes parties de notre site et pour nous aider \u00e0 am\u00e9liorer l&rsquo;utilit\u00e9 de notre site pour les visiteurs. Cela inclut l&rsquo;analyse p\u00e9riodique de ces journaux afin de mesurer le trafic sur nos serveurs, le nombre de pages visit\u00e9es et le niveau de demande pour certaines pages et diff\u00e9rents sujets publi\u00e9s sur <a href=\"https:\/\/dev.belairtremblant.com\/fr\">belairtremblant.com<\/a>. Ces journaux peuvent \u00eatre conserv\u00e9s ind\u00e9finiment et utilis\u00e9s \u00e0 tout moment et de quelque mani\u00e8re que ce soit pour pr\u00e9venir les atteintes \u00e0 la s\u00e9curit\u00e9 et garantir l&rsquo;int\u00e9grit\u00e9 des donn\u00e9es sur nos serveurs.<\/p>\n<p><\/p>\n<p style=\"text-align: justify;\">En outre, lorsque nous collectons des donn\u00e9es \u00e0 caract\u00e8re personnel aupr\u00e8s de vous dans le cadre d&rsquo;une transaction, nous pouvons extraire certaines informations relatives \u00e0 cette transaction sous une forme anonyme et les combiner avec d&rsquo;autres informations anonymes. Ces informations anonymes ne sont utilis\u00e9es et analys\u00e9es qu&rsquo;\u00e0 un niveau global pour nous aider \u00e0 comprendre les tendances et les mod\u00e8les. Aucune de ces informations n&rsquo;est jamais examin\u00e9e au niveau individuel. Si vous ne souhaitez pas que les d\u00e9tails de votre transaction soient utilis\u00e9s de cette mani\u00e8re, vous pouvez soit d\u00e9sactiver vos cookies, soit vous d\u00e9sinscrire au stade de la commande ou de la demande. Veuillez noter que les cookies doivent \u00eatre activ\u00e9s pour pouvoir effectuer des achats dans notre boutique en ligne.<\/p>\n<p><\/p>\n<p style=\"text-align: justify;\"><strong>Divulgation aux tiers<\/strong><br \/>\nNous ne vendons pas, n&rsquo;\u00e9changeons pas et ne transf\u00e9rons pas de quelque mani\u00e8re que ce soit \u00e0 des tiers vos informations personnellement identifiables, \u00e0 moins que nous n&rsquo;en informions les utilisateurs \u00e0 l&rsquo;avance. Cela n&rsquo;inclut pas les partenaires d&rsquo;h\u00e9bergement du site web et les autres parties qui nous aident \u00e0 exploiter notre site web, \u00e0 mener nos activit\u00e9s ou \u00e0 servir nos utilisateurs, pour autant que ces parties acceptent de garder ces informations confidentielles. Nous pouvons \u00e9galement divulguer des informations lorsque leur divulgation est n\u00e9cessaire pour se conformer \u00e0 la loi, appliquer les politiques de notre site ou prot\u00e9ger nos droits, notre propri\u00e9t\u00e9 ou notre s\u00e9curit\u00e9, ou ceux d&rsquo;autres personnes.<\/p>\n<p><\/p>\n<p style=\"text-align: justify;\">Toutefois, des informations non personnellement identifiables sur les visiteurs peuvent \u00eatre fournies \u00e0 d&rsquo;autres parties \u00e0 des fins de marketing, de publicit\u00e9 ou autres.<\/p>\n<p><\/p>\n<p style=\"text-align: justify;\"><strong>Liens avec des tiers<\/strong><br \/>\nNous n&rsquo;incluons ni ne proposons de produits ou de services de tiers sur notre site web.<\/p>\n<p><\/p>\n<p style=\"text-align: left;\"><strong>Google<\/strong><br \/>\nLes exigences de Google en mati\u00e8re de publicit\u00e9 peuvent \u00eatre r\u00e9sum\u00e9es par les Principes r\u00e9gissant les annonces publicitaires de Google. Ils sont mis en place pour offrir une exp\u00e9rience positive aux utilisateurs.<\/p>\n<p><\/p>\n<p style=\"text-align: left;\"><span style=\"color: #62b509;\"><a style=\"color: #9c9379;\" href=\"https:\/\/support.google.com\/adwordspolicy\/answer\/1316548?hl=en\">Politique Adwords<\/a><\/span><\/p>\n<p><\/p>\n<p style=\"text-align: justify;\">Nous avons mis en place les \u00e9l\u00e9ments suivants :<br \/>\n&#8211; Rapports sur les donn\u00e9es d\u00e9mographiques et les centres d&rsquo;int\u00e9r\u00eat<\/p>\n<p><\/p>\n<p style=\"text-align: justify;\">Nous, ainsi que des fournisseurs tiers tels que Google, utilisons des cookies de premi\u00e8re partie (tels que les cookies Google Analytics) et des cookies de tierce partie (tels que le cookie DoubleClick) ou d&rsquo;autres identificateurs de tierce partie pour compiler des donn\u00e9es concernant les interactions des utilisateurs avec les impressions publicitaires et d&rsquo;autres fonctions de service publicitaire en rapport avec notre site web.<\/p>\n<p><\/p>\n<p style=\"text-align: justify;\"><strong>Refus de participer :<\/strong><br \/>\nLes utilisateurs peuvent d\u00e9finir leurs pr\u00e9f\u00e9rences en ce qui concerne la publicit\u00e9 diffus\u00e9e par Google \u00e0 l&rsquo;aide de la page Param\u00e8tres des annonces Google. Vous pouvez \u00e9galement d\u00e9sactiver cette option en consultant la page de d\u00e9sactivation de la Network Advertising Initiative ou en utilisant le module compl\u00e9mentaire Google Analytics Opt Out Browser.<\/p>\n<p><\/p>\n<p style=\"text-align: justify;\"><strong>Libert\u00e9 de choix<\/strong><br \/>\nIl n&rsquo;est pas n\u00e9cessaire de s&rsquo;inscrire sur notre site. Vous pouvez naviguer <a href=\"https:\/\/dev.belairtremblant.com\/fr\">belairtremblant.com<\/a> m\u00eame si vous ne souhaitez pas vous abonner ou fournir des informations personnelles. Toutefois, si tel est le cas, vous ne pourrez pas effectuer d&rsquo;achats en ligne ni recevoir nos bulletins d&rsquo;information par courriel. Bel Air Tremblant assure la plus grande protection des renseignements personnels qui lui sont confi\u00e9s par l&rsquo;entremise de son site Web, <a href=\"https:\/\/dev.belairtremblant.com\/fr\">belairtremblant.com<\/a><strong>, <\/strong>et respecte les conditions d&rsquo;utilisation que vous avez d\u00e9finies.<\/p>\n<p><\/p>\n<p style=\"text-align: justify;\"><strong>Divulgation<\/strong><br \/>\nSi vous choisissez de vous inscrire pour recevoir des courriers \u00e9lectroniques promotionnels ou des informations commerciales d&rsquo;autres organisations, nous ne leur communiquerons que votre nom et votre adresse \u00e9lectronique. Sachez toutefois que les politiques de confidentialit\u00e9 de ces organisations peuvent diff\u00e9rer des n\u00f4tres.<\/p>\n<p><\/p>\n<p style=\"text-align: justify;\">Vous pouvez nous contacter \u00e0 tout moment \u00e0 l&rsquo;adresse suivante pour nous demander de cesser de fournir votre nom et votre adresse :<a class=\"Xx\" dir=\"ltr\" style=\"unicode-bidi: isolate; outline: none; color: #263238; font-family: Roboto, Arial, sans-serif; font-size: 13px;\" tabindex=\"-1\" href=\"mailto:vm@belairtremblant.com\" target=\"_blank\" rel=\"nofollow noopener noreferrer\" data-display=\"notifier@onospatremblant.com\" data-sanitized=\"mailto:notifier@onospatremblant.com\">vm@belairtremblant.com<\/a>.<\/p>\n<p><\/p>\n<p style=\"text-align: justify;\"><strong>Participation individuelle \/ acc\u00e8s<\/strong><br \/>\nVous pouvez nous demander si nous conservons des donn\u00e9es \u00e0 caract\u00e8re personnel vous concernant et vous pouvez \u00e9galement demander \u00e0 recevoir une copie de ces donn\u00e9es. Avant de vous envoyer des donn\u00e9es \u00e0 caract\u00e8re personnel, nous vous demanderons de fournir une preuve de votre identit\u00e9. Si vous n&rsquo;\u00eates pas en mesure de fournir une preuve de votre identit\u00e9, nous nous r\u00e9servons le droit de refuser de vous envoyer les donn\u00e9es \u00e0 caract\u00e8re personnel. Nous nous effor\u00e7ons toujours de r\u00e9pondre \u00e0 ces demandes dans les meilleurs d\u00e9lais. Vous pouvez \u00e0 tout moment nous demander de supprimer vos donn\u00e9es ou de corriger les erreurs \u00e9ventuelles.<\/p>\n<p><\/p>\n<p style=\"text-align: justify;\"><strong>S\u00e9curit\u00e9<\/strong><br \/>\nNous avons la ferme intention de prot\u00e9ger la qualit\u00e9 et l&rsquo;int\u00e9grit\u00e9 de vos informations personnelles. Bel Air Tremblant a mis en \u0153uvre des technologies et des politiques de s\u00e9curit\u00e9 pour prot\u00e9ger les donn\u00e9es personnelles stock\u00e9es par ses utilisateurs sur ce site Web contre tout acc\u00e8s non autoris\u00e9, toute utilisation inappropri\u00e9e, toute alt\u00e9ration, toute destruction ill\u00e9gale ou accidentelle et toute perte accidentelle. Nous continuerons \u00e0 am\u00e9liorer nos proc\u00e9dures de s\u00e9curit\u00e9 au fur et \u00e0 mesure que de nouvelles technologies seront disponibles.<\/p>\n<p><\/p>\n<p style=\"text-align: justify;\">Nos r\u00e9servations en ligne s\u00e9curis\u00e9es reposent sur des services de traitement des paiements fournis par Authorize.net. En aucun cas les employ\u00e9s de Bel Air Tremblant ne voient les informations relatives \u00e0 votre carte de cr\u00e9dit, lesquelles ne sont pas enregistr\u00e9es sous quelque forme que ce soit dans nos syst\u00e8mes. Seul le num\u00e9ro de confirmation de la transaction entre notre marchand de paiement pro et votre institution financi\u00e8re nous est communiqu\u00e9.<\/p>\n<p><\/p>\n<p style=\"text-align: justify;\"><strong>Liens<\/strong><br \/>\nSur le site de Bel Air Tremblant, <a href=\"https:\/\/dev.belairtremblant.com\/fr\">belairtremblant.com,<\/a> vous pouvez trouver des liens vers des sites Web de tiers. Veuillez noter que Bel Air Tremblant n&rsquo;est pas responsable des politiques de confidentialit\u00e9 ou du contenu des sites tiers.<\/p>\n<p>[\/vc_column_text][\/vc_column][\/vc_row][vc_row][vc_column][\/vc_column][\/vc_row]<\/p>\n<\/div>","protected":false},"excerpt":{"rendered":"<p>[vc_row css=\u00a0\u00bb.vc_custom_1573855312855{margin-right: 75px !important;margin-left: 75px !important;}\u00a0\u00bb][vc_column][vc_custom_heading text=\u00a0\u00bbPolitique de confidentialit\u00e9\u00a0\u00bb font_container=\u00a0\u00bbtag:h1|font_size:40|text_align:center|color:%239c9379&Prime; use_theme_fonts=\u00a0\u00bbyes\u00a0\u00bb css=\u00a0\u00bb.vc_custom_1751920464925{padding-top: 25px !important;}\u00a0\u00bb][vc_column_text css=\u00a0\u00bb.vc_custom_1750172314720{padding-top: 45px !important;}\u00a0\u00bb] Vie priv\u00e9e Cette politique d\u00e9termine la mani\u00e8re dont Bel Air Tremblant traite les informations qu&rsquo;il obtient sur vous lorsque vous visitez notre site Web, belairtremblant.com. La protection de la vie priv\u00e9e et des donn\u00e9es personnelles de nos visiteurs&hellip;<\/p>\n","protected":false},"author":1,"featured_media":0,"parent":0,"menu_order":0,"comment_status":"closed","ping_status":"closed","template":"","meta":{"_et_pb_use_builder":"","_et_pb_old_content":"","_et_gb_content_width":"","footnotes":""},"class_list":["post-60296","page","type-page","status-publish","hentry","description-off"],"yoast_head":"<!-- This site is optimized with the Yoast SEO Premium plugin v26.6 (Yoast SEO v27.4) - https:\/\/yoast.com\/product\/yoast-seo-premium-wordpress\/ -->\n<title>Politique de confidentialit\u00e9 de Bel Air Tremblant<\/title>\n<meta name=\"description\" content=\"La politique de confidentialit\u00e9 de Bel Air Tremblant explique comment nous collectons et prot\u00e9geons vos donn\u00e9es : utilisation des cookies, pas de vente \u00e0 des tiers, analyse et s\u00e9curit\u00e9.\" \/>\n<meta name=\"robots\" content=\"noindex, follow, max-snippet:-1, max-image-preview:large, max-video-preview:-1\" \/>\n<meta property=\"og:locale\" content=\"fr_FR\" \/>\n<meta property=\"og:type\" content=\"article\" \/>\n<meta property=\"og:title\" content=\"Politique de confidentialit\u00e9\" \/>\n<meta property=\"og:description\" content=\"La politique de confidentialit\u00e9 de Bel Air Tremblant explique comment nous collectons et prot\u00e9geons vos donn\u00e9es : utilisation des cookies, pas de vente \u00e0 des tiers, analyse et s\u00e9curit\u00e9.\" \/>\n<meta property=\"og:url\" content=\"https:\/\/dev.belairtremblant.com\/fr\/politique-de-confidentialite\/\" \/>\n<meta property=\"og:site_name\" content=\"DEV Bel Air Tremblant\" \/>\n<meta property=\"article:modified_time\" content=\"2025-07-07T20:51:02+00:00\" \/>\n<meta name=\"twitter:card\" content=\"summary_large_image\" \/>\n<meta name=\"twitter:label1\" content=\"Dur\u00e9e de lecture estim\u00e9e\" \/>\n\t<meta name=\"twitter:data1\" content=\"7 minutes\" \/>\n<script type=\"application\/ld+json\" class=\"yoast-schema-graph\">{\"@context\":\"https:\\\/\\\/schema.org\",\"@graph\":[{\"@type\":\"WebPage\",\"@id\":\"https:\\\/\\\/dev.belairtremblant.com\\\/fr\\\/politique-de-confidentialite\\\/\",\"url\":\"https:\\\/\\\/dev.belairtremblant.com\\\/fr\\\/politique-de-confidentialite\\\/\",\"name\":\"Politique de confidentialit\u00e9 de Bel Air Tremblant\",\"isPartOf\":{\"@id\":\"https:\\\/\\\/dev.belairtremblant.com\\\/fr\\\/#website\"},\"datePublished\":\"2021-10-25T20:18:38+00:00\",\"dateModified\":\"2025-07-07T20:51:02+00:00\",\"description\":\"La politique de confidentialit\u00e9 de Bel Air Tremblant explique comment nous collectons et prot\u00e9geons vos donn\u00e9es : utilisation des cookies, pas de vente \u00e0 des tiers, analyse et s\u00e9curit\u00e9.\",\"breadcrumb\":{\"@id\":\"https:\\\/\\\/dev.belairtremblant.com\\\/fr\\\/politique-de-confidentialite\\\/#breadcrumb\"},\"inLanguage\":\"fr-FR\",\"potentialAction\":[{\"@type\":\"ReadAction\",\"target\":[\"https:\\\/\\\/dev.belairtremblant.com\\\/fr\\\/politique-de-confidentialite\\\/\"]}]},{\"@type\":\"BreadcrumbList\",\"@id\":\"https:\\\/\\\/dev.belairtremblant.com\\\/fr\\\/politique-de-confidentialite\\\/#breadcrumb\",\"itemListElement\":[{\"@type\":\"ListItem\",\"position\":1,\"name\":\"Home\",\"item\":\"https:\\\/\\\/dev.belairtremblant.com\\\/fr\\\/\"},{\"@type\":\"ListItem\",\"position\":2,\"name\":\"Politique de confidentialit\u00e9\"}]},{\"@type\":\"WebSite\",\"@id\":\"https:\\\/\\\/dev.belairtremblant.com\\\/fr\\\/#website\",\"url\":\"https:\\\/\\\/dev.belairtremblant.com\\\/fr\\\/\",\"name\":\"DEV Bel Air Tremblant\",\"description\":\"Unique domes &amp; chalet rentals Mont Tremblant\",\"publisher\":{\"@id\":\"https:\\\/\\\/dev.belairtremblant.com\\\/fr\\\/#organization\"},\"potentialAction\":[{\"@type\":\"SearchAction\",\"target\":{\"@type\":\"EntryPoint\",\"urlTemplate\":\"https:\\\/\\\/dev.belairtremblant.com\\\/fr\\\/?s={search_term_string}\"},\"query-input\":{\"@type\":\"PropertyValueSpecification\",\"valueRequired\":true,\"valueName\":\"search_term_string\"}}],\"inLanguage\":\"fr-FR\"},{\"@type\":\"Organization\",\"@id\":\"https:\\\/\\\/dev.belairtremblant.com\\\/fr\\\/#organization\",\"name\":\"Bel Air Resort hotel in Tremblant\",\"url\":\"https:\\\/\\\/dev.belairtremblant.com\\\/fr\\\/\",\"logo\":{\"@type\":\"ImageObject\",\"inLanguage\":\"fr-FR\",\"@id\":\"https:\\\/\\\/dev.belairtremblant.com\\\/fr\\\/#\\\/schema\\\/logo\\\/image\\\/\",\"url\":\"https:\\\/\\\/dev.belairtremblant.com\\\/wp-content\\\/uploads\\\/2022\\\/04\\\/New-BA-Tremblant-logo.jpg\",\"contentUrl\":\"https:\\\/\\\/dev.belairtremblant.com\\\/wp-content\\\/uploads\\\/2022\\\/04\\\/New-BA-Tremblant-logo.jpg\",\"width\":800,\"height\":383,\"caption\":\"Bel Air Resort hotel in Tremblant\"},\"image\":{\"@id\":\"https:\\\/\\\/dev.belairtremblant.com\\\/fr\\\/#\\\/schema\\\/logo\\\/image\\\/\"}}]}<\/script>\n<!-- \/ Yoast SEO Premium plugin. -->","yoast_head_json":{"title":"Politique de confidentialit\u00e9 de Bel Air Tremblant","description":"La politique de confidentialit\u00e9 de Bel Air Tremblant explique comment nous collectons et prot\u00e9geons vos donn\u00e9es : utilisation des cookies, pas de vente \u00e0 des tiers, analyse et s\u00e9curit\u00e9.","robots":{"index":"noindex","follow":"follow","max-snippet":"max-snippet:-1","max-image-preview":"max-image-preview:large","max-video-preview":"max-video-preview:-1"},"og_locale":"fr_FR","og_type":"article","og_title":"Politique de confidentialit\u00e9","og_description":"La politique de confidentialit\u00e9 de Bel Air Tremblant explique comment nous collectons et prot\u00e9geons vos donn\u00e9es : utilisation des cookies, pas de vente \u00e0 des tiers, analyse et s\u00e9curit\u00e9.","og_url":"https:\/\/dev.belairtremblant.com\/fr\/politique-de-confidentialite\/","og_site_name":"DEV Bel Air Tremblant","article_modified_time":"2025-07-07T20:51:02+00:00","twitter_card":"summary_large_image","twitter_misc":{"Dur\u00e9e de lecture estim\u00e9e":"7 minutes"},"schema":{"@context":"https:\/\/schema.org","@graph":[{"@type":"WebPage","@id":"https:\/\/dev.belairtremblant.com\/fr\/politique-de-confidentialite\/","url":"https:\/\/dev.belairtremblant.com\/fr\/politique-de-confidentialite\/","name":"Politique de confidentialit\u00e9 de Bel Air Tremblant","isPartOf":{"@id":"https:\/\/dev.belairtremblant.com\/fr\/#website"},"datePublished":"2021-10-25T20:18:38+00:00","dateModified":"2025-07-07T20:51:02+00:00","description":"La politique de confidentialit\u00e9 de Bel Air Tremblant explique comment nous collectons et prot\u00e9geons vos donn\u00e9es : utilisation des cookies, pas de vente \u00e0 des tiers, analyse et s\u00e9curit\u00e9.","breadcrumb":{"@id":"https:\/\/dev.belairtremblant.com\/fr\/politique-de-confidentialite\/#breadcrumb"},"inLanguage":"fr-FR","potentialAction":[{"@type":"ReadAction","target":["https:\/\/dev.belairtremblant.com\/fr\/politique-de-confidentialite\/"]}]},{"@type":"BreadcrumbList","@id":"https:\/\/dev.belairtremblant.com\/fr\/politique-de-confidentialite\/#breadcrumb","itemListElement":[{"@type":"ListItem","position":1,"name":"Home","item":"https:\/\/dev.belairtremblant.com\/fr\/"},{"@type":"ListItem","position":2,"name":"Politique de confidentialit\u00e9"}]},{"@type":"WebSite","@id":"https:\/\/dev.belairtremblant.com\/fr\/#website","url":"https:\/\/dev.belairtremblant.com\/fr\/","name":"DEV Bel Air Tremblant","description":"Unique domes &amp; chalet rentals Mont Tremblant","publisher":{"@id":"https:\/\/dev.belairtremblant.com\/fr\/#organization"},"potentialAction":[{"@type":"SearchAction","target":{"@type":"EntryPoint","urlTemplate":"https:\/\/dev.belairtremblant.com\/fr\/?s={search_term_string}"},"query-input":{"@type":"PropertyValueSpecification","valueRequired":true,"valueName":"search_term_string"}}],"inLanguage":"fr-FR"},{"@type":"Organization","@id":"https:\/\/dev.belairtremblant.com\/fr\/#organization","name":"Bel Air Resort hotel in Tremblant","url":"https:\/\/dev.belairtremblant.com\/fr\/","logo":{"@type":"ImageObject","inLanguage":"fr-FR","@id":"https:\/\/dev.belairtremblant.com\/fr\/#\/schema\/logo\/image\/","url":"https:\/\/dev.belairtremblant.com\/wp-content\/uploads\/2022\/04\/New-BA-Tremblant-logo.jpg","contentUrl":"https:\/\/dev.belairtremblant.com\/wp-content\/uploads\/2022\/04\/New-BA-Tremblant-logo.jpg","width":800,"height":383,"caption":"Bel Air Resort hotel in Tremblant"},"image":{"@id":"https:\/\/dev.belairtremblant.com\/fr\/#\/schema\/logo\/image\/"}}]}},"_links":{"self":[{"href":"https:\/\/dev.belairtremblant.com\/fr\/wp-json\/wp\/v2\/pages\/60296","targetHints":{"allow":["GET"]}}],"collection":[{"href":"https:\/\/dev.belairtremblant.com\/fr\/wp-json\/wp\/v2\/pages"}],"about":[{"href":"https:\/\/dev.belairtremblant.com\/fr\/wp-json\/wp\/v2\/types\/page"}],"author":[{"embeddable":true,"href":"https:\/\/dev.belairtremblant.com\/fr\/wp-json\/wp\/v2\/users\/1"}],"replies":[{"embeddable":true,"href":"https:\/\/dev.belairtremblant.com\/fr\/wp-json\/wp\/v2\/comments?post=60296"}],"version-history":[{"count":0,"href":"https:\/\/dev.belairtremblant.com\/fr\/wp-json\/wp\/v2\/pages\/60296\/revisions"}],"wp:attachment":[{"href":"https:\/\/dev.belairtremblant.com\/fr\/wp-json\/wp\/v2\/media?parent=60296"}],"curies":[{"name":"wp","href":"https:\/\/api.w.org\/{rel}","templated":true}]}}