{"id":60060,"date":"2022-03-27T21:14:42","date_gmt":"2022-03-27T21:14:42","guid":{"rendered":"https:\/\/dev.belairtremblant.com\/la-resort\/ono-spa\/"},"modified":"2026-02-27T19:37:19","modified_gmt":"2026-02-27T19:37:19","slug":"ono-spa","status":"publish","type":"page","link":"https:\/\/dev.belairtremblant.com\/fr\/la-resort\/ono-spa\/","title":{"rendered":"Ono Spa"},"content":{"rendered":"<div class=\"wpb-content-wrapper\"><p>[vc_row content_placement=\u00a0\u00bbmiddle\u00a0\u00bb css=\u00a0\u00bb.vc_custom_1636293575126{padding-top: 55px !important;padding-bottom: 55px !important;}\u00a0\u00bb][vc_column][vc_row_inner content_placement=\u00a0\u00bbmiddle\u00a0\u00bb][vc_column_inner width=\u00a0\u00bb1\/2&Prime;][vc_custom_heading text=\u00a0\u00bbONO SPA TREMBLANT\u00a0\u00bb font_container=\u00a0\u00bbtag:h1|font_size:40|text_align:center|color:%239c9379&Prime; use_theme_fonts=\u00a0\u00bbyes\u00a0\u00bb css=\u00a0\u00bb\u00a0\u00bb][vc_custom_heading text=\u00a0\u00bb<em>L\u2019exp\u00e9rience ultime de bien-\u00eatre et de massages \u00e0 Mont-Tremblant<\/em>\u00a0\u00bb font_container=\u00a0\u00bbtag:h2|font_size:25|text_align:center|color:%23494848&Prime; use_theme_fonts=\u00a0\u00bbyes\u00a0\u00bb css=\u00a0\u00bb.vc_custom_1749761372113{padding-top: 5px !important;padding-bottom: 0px !important;}\u00a0\u00bb][vc_column_text css=\u00a0\u00bb.vc_custom_1749761799306{padding-top: 15px !important;padding-bottom: 20px !important;}\u00a0\u00bb]<\/p>\n<p style=\"text-align: justify;\">Bel Air Tremblant fait partie des meilleurs h\u00f4tels spa \u00e0 Tremblant, gr\u00e2ce \u00e0 son centre de bien-\u00eatre r\u00e9put\u00e9 : Ono Spa Tremblant. Ce spa de renom propose les meilleurs soins du corps et les massages les plus appr\u00e9ci\u00e9s \u00e0 Mont-Tremblant.<\/p>\n<p><\/p>\n<p style=\"text-align: justify;\">Au Bel Air Resort, nous avons \u00e0 c\u0153ur d\u2019offrir une exp\u00e9rience de massage exceptionnelle, dans un cadre unique au c\u0153ur de la nature. D\u00e8s votre arriv\u00e9e, tout est pens\u00e9 pour favoriser la d\u00e9tente, la s\u00e9r\u00e9nit\u00e9 et le ressourcement. C\u2019est cette attention au d\u00e9tail qui fait de notre \u00e9tablissement l\u2019un des meilleurs h\u00f4tels spa \u00e0 Tremblant.<\/p>\n<p><\/p>\n<p style=\"text-align: justify;\"><a href=\"https:\/\/onospatremblant.com\/fr\/\" target=\"_blank\" rel=\"noopener\">Ono Spa Tremblant<\/a> vous ouvre les portes d\u2019un sanctuaire asiatique raffin\u00e9, o\u00f9 le luxe discret rime avec bien-\u00eatre. Nos salles de soins, \u00e0 la fois \u00e9l\u00e9gantes et apaisantes, ont \u00e9t\u00e9 con\u00e7ues pour vous offrir un confort absolu. Nous utilisons des produits de haute qualit\u00e9 pour garantir des soins qui nourrissent le corps, apaisent l\u2019esprit et revitalisent l\u2019\u00e2me.<\/p>\n<p>[\/vc_column_text]<div class=\" ubtn-ctn-center \"><a class=\"ubtn-link ult-adjust-bottom-margin ubtn-center ubtn-normal \" href=\"https:\/\/dev.belairtremblant.com\/wp-content\/uploads\/2026\/02\/Ono_Spa_March-2026.pdf\" target=\"_blank\" rel=\"noopener\" ><button type=\"button\" id=\"ubtn-1900\"  class=\"ubtn ult-adjust-bottom-margin ult-responsive ubtn-normal ubtn-top-bg  none  ubtn-center   tooltip-69e4de23f40ce\"  data-hover=\"#9c9379\" data-border-color=\"#9c9379\" data-bg=\"#9c9379\" data-hover-bg=\"#ffffff\" data-border-hover=\"#9c9379\" data-shadow-hover=\"\" data-shadow-click=\"none\" data-shadow=\"\" data-shd-shadow=\"\"  data-ultimate-target='#ubtn-1900'  data-responsive-json-new='{\"font-size\":\"desktop:16px;\",\"line-height\":\"\"}'  style=\"font-family:&#039;EB Garamond&#039;;font-weight:600;border-radius:0px;border-width:1px;border-color:#9c9379;border-style:solid;background: #9c9379;color: #ffffff;\"><span class=\"ubtn-hover\" style=\"background-color:#ffffff\"><\/span><span class=\"ubtn-data ubtn-text \" >SERVICES DE SPA<\/span><\/button><\/a><\/div>[\/vc_column_inner][vc_column_inner width=\u00a0\u00bb1\/2&Prime;][vc_single_image image=\u00a0\u00bb59662&Prime; img_size=\u00a0\u00bbfull\u00a0\u00bb alignment=\u00a0\u00bbcenter\u00a0\u00bb style=\u00a0\u00bbvc_box_shadow\u00a0\u00bb][\/vc_column_inner][\/vc_row_inner][\/vc_column][\/vc_row][vc_row bg_type=\u00a0\u00bbimage\u00a0\u00bb parallax_style=\u00a0\u00bbvcpb-default\u00a0\u00bb bg_image_new=\u00a0\u00bbid^58652|url^https:\/\/dev.belairtremblant.com\/wp-content\/uploads\/2022\/03\/ono-spa-mont-tremblant-1.jpg|caption^null|alt^Spa Tremblant|title^ono-spa-mont-tremblant|description^null\u00a0\u00bb bg_image_repeat=\u00a0\u00bbno-repeat\u00a0\u00bb bg_img_attach=\u00a0\u00bbfixed\u00a0\u00bb bg_override=\u00a0\u00bbex-full\u00a0\u00bb enable_overlay=\u00a0\u00bbenable_overlay_value\u00a0\u00bb overlay_color=\u00a0\u00bbrgba(0,0,0,0.4)\u00a0\u00bb overlay_pattern=\u00a0\u00bbtransperant\u00a0\u00bb css=\u00a0\u00bb.vc_custom_1648561076766{padding-top: 95px !important;padding-bottom: 95px !important;}\u00a0\u00bb kswr_row_top_decor_enabled=\u00a0\u00bbfalse\u00a0\u00bb kswr_row_bottom_decor_enabled=\u00a0\u00bbfalse\u00a0\u00bb][vc_column][vc_row_inner][vc_column_inner width=\u00a0\u00bb1\/4&Prime;][\/vc_column_inner][vc_column_inner width=\u00a0\u00bb1\/2&Prime;]<div id=\"ultimate-heading-739569e4de23f4211\" class=\"uvc-heading ult-adjust-bottom-margin ultimate-heading-739569e4de23f4211 uvc-5163 \" data-hspacer=\"no_spacer\"  data-halign=\"center\" style=\"text-align:center\"><div class=\"uvc-heading-spacer no_spacer\" style=\"top\"><\/div><div class=\"uvc-sub-heading ult-responsive\"  data-ultimate-target='.uvc-heading.ultimate-heading-739569e4de23f4211 .uvc-sub-heading '  data-responsive-json-new='{\"font-size\":\"desktop:22px;\",\"line-height\":\"desktop:10px;\"}'  style=\"font-family:&#039;Noto Serif&#039;;font-weight:700;color:#ffffff;margin-top:10px;margin-bottom:10px;\"><\/p>\n<p style=\"text-align: center;\">RESSOURCEZ-VOUS \u2022 D\u00c9TENDEZ-VOUS<\/p>\n<p><\/div><\/div><div id=\"ultimate-heading-310769e4de240005a\" class=\"uvc-heading ult-adjust-bottom-margin ultimate-heading-310769e4de240005a uvc-3764 \" data-hspacer=\"no_spacer\"  data-halign=\"center\" style=\"text-align:center\"><div class=\"uvc-heading-spacer no_spacer\" style=\"top\"><\/div><div class=\"uvc-sub-heading ult-responsive\"  data-ultimate-target='.uvc-heading.ultimate-heading-310769e4de240005a .uvc-sub-heading '  data-responsive-json-new='{\"font-size\":\"desktop:22px;\",\"line-height\":\"desktop:32px;\"}'  style=\"font-family:&#039;Raleway&#039;;font-weight:normal;font-style:normal;color:#ffffff;margin-top:5px;margin-bottom:5px;\"><\/p>\n<p style=\"text-align: center;\">Offrez-vous une journ\u00e9e de d\u00e9tente dans une atmosph\u00e8re zen \u00e0 Ono Spa Tremblant \u00e0 Bel Air<\/p>\n<p><\/div><\/div><div class=\"ult-spacer spacer-69e4de24000b9\" data-id=\"69e4de24000b9\" data-height=\"10\" data-height-mobile=\"8\" data-height-tab=\"8\" data-height-tab-portrait=\"8\" data-height-mobile-landscape=\"8\" style=\"clear:both;display:block;\"><\/div><div class=\"ult-spacer spacer-69e4de24000f3\" data-id=\"69e4de24000f3\" data-height=\"10\" data-height-mobile=\"8\" data-height-tab=\"8\" data-height-tab-portrait=\"8\" data-height-mobile-landscape=\"8\" style=\"clear:both;display:block;\"><\/div><div class=\" ubtn-ctn-center \"><a class=\"ubtn-link ult-adjust-bottom-margin ubtn-center ubtn-normal \" href=\"https:\/\/onospatremblant.com\/\" ><button type=\"button\" id=\"ubtn-3339\"  class=\"ubtn ult-adjust-bottom-margin ult-responsive ubtn-normal ubtn-top-bg  none  ubtn-center   tooltip-69e4de2400134\"  data-hover=\"#ffffff\" data-border-color=\"\" data-bg=\"#66cd98\" data-hover-bg=\"#9c9379\" data-border-hover=\"\" data-shadow-hover=\"\" data-shadow-click=\"none\" data-shadow=\"\" data-shd-shadow=\"\"  data-ultimate-target='#ubtn-3339'  data-responsive-json-new='{\"font-size\":\"desktop:16px;\",\"line-height\":\"desktop:25px;\"}'  style=\"font-family:&#039;Raleway&#039;;font-weight:600;border:none;background: #66cd98;color: #ffffff;\"><span class=\"ubtn-hover\" style=\"background-color:#9c9379\"><\/span><span class=\"ubtn-data ubtn-text \" >R\u00c9SERVEZ VOTRE TRAITEMENT<\/span><\/button><\/a><\/div>[\/vc_column_inner][vc_column_inner width=\u00a0\u00bb1\/4&Prime;][\/vc_column_inner][\/vc_row_inner][\/vc_column][\/vc_row][vc_row css=\u00a0\u00bb.vc_custom_1648561276515{padding-top: 50px !important;padding-bottom: 70px !important;}\u00a0\u00bb][vc_column][vc_custom_heading text=\u00a0\u00bbONO SPA TREMBLANT\u00a0\u00bb font_container=\u00a0\u00bbtag:h3|font_size:30|text_align:center|color:%23504f4f\u00a0\u00bb use_theme_fonts=\u00a0\u00bbyes\u00a0\u00bb css=\u00a0\u00bb.vc_custom_1661632320156{margin-bottom: 0px !important;padding-bottom: 5px !important;}\u00a0\u00bb][vc_custom_heading text=\u00a0\u00bb<em>Entrez dans un monde de bien \u00eatre<\/em>\u00a0\u00bb font_container=\u00a0\u00bbtag:p|font_size:22|text_align:center|color:%239c9379&Prime; use_theme_fonts=\u00a0\u00bbyes\u00a0\u00bb css=\u00a0\u00bb.vc_custom_1648592223147{padding-top: 0px !important;padding-bottom: 0px !important;}\u00a0\u00bb][vc_column_text]<\/p>\n<p style=\"text-align: center;\"><span style=\"font-size: 18px;\"><strong>OUVERT TOUS LES JOURS<\/strong><br \/>\nde 9H00 \u00e0 19H00<br \/>\n<a href=\"tel:8197172551\">1 819-717-2551<\/a><\/span><\/p>\n<h3 style=\"text-align: center;\"><a href=\"http:\/\/onospatremblant.com\/fr\/\" target=\"_blank\" rel=\"noopener\">onospatremblant.com<\/a><\/h3>\n<p>[\/vc_column_text][\/vc_column][\/vc_row][vc_row gap=\u00a0\u00bb35&Prime; content_placement=\u00a0\u00bbmiddle\u00a0\u00bb bg_type=\u00a0\u00bbbg_color\u00a0\u00bb bg_override=\u00a0\u00bbex-full\u00a0\u00bb kswr_row_top_decor_enabled=\u00a0\u00bbfalse\u00a0\u00bb kswr_row_bottom_decor_enabled=\u00a0\u00bbfalse\u00a0\u00bb bg_color_value=\u00a0\u00bb#9c9379&Prime; css=\u00a0\u00bb.vc_custom_1648562188427{padding-top: 25px !important;padding-bottom: 15px !important;padding-left: 40px !important;}\u00a0\u00bb][vc_column width=\u00a0\u00bb1\/6&Prime;][\/vc_column][vc_column width=\u00a0\u00bb2\/3&Prime;][vc_row_inner content_placement=\u00a0\u00bbmiddle\u00a0\u00bb css=\u00a0\u00bb.vc_custom_1620848232228{padding-bottom: 10px !important;}\u00a0\u00bb][vc_column_inner css=\u00a0\u00bb.vc_custom_1620855099051{padding-bottom: 10px !important;}\u00a0\u00bb]<div id=\"ultimate-heading-378269e4de24001c2\" class=\"uvc-heading ult-adjust-bottom-margin ultimate-heading-378269e4de24001c2 uvc-260 \" data-hspacer=\"no_spacer\"  data-halign=\"left\" style=\"text-align:left\"><div class=\"uvc-heading-spacer no_spacer\" style=\"top\"><\/div><div class=\"uvc-sub-heading ult-responsive\"  data-ultimate-target='.uvc-heading.ultimate-heading-378269e4de24001c2 .uvc-sub-heading '  data-responsive-json-new='{\"font-size\":\"desktop:24px;\",\"line-height\":\"desktop:36px;\"}'  style=\"font-family:&#039;Raleway&#039;;font-weight:600;color:#ffffff;margin-bottom:20px;\"><\/p>\n<p style=\"text-align: center;\">S\u00e9journez au Bel Air h\u00f4tels spa \u00e0 Tremblant et vivez la nature \u00e0 un prix imbattable.<\/p>\n<p><\/div><\/div><style type=\"text\/css\" data-type=\"the7_shortcodes-inline-css\">#default-btn-59cb5ca827be9b3b2186396f74b124b8 {\n  border-radius: 1px;\n  font-size: 16px;\n  line-height: 18px;\n}\n.btn-shadow#default-btn-59cb5ca827be9b3b2186396f74b124b8 {\n  box-shadow: 0 1px 6px rgba(0,0,0,0.12);\n  transition: box-shadow 0.2s ease-out, opacity 0.45s;\n}\n.btn-shadow#default-btn-59cb5ca827be9b3b2186396f74b124b8:hover {\n  box-shadow: 0 5px 11px 0 rgba(0,0,0,0.18), 0 4px 15px 0 rgba(0,0,0,0.15);\n}\n.btn-3d#default-btn-59cb5ca827be9b3b2186396f74b124b8 {\n  box-shadow: 0px 2px 0px 0px #e0e0e0;\n}\n.btn-3d#default-btn-59cb5ca827be9b3b2186396f74b124b8:hover {\n  box-shadow: 0px 2px 0px 0px #e0e0e0;\n}\n.btn-flat#default-btn-59cb5ca827be9b3b2186396f74b124b8 {\n  box-shadow: none;\n}\n.btn-flat#default-btn-59cb5ca827be9b3b2186396f74b124b8:hover {\n  box-shadow: none;\n}\n#default-btn-59cb5ca827be9b3b2186396f74b124b8.ico-right-side > i {\n  margin-right: 0px;\n  margin-left: 8px;\n}\n#default-btn-59cb5ca827be9b3b2186396f74b124b8 > i {\n  margin-right: 8px;\n  font-size: 12px;\n}\n#default-btn-59cb5ca827be9b3b2186396f74b124b8:not(:hover) {\n  border-width: 0px;\n  color: #9c9379;\n  background: #ffffff !important;\n  padding: 10px 18px 10px 18px;\n}\n#default-btn-59cb5ca827be9b3b2186396f74b124b8:not(:hover) * {\n  color: #9c9379;\n}\n#default-btn-59cb5ca827be9b3b2186396f74b124b8:hover {\n  border-width: 0px;\n  color: #9c9379;\n  background: #ffffff !important;\n  padding: 10px 18px 10px 18px;\n}\n#default-btn-59cb5ca827be9b3b2186396f74b124b8:hover * {\n  color: #9c9379;\n}\n#default-btn-59cb5ca827be9b3b2186396f74b124b8.ico-right-side > i {\n  margin-right: 0px;\n  margin-left: 8px;\n}\n#default-btn-59cb5ca827be9b3b2186396f74b124b8 > i {\n  margin-right: 8px;\n}<\/style><div class=\"btn-align-center\"><a href=\"#\" class=\"default-btn-shortcode dt-btn link-hover-off distributor-open btn-flat \" id=\"default-btn-59cb5ca827be9b3b2186396f74b124b8\" style=\"width:150px;\"><span>BOOK NOW<\/span><\/a><\/div>[\/vc_column_inner][\/vc_row_inner][\/vc_column][vc_column width=\u00a0\u00bb1\/6&Prime;][\/vc_column][\/vc_row]<\/p>\n<\/div>","protected":false},"excerpt":{"rendered":"<p>[vc_row content_placement=\u00a0\u00bbmiddle\u00a0\u00bb css=\u00a0\u00bb.vc_custom_1636293575126{padding-top: 55px !important;padding-bottom: 55px !important;}\u00a0\u00bb][vc_column][vc_row_inner content_placement=\u00a0\u00bbmiddle\u00a0\u00bb][vc_column_inner width=\u00a0\u00bb1\/2&Prime;][vc_custom_heading text=\u00a0\u00bbONO SPA TREMBLANT\u00a0\u00bb font_container=\u00a0\u00bbtag:h1|font_size:40|text_align:center|color:%239c9379&Prime; use_theme_fonts=\u00a0\u00bbyes\u00a0\u00bb css=\u00a0\u00bb\u00a0\u00bb][vc_custom_heading text=\u00a0\u00bbL\u2019exp\u00e9rience ultime de bien-\u00eatre et de massages \u00e0 Mont-Tremblant\u00a0\u00bb font_container=\u00a0\u00bbtag:h2|font_size:25|text_align:center|color:%23494848&Prime; use_theme_fonts=\u00a0\u00bbyes\u00a0\u00bb css=\u00a0\u00bb.vc_custom_1749761372113{padding-top: 5px !important;padding-bottom: 0px !important;}\u00a0\u00bb][vc_column_text css=\u00a0\u00bb.vc_custom_1749761799306{padding-top: 15px !important;padding-bottom: 20px !important;}\u00a0\u00bb] Bel Air Tremblant fait partie des meilleurs h\u00f4tels spa \u00e0 Tremblant, gr\u00e2ce \u00e0 son centre de bien-\u00eatre r\u00e9put\u00e9 :&hellip;<\/p>\n","protected":false},"author":1,"featured_media":0,"parent":59801,"menu_order":0,"comment_status":"closed","ping_status":"closed","template":"","meta":{"_et_pb_use_builder":"","_et_pb_old_content":"","_et_gb_content_width":"","footnotes":""},"class_list":["post-60060","page","type-page","status-publish","hentry","description-off"],"yoast_head":"<!-- This site is optimized with the Yoast SEO Premium plugin v26.6 (Yoast SEO v27.4) - https:\/\/yoast.com\/product\/yoast-seo-premium-wordpress\/ -->\n<title>Meilleurs h\u00f4tels spa \u00e0 Tremblant | Ono Spa Tremblant<\/title>\n<meta name=\"description\" content=\"D\u00e9couvrez les meilleurs h\u00f4tels spa \u00e0 Tremblant, dont Ono Spa Tremblant, un centre de bien-\u00eatre r\u00e9put\u00e9 pour ses massages \u00e0 Mont-Tremblant.\" \/>\n<meta name=\"robots\" content=\"noindex, follow, max-snippet:-1, max-image-preview:large, max-video-preview:-1\" \/>\n<meta property=\"og:locale\" content=\"fr_FR\" \/>\n<meta property=\"og:type\" content=\"article\" \/>\n<meta property=\"og:title\" content=\"Ono Spa\" \/>\n<meta property=\"og:description\" content=\"D\u00e9couvrez les meilleurs h\u00f4tels spa \u00e0 Tremblant, dont Ono Spa Tremblant, un centre de bien-\u00eatre r\u00e9put\u00e9 pour ses massages \u00e0 Mont-Tremblant.\" \/>\n<meta property=\"og:url\" content=\"https:\/\/dev.belairtremblant.com\/fr\/la-resort\/ono-spa\/\" \/>\n<meta property=\"og:site_name\" content=\"DEV Bel Air Tremblant\" \/>\n<meta property=\"article:modified_time\" content=\"2026-02-27T19:37:19+00:00\" \/>\n<meta name=\"twitter:card\" content=\"summary_large_image\" \/>\n<meta name=\"twitter:label1\" content=\"Dur\u00e9e de lecture estim\u00e9e\" \/>\n\t<meta name=\"twitter:data1\" content=\"2 minutes\" \/>\n<script type=\"application\/ld+json\" class=\"yoast-schema-graph\">{\"@context\":\"https:\\\/\\\/schema.org\",\"@graph\":[{\"@type\":\"WebPage\",\"@id\":\"https:\\\/\\\/dev.belairtremblant.com\\\/fr\\\/la-resort\\\/ono-spa\\\/\",\"url\":\"https:\\\/\\\/dev.belairtremblant.com\\\/fr\\\/la-resort\\\/ono-spa\\\/\",\"name\":\"Meilleurs h\u00f4tels spa \u00e0 Tremblant | Ono Spa Tremblant\",\"isPartOf\":{\"@id\":\"https:\\\/\\\/dev.belairtremblant.com\\\/fr\\\/#website\"},\"datePublished\":\"2022-03-27T21:14:42+00:00\",\"dateModified\":\"2026-02-27T19:37:19+00:00\",\"description\":\"D\u00e9couvrez les meilleurs h\u00f4tels spa \u00e0 Tremblant, dont Ono Spa Tremblant, un centre de bien-\u00eatre r\u00e9put\u00e9 pour ses massages \u00e0 Mont-Tremblant.\",\"breadcrumb\":{\"@id\":\"https:\\\/\\\/dev.belairtremblant.com\\\/fr\\\/la-resort\\\/ono-spa\\\/#breadcrumb\"},\"inLanguage\":\"fr-FR\",\"potentialAction\":[{\"@type\":\"ReadAction\",\"target\":[\"https:\\\/\\\/dev.belairtremblant.com\\\/fr\\\/la-resort\\\/ono-spa\\\/\"]}]},{\"@type\":\"BreadcrumbList\",\"@id\":\"https:\\\/\\\/dev.belairtremblant.com\\\/fr\\\/la-resort\\\/ono-spa\\\/#breadcrumb\",\"itemListElement\":[{\"@type\":\"ListItem\",\"position\":1,\"name\":\"Home\",\"item\":\"https:\\\/\\\/dev.belairtremblant.com\\\/fr\\\/\"},{\"@type\":\"ListItem\",\"position\":2,\"name\":\"Le Resort\",\"item\":\"https:\\\/\\\/dev.belairtremblant.com\\\/fr\\\/the-resort\\\/\"},{\"@type\":\"ListItem\",\"position\":3,\"name\":\"Ono Spa\"}]},{\"@type\":\"WebSite\",\"@id\":\"https:\\\/\\\/dev.belairtremblant.com\\\/fr\\\/#website\",\"url\":\"https:\\\/\\\/dev.belairtremblant.com\\\/fr\\\/\",\"name\":\"DEV Bel Air Tremblant\",\"description\":\"Unique domes &amp; chalet rentals Mont Tremblant\",\"publisher\":{\"@id\":\"https:\\\/\\\/dev.belairtremblant.com\\\/fr\\\/#organization\"},\"potentialAction\":[{\"@type\":\"SearchAction\",\"target\":{\"@type\":\"EntryPoint\",\"urlTemplate\":\"https:\\\/\\\/dev.belairtremblant.com\\\/fr\\\/?s={search_term_string}\"},\"query-input\":{\"@type\":\"PropertyValueSpecification\",\"valueRequired\":true,\"valueName\":\"search_term_string\"}}],\"inLanguage\":\"fr-FR\"},{\"@type\":\"Organization\",\"@id\":\"https:\\\/\\\/dev.belairtremblant.com\\\/fr\\\/#organization\",\"name\":\"Bel Air Resort hotel in Tremblant\",\"url\":\"https:\\\/\\\/dev.belairtremblant.com\\\/fr\\\/\",\"logo\":{\"@type\":\"ImageObject\",\"inLanguage\":\"fr-FR\",\"@id\":\"https:\\\/\\\/dev.belairtremblant.com\\\/fr\\\/#\\\/schema\\\/logo\\\/image\\\/\",\"url\":\"https:\\\/\\\/dev.belairtremblant.com\\\/wp-content\\\/uploads\\\/2022\\\/04\\\/New-BA-Tremblant-logo.jpg\",\"contentUrl\":\"https:\\\/\\\/dev.belairtremblant.com\\\/wp-content\\\/uploads\\\/2022\\\/04\\\/New-BA-Tremblant-logo.jpg\",\"width\":800,\"height\":383,\"caption\":\"Bel Air Resort hotel in Tremblant\"},\"image\":{\"@id\":\"https:\\\/\\\/dev.belairtremblant.com\\\/fr\\\/#\\\/schema\\\/logo\\\/image\\\/\"}}]}<\/script>\n<!-- \/ Yoast SEO Premium plugin. -->","yoast_head_json":{"title":"Meilleurs h\u00f4tels spa \u00e0 Tremblant | Ono Spa Tremblant","description":"D\u00e9couvrez les meilleurs h\u00f4tels spa \u00e0 Tremblant, dont Ono Spa Tremblant, un centre de bien-\u00eatre r\u00e9put\u00e9 pour ses massages \u00e0 Mont-Tremblant.","robots":{"index":"noindex","follow":"follow","max-snippet":"max-snippet:-1","max-image-preview":"max-image-preview:large","max-video-preview":"max-video-preview:-1"},"og_locale":"fr_FR","og_type":"article","og_title":"Ono Spa","og_description":"D\u00e9couvrez les meilleurs h\u00f4tels spa \u00e0 Tremblant, dont Ono Spa Tremblant, un centre de bien-\u00eatre r\u00e9put\u00e9 pour ses massages \u00e0 Mont-Tremblant.","og_url":"https:\/\/dev.belairtremblant.com\/fr\/la-resort\/ono-spa\/","og_site_name":"DEV Bel Air Tremblant","article_modified_time":"2026-02-27T19:37:19+00:00","twitter_card":"summary_large_image","twitter_misc":{"Dur\u00e9e de lecture estim\u00e9e":"2 minutes"},"schema":{"@context":"https:\/\/schema.org","@graph":[{"@type":"WebPage","@id":"https:\/\/dev.belairtremblant.com\/fr\/la-resort\/ono-spa\/","url":"https:\/\/dev.belairtremblant.com\/fr\/la-resort\/ono-spa\/","name":"Meilleurs h\u00f4tels spa \u00e0 Tremblant | Ono Spa Tremblant","isPartOf":{"@id":"https:\/\/dev.belairtremblant.com\/fr\/#website"},"datePublished":"2022-03-27T21:14:42+00:00","dateModified":"2026-02-27T19:37:19+00:00","description":"D\u00e9couvrez les meilleurs h\u00f4tels spa \u00e0 Tremblant, dont Ono Spa Tremblant, un centre de bien-\u00eatre r\u00e9put\u00e9 pour ses massages \u00e0 Mont-Tremblant.","breadcrumb":{"@id":"https:\/\/dev.belairtremblant.com\/fr\/la-resort\/ono-spa\/#breadcrumb"},"inLanguage":"fr-FR","potentialAction":[{"@type":"ReadAction","target":["https:\/\/dev.belairtremblant.com\/fr\/la-resort\/ono-spa\/"]}]},{"@type":"BreadcrumbList","@id":"https:\/\/dev.belairtremblant.com\/fr\/la-resort\/ono-spa\/#breadcrumb","itemListElement":[{"@type":"ListItem","position":1,"name":"Home","item":"https:\/\/dev.belairtremblant.com\/fr\/"},{"@type":"ListItem","position":2,"name":"Le Resort","item":"https:\/\/dev.belairtremblant.com\/fr\/the-resort\/"},{"@type":"ListItem","position":3,"name":"Ono Spa"}]},{"@type":"WebSite","@id":"https:\/\/dev.belairtremblant.com\/fr\/#website","url":"https:\/\/dev.belairtremblant.com\/fr\/","name":"DEV Bel Air Tremblant","description":"Unique domes &amp; chalet rentals Mont Tremblant","publisher":{"@id":"https:\/\/dev.belairtremblant.com\/fr\/#organization"},"potentialAction":[{"@type":"SearchAction","target":{"@type":"EntryPoint","urlTemplate":"https:\/\/dev.belairtremblant.com\/fr\/?s={search_term_string}"},"query-input":{"@type":"PropertyValueSpecification","valueRequired":true,"valueName":"search_term_string"}}],"inLanguage":"fr-FR"},{"@type":"Organization","@id":"https:\/\/dev.belairtremblant.com\/fr\/#organization","name":"Bel Air Resort hotel in Tremblant","url":"https:\/\/dev.belairtremblant.com\/fr\/","logo":{"@type":"ImageObject","inLanguage":"fr-FR","@id":"https:\/\/dev.belairtremblant.com\/fr\/#\/schema\/logo\/image\/","url":"https:\/\/dev.belairtremblant.com\/wp-content\/uploads\/2022\/04\/New-BA-Tremblant-logo.jpg","contentUrl":"https:\/\/dev.belairtremblant.com\/wp-content\/uploads\/2022\/04\/New-BA-Tremblant-logo.jpg","width":800,"height":383,"caption":"Bel Air Resort hotel in Tremblant"},"image":{"@id":"https:\/\/dev.belairtremblant.com\/fr\/#\/schema\/logo\/image\/"}}]}},"_links":{"self":[{"href":"https:\/\/dev.belairtremblant.com\/fr\/wp-json\/wp\/v2\/pages\/60060","targetHints":{"allow":["GET"]}}],"collection":[{"href":"https:\/\/dev.belairtremblant.com\/fr\/wp-json\/wp\/v2\/pages"}],"about":[{"href":"https:\/\/dev.belairtremblant.com\/fr\/wp-json\/wp\/v2\/types\/page"}],"author":[{"embeddable":true,"href":"https:\/\/dev.belairtremblant.com\/fr\/wp-json\/wp\/v2\/users\/1"}],"replies":[{"embeddable":true,"href":"https:\/\/dev.belairtremblant.com\/fr\/wp-json\/wp\/v2\/comments?post=60060"}],"version-history":[{"count":0,"href":"https:\/\/dev.belairtremblant.com\/fr\/wp-json\/wp\/v2\/pages\/60060\/revisions"}],"up":[{"embeddable":true,"href":"https:\/\/dev.belairtremblant.com\/fr\/wp-json\/wp\/v2\/pages\/59801"}],"wp:attachment":[{"href":"https:\/\/dev.belairtremblant.com\/fr\/wp-json\/wp\/v2\/media?parent=60060"}],"curies":[{"name":"wp","href":"https:\/\/api.w.org\/{rel}","templated":true}]}}