{"id":59890,"date":"2022-04-08T16:56:46","date_gmt":"2022-04-08T16:56:46","guid":{"rendered":"https:\/\/dev.belairtremblant.com\/mont-tremblant-quebec\/"},"modified":"2022-04-26T20:14:41","modified_gmt":"2022-04-26T20:14:41","slug":"mont-tremblant-quebec","status":"publish","type":"page","link":"https:\/\/dev.belairtremblant.com\/fr\/mont-tremblant-quebec\/","title":{"rendered":"Mont-Tremblant Qu\u00e9bec"},"content":{"rendered":"<div class=\"wpb-content-wrapper\"><p>[vc_row css=\u00a0\u00bb.vc_custom_1636746792372{padding-bottom: 25px !important;}\u00a0\u00bb][vc_column width=\u00a0\u00bb1\/6&Prime;][\/vc_column][vc_column width=\u00a0\u00bb2\/3&Prime; css=\u00a0\u00bb.vc_custom_1649436144644{padding-top: 20px !important;}\u00a0\u00bb][vc_custom_heading text=\u00a0\u00bbMont-Tremblant Qu\u00e9bec\u00a0\u00bb font_container=\u00a0\u00bbtag:h1|font_size:30|text_align:center|color:%239c9379&Prime; use_theme_fonts=\u00a0\u00bbyes\u00a0\u00bb css=\u00a0\u00bb.vc_custom_1649436121205{margin-bottom: 0px !important;padding-bottom: 0px !important;}\u00a0\u00bb][vc_custom_heading text=\u00a0\u00bb<em>Une destination quatre saisons qui a tout pour plaire!<\/em>\u00a0\u00bb font_container=\u00a0\u00bbtag:p|font_size:22|text_align:center|color:%23494848&Prime; use_theme_fonts=\u00a0\u00bbyes\u00a0\u00bb css=\u00a0\u00bb.vc_custom_1649436092002{padding-top: 5px !important;padding-bottom: 0px !important;}\u00a0\u00bb]<div id=\"ultimate-heading-6569e4f8cd678b3\" class=\"uvc-heading ult-adjust-bottom-margin ultimate-heading-6569e4f8cd678b3 uvc-2274  uvc-heading-default-font-sizes\" data-hspacer=\"no_spacer\"  data-halign=\"center\" style=\"text-align:center\"><div class=\"uvc-heading-spacer no_spacer\" style=\"top\"><\/div><div class=\"uvc-sub-heading ult-responsive\"  data-ultimate-target='.uvc-heading.ultimate-heading-6569e4f8cd678b3 .uvc-sub-heading '  data-responsive-json-new='{\"font-size\":\"desktop:18px;\",\"line-height\":\"\"}'  style=\"font-weight:normal;\"><\/p>\n<p style=\"text-align: center;\"><span style=\"font-weight: 400;\">Mont-Tremblant Qu\u00e9bec est un centre de vill\u00e9giature extraordinaire situ\u00e9 dans les Laurentides. Ce lieu est surtout connu pour son charme ind\u00e9niable, ses paysages magnifiques et sa station de ski. <\/span><\/p>\n<p><\/div><\/div>[\/vc_column][vc_column width=\u00a0\u00bb1\/6&Prime; css=\u00a0\u00bb.vc_custom_1649436106358{padding-top: 30px !important;}\u00a0\u00bb][\/vc_column][\/vc_row][vc_row css=\u00a0\u00bb.vc_custom_1649436950304{padding-bottom: 50px !important;}\u00a0\u00bb][vc_column width=\u00a0\u00bb1\/6&Prime;][\/vc_column][vc_column width=\u00a0\u00bb2\/3&Prime;][vc_column_text]<\/p>\n<p style=\"text-align: justify;\">Mont-Tremblant a \u00e9t\u00e9 \u00e9lue 20 fois station de ski num\u00e9ro 1 de la c\u00f4te Est de l&rsquo;Am\u00e9rique du Nord de 1996 \u00e0 2020. Cette ville anim\u00e9e n\u2019est pas seulement populaire aupr\u00e8s des skieurs. C\u2019est une destination quatre saisons qui attire toute l\u2019ann\u00e9e des visiteurs du Canada, des Etats-Unis, d\u2019Europe, d\u2019Am\u00e9rique latine et d\u2019Asie.<\/p>\n<p style=\"text-align: justify;\">La r\u00e9gion des Laurentides est une merveille de la nature qui captive les visiteurs par sa beaut\u00e9 , sa diversit\u00e9 et par sa grandeur. On y trouve six grandes rivi\u00e8res, 400 lacs et d\u2019innombrables activit\u00e9s, notamment en \u00e9t\u00e9 et en hiver :<\/p>\n<ul>\n<li>Cano\u00eb &amp; Kayak<\/li>\n<li>P\u00eache<\/li>\n<li>Randonn\u00e9e p\u00e9destre<\/li>\n<li>V\u00e9lo de montagne et v\u00e9lo de course<\/li>\n<li>Plage<\/li>\n<li>Ski nautique &amp; voile<\/li>\n<li>Tyrolienne<\/li>\n<li>Motoneige<\/li>\n<li>Buggy 4&#215;4<\/li>\n<li>Via Ferrata<\/li>\n<li>Et bien plus encore<\/li>\n<\/ul>\n<p style=\"text-align: justify;\">Mont-Tremblant organise de nombreux \u00e9v\u00e9nements et festivals, dont le triathlon Ironman, <a href=\"https:\/\/blues.tremblant.ca\/\">le Festival international du blues<\/a> et le <a href=\"https:\/\/jazztremblant.com\/\">Festival de jazz<\/a>.<\/p>\n<p>Mont-Tremblant propose \u00e9galement un <a href=\"https:\/\/casinos.lotoquebec.com\/fr\/monttremblant\/accueil\">casino<\/a> et cinq terrains de golf de classe mondiale.<\/p>\n<p>[\/vc_column_text][\/vc_column][vc_column width=\u00a0\u00bb1\/6&Prime;][\/vc_column][\/vc_row][vc_row gap=\u00a0\u00bb5&Prime; content_placement=\u00a0\u00bbmiddle\u00a0\u00bb bg_type=\u00a0\u00bbbg_color\u00a0\u00bb bg_override=\u00a0\u00bbex-full\u00a0\u00bb kswr_row_top_decor_enabled=\u00a0\u00bbfalse\u00a0\u00bb kswr_row_bottom_decor_enabled=\u00a0\u00bbfalse\u00a0\u00bb bg_color_value=\u00a0\u00bb#66cd98&Prime; css=\u00a0\u00bb.vc_custom_1636934971969{padding-top: 15px !important;padding-bottom: 15px !important;}\u00a0\u00bb][vc_column][vc_row_inner content_placement=\u00a0\u00bbmiddle\u00a0\u00bb css=\u00a0\u00bb.vc_custom_1636935037082{padding-left: 60px !important;}\u00a0\u00bb][vc_column_inner width=\u00a0\u00bb2\/3&Prime; css=\u00a0\u00bb.vc_custom_1621276182065{padding-bottom: 10px !important;}\u00a0\u00bb][vc_custom_heading text=\u00a0\u00bbVivez la nature \u00e0 un prix imbattable en choisissant Bel Air H\u00f4tel Mont Tremblant Qu\u00e9bec.\u00a0\u00bb font_container=\u00a0\u00bbtag:h1|font_size:24|text_align:left|color:%23ffffff|line_height:1.6&Prime; use_theme_fonts=\u00a0\u00bbyes\u00a0\u00bb css=\u00a0\u00bb.vc_custom_1636935085113{padding-top: 20px !important;}\u00a0\u00bb el_class=\u00a0\u00bbshadow-black\u00a0\u00bb][\/vc_column_inner][vc_column_inner width=\u00a0\u00bb1\/3&Prime;]<style type=\"text\/css\" data-type=\"the7_shortcodes-inline-css\">#default-btn-04cacf381e205c582d72a589dad93bd1 {\n  border-radius: 1px;\n  font-size: 16px;\n  line-height: 18px;\n}\n.btn-shadow#default-btn-04cacf381e205c582d72a589dad93bd1 {\n  box-shadow: 0 1px 6px rgba(0,0,0,0.12);\n  transition: box-shadow 0.2s ease-out, opacity 0.45s;\n}\n.btn-shadow#default-btn-04cacf381e205c582d72a589dad93bd1:hover {\n  box-shadow: 0 5px 11px 0 rgba(0,0,0,0.18), 0 4px 15px 0 rgba(0,0,0,0.15);\n}\n.btn-3d#default-btn-04cacf381e205c582d72a589dad93bd1 {\n  box-shadow: 0px 2px 0px 0px #e0e0e0;\n}\n.btn-3d#default-btn-04cacf381e205c582d72a589dad93bd1:hover {\n  box-shadow: 0px 2px 0px 0px #6c6c6c;\n}\n.btn-flat#default-btn-04cacf381e205c582d72a589dad93bd1 {\n  box-shadow: none;\n}\n.btn-flat#default-btn-04cacf381e205c582d72a589dad93bd1:hover {\n  box-shadow: none;\n}\n#default-btn-04cacf381e205c582d72a589dad93bd1.ico-right-side > i {\n  margin-right: 0px;\n  margin-left: 8px;\n}\n#default-btn-04cacf381e205c582d72a589dad93bd1 > i {\n  margin-right: 8px;\n  font-size: 12px;\n}\n#default-btn-04cacf381e205c582d72a589dad93bd1:not(:hover) {\n  border-width: 3px;\n  border-color: #9c9379 !important;\n  color: #9c9379;\n  background: #ffffff !important;\n  padding: 15px 20px 15px 20px;\n}\n#default-btn-04cacf381e205c582d72a589dad93bd1:not(:hover) * {\n  color: #9c9379;\n}\n#default-btn-04cacf381e205c582d72a589dad93bd1:hover {\n  border-width: 3px;\n  border-color: #9c9379 !important;\n  color: #ffffff;\n  background: #9c9379 !important;\n  padding: 15px 20px 15px 20px;\n}\n#default-btn-04cacf381e205c582d72a589dad93bd1:hover * {\n  color: #ffffff;\n}\n#default-btn-04cacf381e205c582d72a589dad93bd1.ico-right-side > i {\n  margin-right: 0px;\n  margin-left: 8px;\n}\n#default-btn-04cacf381e205c582d72a589dad93bd1 > i {\n  margin-right: 8px;\n}<\/style><div class=\"btn-align-center\"><a href=\"https:\/\/dev.belairtremblant.com\/reservations\/\" class=\"default-btn-shortcode dt-btn link-hover-off btn-flat \" target=\"_blank\" id=\"default-btn-04cacf381e205c582d72a589dad93bd1\" style=\"width:150px;\" rel=\"noopener\"><span>RESERVEZ<\/span><\/a><\/div>[\/vc_column_inner][\/vc_row_inner][\/vc_column][\/vc_row]<\/p>\n<\/div>","protected":false},"excerpt":{"rendered":"<p>[vc_row css=\u00a0\u00bb.vc_custom_1636746792372{padding-bottom: 25px !important;}\u00a0\u00bb][vc_column width=\u00a0\u00bb1\/6&Prime;][\/vc_column][vc_column width=\u00a0\u00bb2\/3&Prime; css=\u00a0\u00bb.vc_custom_1649436144644{padding-top: 20px !important;}\u00a0\u00bb][vc_custom_heading text=\u00a0\u00bbMont-Tremblant Qu\u00e9bec\u00a0\u00bb font_container=\u00a0\u00bbtag:h1|font_size:30|text_align:center|color:%239c9379&Prime; use_theme_fonts=\u00a0\u00bbyes\u00a0\u00bb css=\u00a0\u00bb.vc_custom_1649436121205{margin-bottom: 0px !important;padding-bottom: 0px !important;}\u00a0\u00bb][vc_custom_heading text=\u00a0\u00bbUne destination quatre saisons qui a tout pour plaire!\u00a0\u00bb font_container=\u00a0\u00bbtag:p|font_size:22|text_align:center|color:%23494848&Prime; use_theme_fonts=\u00a0\u00bbyes\u00a0\u00bb css=\u00a0\u00bb.vc_custom_1649436092002{padding-top: 5px !important;padding-bottom: 0px !important;}\u00a0\u00bb][\/vc_column][vc_column width=\u00a0\u00bb1\/6&Prime; css=\u00a0\u00bb.vc_custom_1649436106358{padding-top: 30px !important;}\u00a0\u00bb][\/vc_column][\/vc_row][vc_row css=\u00a0\u00bb.vc_custom_1649436950304{padding-bottom: 50px !important;}\u00a0\u00bb][vc_column width=\u00a0\u00bb1\/6&Prime;][\/vc_column][vc_column width=\u00a0\u00bb2\/3&Prime;][vc_column_text] Mont-Tremblant a \u00e9t\u00e9 \u00e9lue 20 fois station de ski num\u00e9ro 1 de&hellip;<\/p>\n","protected":false},"author":1,"featured_media":0,"parent":0,"menu_order":0,"comment_status":"closed","ping_status":"closed","template":"","meta":{"_et_pb_use_builder":"","_et_pb_old_content":"","_et_gb_content_width":"","footnotes":""},"class_list":["post-59890","page","type-page","status-publish","hentry","description-off"],"yoast_head":"<!-- This site is optimized with the Yoast SEO Premium plugin v26.6 (Yoast SEO v27.4) - https:\/\/yoast.com\/product\/yoast-seo-premium-wordpress\/ -->\n<title>Mont-Tremblant Qu\u00e9bec | Destination 4 saisons<\/title>\n<meta name=\"description\" content=\"Mont-Tremblant Qu\u00e9bec: maison \u00e0 la Station de ski n\u00b01 dans l&#039;est de l&#039;Am\u00e9rique du Nord\" \/>\n<meta name=\"robots\" content=\"noindex, follow, max-snippet:-1, max-image-preview:large, max-video-preview:-1\" \/>\n<meta property=\"og:locale\" content=\"fr_FR\" \/>\n<meta property=\"og:type\" content=\"article\" \/>\n<meta property=\"og:title\" content=\"Mont-Tremblant Qu\u00e9bec\" \/>\n<meta property=\"og:description\" content=\"Mont-Tremblant Qu\u00e9bec: maison \u00e0 la Station de ski n\u00b01 dans l&#039;est de l&#039;Am\u00e9rique du Nord\" \/>\n<meta property=\"og:url\" content=\"https:\/\/dev.belairtremblant.com\/fr\/mont-tremblant-quebec\/\" \/>\n<meta property=\"og:site_name\" content=\"DEV Bel Air Tremblant\" \/>\n<meta property=\"article:modified_time\" content=\"2022-04-26T20:14:41+00:00\" \/>\n<meta name=\"twitter:card\" content=\"summary_large_image\" \/>\n<meta name=\"twitter:label1\" content=\"Dur\u00e9e de lecture estim\u00e9e\" \/>\n\t<meta name=\"twitter:data1\" content=\"3 minutes\" \/>\n<script type=\"application\/ld+json\" class=\"yoast-schema-graph\">{\"@context\":\"https:\\\/\\\/schema.org\",\"@graph\":[{\"@type\":\"WebPage\",\"@id\":\"https:\\\/\\\/dev.belairtremblant.com\\\/fr\\\/mont-tremblant-quebec\\\/\",\"url\":\"https:\\\/\\\/dev.belairtremblant.com\\\/fr\\\/mont-tremblant-quebec\\\/\",\"name\":\"Mont-Tremblant Qu\u00e9bec | Destination 4 saisons\",\"isPartOf\":{\"@id\":\"https:\\\/\\\/dev.belairtremblant.com\\\/fr\\\/#website\"},\"datePublished\":\"2022-04-08T16:56:46+00:00\",\"dateModified\":\"2022-04-26T20:14:41+00:00\",\"description\":\"Mont-Tremblant Qu\u00e9bec: maison \u00e0 la Station de ski n\u00b01 dans l'est de l'Am\u00e9rique du Nord\",\"breadcrumb\":{\"@id\":\"https:\\\/\\\/dev.belairtremblant.com\\\/fr\\\/mont-tremblant-quebec\\\/#breadcrumb\"},\"inLanguage\":\"fr-FR\",\"potentialAction\":[{\"@type\":\"ReadAction\",\"target\":[\"https:\\\/\\\/dev.belairtremblant.com\\\/fr\\\/mont-tremblant-quebec\\\/\"]}]},{\"@type\":\"BreadcrumbList\",\"@id\":\"https:\\\/\\\/dev.belairtremblant.com\\\/fr\\\/mont-tremblant-quebec\\\/#breadcrumb\",\"itemListElement\":[{\"@type\":\"ListItem\",\"position\":1,\"name\":\"Home\",\"item\":\"https:\\\/\\\/dev.belairtremblant.com\\\/fr\\\/\"},{\"@type\":\"ListItem\",\"position\":2,\"name\":\"Mont-Tremblant Qu\u00e9bec\"}]},{\"@type\":\"WebSite\",\"@id\":\"https:\\\/\\\/dev.belairtremblant.com\\\/fr\\\/#website\",\"url\":\"https:\\\/\\\/dev.belairtremblant.com\\\/fr\\\/\",\"name\":\"DEV Bel Air Tremblant\",\"description\":\"Unique domes &amp; chalet rentals Mont Tremblant\",\"publisher\":{\"@id\":\"https:\\\/\\\/dev.belairtremblant.com\\\/fr\\\/#organization\"},\"potentialAction\":[{\"@type\":\"SearchAction\",\"target\":{\"@type\":\"EntryPoint\",\"urlTemplate\":\"https:\\\/\\\/dev.belairtremblant.com\\\/fr\\\/?s={search_term_string}\"},\"query-input\":{\"@type\":\"PropertyValueSpecification\",\"valueRequired\":true,\"valueName\":\"search_term_string\"}}],\"inLanguage\":\"fr-FR\"},{\"@type\":\"Organization\",\"@id\":\"https:\\\/\\\/dev.belairtremblant.com\\\/fr\\\/#organization\",\"name\":\"Bel Air Resort hotel in Tremblant\",\"url\":\"https:\\\/\\\/dev.belairtremblant.com\\\/fr\\\/\",\"logo\":{\"@type\":\"ImageObject\",\"inLanguage\":\"fr-FR\",\"@id\":\"https:\\\/\\\/dev.belairtremblant.com\\\/fr\\\/#\\\/schema\\\/logo\\\/image\\\/\",\"url\":\"https:\\\/\\\/dev.belairtremblant.com\\\/wp-content\\\/uploads\\\/2022\\\/04\\\/New-BA-Tremblant-logo.jpg\",\"contentUrl\":\"https:\\\/\\\/dev.belairtremblant.com\\\/wp-content\\\/uploads\\\/2022\\\/04\\\/New-BA-Tremblant-logo.jpg\",\"width\":800,\"height\":383,\"caption\":\"Bel Air Resort hotel in Tremblant\"},\"image\":{\"@id\":\"https:\\\/\\\/dev.belairtremblant.com\\\/fr\\\/#\\\/schema\\\/logo\\\/image\\\/\"}}]}<\/script>\n<!-- \/ Yoast SEO Premium plugin. -->","yoast_head_json":{"title":"Mont-Tremblant Qu\u00e9bec | Destination 4 saisons","description":"Mont-Tremblant Qu\u00e9bec: maison \u00e0 la Station de ski n\u00b01 dans l'est de l'Am\u00e9rique du Nord","robots":{"index":"noindex","follow":"follow","max-snippet":"max-snippet:-1","max-image-preview":"max-image-preview:large","max-video-preview":"max-video-preview:-1"},"og_locale":"fr_FR","og_type":"article","og_title":"Mont-Tremblant Qu\u00e9bec","og_description":"Mont-Tremblant Qu\u00e9bec: maison \u00e0 la Station de ski n\u00b01 dans l'est de l'Am\u00e9rique du Nord","og_url":"https:\/\/dev.belairtremblant.com\/fr\/mont-tremblant-quebec\/","og_site_name":"DEV Bel Air Tremblant","article_modified_time":"2022-04-26T20:14:41+00:00","twitter_card":"summary_large_image","twitter_misc":{"Dur\u00e9e de lecture estim\u00e9e":"3 minutes"},"schema":{"@context":"https:\/\/schema.org","@graph":[{"@type":"WebPage","@id":"https:\/\/dev.belairtremblant.com\/fr\/mont-tremblant-quebec\/","url":"https:\/\/dev.belairtremblant.com\/fr\/mont-tremblant-quebec\/","name":"Mont-Tremblant Qu\u00e9bec | Destination 4 saisons","isPartOf":{"@id":"https:\/\/dev.belairtremblant.com\/fr\/#website"},"datePublished":"2022-04-08T16:56:46+00:00","dateModified":"2022-04-26T20:14:41+00:00","description":"Mont-Tremblant Qu\u00e9bec: maison \u00e0 la Station de ski n\u00b01 dans l'est de l'Am\u00e9rique du Nord","breadcrumb":{"@id":"https:\/\/dev.belairtremblant.com\/fr\/mont-tremblant-quebec\/#breadcrumb"},"inLanguage":"fr-FR","potentialAction":[{"@type":"ReadAction","target":["https:\/\/dev.belairtremblant.com\/fr\/mont-tremblant-quebec\/"]}]},{"@type":"BreadcrumbList","@id":"https:\/\/dev.belairtremblant.com\/fr\/mont-tremblant-quebec\/#breadcrumb","itemListElement":[{"@type":"ListItem","position":1,"name":"Home","item":"https:\/\/dev.belairtremblant.com\/fr\/"},{"@type":"ListItem","position":2,"name":"Mont-Tremblant Qu\u00e9bec"}]},{"@type":"WebSite","@id":"https:\/\/dev.belairtremblant.com\/fr\/#website","url":"https:\/\/dev.belairtremblant.com\/fr\/","name":"DEV Bel Air Tremblant","description":"Unique domes &amp; chalet rentals Mont Tremblant","publisher":{"@id":"https:\/\/dev.belairtremblant.com\/fr\/#organization"},"potentialAction":[{"@type":"SearchAction","target":{"@type":"EntryPoint","urlTemplate":"https:\/\/dev.belairtremblant.com\/fr\/?s={search_term_string}"},"query-input":{"@type":"PropertyValueSpecification","valueRequired":true,"valueName":"search_term_string"}}],"inLanguage":"fr-FR"},{"@type":"Organization","@id":"https:\/\/dev.belairtremblant.com\/fr\/#organization","name":"Bel Air Resort hotel in Tremblant","url":"https:\/\/dev.belairtremblant.com\/fr\/","logo":{"@type":"ImageObject","inLanguage":"fr-FR","@id":"https:\/\/dev.belairtremblant.com\/fr\/#\/schema\/logo\/image\/","url":"https:\/\/dev.belairtremblant.com\/wp-content\/uploads\/2022\/04\/New-BA-Tremblant-logo.jpg","contentUrl":"https:\/\/dev.belairtremblant.com\/wp-content\/uploads\/2022\/04\/New-BA-Tremblant-logo.jpg","width":800,"height":383,"caption":"Bel Air Resort hotel in Tremblant"},"image":{"@id":"https:\/\/dev.belairtremblant.com\/fr\/#\/schema\/logo\/image\/"}}]}},"_links":{"self":[{"href":"https:\/\/dev.belairtremblant.com\/fr\/wp-json\/wp\/v2\/pages\/59890","targetHints":{"allow":["GET"]}}],"collection":[{"href":"https:\/\/dev.belairtremblant.com\/fr\/wp-json\/wp\/v2\/pages"}],"about":[{"href":"https:\/\/dev.belairtremblant.com\/fr\/wp-json\/wp\/v2\/types\/page"}],"author":[{"embeddable":true,"href":"https:\/\/dev.belairtremblant.com\/fr\/wp-json\/wp\/v2\/users\/1"}],"replies":[{"embeddable":true,"href":"https:\/\/dev.belairtremblant.com\/fr\/wp-json\/wp\/v2\/comments?post=59890"}],"version-history":[{"count":0,"href":"https:\/\/dev.belairtremblant.com\/fr\/wp-json\/wp\/v2\/pages\/59890\/revisions"}],"wp:attachment":[{"href":"https:\/\/dev.belairtremblant.com\/fr\/wp-json\/wp\/v2\/media?parent=59890"}],"curies":[{"name":"wp","href":"https:\/\/api.w.org\/{rel}","templated":true}]}}