{"id":59888,"date":"2021-10-31T00:57:47","date_gmt":"2021-10-31T00:57:47","guid":{"rendered":"https:\/\/dev.belairtremblant.com\/influenceurs\/"},"modified":"2025-07-07T19:44:33","modified_gmt":"2025-07-07T19:44:33","slug":"influenceurs","status":"publish","type":"page","link":"https:\/\/dev.belairtremblant.com\/fr\/influenceurs\/","title":{"rendered":"Influenceurs"},"content":{"rendered":"<div class=\"wpb-content-wrapper\"><p>[vc_row full_width=\u00a0\u00bbstretch_row_content\u00a0\u00bb content_placement=\u00a0\u00bbbottom\u00a0\u00bb css=\u00a0\u00bb.vc_custom_1578425755569{background-position: center !important;background-repeat: no-repeat !important;background-size: cover !important;}\u00a0\u00bb kswr_row_top_decor_enabled=\u00a0\u00bbfalse\u00a0\u00bb kswr_row_bottom_decor_enabled=\u00a0\u00bbfalse\u00a0\u00bb][vc_column width=\u00a0\u00bb1\/6&Prime;][\/vc_column][vc_column width=\u00a0\u00bb2\/3&Prime;][vc_custom_heading text=\u00a0\u00bbINFLUENCEURS\u00a0\u00bb font_container=\u00a0\u00bbtag:h1|font_size:40|text_align:center|color:%239c9379&Prime; use_theme_fonts=\u00a0\u00bbyes\u00a0\u00bb css=\u00a0\u00bb.vc_custom_1751917400103{padding-top: 25px !important;}\u00a0\u00bb][vc_custom_heading text=\u00a0\u00bb<em>Influenceurs des r\u00e9seaux sociaux<\/em>\u00a0\u00bb font_container=\u00a0\u00bbtag:h2|font_size:25|text_align:center|color:%23494848&Prime; use_theme_fonts=\u00a0\u00bbyes\u00a0\u00bb css=\u00a0\u00bb.vc_custom_1635641288440{padding-top: 5px !important;}\u00a0\u00bb]<div id=\"ultimate-heading-891869e4dc2e96751\" class=\"uvc-heading ult-adjust-bottom-margin ultimate-heading-891869e4dc2e96751 uvc-8880  uvc-heading-default-font-sizes\" data-hspacer=\"no_spacer\"  data-halign=\"center\" style=\"text-align:center\"><div class=\"uvc-heading-spacer no_spacer\" style=\"top\"><\/div><div class=\"uvc-sub-heading ult-responsive\"  data-ultimate-target='.uvc-heading.ultimate-heading-891869e4dc2e96751 .uvc-sub-heading '  data-responsive-json-new='{\"font-size\":\"\",\"line-height\":\"\"}'  style=\"font-weight:normal;\"><\/p>\n<p style=\"text-align: center;\">L\u2019h\u00f4tel Bel Air \u00e0 Mont-Tremblant cherche des nouveaux partenariats avec des journalistes, des blogueurs et des influenceurs des r\u00e9seaux sociaux afin de consolider notre strat\u00e9gie marketing digital. Nous recherchons des influenceurs tr\u00e8s engag\u00e9s aupr\u00e8s de leur public, avec des abonn\u00e9s fid\u00e8les, privil\u00e9giant la qualit\u00e9 du contenu plut\u00f4t que la quantit\u00e9, et dont les valeurs et les objectifs rejoignent les n\u00f4tres et ceux de notre public.<\/p>\n<p><\/p>\n<p style=\"text-align: center;\">Noter que les demandes sont soumises \u00e0 disponibilit\u00e9 et peuvent \u00eatre difficiles \u00e0 honorer \u00e0 certaines dates et p\u00e9riodes, surtout en haute saison. Veuillez soumettre votre demande au moins quatorze jours avant le s\u00e9jour souhait\u00e9. Vous recevrez une r\u00e9ponse de notre \u00e9quipe sous 72 heures. Remplir le formulaire ne garantit pas que votre demande sera honor\u00e9e.<\/p>\n<p>&nbsp;<br \/>\n<\/div><\/div>[\/vc_column][vc_column width=\u00a0\u00bb1\/6&Prime;][\/vc_column][\/vc_row][vc_row full_width=\u00a0\u00bbstretch_row_content\u00a0\u00bb gap=\u00a0\u00bb10&Prime; kswr_row_top_decor_enabled=\u00a0\u00bbfalse\u00a0\u00bb kswr_row_bottom_decor_enabled=\u00a0\u00bbfalse\u00a0\u00bb][vc_column width=\u00a0\u00bb1\/6&Prime;][\/vc_column][vc_column width=\u00a0\u00bb2\/3&Prime;][vc_row_inner][vc_column_inner][vc_raw_html css=\u00a0\u00bb.vc_custom_1635641554465{margin-top: 0px !important;padding-top: 0px !important;}\u00a0\u00bb]PHAgc3R5bGU9InRleHQtYWxpZ246IGNlbnRlcjsiPg0KICAgIDxpZnJhbWUNCiAgICAgIGlkPSJKb3RGb3JtSUZyYW1lLTIwMDA2NjA5NzQ4ODE1OCINCiAgICAgIHRpdGxlPSJJbmZsdWVuY2VyIFN0YXkgUmVxdWVzdCAtIEJlbCBBaXIgaG90ZWwgVHJlbWJsYW50Ig0KICAgICAgb25sb2FkPSJ3aW5kb3cucGFyZW50LnNjcm9sbFRvKDAsMCkiDQogICAgICBhbGxvd3RyYW5zcGFyZW5jeT0idHJ1ZSINCiAgICAgIGFsbG93ZnVsbHNjcmVlbj0idHJ1ZSINCiAgICAgIGFsbG93PSJnZW9sb2NhdGlvbjsgbWljcm9waG9uZTsgY2FtZXJhIg0KICAgICAgc3JjPSJodHRwczovL2Zvcm0uam90Zm9ybS5jb20vMjAwMDY2MDk3NDg4MTU4Ig0KICAgICAgZnJhbWVib3JkZXI9IjAiDQogICAgICBzdHlsZT0iDQogICAgICBtaW4td2lkdGg6IDEwMCU7DQogICAgICBoZWlnaHQ6MTAyM3B4Ow0KICAgICAgYm9yZGVyOm5vbmU7Ig0KICAgICAgc2Nyb2xsaW5nPSJubyINCiAgICA+DQogICAgPC9pZnJhbWU+DQogICAgPHNjcmlwdCB0eXBlPSJ0ZXh0L2phdmFzY3JpcHQiPg0KICAgICAgdmFyIGlmciA9IGRvY3VtZW50LmdldEVsZW1lbnRCeUlkKCJKb3RGb3JtSUZyYW1lLTIwMDA2NjA5NzQ4ODE1OCIpOw0KICAgICAgaWYod2luZG93LmxvY2F0aW9uLmhyZWYgJiYgd2luZG93LmxvY2F0aW9uLmhyZWYuaW5kZXhPZigiPyIpID4gLTEpIHsNCiAgICAgICAgdmFyIGdldCA9IHdpbmRvdy5sb2NhdGlvbi5ocmVmLnN1YnN0cih3aW5kb3cubG9jYXRpb24uaHJlZi5pbmRleE9mKCI\/IikgKyAxKTsNCiAgICAgICAgaWYoaWZyICYmIGdldC5sZW5ndGggPiAwKSB7DQogICAgICAgICAgdmFyIHNyYyA9IGlmci5zcmM7DQogICAgICAgICAgc3JjID0gc3JjLmluZGV4T2YoIj8iKSA+IC0xID8gc3JjICsgIiYiICsgZ2V0IDogc3JjICArICI\/IiArIGdldDsNCiAgICAgICAgICBpZnIuc3JjID0gc3JjOw0KICAgICAgICB9DQogICAgICB9DQogICAgICB3aW5kb3cuaGFuZGxlSUZyYW1lTWVzc2FnZSA9IGZ1bmN0aW9uKGUpIHsNCiAgICAgICAgaWYgKHR5cGVvZiBlLmRhdGEgPT09ICdvYmplY3QnKSB7IHJldHVybjsgfQ0KICAgICAgICB2YXIgYXJncyA9IGUuZGF0YS5zcGxpdCgiOiIpOw0KICAgICAgICBpZiAoYXJncy5sZW5ndGggPiAyKSB7IGlmcmFtZSA9IGRvY3VtZW50LmdldEVsZW1lbnRCeUlkKCJKb3RGb3JtSUZyYW1lLSIgKyBhcmdzWyhhcmdzLmxlbmd0aCAtIDEpXSk7IH0gZWxzZSB7IGlmcmFtZSA9IGRvY3VtZW50LmdldEVsZW1lbnRCeUlkKCJKb3RGb3JtSUZyYW1lIik7IH0NCiAgICAgICAgaWYgKCFpZnJhbWUpIHsgcmV0dXJuOyB9DQogICAgICAgIHN3aXRjaCAoYXJnc1swXSkgew0KICAgICAgICAgIGNhc2UgInNjcm9sbEludG9WaWV3IjoNCiAgICAgICAgICAgIGlmcmFtZS5zY3JvbGxJbnRvVmlldygpOw0KICAgICAgICAgICAgYnJlYWs7DQogICAgICAgICAgY2FzZSAic2V0SGVpZ2h0IjoNCiAgICAgICAgICAgIGlmcmFtZS5zdHlsZS5oZWlnaHQgPSBhcmdzWzFdICsgInB4IjsNCiAgICAgICAgICAgIGJyZWFrOw0KICAgICAgICAgIGNhc2UgImNvbGxhcHNlRXJyb3JQYWdlIjoNCiAgICAgICAgICAgIGlmIChpZnJhbWUuY2xpZW50SGVpZ2h0ID4gd2luZG93LmlubmVySGVpZ2h0KSB7DQogICAgICAgICAgICAgIGlmcmFtZS5zdHlsZS5oZWlnaHQgPSB3aW5kb3cuaW5uZXJIZWlnaHQgKyAicHgiOw0KICAgICAgICAgICAgfQ0KICAgICAgICAgICAgYnJlYWs7DQogICAgICAgICAgY2FzZSAicmVsb2FkUGFnZSI6DQogICAgICAgICAgICB3aW5kb3cubG9jYXRpb24ucmVsb2FkKCk7DQogICAgICAgICAgICBicmVhazsNCiAgICAgICAgICBjYXNlICJsb2FkU2NyaXB0IjoNCiAgICAgICAgICAgIHZhciBzcmMgPSBhcmdzWzFdOw0KICAgICAgICAgICAgaWYgKGFyZ3MubGVuZ3RoID4gMykgew0KICAgICAgICAgICAgICAgIHNyYyA9IGFyZ3NbMV0gKyAnOicgKyBhcmdzWzJdOw0KICAgICAgICAgICAgfQ0KICAgICAgICAgICAgdmFyIHNjcmlwdCA9IGRvY3VtZW50LmNyZWF0ZUVsZW1lbnQoJ3NjcmlwdCcpOw0KICAgICAgICAgICAgc2NyaXB0LnNyYyA9IHNyYzsNCiAgICAgICAgICAgIHNjcmlwdC50eXBlID0gJ3RleHQvamF2YXNjcmlwdCc7DQogICAgICAgICAgICBkb2N1bWVudC5ib2R5LmFwcGVuZENoaWxkKHNjcmlwdCk7DQogICAgICAgICAgICBicmVhazsNCiAgICAgICAgICBjYXNlICJleGl0RnVsbHNjcmVlbiI6DQogICAgICAgICAgICBpZiAgICAgICh3aW5kb3cuZG9jdW1lbnQuZXhpdEZ1bGxzY3JlZW4pICAgICAgICB3aW5kb3cuZG9jdW1lbnQuZXhpdEZ1bGxzY3JlZW4oKTsNCiAgICAgICAgICAgIGVsc2UgaWYgKHdpbmRvdy5kb2N1bWVudC5tb3pDYW5jZWxGdWxsU2NyZWVuKSAgIHdpbmRvdy5kb2N1bWVudC5tb3pDYW5jZWxGdWxsU2NyZWVuKCk7DQogICAgICAgICAgICBlbHNlIGlmICh3aW5kb3cuZG9jdW1lbnQubW96Q2FuY2VsRnVsbHNjcmVlbikgICB3aW5kb3cuZG9jdW1lbnQubW96Q2FuY2VsRnVsbFNjcmVlbigpOw0KICAgICAgICAgICAgZWxzZSBpZiAod2luZG93LmRvY3VtZW50LndlYmtpdEV4aXRGdWxsc2NyZWVuKSAgd2luZG93LmRvY3VtZW50LndlYmtpdEV4aXRGdWxsc2NyZWVuKCk7DQogICAgICAgICAgICBlbHNlIGlmICh3aW5kb3cuZG9jdW1lbnQubXNFeGl0RnVsbHNjcmVlbikgICAgICB3aW5kb3cuZG9jdW1lbnQubXNFeGl0RnVsbHNjcmVlbigpOw0KICAgICAgICAgICAgYnJlYWs7DQogICAgICAgIH0NCiAgICAgICAgdmFyIGlzSm90Rm9ybSA9IChlLm9yaWdpbi5pbmRleE9mKCJqb3Rmb3JtIikgPiAtMSkgPyB0cnVlIDogZmFsc2U7DQogICAgICAgIGlmKGlzSm90Rm9ybSAmJiAiY29udGVudFdpbmRvdyIgaW4gaWZyYW1lICYmICJwb3N0TWVzc2FnZSIgaW4gaWZyYW1lLmNvbnRlbnRXaW5kb3cpIHsNCiAgICAgICAgICB2YXIgdXJscyA9IHsiZG9jdXJsIjplbmNvZGVVUklDb21wb25lbnQoZG9jdW1lbnQuVVJMKSwicmVmZXJyZXIiOmVuY29kZVVSSUNvbXBvbmVudChkb2N1bWVudC5yZWZlcnJlcil9Ow0KICAgICAgICAgIGlmcmFtZS5jb250ZW50V2luZG93LnBvc3RNZXNzYWdlKEpTT04uc3RyaW5naWZ5KHsidHlwZSI6InVybHMiLCJ2YWx1ZSI6dXJsc30pLCAiKiIpOw0KICAgICAgICB9DQogICAgICB9Ow0KICAgICAgaWYgKHdpbmRvdy5hZGRFdmVudExpc3RlbmVyKSB7DQogICAgICAgIHdpbmRvdy5hZGRFdmVudExpc3RlbmVyKCJtZXNzYWdlIiwgaGFuZGxlSUZyYW1lTWVzc2FnZSwgZmFsc2UpOw0KICAgICAgfSBlbHNlIGlmICh3aW5kb3cuYXR0YWNoRXZlbnQpIHsNCiAgICAgICAgd2luZG93LmF0dGFjaEV2ZW50KCJvbm1lc3NhZ2UiLCBoYW5kbGVJRnJhbWVNZXNzYWdlKTsNCiAgICAgIH0NCiAgICAgIDwvc2NyaXB0PiAgICAgIDwvcD4=[\/vc_raw_html][\/vc_column_inner][\/vc_row_inner][\/vc_column][vc_column width=\u00a0\u00bb1\/6&Prime;][\/vc_column][\/vc_row][vc_row layout=\u00a0\u00bbstretch_row_content_no_spaces\u00a0\u00bb css=\u00a0\u00bb.vc_custom_1573009151373{padding-top: 0px !important;}\u00a0\u00bb][vc_column width=\u00a0\u00bb2\/3&Prime;][\/vc_column][vc_column width=\u00a0\u00bb1\/3&Prime;][\/vc_column][\/vc_row][vc_row][vc_column][\/vc_column][\/vc_row]<\/p>\n<\/div>","protected":false},"excerpt":{"rendered":"<p>[vc_row full_width=\u00a0\u00bbstretch_row_content\u00a0\u00bb content_placement=\u00a0\u00bbbottom\u00a0\u00bb css=\u00a0\u00bb.vc_custom_1578425755569{background-position: center !important;background-repeat: no-repeat !important;background-size: cover !important;}\u00a0\u00bb kswr_row_top_decor_enabled=\u00a0\u00bbfalse\u00a0\u00bb kswr_row_bottom_decor_enabled=\u00a0\u00bbfalse\u00a0\u00bb][vc_column width=\u00a0\u00bb1\/6&Prime;][\/vc_column][vc_column width=\u00a0\u00bb2\/3&Prime;][vc_custom_heading text=\u00a0\u00bbINFLUENCEURS\u00a0\u00bb font_container=\u00a0\u00bbtag:h1|font_size:40|text_align:center|color:%239c9379&Prime; use_theme_fonts=\u00a0\u00bbyes\u00a0\u00bb css=\u00a0\u00bb.vc_custom_1751917400103{padding-top: 25px !important;}\u00a0\u00bb][vc_custom_heading text=\u00a0\u00bbInfluenceurs des r\u00e9seaux sociaux\u00a0\u00bb font_container=\u00a0\u00bbtag:h2|font_size:25|text_align:center|color:%23494848&Prime; use_theme_fonts=\u00a0\u00bbyes\u00a0\u00bb css=\u00a0\u00bb.vc_custom_1635641288440{padding-top: 5px !important;}\u00a0\u00bb][\/vc_column][vc_column width=\u00a0\u00bb1\/6&Prime;][\/vc_column][\/vc_row][vc_row full_width=\u00a0\u00bbstretch_row_content\u00a0\u00bb gap=\u00a0\u00bb10&Prime; kswr_row_top_decor_enabled=\u00a0\u00bbfalse\u00a0\u00bb kswr_row_bottom_decor_enabled=\u00a0\u00bbfalse\u00a0\u00bb][vc_column width=\u00a0\u00bb1\/6&Prime;][\/vc_column][vc_column width=\u00a0\u00bb2\/3&Prime;][vc_row_inner][vc_column_inner][vc_raw_html css=\u00a0\u00bb.vc_custom_1635641554465{margin-top: 0px !important;padding-top: 0px !important;}\u00a0\u00bb]PHAgc3R5bGU9InRleHQtYWxpZ246IGNlbnRlcjsiPg0KICAgIDxpZnJhbWUNCiAgICAgIGlkPSJKb3RGb3JtSUZyYW1lLTIwMDA2NjA5NzQ4ODE1OCINCiAgICAgIHRpdGxlPSJJbmZsdWVuY2VyIFN0YXkgUmVxdWVzdCAtIEJlbCBBaXIgaG90ZWwgVHJlbWJsYW50Ig0KICAgICAgb25sb2FkPSJ3aW5kb3cucGFyZW50LnNjcm9sbFRvKDAsMCkiDQogICAgICBhbGxvd3RyYW5zcGFyZW5jeT0idHJ1ZSINCiAgICAgIGFsbG93ZnVsbHNjcmVlbj0idHJ1ZSINCiAgICAgIGFsbG93PSJnZW9sb2NhdGlvbjsgbWljcm9waG9uZTsgY2FtZXJhIg0KICAgICAgc3JjPSJodHRwczovL2Zvcm0uam90Zm9ybS5jb20vMjAwMDY2MDk3NDg4MTU4Ig0KICAgICAgZnJhbWVib3JkZXI9IjAiDQogICAgICBzdHlsZT0iDQogICAgICBtaW4td2lkdGg6IDEwMCU7DQogICAgICBoZWlnaHQ6MTAyM3B4Ow0KICAgICAgYm9yZGVyOm5vbmU7Ig0KICAgICAgc2Nyb2xsaW5nPSJubyINCiAgICA+DQogICAgPC9pZnJhbWU+DQogICAgPHNjcmlwdCB0eXBlPSJ0ZXh0L2phdmFzY3JpcHQiPg0KICAgICAgdmFyIGlmciA9IGRvY3VtZW50LmdldEVsZW1lbnRCeUlkKCJKb3RGb3JtSUZyYW1lLTIwMDA2NjA5NzQ4ODE1OCIpOw0KICAgICAgaWYod2luZG93LmxvY2F0aW9uLmhyZWYgJiYgd2luZG93LmxvY2F0aW9uLmhyZWYuaW5kZXhPZigiPyIpID4gLTEpIHsNCiAgICAgICAgdmFyIGdldCA9IHdpbmRvdy5sb2NhdGlvbi5ocmVmLnN1YnN0cih3aW5kb3cubG9jYXRpb24uaHJlZi5pbmRleE9mKCI\/IikgKyAxKTsNCiAgICAgICAgaWYoaWZyICYmIGdldC5sZW5ndGggPiAwKSB7DQogICAgICAgICAgdmFyIHNyYyA9IGlmci5zcmM7DQogICAgICAgICAgc3JjID0gc3JjLmluZGV4T2YoIj8iKSA+IC0xID8gc3JjICsgIiYiICsgZ2V0IDogc3JjICArICI\/IiArIGdldDsNCiAgICAgICAgICBpZnIuc3JjID0gc3JjOw0KICAgICAgICB9DQogICAgICB9DQogICAgICB3aW5kb3cuaGFuZGxlSUZyYW1lTWVzc2FnZSA9IGZ1bmN0aW9uKGUpIHsNCiAgICAgICAgaWYgKHR5cGVvZiBlLmRhdGEgPT09ICdvYmplY3QnKSB7IHJldHVybjsgfQ0KICAgICAgICB2YXIgYXJncyA9IGUuZGF0YS5zcGxpdCgiOiIpOw0KICAgICAgICBpZiAoYXJncy5sZW5ndGggPiAyKSB7IGlmcmFtZSA9IGRvY3VtZW50LmdldEVsZW1lbnRCeUlkKCJKb3RGb3JtSUZyYW1lLSIgKyBhcmdzWyhhcmdzLmxlbmd0aCAtIDEpXSk7IH0gZWxzZSB7IGlmcmFtZSA9IGRvY3VtZW50LmdldEVsZW1lbnRCeUlkKCJKb3RGb3JtSUZyYW1lIik7IH0NCiAgICAgICAgaWYgKCFpZnJhbWUpIHsgcmV0dXJuOyB9DQogICAgICAgIHN3aXRjaCAoYXJnc1swXSkgew0KICAgICAgICAgIGNhc2UgInNjcm9sbEludG9WaWV3IjoNCiAgICAgICAgICAgIGlmcmFtZS5zY3JvbGxJbnRvVmlldygpOw0KICAgICAgICAgICAgYnJlYWs7DQogICAgICAgICAgY2FzZSAic2V0SGVpZ2h0IjoNCiAgICAgICAgICAgIGlmcmFtZS5zdHlsZS5oZWlnaHQgPSBhcmdzWzFdICsgInB4IjsNCiAgICAgICAgICAgIGJyZWFrOw0KICAgICAgICAgIGNhc2UgImNvbGxhcHNlRXJyb3JQYWdlIjoNCiAgICAgICAgICAgIGlmIChpZnJhbWUuY2xpZW50SGVpZ2h0ID4gd2luZG93LmlubmVySGVpZ2h0KSB7DQogICAgICAgICAgICAgIGlmcmFtZS5zdHlsZS5oZWlnaHQgPSB3aW5kb3cuaW5uZXJIZWlnaHQgKyAicHgiOw0KICAgICAgICAgICAgfQ0KICAgICAgICAgICAgYnJlYWs7DQogICAgICAgICAgY2FzZSAicmVsb2FkUGFnZSI6DQogICAgICAgICAgICB3aW5kb3cubG9jYXRpb24ucmVsb2FkKCk7DQogICAgICAgICAgICBicmVhazsNCiAgICAgICAgICBjYXNlICJsb2FkU2NyaXB0IjoNCiAgICAgICAgICAgIHZhciBzcmMgPSBhcmdzWzFdOw0KICAgICAgICAgICAgaWYgKGFyZ3MubGVuZ3RoID4gMykgew0KICAgICAgICAgICAgICAgIHNyYyA9IGFyZ3NbMV0gKyAnOicgKyBhcmdzWzJdOw0KICAgICAgICAgICAgfQ0KICAgICAgICAgICAgdmFyIHNjcmlwdCA9IGRvY3VtZW50LmNyZWF0ZUVsZW1lbnQoJ3NjcmlwdCcpOw0KICAgICAgICAgICAgc2NyaXB0LnNyYyA9IHNyYzsNCiAgICAgICAgICAgIHNjcmlwdC50eXBlID0gJ3RleHQvamF2YXNjcmlwdCc7DQogICAgICAgICAgICBkb2N1bWVudC5ib2R5LmFwcGVuZENoaWxkKHNjcmlwdCk7DQogICAgICAgICAgICBicmVhazsNCiAgICAgICAgICBjYXNlICJleGl0RnVsbHNjcmVlbiI6DQogICAgICAgICAgICBpZiAgICAgICh3aW5kb3cuZG9jdW1lbnQuZXhpdEZ1bGxzY3JlZW4pICAgICAgICB3aW5kb3cuZG9jdW1lbnQuZXhpdEZ1bGxzY3JlZW4oKTsNCiAgICAgICAgICAgIGVsc2UgaWYgKHdpbmRvdy5kb2N1bWVudC5tb3pDYW5jZWxGdWxsU2NyZWVuKSAgIHdpbmRvdy5kb2N1bWVudC5tb3pDYW5jZWxGdWxsU2NyZWVuKCk7DQogICAgICAgICAgICBlbHNlIGlmICh3aW5kb3cuZG9jdW1lbnQubW96Q2FuY2VsRnVsbHNjcmVlbikgICB3aW5kb3cuZG9jdW1lbnQubW96Q2FuY2VsRnVsbFNjcmVlbigpOw0KICAgICAgICAgICAgZWxzZSBpZiAod2luZG93LmRvY3VtZW50LndlYmtpdEV4aXRGdWxsc2NyZWVuKSAgd2luZG93LmRvY3VtZW50LndlYmtpdEV4aXRGdWxsc2NyZWVuKCk7DQogICAgICAgICAgICBlbHNlIGlmICh3aW5kb3cuZG9jdW1lbnQubXNFeGl0RnVsbHNjcmVlbikgICAgICB3aW5kb3cuZG9jdW1lbnQubXNFeGl0RnVsbHNjcmVlbigpOw0KICAgICAgICAgICAgYnJlYWs7DQogICAgICAgIH0NCiAgICAgICAgdmFyIGlzSm90Rm9ybSA9IChlLm9yaWdpbi5pbmRleE9mKCJqb3Rmb3JtIikgPiAtMSkgPyB0cnVlIDogZmFsc2U7DQogICAgICAgIGlmKGlzSm90Rm9ybSAmJiAiY29udGVudFdpbmRvdyIgaW4gaWZyYW1lICYmICJwb3N0TWVzc2FnZSIgaW4gaWZyYW1lLmNvbnRlbnRXaW5kb3cpIHsNCiAgICAgICAgICB2YXIgdXJscyA9IHsiZG9jdXJsIjplbmNvZGVVUklDb21wb25lbnQoZG9jdW1lbnQuVVJMKSwicmVmZXJyZXIiOmVuY29kZVVSSUNvbXBvbmVudChkb2N1bWVudC5yZWZlcnJlcil9Ow0KICAgICAgICAgIGlmcmFtZS5jb250ZW50V2luZG93LnBvc3RNZXNzYWdlKEpTT04uc3RyaW5naWZ5KHsidHlwZSI6InVybHMiLCJ2YWx1ZSI6dXJsc30pLCAiKiIpOw0KICAgICAgICB9DQogICAgICB9Ow0KICAgICAgaWYgKHdpbmRvdy5hZGRFdmVudExpc3RlbmVyKSB7DQogICAgICAgIHdpbmRvdy5hZGRFdmVudExpc3RlbmVyKCJtZXNzYWdlIiwgaGFuZGxlSUZyYW1lTWVzc2FnZSwgZmFsc2UpOw0KICAgICAgfSBlbHNlIGlmICh3aW5kb3cuYXR0YWNoRXZlbnQpIHsNCiAgICAgICAgd2luZG93LmF0dGFjaEV2ZW50KCJvbm1lc3NhZ2UiLCBoYW5kbGVJRnJhbWVNZXNzYWdlKTsNCiAgICAgIH0NCiAgICAgIDwvc2NyaXB0PiAgICAgIDwvcD4=[\/vc_raw_html][\/vc_column_inner][\/vc_row_inner][\/vc_column][vc_column width=\u00a0\u00bb1\/6&Prime;][\/vc_column][\/vc_row][vc_row layout=\u00a0\u00bbstretch_row_content_no_spaces\u00a0\u00bb css=\u00a0\u00bb.vc_custom_1573009151373{padding-top: 0px !important;}\u00a0\u00bb][vc_column width=\u00a0\u00bb2\/3&Prime;][\/vc_column][vc_column width=\u00a0\u00bb1\/3&Prime;][\/vc_column][\/vc_row][vc_row][vc_column][\/vc_column][\/vc_row]<\/p>\n","protected":false},"author":1,"featured_media":0,"parent":0,"menu_order":0,"comment_status":"closed","ping_status":"closed","template":"","meta":{"_et_pb_use_builder":"","_et_pb_old_content":"","_et_gb_content_width":"","footnotes":""},"class_list":["post-59888","page","type-page","status-publish","hentry","description-off"],"yoast_head":"<!-- This site is optimized with the Yoast SEO Premium plugin v26.6 (Yoast SEO v27.4) - https:\/\/yoast.com\/product\/yoast-seo-premium-wordpress\/ -->\n<title>Formulaire de collaboration pour influenceurs<\/title>\n<meta name=\"description\" content=\"Formulaire de collaboration pour influenceurs : BNous sommes heureux de collaborer avec des influenceurs des m\u00e9dias sociaux.\" \/>\n<meta name=\"robots\" content=\"noindex, follow, max-snippet:-1, max-image-preview:large, max-video-preview:-1\" \/>\n<meta property=\"og:locale\" content=\"fr_FR\" \/>\n<meta property=\"og:type\" content=\"article\" \/>\n<meta property=\"og:title\" content=\"Influenceurs\" \/>\n<meta property=\"og:description\" content=\"Formulaire de collaboration pour influenceurs : BNous sommes heureux de collaborer avec des influenceurs des m\u00e9dias sociaux.\" \/>\n<meta property=\"og:url\" content=\"https:\/\/dev.belairtremblant.com\/fr\/influenceurs\/\" \/>\n<meta property=\"og:site_name\" content=\"DEV Bel Air Tremblant\" \/>\n<meta property=\"article:modified_time\" content=\"2025-07-07T19:44:33+00:00\" \/>\n<meta name=\"twitter:card\" content=\"summary_large_image\" \/>\n<meta name=\"twitter:label1\" content=\"Dur\u00e9e de lecture estim\u00e9e\" \/>\n\t<meta name=\"twitter:data1\" content=\"4 minutes\" \/>\n<script type=\"application\/ld+json\" class=\"yoast-schema-graph\">{\"@context\":\"https:\\\/\\\/schema.org\",\"@graph\":[{\"@type\":\"WebPage\",\"@id\":\"https:\\\/\\\/dev.belairtremblant.com\\\/fr\\\/influenceurs\\\/\",\"url\":\"https:\\\/\\\/dev.belairtremblant.com\\\/fr\\\/influenceurs\\\/\",\"name\":\"Formulaire de collaboration pour influenceurs\",\"isPartOf\":{\"@id\":\"https:\\\/\\\/dev.belairtremblant.com\\\/fr\\\/#website\"},\"datePublished\":\"2021-10-31T00:57:47+00:00\",\"dateModified\":\"2025-07-07T19:44:33+00:00\",\"description\":\"Formulaire de collaboration pour influenceurs : BNous sommes heureux de collaborer avec des influenceurs des m\u00e9dias sociaux.\",\"breadcrumb\":{\"@id\":\"https:\\\/\\\/dev.belairtremblant.com\\\/fr\\\/influenceurs\\\/#breadcrumb\"},\"inLanguage\":\"fr-FR\",\"potentialAction\":[{\"@type\":\"ReadAction\",\"target\":[\"https:\\\/\\\/dev.belairtremblant.com\\\/fr\\\/influenceurs\\\/\"]}]},{\"@type\":\"BreadcrumbList\",\"@id\":\"https:\\\/\\\/dev.belairtremblant.com\\\/fr\\\/influenceurs\\\/#breadcrumb\",\"itemListElement\":[{\"@type\":\"ListItem\",\"position\":1,\"name\":\"Home\",\"item\":\"https:\\\/\\\/dev.belairtremblant.com\\\/fr\\\/\"},{\"@type\":\"ListItem\",\"position\":2,\"name\":\"Influenceurs\"}]},{\"@type\":\"WebSite\",\"@id\":\"https:\\\/\\\/dev.belairtremblant.com\\\/fr\\\/#website\",\"url\":\"https:\\\/\\\/dev.belairtremblant.com\\\/fr\\\/\",\"name\":\"DEV Bel Air Tremblant\",\"description\":\"Unique domes &amp; chalet rentals Mont Tremblant\",\"publisher\":{\"@id\":\"https:\\\/\\\/dev.belairtremblant.com\\\/fr\\\/#organization\"},\"potentialAction\":[{\"@type\":\"SearchAction\",\"target\":{\"@type\":\"EntryPoint\",\"urlTemplate\":\"https:\\\/\\\/dev.belairtremblant.com\\\/fr\\\/?s={search_term_string}\"},\"query-input\":{\"@type\":\"PropertyValueSpecification\",\"valueRequired\":true,\"valueName\":\"search_term_string\"}}],\"inLanguage\":\"fr-FR\"},{\"@type\":\"Organization\",\"@id\":\"https:\\\/\\\/dev.belairtremblant.com\\\/fr\\\/#organization\",\"name\":\"Bel Air Resort hotel in Tremblant\",\"url\":\"https:\\\/\\\/dev.belairtremblant.com\\\/fr\\\/\",\"logo\":{\"@type\":\"ImageObject\",\"inLanguage\":\"fr-FR\",\"@id\":\"https:\\\/\\\/dev.belairtremblant.com\\\/fr\\\/#\\\/schema\\\/logo\\\/image\\\/\",\"url\":\"https:\\\/\\\/dev.belairtremblant.com\\\/wp-content\\\/uploads\\\/2022\\\/04\\\/New-BA-Tremblant-logo.jpg\",\"contentUrl\":\"https:\\\/\\\/dev.belairtremblant.com\\\/wp-content\\\/uploads\\\/2022\\\/04\\\/New-BA-Tremblant-logo.jpg\",\"width\":800,\"height\":383,\"caption\":\"Bel Air Resort hotel in Tremblant\"},\"image\":{\"@id\":\"https:\\\/\\\/dev.belairtremblant.com\\\/fr\\\/#\\\/schema\\\/logo\\\/image\\\/\"}}]}<\/script>\n<!-- \/ Yoast SEO Premium plugin. -->","yoast_head_json":{"title":"Formulaire de collaboration pour influenceurs","description":"Formulaire de collaboration pour influenceurs : BNous sommes heureux de collaborer avec des influenceurs des m\u00e9dias sociaux.","robots":{"index":"noindex","follow":"follow","max-snippet":"max-snippet:-1","max-image-preview":"max-image-preview:large","max-video-preview":"max-video-preview:-1"},"og_locale":"fr_FR","og_type":"article","og_title":"Influenceurs","og_description":"Formulaire de collaboration pour influenceurs : BNous sommes heureux de collaborer avec des influenceurs des m\u00e9dias sociaux.","og_url":"https:\/\/dev.belairtremblant.com\/fr\/influenceurs\/","og_site_name":"DEV Bel Air Tremblant","article_modified_time":"2025-07-07T19:44:33+00:00","twitter_card":"summary_large_image","twitter_misc":{"Dur\u00e9e de lecture estim\u00e9e":"4 minutes"},"schema":{"@context":"https:\/\/schema.org","@graph":[{"@type":"WebPage","@id":"https:\/\/dev.belairtremblant.com\/fr\/influenceurs\/","url":"https:\/\/dev.belairtremblant.com\/fr\/influenceurs\/","name":"Formulaire de collaboration pour influenceurs","isPartOf":{"@id":"https:\/\/dev.belairtremblant.com\/fr\/#website"},"datePublished":"2021-10-31T00:57:47+00:00","dateModified":"2025-07-07T19:44:33+00:00","description":"Formulaire de collaboration pour influenceurs : BNous sommes heureux de collaborer avec des influenceurs des m\u00e9dias sociaux.","breadcrumb":{"@id":"https:\/\/dev.belairtremblant.com\/fr\/influenceurs\/#breadcrumb"},"inLanguage":"fr-FR","potentialAction":[{"@type":"ReadAction","target":["https:\/\/dev.belairtremblant.com\/fr\/influenceurs\/"]}]},{"@type":"BreadcrumbList","@id":"https:\/\/dev.belairtremblant.com\/fr\/influenceurs\/#breadcrumb","itemListElement":[{"@type":"ListItem","position":1,"name":"Home","item":"https:\/\/dev.belairtremblant.com\/fr\/"},{"@type":"ListItem","position":2,"name":"Influenceurs"}]},{"@type":"WebSite","@id":"https:\/\/dev.belairtremblant.com\/fr\/#website","url":"https:\/\/dev.belairtremblant.com\/fr\/","name":"DEV Bel Air Tremblant","description":"Unique domes &amp; chalet rentals Mont Tremblant","publisher":{"@id":"https:\/\/dev.belairtremblant.com\/fr\/#organization"},"potentialAction":[{"@type":"SearchAction","target":{"@type":"EntryPoint","urlTemplate":"https:\/\/dev.belairtremblant.com\/fr\/?s={search_term_string}"},"query-input":{"@type":"PropertyValueSpecification","valueRequired":true,"valueName":"search_term_string"}}],"inLanguage":"fr-FR"},{"@type":"Organization","@id":"https:\/\/dev.belairtremblant.com\/fr\/#organization","name":"Bel Air Resort hotel in Tremblant","url":"https:\/\/dev.belairtremblant.com\/fr\/","logo":{"@type":"ImageObject","inLanguage":"fr-FR","@id":"https:\/\/dev.belairtremblant.com\/fr\/#\/schema\/logo\/image\/","url":"https:\/\/dev.belairtremblant.com\/wp-content\/uploads\/2022\/04\/New-BA-Tremblant-logo.jpg","contentUrl":"https:\/\/dev.belairtremblant.com\/wp-content\/uploads\/2022\/04\/New-BA-Tremblant-logo.jpg","width":800,"height":383,"caption":"Bel Air Resort hotel in Tremblant"},"image":{"@id":"https:\/\/dev.belairtremblant.com\/fr\/#\/schema\/logo\/image\/"}}]}},"_links":{"self":[{"href":"https:\/\/dev.belairtremblant.com\/fr\/wp-json\/wp\/v2\/pages\/59888","targetHints":{"allow":["GET"]}}],"collection":[{"href":"https:\/\/dev.belairtremblant.com\/fr\/wp-json\/wp\/v2\/pages"}],"about":[{"href":"https:\/\/dev.belairtremblant.com\/fr\/wp-json\/wp\/v2\/types\/page"}],"author":[{"embeddable":true,"href":"https:\/\/dev.belairtremblant.com\/fr\/wp-json\/wp\/v2\/users\/1"}],"replies":[{"embeddable":true,"href":"https:\/\/dev.belairtremblant.com\/fr\/wp-json\/wp\/v2\/comments?post=59888"}],"version-history":[{"count":0,"href":"https:\/\/dev.belairtremblant.com\/fr\/wp-json\/wp\/v2\/pages\/59888\/revisions"}],"wp:attachment":[{"href":"https:\/\/dev.belairtremblant.com\/fr\/wp-json\/wp\/v2\/media?parent=59888"}],"curies":[{"name":"wp","href":"https:\/\/api.w.org\/{rel}","templated":true}]}}