{"id":59871,"date":"2021-11-11T18:23:34","date_gmt":"2021-11-11T18:23:34","guid":{"rendered":"https:\/\/dev.belairtremblant.com\/brochures\/"},"modified":"2025-12-05T17:50:28","modified_gmt":"2025-12-05T17:50:28","slug":"brochures","status":"publish","type":"page","link":"https:\/\/dev.belairtremblant.com\/fr\/brochures\/","title":{"rendered":"Brochures"},"content":{"rendered":"<div class=\"wpb-content-wrapper\"><p>[vc_row css=\u00a0\u00bb.vc_custom_1764956390915{padding-top: 25px !important;padding-bottom: 25px !important;}\u00a0\u00bb][vc_column width=\u00a0\u00bb1\/6&Prime;][\/vc_column][vc_column width=\u00a0\u00bb2\/3&Prime;]<div id=\"ultimate-heading-56269e4de26b7c1f\" class=\"uvc-heading ult-adjust-bottom-margin ultimate-heading-56269e4de26b7c1f uvc-8023 \" data-hspacer=\"no_spacer\"  data-halign=\"center\" style=\"text-align:center\"><div class=\"uvc-heading-spacer no_spacer\" style=\"top\"><\/div><div class=\"uvc-main-heading ult-responsive\"  data-ultimate-target='.uvc-heading.ultimate-heading-56269e4de26b7c1f h2'  data-responsive-json-new='{\"font-size\":\"desktop:35px;\",\"line-height\":\"\"}' ><h2 style=\"font-family:&#039;EB Garamond&#039;;font-weight:600;color:#9C9379;\">BROCHURES<\/h2><\/div><div class=\"uvc-sub-heading ult-responsive\"  data-ultimate-target='.uvc-heading.ultimate-heading-56269e4de26b7c1f .uvc-sub-heading '  data-responsive-json-new='{\"font-size\":\"desktop:26px;\",\"line-height\":\"\"}'  style=\"font-family:&#039;EB Garamond&#039;;font-weight:500;color:#3B3B3B;\"><\/p>\n<p style=\"text-align: center;\" data-mce-style=\"text-align: center;\">Bel Air Tremblant<\/p>\n<p><\/div><\/div><div id=\"ultimate-heading-813769e4de26b7d1c\" class=\"uvc-heading ult-adjust-bottom-margin ultimate-heading-813769e4de26b7d1c uvc-3822  uvc-heading-default-font-sizes\" data-hspacer=\"no_spacer\"  data-halign=\"center\" style=\"text-align:center\"><div class=\"uvc-heading-spacer no_spacer\" style=\"top\"><\/div><div class=\"uvc-sub-heading ult-responsive\"  data-ultimate-target='.uvc-heading.ultimate-heading-813769e4de26b7d1c .uvc-sub-heading '  data-responsive-json-new='{\"font-size\":\"desktop:20px;\",\"line-height\":\"\"}'  style=\"font-family:&#039;EB Garamond&#039;;font-weight:normal;margin-top:15px;\"><\/p>\n<p style=\"text-align: center;\" data-mce-style=\"text-align: center;\">Consultez, t\u00e9l\u00e9chargez ou t\u00e9l\u00e9chargez les brochures d&rsquo;Ono Spa, Ekki Sushi, Le Bistro et des locations \u00e0 Bel Air Tremblant.<\/p>\n<p><\/div><\/div>[\/vc_column][vc_column width=\u00a0\u00bb1\/6&Prime;][\/vc_column][\/vc_row][vc_row gap=\u00a0\u00bb15&Prime; content_placement=\u00a0\u00bbmiddle\u00a0\u00bb bg_type=\u00a0\u00bbbg_color\u00a0\u00bb bg_override=\u00a0\u00bbbrowser_size\u00a0\u00bb css=\u00a0\u00bb.vc_custom_1764956366322{padding-top: 80px !important;padding-right: 30px !important;padding-bottom: 180px !important;padding-left: 30px !important;}\u00a0\u00bb bg_color_value=\u00a0\u00bb#f4f3f0&Prime;][vc_column css=\u00a0\u00bb.vc_custom_1764956485778{padding-bottom: 25px !important;}\u00a0\u00bb][vc_row_inner gap=\u00a0\u00bb15&Prime;][vc_column_inner width=\u00a0\u00bb1\/4&Prime; css=\u00a0\u00bb.vc_custom_1636764733123{padding-top: 10px !important;padding-right: 10px !important;padding-bottom: 10px !important;padding-left: 10px !important;background-color: #ffffff !important;}\u00a0\u00bb]<div id=\"ultimate-heading-338769e4de26b7d9a\" class=\"uvc-heading ult-adjust-bottom-margin ultimate-heading-338769e4de26b7d9a uvc-5756 \" data-hspacer=\"line_only\"  data-halign=\"center\" style=\"text-align:center\"><div class=\"uvc-main-heading ult-responsive\"  data-ultimate-target='.uvc-heading.ultimate-heading-338769e4de26b7d9a h2'  data-responsive-json-new='{\"font-size\":\"desktop:20px;\",\"line-height\":\"\"}' ><h2 style=\"font-family:&#039;EB Garamond&#039;;font-weight:600;color:#494848;\">BEL AIR RESORT<\/h2><\/div><div class=\"uvc-heading-spacer line_only\" style=\"topheight:1px;\"><span class=\"uvc-headings-line\" style=\"border-style:solid;border-bottom-width:1px;border-color:#9c9379;width:55px;\"><\/span><\/div><div class=\"uvc-sub-heading ult-responsive\"  data-ultimate-target='.uvc-heading.ultimate-heading-338769e4de26b7d9a .uvc-sub-heading '  data-responsive-json-new='{\"font-size\":\"desktop:18px;\",\"line-height\":\"\"}'  style=\"font-family:&#039;EB Garamond&#039;;font-weight:500;color:#494848;\"><\/p>\n<p style=\"text-align: center;\" data-mce-style=\"text-align: center;\"><strong><a href=\"https:\/\/dev.belairtremblant.com\/wp-content\/uploads\/2025\/12\/2025-Resort-Brochure.pdf\" target=\"_blank\" rel=\"noopener\" data-mce-href=\"https:\/\/dev.belairtremblant.com\/wp-content\/uploads\/2025\/12\/2025-Resort-Brochure.pdf\">T\u00e9l\u00e9charger la brochure<\/a><\/strong><\/p>\n<p><\/div><\/div>[vc_single_image image=\u00a0\u00bb69170&Prime; img_size=\u00a0\u00bb400&#215;900&Prime; alignment=\u00a0\u00bbcenter\u00a0\u00bb style=\u00a0\u00bbvc_box_shadow_3d\u00a0\u00bb onclick=\u00a0\u00bbcustom_link\u00a0\u00bb css=\u00a0\u00bb\u00a0\u00bb link=\u00a0\u00bbhttps:\/\/dev.belairtremblant.com\/wp-content\/uploads\/2025\/12\/2025-Resort-Brochure.pdf\u00a0\u00bb][\/vc_column_inner][vc_column_inner width=\u00a0\u00bb1\/4&Prime; css=\u00a0\u00bb.vc_custom_1636764860923{padding-top: 10px !important;padding-right: 10px !important;padding-bottom: 15px !important;padding-left: 10px !important;background-color: #ffffff !important;}\u00a0\u00bb]<div id=\"ultimate-heading-22969e4de26b7e4b\" class=\"uvc-heading ult-adjust-bottom-margin ultimate-heading-22969e4de26b7e4b uvc-1343 \" data-hspacer=\"line_only\"  data-halign=\"center\" style=\"text-align:center\"><div class=\"uvc-main-heading ult-responsive\"  data-ultimate-target='.uvc-heading.ultimate-heading-22969e4de26b7e4b h2'  data-responsive-json-new='{\"font-size\":\"desktop:20px;\",\"line-height\":\"\"}' ><h2 style=\"font-family:&#039;EB Garamond&#039;;font-weight:600;color:#494848;\">ONO SPA<\/h2><\/div><div class=\"uvc-heading-spacer line_only\" style=\"topheight:1px;\"><span class=\"uvc-headings-line\" style=\"border-style:solid;border-bottom-width:1px;border-color:#9c9379;width:55px;\"><\/span><\/div><div class=\"uvc-sub-heading ult-responsive\"  data-ultimate-target='.uvc-heading.ultimate-heading-22969e4de26b7e4b .uvc-sub-heading '  data-responsive-json-new='{\"font-size\":\"desktop:18px;\",\"line-height\":\"\"}'  style=\"font-family:&#039;EB Garamond&#039;;font-weight:500;color:#494848;\"><\/p>\n<p style=\"text-align: center;\" data-mce-style=\"text-align: center;\"><strong><a href=\"https:\/\/dev.belairtremblant.com\/wp-content\/uploads\/2025\/12\/2025-Ono-Spa-Brochure.pdf\" target=\"_blank\" rel=\"noopener\" data-mce-href=\"https:\/\/dev.belairtremblant.com\/wp-content\/uploads\/2025\/12\/2025-Ono-Spa-Brochure.pdf\">T\u00e9l\u00e9charger la brochure<\/a><\/strong><\/p>\n<p><\/div><\/div>[vc_single_image image=\u00a0\u00bb69177&Prime; img_size=\u00a0\u00bbfull\u00a0\u00bb alignment=\u00a0\u00bbcenter\u00a0\u00bb style=\u00a0\u00bbvc_box_shadow_3d\u00a0\u00bb onclick=\u00a0\u00bbcustom_link\u00a0\u00bb css=\u00a0\u00bb\u00a0\u00bb link=\u00a0\u00bbhttps:\/\/dev.belairtremblant.com\/wp-content\/uploads\/2025\/12\/2025-Ono-Spa-Brochure.pdf\u00a0\u00bb][\/vc_column_inner][vc_column_inner width=\u00a0\u00bb1\/4&Prime; css=\u00a0\u00bb.vc_custom_1636764893980{padding-top: 10px !important;padding-right: 10px !important;padding-bottom: 15px !important;padding-left: 10px !important;background-color: #ffffff !important;}\u00a0\u00bb]<div id=\"ultimate-heading-746169e4de26b7ee5\" class=\"uvc-heading ult-adjust-bottom-margin ultimate-heading-746169e4de26b7ee5 uvc-4277 \" data-hspacer=\"line_only\"  data-halign=\"center\" style=\"text-align:center\"><div class=\"uvc-main-heading ult-responsive\"  data-ultimate-target='.uvc-heading.ultimate-heading-746169e4de26b7ee5 h2'  data-responsive-json-new='{\"font-size\":\"desktop:20px;\",\"line-height\":\"\"}' ><h2 style=\"font-family:&#039;EB Garamond&#039;;font-weight:600;color:#494848;\">LE BISTRO<\/h2><\/div><div class=\"uvc-heading-spacer line_only\" style=\"topheight:1px;\"><span class=\"uvc-headings-line\" style=\"border-style:solid;border-bottom-width:1px;border-color:#9c9379;width:55px;\"><\/span><\/div><div class=\"uvc-sub-heading ult-responsive\"  data-ultimate-target='.uvc-heading.ultimate-heading-746169e4de26b7ee5 .uvc-sub-heading '  data-responsive-json-new='{\"font-size\":\"desktop:18px;\",\"line-height\":\"\"}'  style=\"font-family:&#039;EB Garamond&#039;;font-weight:500;color:#494848;\"><\/p>\n<p style=\"text-align: center;\" data-mce-style=\"text-align: center;\"><strong><a href=\"https:\/\/dev.belairtremblant.com\/wp-content\/uploads\/2025\/12\/2025-Le-Bistro-Brochure-1.pdf\" target=\"_blank\" rel=\"noopener\" data-mce-href=\"https:\/\/dev.belairtremblant.com\/wp-content\/uploads\/2025\/12\/2025-Le-Bistro-Brochure-1.pdf\">T\u00e9l\u00e9charger la brochure<\/a><\/strong><\/p>\n<p><\/div><\/div>[vc_single_image image=\u00a0\u00bb69183&Prime; img_size=\u00a0\u00bbfull\u00a0\u00bb alignment=\u00a0\u00bbcenter\u00a0\u00bb style=\u00a0\u00bbvc_box_shadow_3d\u00a0\u00bb onclick=\u00a0\u00bbcustom_link\u00a0\u00bb css=\u00a0\u00bb\u00a0\u00bb link=\u00a0\u00bbhttps:\/\/dev.belairtremblant.com\/wp-content\/uploads\/2025\/12\/2025-Le-Bistro-Brochure.pdf\u00a0\u00bb][\/vc_column_inner][vc_column_inner width=\u00a0\u00bb1\/4&Prime; css=\u00a0\u00bb.vc_custom_1636764931554{padding-top: 10px !important;padding-right: 10px !important;padding-bottom: 12px !important;padding-left: 10px !important;background-color: #ffffff !important;}\u00a0\u00bb]<div id=\"ultimate-heading-866969e4de26b7f73\" class=\"uvc-heading ult-adjust-bottom-margin ultimate-heading-866969e4de26b7f73 uvc-7133 \" data-hspacer=\"line_only\"  data-halign=\"center\" style=\"text-align:center\"><div class=\"uvc-main-heading ult-responsive\"  data-ultimate-target='.uvc-heading.ultimate-heading-866969e4de26b7f73 h2'  data-responsive-json-new='{\"font-size\":\"desktop:20px;\",\"line-height\":\"\"}' ><h2 style=\"font-family:&#039;EB Garamond&#039;;font-weight:600;color:#494848;\">EKKI SUSHI<\/h2><\/div><div class=\"uvc-heading-spacer line_only\" style=\"topheight:1px;\"><span class=\"uvc-headings-line\" style=\"border-style:solid;border-bottom-width:1px;border-color:#9c9379;width:55px;\"><\/span><\/div><div class=\"uvc-sub-heading ult-responsive\"  data-ultimate-target='.uvc-heading.ultimate-heading-866969e4de26b7f73 .uvc-sub-heading '  data-responsive-json-new='{\"font-size\":\"desktop:18px;\",\"line-height\":\"\"}'  style=\"font-family:&#039;EB Garamond&#039;;font-weight:500;color:#494848;\"><\/p>\n<p style=\"text-align: center;\"><strong><a href=\"https:\/\/dev.belairtremblant.com\/wp-content\/uploads\/2025\/12\/2025-Ekki-Sushi-Brochure.pdf\" target=\"_blank\" rel=\"noopener\">T\u00e9l\u00e9charger la brochure<\/a><\/strong><\/p>\n<p><\/div><\/div>[vc_single_image image=\u00a0\u00bb69190&Prime; img_size=\u00a0\u00bbfull\u00a0\u00bb alignment=\u00a0\u00bbcenter\u00a0\u00bb style=\u00a0\u00bbvc_box_shadow_3d\u00a0\u00bb css=\u00a0\u00bb\u00a0\u00bb][\/vc_column_inner][\/vc_row_inner][\/vc_column][\/vc_row][vc_row gap=\u00a0\u00bb5&Prime; content_placement=\u00a0\u00bbmiddle\u00a0\u00bb bg_type=\u00a0\u00bbbg_color\u00a0\u00bb bg_override=\u00a0\u00bbex-full\u00a0\u00bb kswr_row_top_decor_enabled=\u00a0\u00bbfalse\u00a0\u00bb kswr_row_bottom_decor_enabled=\u00a0\u00bbfalse\u00a0\u00bb bg_color_value=\u00a0\u00bb#9c9379&Prime; css=\u00a0\u00bb.vc_custom_1649564410531{padding-top: 15px !important;padding-bottom: 15px !important;}\u00a0\u00bb][vc_column width=\u00a0\u00bb1\/6&Prime;][\/vc_column][vc_column width=\u00a0\u00bb2\/3&Prime; css=\u00a0\u00bb.vc_custom_1651351824862{padding-top: 20px !important;padding-bottom: 20px !important;}\u00a0\u00bb][vc_row_inner content_placement=\u00a0\u00bbmiddle\u00a0\u00bb css=\u00a0\u00bb.vc_custom_1649564456407{padding-bottom: 10px !important;padding-left: 60px !important;}\u00a0\u00bb][vc_column_inner css=\u00a0\u00bb.vc_custom_1620855099051{padding-bottom: 10px !important;}\u00a0\u00bb][vc_custom_heading text=\u00a0\u00bbChoisissez les d\u00f4mes et chalets Bel Air en location \u00e0 Tremblant et vivez l&apos;exp\u00e9rience de la nature \u00e0 un prix imbattable.\u00a0\u00bb font_container=\u00a0\u00bbtag:h1|font_size:24|text_align:center|color:%23ffffff|line_height:1.6&Prime; use_theme_fonts=\u00a0\u00bbyes\u00a0\u00bb css=\u00a0\u00bb.vc_custom_1651351811566{padding-top: 20px !important;}\u00a0\u00bb]<style type=\"text\/css\" data-type=\"the7_shortcodes-inline-css\">#default-btn-514bc28e8d1993eaacdb515e97f997c5 {\n  border-radius: 1px;\n  font-size: 16px;\n  line-height: 18px;\n}\n.btn-shadow#default-btn-514bc28e8d1993eaacdb515e97f997c5 {\n  box-shadow: 0 1px 6px rgba(0,0,0,0.12);\n  transition: box-shadow 0.2s ease-out, opacity 0.45s;\n}\n.btn-shadow#default-btn-514bc28e8d1993eaacdb515e97f997c5:hover {\n  box-shadow: 0 5px 11px 0 rgba(0,0,0,0.18), 0 4px 15px 0 rgba(0,0,0,0.15);\n}\n.btn-3d#default-btn-514bc28e8d1993eaacdb515e97f997c5 {\n  box-shadow: 0px 2px 0px 0px #e0e0e0;\n}\n.btn-3d#default-btn-514bc28e8d1993eaacdb515e97f997c5:hover {\n  box-shadow: 0px 2px 0px 0px #e0e0e0;\n}\n.btn-flat#default-btn-514bc28e8d1993eaacdb515e97f997c5 {\n  box-shadow: none;\n}\n.btn-flat#default-btn-514bc28e8d1993eaacdb515e97f997c5:hover {\n  box-shadow: none;\n}\n#default-btn-514bc28e8d1993eaacdb515e97f997c5.ico-right-side > i {\n  margin-right: 0px;\n  margin-left: 8px;\n}\n#default-btn-514bc28e8d1993eaacdb515e97f997c5 > i {\n  margin-right: 8px;\n  font-size: 12px;\n}\n#default-btn-514bc28e8d1993eaacdb515e97f997c5:not(:hover) {\n  border-width: 0px;\n  color: #000000;\n  background: #ffffff !important;\n  padding: 10px 20px 10px 20px;\n}\n#default-btn-514bc28e8d1993eaacdb515e97f997c5:not(:hover) * {\n  color: #000000;\n}\n#default-btn-514bc28e8d1993eaacdb515e97f997c5:hover {\n  border-width: 0px;\n  color: #9c9379;\n  background: #ffffff !important;\n  padding: 10px 20px 10px 20px;\n}\n#default-btn-514bc28e8d1993eaacdb515e97f997c5:hover * {\n  color: #9c9379;\n}\n#default-btn-514bc28e8d1993eaacdb515e97f997c5.ico-right-side > i {\n  margin-right: 0px;\n  margin-left: 8px;\n}\n#default-btn-514bc28e8d1993eaacdb515e97f997c5 > i {\n  margin-right: 8px;\n}<\/style><div class=\"btn-align-center\"><a href=\"#\" class=\"default-btn-shortcode dt-btn link-hover-off distributor-open btn-flat \" id=\"default-btn-514bc28e8d1993eaacdb515e97f997c5\" style=\"width:150px;\"><span>BOOK NOW<\/span><\/a><\/div>[\/vc_column_inner][\/vc_row_inner][\/vc_column][vc_column width=\u00a0\u00bb1\/6&Prime;][\/vc_column][\/vc_row]<\/p>\n<\/div>","protected":false},"excerpt":{"rendered":"<p>[vc_row css=\u00a0\u00bb.vc_custom_1764956390915{padding-top: 25px !important;padding-bottom: 25px !important;}\u00a0\u00bb][vc_column width=\u00a0\u00bb1\/6&Prime;][\/vc_column][vc_column width=\u00a0\u00bb2\/3&Prime;][\/vc_column][vc_column width=\u00a0\u00bb1\/6&Prime;][\/vc_column][\/vc_row][vc_row gap=\u00a0\u00bb15&Prime; content_placement=\u00a0\u00bbmiddle\u00a0\u00bb bg_type=\u00a0\u00bbbg_color\u00a0\u00bb bg_override=\u00a0\u00bbbrowser_size\u00a0\u00bb css=\u00a0\u00bb.vc_custom_1764956366322{padding-top: 80px !important;padding-right: 30px !important;padding-bottom: 180px !important;padding-left: 30px !important;}\u00a0\u00bb bg_color_value=\u00a0\u00bb#f4f3f0&Prime;][vc_column css=\u00a0\u00bb.vc_custom_1764956485778{padding-bottom: 25px !important;}\u00a0\u00bb][vc_row_inner gap=\u00a0\u00bb15&Prime;][vc_column_inner width=\u00a0\u00bb1\/4&Prime; css=\u00a0\u00bb.vc_custom_1636764733123{padding-top: 10px !important;padding-right: 10px !important;padding-bottom: 10px !important;padding-left: 10px !important;background-color: #ffffff !important;}\u00a0\u00bb][vc_single_image image=\u00a0\u00bb69170&Prime; img_size=\u00a0\u00bb400&#215;900&Prime; alignment=\u00a0\u00bbcenter\u00a0\u00bb style=\u00a0\u00bbvc_box_shadow_3d\u00a0\u00bb onclick=\u00a0\u00bbcustom_link\u00a0\u00bb css=\u00a0\u00bb\u00a0\u00bb link=\u00a0\u00bbhttps:\/\/dev.belairtremblant.com\/wp-content\/uploads\/2025\/12\/2025-Resort-Brochure.pdf\u00a0\u00bb][\/vc_column_inner][vc_column_inner width=\u00a0\u00bb1\/4&Prime; css=\u00a0\u00bb.vc_custom_1636764860923{padding-top: 10px !important;padding-right: 10px !important;padding-bottom: 15px !important;padding-left: 10px&hellip;<\/p>\n","protected":false},"author":1,"featured_media":0,"parent":0,"menu_order":0,"comment_status":"closed","ping_status":"closed","template":"","meta":{"_et_pb_use_builder":"","_et_pb_old_content":"","_et_gb_content_width":"","footnotes":""},"class_list":["post-59871","page","type-page","status-publish","hentry","description-off"],"yoast_head":"<!-- This site is optimized with the Yoast SEO Premium plugin v26.6 (Yoast SEO v27.4) - https:\/\/yoast.com\/product\/yoast-seo-premium-wordpress\/ -->\n<title>T\u00e9l\u00e9chargez les brochures de Bel Air Tremblant\u00a0: h\u00e9bergement, spa et restaurants<\/title>\n<meta name=\"description\" content=\"Consultez, t\u00e9l\u00e9chargez ou t\u00e9l\u00e9chargez les brochures d&#039;Ono Spa, Ekki Sushi, Le Bistro et des locations \u00e0 Bel Air Tremblant.\" \/>\n<meta name=\"robots\" content=\"noindex, follow, max-snippet:-1, max-image-preview:large, max-video-preview:-1\" \/>\n<meta property=\"og:locale\" content=\"fr_FR\" \/>\n<meta property=\"og:type\" content=\"article\" \/>\n<meta property=\"og:title\" content=\"Brochures\" \/>\n<meta property=\"og:description\" content=\"Consultez, t\u00e9l\u00e9chargez ou t\u00e9l\u00e9chargez les brochures d&#039;Ono Spa, Ekki Sushi, Le Bistro et des locations \u00e0 Bel Air Tremblant.\" \/>\n<meta property=\"og:url\" content=\"https:\/\/dev.belairtremblant.com\/fr\/brochures\/\" \/>\n<meta property=\"og:site_name\" content=\"DEV Bel Air Tremblant\" \/>\n<meta property=\"article:modified_time\" content=\"2025-12-05T17:50:28+00:00\" \/>\n<meta name=\"twitter:card\" content=\"summary_large_image\" \/>\n<meta name=\"twitter:label1\" content=\"Dur\u00e9e de lecture estim\u00e9e\" \/>\n\t<meta name=\"twitter:data1\" content=\"5 minutes\" \/>\n<script type=\"application\/ld+json\" class=\"yoast-schema-graph\">{\"@context\":\"https:\\\/\\\/schema.org\",\"@graph\":[{\"@type\":\"WebPage\",\"@id\":\"https:\\\/\\\/dev.belairtremblant.com\\\/fr\\\/brochures\\\/\",\"url\":\"https:\\\/\\\/dev.belairtremblant.com\\\/fr\\\/brochures\\\/\",\"name\":\"T\u00e9l\u00e9chargez les brochures de Bel Air Tremblant\u00a0: h\u00e9bergement, spa et restaurants\",\"isPartOf\":{\"@id\":\"https:\\\/\\\/dev.belairtremblant.com\\\/fr\\\/#website\"},\"datePublished\":\"2021-11-11T18:23:34+00:00\",\"dateModified\":\"2025-12-05T17:50:28+00:00\",\"description\":\"Consultez, t\u00e9l\u00e9chargez ou t\u00e9l\u00e9chargez les brochures d'Ono Spa, Ekki Sushi, Le Bistro et des locations \u00e0 Bel Air Tremblant.\",\"breadcrumb\":{\"@id\":\"https:\\\/\\\/dev.belairtremblant.com\\\/fr\\\/brochures\\\/#breadcrumb\"},\"inLanguage\":\"fr-FR\",\"potentialAction\":[{\"@type\":\"ReadAction\",\"target\":[\"https:\\\/\\\/dev.belairtremblant.com\\\/fr\\\/brochures\\\/\"]}]},{\"@type\":\"BreadcrumbList\",\"@id\":\"https:\\\/\\\/dev.belairtremblant.com\\\/fr\\\/brochures\\\/#breadcrumb\",\"itemListElement\":[{\"@type\":\"ListItem\",\"position\":1,\"name\":\"Home\",\"item\":\"https:\\\/\\\/dev.belairtremblant.com\\\/fr\\\/\"},{\"@type\":\"ListItem\",\"position\":2,\"name\":\"Brochures\"}]},{\"@type\":\"WebSite\",\"@id\":\"https:\\\/\\\/dev.belairtremblant.com\\\/fr\\\/#website\",\"url\":\"https:\\\/\\\/dev.belairtremblant.com\\\/fr\\\/\",\"name\":\"DEV Bel Air Tremblant\",\"description\":\"Unique domes &amp; chalet rentals Mont Tremblant\",\"publisher\":{\"@id\":\"https:\\\/\\\/dev.belairtremblant.com\\\/fr\\\/#organization\"},\"potentialAction\":[{\"@type\":\"SearchAction\",\"target\":{\"@type\":\"EntryPoint\",\"urlTemplate\":\"https:\\\/\\\/dev.belairtremblant.com\\\/fr\\\/?s={search_term_string}\"},\"query-input\":{\"@type\":\"PropertyValueSpecification\",\"valueRequired\":true,\"valueName\":\"search_term_string\"}}],\"inLanguage\":\"fr-FR\"},{\"@type\":\"Organization\",\"@id\":\"https:\\\/\\\/dev.belairtremblant.com\\\/fr\\\/#organization\",\"name\":\"Bel Air Resort hotel in Tremblant\",\"url\":\"https:\\\/\\\/dev.belairtremblant.com\\\/fr\\\/\",\"logo\":{\"@type\":\"ImageObject\",\"inLanguage\":\"fr-FR\",\"@id\":\"https:\\\/\\\/dev.belairtremblant.com\\\/fr\\\/#\\\/schema\\\/logo\\\/image\\\/\",\"url\":\"https:\\\/\\\/dev.belairtremblant.com\\\/wp-content\\\/uploads\\\/2022\\\/04\\\/New-BA-Tremblant-logo.jpg\",\"contentUrl\":\"https:\\\/\\\/dev.belairtremblant.com\\\/wp-content\\\/uploads\\\/2022\\\/04\\\/New-BA-Tremblant-logo.jpg\",\"width\":800,\"height\":383,\"caption\":\"Bel Air Resort hotel in Tremblant\"},\"image\":{\"@id\":\"https:\\\/\\\/dev.belairtremblant.com\\\/fr\\\/#\\\/schema\\\/logo\\\/image\\\/\"}}]}<\/script>\n<!-- \/ Yoast SEO Premium plugin. -->","yoast_head_json":{"title":"T\u00e9l\u00e9chargez les brochures de Bel Air Tremblant\u00a0: h\u00e9bergement, spa et restaurants","description":"Consultez, t\u00e9l\u00e9chargez ou t\u00e9l\u00e9chargez les brochures d'Ono Spa, Ekki Sushi, Le Bistro et des locations \u00e0 Bel Air Tremblant.","robots":{"index":"noindex","follow":"follow","max-snippet":"max-snippet:-1","max-image-preview":"max-image-preview:large","max-video-preview":"max-video-preview:-1"},"og_locale":"fr_FR","og_type":"article","og_title":"Brochures","og_description":"Consultez, t\u00e9l\u00e9chargez ou t\u00e9l\u00e9chargez les brochures d'Ono Spa, Ekki Sushi, Le Bistro et des locations \u00e0 Bel Air Tremblant.","og_url":"https:\/\/dev.belairtremblant.com\/fr\/brochures\/","og_site_name":"DEV Bel Air Tremblant","article_modified_time":"2025-12-05T17:50:28+00:00","twitter_card":"summary_large_image","twitter_misc":{"Dur\u00e9e de lecture estim\u00e9e":"5 minutes"},"schema":{"@context":"https:\/\/schema.org","@graph":[{"@type":"WebPage","@id":"https:\/\/dev.belairtremblant.com\/fr\/brochures\/","url":"https:\/\/dev.belairtremblant.com\/fr\/brochures\/","name":"T\u00e9l\u00e9chargez les brochures de Bel Air Tremblant\u00a0: h\u00e9bergement, spa et restaurants","isPartOf":{"@id":"https:\/\/dev.belairtremblant.com\/fr\/#website"},"datePublished":"2021-11-11T18:23:34+00:00","dateModified":"2025-12-05T17:50:28+00:00","description":"Consultez, t\u00e9l\u00e9chargez ou t\u00e9l\u00e9chargez les brochures d'Ono Spa, Ekki Sushi, Le Bistro et des locations \u00e0 Bel Air Tremblant.","breadcrumb":{"@id":"https:\/\/dev.belairtremblant.com\/fr\/brochures\/#breadcrumb"},"inLanguage":"fr-FR","potentialAction":[{"@type":"ReadAction","target":["https:\/\/dev.belairtremblant.com\/fr\/brochures\/"]}]},{"@type":"BreadcrumbList","@id":"https:\/\/dev.belairtremblant.com\/fr\/brochures\/#breadcrumb","itemListElement":[{"@type":"ListItem","position":1,"name":"Home","item":"https:\/\/dev.belairtremblant.com\/fr\/"},{"@type":"ListItem","position":2,"name":"Brochures"}]},{"@type":"WebSite","@id":"https:\/\/dev.belairtremblant.com\/fr\/#website","url":"https:\/\/dev.belairtremblant.com\/fr\/","name":"DEV Bel Air Tremblant","description":"Unique domes &amp; chalet rentals Mont Tremblant","publisher":{"@id":"https:\/\/dev.belairtremblant.com\/fr\/#organization"},"potentialAction":[{"@type":"SearchAction","target":{"@type":"EntryPoint","urlTemplate":"https:\/\/dev.belairtremblant.com\/fr\/?s={search_term_string}"},"query-input":{"@type":"PropertyValueSpecification","valueRequired":true,"valueName":"search_term_string"}}],"inLanguage":"fr-FR"},{"@type":"Organization","@id":"https:\/\/dev.belairtremblant.com\/fr\/#organization","name":"Bel Air Resort hotel in Tremblant","url":"https:\/\/dev.belairtremblant.com\/fr\/","logo":{"@type":"ImageObject","inLanguage":"fr-FR","@id":"https:\/\/dev.belairtremblant.com\/fr\/#\/schema\/logo\/image\/","url":"https:\/\/dev.belairtremblant.com\/wp-content\/uploads\/2022\/04\/New-BA-Tremblant-logo.jpg","contentUrl":"https:\/\/dev.belairtremblant.com\/wp-content\/uploads\/2022\/04\/New-BA-Tremblant-logo.jpg","width":800,"height":383,"caption":"Bel Air Resort hotel in Tremblant"},"image":{"@id":"https:\/\/dev.belairtremblant.com\/fr\/#\/schema\/logo\/image\/"}}]}},"_links":{"self":[{"href":"https:\/\/dev.belairtremblant.com\/fr\/wp-json\/wp\/v2\/pages\/59871","targetHints":{"allow":["GET"]}}],"collection":[{"href":"https:\/\/dev.belairtremblant.com\/fr\/wp-json\/wp\/v2\/pages"}],"about":[{"href":"https:\/\/dev.belairtremblant.com\/fr\/wp-json\/wp\/v2\/types\/page"}],"author":[{"embeddable":true,"href":"https:\/\/dev.belairtremblant.com\/fr\/wp-json\/wp\/v2\/users\/1"}],"replies":[{"embeddable":true,"href":"https:\/\/dev.belairtremblant.com\/fr\/wp-json\/wp\/v2\/comments?post=59871"}],"version-history":[{"count":0,"href":"https:\/\/dev.belairtremblant.com\/fr\/wp-json\/wp\/v2\/pages\/59871\/revisions"}],"wp:attachment":[{"href":"https:\/\/dev.belairtremblant.com\/fr\/wp-json\/wp\/v2\/media?parent=59871"}],"curies":[{"name":"wp","href":"https:\/\/api.w.org\/{rel}","templated":true}]}}