{"id":59850,"date":"2014-08-08T19:24:13","date_gmt":"2014-08-08T19:24:13","guid":{"rendered":"https:\/\/dev.belairtremblant.com\/emplacement\/"},"modified":"2022-08-26T16:55:42","modified_gmt":"2022-08-26T16:55:42","slug":"emplacement","status":"publish","type":"page","link":"https:\/\/dev.belairtremblant.com\/fr\/emplacement\/","title":{"rendered":"Emplacement"},"content":{"rendered":"<div class=\"wpb-content-wrapper\"><p>[vc_row css=\u00a0\u00bb.vc_custom_1635562108758{padding-bottom: 45px !important;}\u00a0\u00bb][vc_column width=\u00a0\u00bb1\/6&Prime;][\/vc_column][vc_column width=\u00a0\u00bb2\/3&Prime;][vc_custom_heading text=\u00a0\u00bbEMPLACEMENT ET DIRECTIONS\u00a0\u00bb font_container=\u00a0\u00bbtag:h2|font_size:40|text_align:center|color:%239c9379&Prime; use_theme_fonts=\u00a0\u00bbyes\u00a0\u00bb css=\u00a0\u00bb.vc_custom_1661531231820{padding-top: 40px !important;}\u00a0\u00bb][vc_custom_heading text=\u00a0\u00bbBel Air Resort \u00e0 Tremblant est \u00e0 seulement 8 minutes de la station de ski!\u00a0\u00bb font_container=\u00a0\u00bbtag:h1|font_size:25|text_align:center|color:%23494848&Prime; use_theme_fonts=\u00a0\u00bbyes\u00a0\u00bb css=\u00a0\u00bb.vc_custom_1661531294839{padding-top: 5px !important;}\u00a0\u00bb][vc_column_text css=\u00a0\u00bb.vc_custom_1661531388647{padding-top: 25px !important;padding-bottom: 25px !important;}\u00a0\u00bb]<\/p>\n<p style=\"text-align: center;\">Vous pouvez rejoindre l\u2019a\u00e9roport international Trudeau de Montr\u00e9al \u00e0 partir de toutes les grandes villes du monde ! De l\u00e0, vous n\u2019\u00eates qu\u2019\u00e0 120 kilom\u00e8tres (75 miles) de Mont-Tremblant ou \u00e0 90 minutes en voiture. Les indications sont simples et vous permettent de suivre l\u2019autoroute 15 tout au long du trajet.<\/p>\n<p>[\/vc_column_text][\/vc_column][vc_column width=\u00a0\u00bb1\/6&Prime;][\/vc_column][\/vc_row][vc_row full_width=\u00a0\u00bbstretch_row\u00a0\u00bb equal_height=\u00a0\u00bbyes\u00a0\u00bb bg_type=\u00a0\u00bbbg_color\u00a0\u00bb css=\u00a0\u00bb.vc_custom_1661531647020{margin-bottom: 30px !important;padding-top: 25px !important;padding-bottom: 25px !important;}\u00a0\u00bb kswr_row_top_decor_enabled=\u00a0\u00bbfalse\u00a0\u00bb kswr_row_bottom_decor_enabled=\u00a0\u00bbfalse\u00a0\u00bb bg_color_value=\u00a0\u00bb#f2f2f2&Prime;][vc_column width=\u00a0\u00bb1\/2&Prime;][vc_custom_heading text=\u00a0\u00bbOBTENIR LE TRAJET \u00c0 PARTIR DE\u2026\u00a0\u00bb font_container=\u00a0\u00bbtag:p|font_size:21|text_align:left|color:%23%23210000&Prime; use_theme_fonts=\u00a0\u00bbyes\u00a0\u00bb][vc_separator color=\u00a0\u00bbcustom\u00a0\u00bb align=\u00a0\u00bbalign_left\u00a0\u00bb el_width=\u00a0\u00bb80&Prime; css=\u00a0\u00bb.vc_custom_1635627357029{padding-top: 0px !important;padding-bottom: 35px !important;}\u00a0\u00bb accent_color=\u00a0\u00bb#9c9379&Prime;][vc_toggle title=\u00a0\u00bbMONTREAL\u00a0\u00bb style=\u00a0\u00bbsquare_outline\u00a0\u00bb color=\u00a0\u00bbvista_blue\u00a0\u00bb css=\u00a0\u00bb.vc_custom_1635627242257{padding-top: 5px !important;padding-right: 5px !important;padding-bottom: 5px !important;padding-left: 5px !important;background-color: #ffffff !important;}\u00a0\u00bb]<\/p>\n<ol>\n<li>Prendre l\u2019autoroute 15 Nord jusqu\u2019\u00e0 Sainte -Agathe<\/li>\n<li>La 15 Nord devient la 117 Nord<\/li>\n<li>Prenez la sortie 119 vers Mont Tremblant<\/li>\n<li>Tournez \u00e0 droite sur la Mont\u00e9e Ryan<\/li>\n<li>Au rond-point, prendre la 3\u00e8me sortie sur le chemin du Village \/ QC -327N<\/li>\n<li>Tournez \u00e0 gauche sur le chemin du Lac Mercier<\/li>\n<li>Roulez 2.4 miles<\/li>\n<\/ol>\n<p>[\/vc_toggle][vc_toggle title=\u00a0\u00bbOTTAWA\u00a0\u00bb style=\u00a0\u00bbsquare_outline\u00a0\u00bb color=\u00a0\u00bbvista_blue\u00a0\u00bb css=\u00a0\u00bb.vc_custom_1635627250899{margin-top: 10px !important;padding-top: 5px !important;padding-right: 5px !important;padding-bottom: 5px !important;padding-left: 5px !important;background-color: #ffffff !important;}\u00a0\u00bb]<\/p>\n<ol>\n<li>Prendre la sortie 210 pour le Qu\u00e9bec 323 \u00e0 Montebello<\/li>\n<li>Tournez \u00e0 droite sur QC \u2013 323N<\/li>\n<li>Prendre \u00e0 gauche sur QC \u2013 117 N \u00e0 St -Jovite<\/li>\n<li>Prendre \u00e0 droite \u00e0 la sortie 11 sur la Mont\u00e9e Ryan<\/li>\n<li>Au rond-point , prendre la 3\u00e8me sortie sur le chemin du Village \/ QC -327 N<\/li>\n<li>Tournez \u00e0 gauche sur le chemin du Lac Mercier<\/li>\n<li>Roulez 2.4 miles<\/li>\n<\/ol>\n<p>[\/vc_toggle][vc_toggle title=\u00a0\u00bbNEW YORK\u00a0\u00bb style=\u00a0\u00bbsquare_outline\u00a0\u00bb color=\u00a0\u00bbvista_blue\u00a0\u00bb css=\u00a0\u00bb.vc_custom_1635627260024{margin-top: 10px !important;padding-top: 5px !important;padding-right: 5px !important;padding-bottom: 5px !important;padding-left: 5px !important;background-color: #ffffff !important;}\u00a0\u00bb]<\/p>\n<ol>\n<li><span style=\"font-weight: 400;\">Prendre l\u2019autoroute l-87 Nord jusqu\u2019\u00e0 la fronti\u00e8re.<\/span><\/li>\n<li><span style=\"font-weight: 400;\">Ensuite, prenez l\u2019autoroute 15 N jusqu\u2019\u00e0 Sainte-Agathe.<\/span><\/li>\n<li><span style=\"font-weight: 400;\">L\u2019autoroute 15 N devient QC-117 Nord (apr\u00e8s Sainte-Agathe).<\/span><\/li>\n<li><span style=\"font-weight: 400;\">Continuez sur QC-117 Nord apr\u00e8s Sainte-Jovite et prenez la sortie 119 (Mont\u00e9e Ryan) sur 3 miles<\/span><\/li>\n<li><span style=\"font-weight: 400;\">Au rond-point, prendre la 3\u00e8me sortie sur Chemin du Village\/QC-327 N sur 1,6 km.<\/span><\/li>\n<li><span style=\"font-weight: 400;\">Tournez \u00e0 gauche sur le Chemin du Lac Mercier (qui devient le Chemin de la Station) sur 3,5 km.<\/span><\/li>\n<li><span style=\"font-weight: 400;\">Prendre \u00e0 gauche sur Bel Air Resort<\/span><\/li>\n<\/ol>\n<p>[\/vc_toggle][vc_column_text css=\u00a0\u00bb.vc_custom_1635627770382{padding-top: 25px !important;}\u00a0\u00bb]<\/p>\n<form action=\"http:\/\/maps.google.com\/maps\" method=\"get\" target=\"_blank\"><strong><label for=\"saddr\">Entrez votre localisation pour obtenir le trajet :<\/label><\/strong><\/p>\n<hr \/>\n<p>&nbsp;<\/p>\n<p><input name=\"saddr\" type=\"text\" \/><br \/>\n<input name=\"daddr\" type=\"hidden\" value=\"80 rue des Sept Sommets, La Conception, QC J0T 1M0\" \/><br \/>\n<strong><input type=\"submit\" value=\"Directions\" \/><\/strong><\/p>\n<\/form>\n<p>[\/vc_column_text][\/vc_column][vc_column width=\u00a0\u00bb1\/2&Prime;][vc_gmaps link=\u00a0\u00bb#E-8_JTNDaWZyYW1lJTIwc3JjJTNEJTIyaHR0cHMlM0ElMkYlMkZ3d3cuZ29vZ2xlLmNvbSUyRm1hcHMlMkZlbWJlZCUzRnBiJTNEJTIxMW0xNCUyMTFtOCUyMTFtMyUyMTFkMTMwNTYzLjczOTMzMzgwNTQ3JTIxMmQtNzQuNzE4NTA3MDg5MTc0MSUyMTNkNDYuMTc1NDIxOTgzNDkxNjYlMjEzbTIlMjExaTEwMjQlMjEyaTc2OCUyMTRmMTMuMSUyMTNtMyUyMTFtMiUyMTFzMHg0Y2NmOWM0NWI4OWU5MjE3JTI1M0EweDk5MjQ1ZjkzNTJiOGFhZDglMjEyc0JlbCUyNTIwQWlyJTI1MjBUcmVtYmxhbnQlMjUyMENoYWxldCUyNTIwUmVudGFscyUyMTVlMCUyMTNtMiUyMTFzZW4lMjEyc2NhJTIxNHYxNTc4ODYxNjI5OTcyJTIxNW0yJTIxMXNlbiUyMTJzY2ElMjIlMjB3aWR0aCUzRCUyMjUwMCUyMiUyMGhlaWdodCUzRCUyMjQwMCUyMiUyMGZyYW1lYm9yZGVyJTNEJTIyMCUyMiUyMHN0eWxlJTNEJTIyYm9yZGVyJTNBMCUzQiUyMiUyMGFsbG93ZnVsbHNjcmVlbiUzRCUyMiUyMiUzRSUzQyUyRmlmcmFtZSUzRQ==\u00a0\u00bb size=\u00a0\u00bb400&Prime;][\/vc_column][\/vc_row][vc_row][vc_column][vc_empty_space height=\u00a0\u00bb65&Prime;][\/vc_column][\/vc_row]<\/p>\n<\/div>","protected":false},"excerpt":{"rendered":"<p>[vc_row css=\u00a0\u00bb.vc_custom_1635562108758{padding-bottom: 45px !important;}\u00a0\u00bb][vc_column width=\u00a0\u00bb1\/6&Prime;][\/vc_column][vc_column width=\u00a0\u00bb2\/3&Prime;][vc_custom_heading text=\u00a0\u00bbEMPLACEMENT ET DIRECTIONS\u00a0\u00bb font_container=\u00a0\u00bbtag:h2|font_size:40|text_align:center|color:%239c9379&Prime; use_theme_fonts=\u00a0\u00bbyes\u00a0\u00bb css=\u00a0\u00bb.vc_custom_1661531231820{padding-top: 40px !important;}\u00a0\u00bb][vc_custom_heading text=\u00a0\u00bbBel Air Resort \u00e0 Tremblant est \u00e0 seulement 8 minutes de la station de ski!\u00a0\u00bb font_container=\u00a0\u00bbtag:h1|font_size:25|text_align:center|color:%23494848&Prime; use_theme_fonts=\u00a0\u00bbyes\u00a0\u00bb css=\u00a0\u00bb.vc_custom_1661531294839{padding-top: 5px !important;}\u00a0\u00bb][vc_column_text css=\u00a0\u00bb.vc_custom_1661531388647{padding-top: 25px !important;padding-bottom: 25px !important;}\u00a0\u00bb] Vous pouvez rejoindre l\u2019a\u00e9roport international Trudeau de Montr\u00e9al \u00e0 partir de toutes les grandes villes du&hellip;<\/p>\n","protected":false},"author":1,"featured_media":0,"parent":0,"menu_order":10,"comment_status":"closed","ping_status":"closed","template":"","meta":{"_et_pb_use_builder":"","_et_pb_old_content":"","_et_gb_content_width":"","footnotes":""},"class_list":["post-59850","page","type-page","status-publish","hentry","description-off"],"yoast_head":"<!-- This site is optimized with the Yoast SEO Premium plugin v26.6 (Yoast SEO v27.4) - https:\/\/yoast.com\/product\/yoast-seo-premium-wordpress\/ -->\n<title>Localisation et directions vers Bel Air Resort \u00e0 Tremblant<\/title>\n<meta name=\"description\" content=\"Obtenez l&#039;emplacement et les directions vers Bel Air Resort \u00e0 Tremblant, situ\u00e9 \u00e0 5 mins du Vieux Village et \u00e0 8 mins de la station de ski.\" \/>\n<meta name=\"robots\" content=\"noindex, follow, max-snippet:-1, max-image-preview:large, max-video-preview:-1\" \/>\n<meta property=\"og:locale\" content=\"fr_FR\" \/>\n<meta property=\"og:type\" content=\"article\" \/>\n<meta property=\"og:title\" content=\"Emplacement\" \/>\n<meta property=\"og:description\" content=\"Obtenez l&#039;emplacement et les directions vers Bel Air Resort \u00e0 Tremblant, situ\u00e9 \u00e0 5 mins du Vieux Village et \u00e0 8 mins de la station de ski.\" \/>\n<meta property=\"og:url\" content=\"https:\/\/dev.belairtremblant.com\/fr\/emplacement\/\" \/>\n<meta property=\"og:site_name\" content=\"DEV Bel Air Tremblant\" \/>\n<meta property=\"article:modified_time\" content=\"2022-08-26T16:55:42+00:00\" \/>\n<meta name=\"twitter:card\" content=\"summary_large_image\" \/>\n<meta name=\"twitter:label1\" content=\"Dur\u00e9e de lecture estim\u00e9e\" \/>\n\t<meta name=\"twitter:data1\" content=\"3 minutes\" \/>\n<script type=\"application\/ld+json\" class=\"yoast-schema-graph\">{\"@context\":\"https:\\\/\\\/schema.org\",\"@graph\":[{\"@type\":\"WebPage\",\"@id\":\"https:\\\/\\\/dev.belairtremblant.com\\\/fr\\\/emplacement\\\/\",\"url\":\"https:\\\/\\\/dev.belairtremblant.com\\\/fr\\\/emplacement\\\/\",\"name\":\"Localisation et directions vers Bel Air Resort \u00e0 Tremblant\",\"isPartOf\":{\"@id\":\"https:\\\/\\\/dev.belairtremblant.com\\\/fr\\\/#website\"},\"datePublished\":\"2014-08-08T19:24:13+00:00\",\"dateModified\":\"2022-08-26T16:55:42+00:00\",\"description\":\"Obtenez l'emplacement et les directions vers Bel Air Resort \u00e0 Tremblant, situ\u00e9 \u00e0 5 mins du Vieux Village et \u00e0 8 mins de la station de ski.\",\"breadcrumb\":{\"@id\":\"https:\\\/\\\/dev.belairtremblant.com\\\/fr\\\/emplacement\\\/#breadcrumb\"},\"inLanguage\":\"fr-FR\",\"potentialAction\":[{\"@type\":\"ReadAction\",\"target\":[\"https:\\\/\\\/dev.belairtremblant.com\\\/fr\\\/emplacement\\\/\"]}]},{\"@type\":\"BreadcrumbList\",\"@id\":\"https:\\\/\\\/dev.belairtremblant.com\\\/fr\\\/emplacement\\\/#breadcrumb\",\"itemListElement\":[{\"@type\":\"ListItem\",\"position\":1,\"name\":\"Home\",\"item\":\"https:\\\/\\\/dev.belairtremblant.com\\\/fr\\\/\"},{\"@type\":\"ListItem\",\"position\":2,\"name\":\"Emplacement\"}]},{\"@type\":\"WebSite\",\"@id\":\"https:\\\/\\\/dev.belairtremblant.com\\\/fr\\\/#website\",\"url\":\"https:\\\/\\\/dev.belairtremblant.com\\\/fr\\\/\",\"name\":\"DEV Bel Air Tremblant\",\"description\":\"Unique domes &amp; chalet rentals Mont Tremblant\",\"publisher\":{\"@id\":\"https:\\\/\\\/dev.belairtremblant.com\\\/fr\\\/#organization\"},\"potentialAction\":[{\"@type\":\"SearchAction\",\"target\":{\"@type\":\"EntryPoint\",\"urlTemplate\":\"https:\\\/\\\/dev.belairtremblant.com\\\/fr\\\/?s={search_term_string}\"},\"query-input\":{\"@type\":\"PropertyValueSpecification\",\"valueRequired\":true,\"valueName\":\"search_term_string\"}}],\"inLanguage\":\"fr-FR\"},{\"@type\":\"Organization\",\"@id\":\"https:\\\/\\\/dev.belairtremblant.com\\\/fr\\\/#organization\",\"name\":\"Bel Air Resort hotel in Tremblant\",\"url\":\"https:\\\/\\\/dev.belairtremblant.com\\\/fr\\\/\",\"logo\":{\"@type\":\"ImageObject\",\"inLanguage\":\"fr-FR\",\"@id\":\"https:\\\/\\\/dev.belairtremblant.com\\\/fr\\\/#\\\/schema\\\/logo\\\/image\\\/\",\"url\":\"https:\\\/\\\/dev.belairtremblant.com\\\/wp-content\\\/uploads\\\/2022\\\/04\\\/New-BA-Tremblant-logo.jpg\",\"contentUrl\":\"https:\\\/\\\/dev.belairtremblant.com\\\/wp-content\\\/uploads\\\/2022\\\/04\\\/New-BA-Tremblant-logo.jpg\",\"width\":800,\"height\":383,\"caption\":\"Bel Air Resort hotel in Tremblant\"},\"image\":{\"@id\":\"https:\\\/\\\/dev.belairtremblant.com\\\/fr\\\/#\\\/schema\\\/logo\\\/image\\\/\"}}]}<\/script>\n<!-- \/ Yoast SEO Premium plugin. -->","yoast_head_json":{"title":"Localisation et directions vers Bel Air Resort \u00e0 Tremblant","description":"Obtenez l'emplacement et les directions vers Bel Air Resort \u00e0 Tremblant, situ\u00e9 \u00e0 5 mins du Vieux Village et \u00e0 8 mins de la station de ski.","robots":{"index":"noindex","follow":"follow","max-snippet":"max-snippet:-1","max-image-preview":"max-image-preview:large","max-video-preview":"max-video-preview:-1"},"og_locale":"fr_FR","og_type":"article","og_title":"Emplacement","og_description":"Obtenez l'emplacement et les directions vers Bel Air Resort \u00e0 Tremblant, situ\u00e9 \u00e0 5 mins du Vieux Village et \u00e0 8 mins de la station de ski.","og_url":"https:\/\/dev.belairtremblant.com\/fr\/emplacement\/","og_site_name":"DEV Bel Air Tremblant","article_modified_time":"2022-08-26T16:55:42+00:00","twitter_card":"summary_large_image","twitter_misc":{"Dur\u00e9e de lecture estim\u00e9e":"3 minutes"},"schema":{"@context":"https:\/\/schema.org","@graph":[{"@type":"WebPage","@id":"https:\/\/dev.belairtremblant.com\/fr\/emplacement\/","url":"https:\/\/dev.belairtremblant.com\/fr\/emplacement\/","name":"Localisation et directions vers Bel Air Resort \u00e0 Tremblant","isPartOf":{"@id":"https:\/\/dev.belairtremblant.com\/fr\/#website"},"datePublished":"2014-08-08T19:24:13+00:00","dateModified":"2022-08-26T16:55:42+00:00","description":"Obtenez l'emplacement et les directions vers Bel Air Resort \u00e0 Tremblant, situ\u00e9 \u00e0 5 mins du Vieux Village et \u00e0 8 mins de la station de ski.","breadcrumb":{"@id":"https:\/\/dev.belairtremblant.com\/fr\/emplacement\/#breadcrumb"},"inLanguage":"fr-FR","potentialAction":[{"@type":"ReadAction","target":["https:\/\/dev.belairtremblant.com\/fr\/emplacement\/"]}]},{"@type":"BreadcrumbList","@id":"https:\/\/dev.belairtremblant.com\/fr\/emplacement\/#breadcrumb","itemListElement":[{"@type":"ListItem","position":1,"name":"Home","item":"https:\/\/dev.belairtremblant.com\/fr\/"},{"@type":"ListItem","position":2,"name":"Emplacement"}]},{"@type":"WebSite","@id":"https:\/\/dev.belairtremblant.com\/fr\/#website","url":"https:\/\/dev.belairtremblant.com\/fr\/","name":"DEV Bel Air Tremblant","description":"Unique domes &amp; chalet rentals Mont Tremblant","publisher":{"@id":"https:\/\/dev.belairtremblant.com\/fr\/#organization"},"potentialAction":[{"@type":"SearchAction","target":{"@type":"EntryPoint","urlTemplate":"https:\/\/dev.belairtremblant.com\/fr\/?s={search_term_string}"},"query-input":{"@type":"PropertyValueSpecification","valueRequired":true,"valueName":"search_term_string"}}],"inLanguage":"fr-FR"},{"@type":"Organization","@id":"https:\/\/dev.belairtremblant.com\/fr\/#organization","name":"Bel Air Resort hotel in Tremblant","url":"https:\/\/dev.belairtremblant.com\/fr\/","logo":{"@type":"ImageObject","inLanguage":"fr-FR","@id":"https:\/\/dev.belairtremblant.com\/fr\/#\/schema\/logo\/image\/","url":"https:\/\/dev.belairtremblant.com\/wp-content\/uploads\/2022\/04\/New-BA-Tremblant-logo.jpg","contentUrl":"https:\/\/dev.belairtremblant.com\/wp-content\/uploads\/2022\/04\/New-BA-Tremblant-logo.jpg","width":800,"height":383,"caption":"Bel Air Resort hotel in Tremblant"},"image":{"@id":"https:\/\/dev.belairtremblant.com\/fr\/#\/schema\/logo\/image\/"}}]}},"_links":{"self":[{"href":"https:\/\/dev.belairtremblant.com\/fr\/wp-json\/wp\/v2\/pages\/59850","targetHints":{"allow":["GET"]}}],"collection":[{"href":"https:\/\/dev.belairtremblant.com\/fr\/wp-json\/wp\/v2\/pages"}],"about":[{"href":"https:\/\/dev.belairtremblant.com\/fr\/wp-json\/wp\/v2\/types\/page"}],"author":[{"embeddable":true,"href":"https:\/\/dev.belairtremblant.com\/fr\/wp-json\/wp\/v2\/users\/1"}],"replies":[{"embeddable":true,"href":"https:\/\/dev.belairtremblant.com\/fr\/wp-json\/wp\/v2\/comments?post=59850"}],"version-history":[{"count":0,"href":"https:\/\/dev.belairtremblant.com\/fr\/wp-json\/wp\/v2\/pages\/59850\/revisions"}],"wp:attachment":[{"href":"https:\/\/dev.belairtremblant.com\/fr\/wp-json\/wp\/v2\/media?parent=59850"}],"curies":[{"name":"wp","href":"https:\/\/api.w.org\/{rel}","templated":true}]}}