{"id":59840,"date":"2021-11-07T00:07:43","date_gmt":"2021-11-07T00:07:43","guid":{"rendered":"https:\/\/dev.belairtremblant.com\/immobilier\/proprietaire\/"},"modified":"2025-11-29T04:44:03","modified_gmt":"2025-11-29T04:44:03","slug":"proprietaire","status":"publish","type":"page","link":"https:\/\/dev.belairtremblant.com\/fr\/immobilier\/proprietaire\/","title":{"rendered":"Propri\u00e9taire"},"content":{"rendered":"<div class=\"wpb-content-wrapper\"><p>[vc_row][vc_column][vc_custom_heading text=\u00a0\u00bbPOURQUOI BEL AIR ?\u00a0\u00bb font_container=\u00a0\u00bbtag:h1|font_size:40|text_align:center|color:%239c9379&Prime; use_theme_fonts=\u00a0\u00bbyes\u00a0\u00bb css=\u00a0\u00bb.vc_custom_1751917002773{padding-top: 45px !important;}\u00a0\u00bb][vc_custom_heading text=\u00a0\u00bb<em>Le projet de maisons unifamiliales le plus vendu \u00e0 Mont-Tremblant !<\/em>\u00a0\u00bb font_container=\u00a0\u00bbtag:h2|font_size:25|text_align:center|color:%23494848&Prime; use_theme_fonts=\u00a0\u00bbyes\u00a0\u00bb css=\u00a0\u00bb.vc_custom_1636246507427{margin-right: 100px !important;margin-left: 100px !important;padding-top: 15px !important;padding-bottom: 20px !important;}\u00a0\u00bb][\/vc_column][\/vc_row][vc_row gap=\u00a0\u00bb15&Prime; bg_type=\u00a0\u00bbimage\u00a0\u00bb bg_override=\u00a0\u00bbex-full\u00a0\u00bb enable_overlay=\u00a0\u00bbenable_overlay_value\u00a0\u00bb overlay_color=\u00a0\u00bbrgba(255,255,255,0.87)\u00a0\u00bb css=\u00a0\u00bb.vc_custom_1636246813100{padding-top: 50px !important;padding-bottom: 50px !important;}\u00a0\u00bb kswr_row_top_decor_enabled=\u00a0\u00bbfalse\u00a0\u00bb kswr_row_bottom_decor_enabled=\u00a0\u00bbfalse\u00a0\u00bb][vc_column][vc_row_inner content_placement=\u00a0\u00bbmiddle\u00a0\u00bb][vc_column_inner width=\u00a0\u00bb1\/3&Prime;]<div class=\"stats-block stats-top  \"><div class=\"aio-icon-top\"><div class=\"ult-just-icon-wrapper  \"><div class=\"align-icon\" style=\"text-align:center;\">\n<div class=\"aio-icon none \"  style=\"color:#9c9379;font-size:45px;display:inline-block;\">\n\t<i class=\"icomoon-the7-font-the7-home-022\"><\/i>\n<\/div><\/div><\/div><\/div><div class=\"stats-desc\" id=\"counter-responsv-wrap-9532\"><div id=\"counter_16629268269e4de4195215\" data-id=\"counter_16629268269e4de4195215\"  data-ultimate-target='#counter-responsv-wrap-9532 .stats-number'  data-responsive-json-new='{\"font-size\":\"desktop:38px;\",\"line-height\":\"\"}'  class=\"stats-number ult-responsive\" style=\" color:#383535; font-weight:bold;color:#383535;\" data-speed=\"4\" data-counter-value=\"124\" data-separator=\",\" data-decimal=\".\">0<\/div><div id=\"title-counter_16629268269e4de4195215\"  data-ultimate-target='#counter-responsv-wrap-9532 .stats-text'  data-responsive-json-new='{\"font-size\":\"desktop:18px;\",\"line-height\":\"\"}'  class=\"stats-text ult-responsive\" style=\"font-size:px; color:#383535; font-weight:bold;\">MAISONS VENDUES <\/div><\/div><\/div>[\/vc_column_inner][vc_column_inner width=\u00a0\u00bb1\/3&Prime;]<div class=\"stats-block stats-top  \"><div class=\"aio-icon-top\"><div class=\"ult-just-icon-wrapper  \"><div class=\"align-icon\" style=\"text-align:center;\">\n<div class=\"aio-icon none \"  style=\"color:#9c9379;font-size:45px;display:inline-block;\">\n\t<i class=\"icomoon-the7-font-the7-home-022\"><\/i>\n<\/div><\/div><\/div><\/div><div class=\"stats-desc\" id=\"counter-responsv-wrap-8775\"><div id=\"counter_314080839069e4de4195340\" data-id=\"counter_314080839069e4de4195340\"  data-ultimate-target='#counter-responsv-wrap-8775 .stats-number'  data-responsive-json-new='{\"font-size\":\"desktop:38px;\",\"line-height\":\"\"}'  class=\"stats-number ult-responsive\" style=\" color:#383535; font-weight:bold;color:#383535;\" data-speed=\"4\" data-counter-value=\"100\" data-separator=\",\" data-decimal=\".\">0<\/div><div id=\"title-counter_314080839069e4de4195340\"  data-ultimate-target='#counter-responsv-wrap-8775 .stats-text'  data-responsive-json-new='{\"font-size\":\"desktop:18px;\",\"line-height\":\"\"}'  class=\"stats-text ult-responsive\" style=\"font-size:px; color:#383535; font-weight:bold;\">D\u00c9J\u00c0 CONSTRUITES <\/div><\/div><\/div>[\/vc_column_inner][vc_column_inner width=\u00a0\u00bb1\/3&Prime;]<div class=\"stats-block stats-top  \"><div class=\"aio-icon-top\"><div class=\"ult-just-icon-wrapper  \"><div class=\"align-icon\" style=\"text-align:center;\">\n<div class=\"aio-icon none \"  style=\"color:#9c9379;font-size:45px;display:inline-block;\">\n\t<i class=\"icomoon-the7-font-the7-home-022\"><\/i>\n<\/div><\/div><\/div><\/div><div class=\"stats-desc\" id=\"counter-responsv-wrap-4247\"><div id=\"counter_26160340769e4de4195430\" data-id=\"counter_26160340769e4de4195430\"  data-ultimate-target='#counter-responsv-wrap-4247 .stats-number'  data-responsive-json-new='{\"font-size\":\"desktop:38px;\",\"line-height\":\"\"}'  class=\"stats-number ult-responsive\" style=\" color:#383535; font-weight:bold;color:#383535;\" data-speed=\"4\" data-counter-value=\"20\" data-separator=\",\" data-decimal=\".\">0<\/div><div id=\"title-counter_26160340769e4de4195430\"  data-ultimate-target='#counter-responsv-wrap-4247 .stats-text'  data-responsive-json-new='{\"font-size\":\"desktop:18px;\",\"line-height\":\"\"}'  class=\"stats-text ult-responsive\" style=\"font-size:px; color:#383535; font-weight:bold;\">EN CONSTRUCTION <\/div><\/div><\/div>[\/vc_column_inner][\/vc_row_inner][\/vc_column][\/vc_row][vc_row full_width=\u00a0\u00bbstretch_row_content_no_spaces\u00a0\u00bb content_placement=\u00a0\u00bbmiddle\u00a0\u00bb bg_type=\u00a0\u00bbimage\u00a0\u00bb parallax_style=\u00a0\u00bbvcpb-default\u00a0\u00bb bg_image_new=\u00a0\u00bbid^57783|url^https:\/\/dev.belairtremblant.com\/wp-content\/uploads\/2021\/11\/tremblant-real-estate.jpg|caption^null|alt^null|title^tremblant-real estate|description^null\u00a0\u00bb bg_image_repeat=\u00a0\u00bbno-repeat\u00a0\u00bb bg_img_attach=\u00a0\u00bbfixed\u00a0\u00bb bg_override=\u00a0\u00bbfull\u00a0\u00bb enable_overlay=\u00a0\u00bbenable_overlay_value\u00a0\u00bb overlay_color=\u00a0\u00bbrgba(255,255,255,0.93)\u00a0\u00bb css=\u00a0\u00bb.vc_custom_1636248179823{padding-top: 40px !important;padding-bottom: 40px !important;}\u00a0\u00bb kswr_row_top_decor_enabled=\u00a0\u00bbfalse\u00a0\u00bb kswr_row_bottom_decor_enabled=\u00a0\u00bbfalse\u00a0\u00bb][vc_column][vc_custom_heading text=\u00a0\u00bbAVANTAGES D&apos;\u00caTRE PROPRI\u00c9TAIRE\u00a0\u00bb font_container=\u00a0\u00bbtag:h2|font_size:26|text_align:center|color:%23353535&Prime; use_theme_fonts=\u00a0\u00bbyes\u00a0\u00bb css=\u00a0\u00bb.vc_custom_1636247972226{padding-top: 15px !important;padding-bottom: 20px !important;}\u00a0\u00bb][vc_row_inner][vc_column_inner width=\u00a0\u00bb1\/5&Prime;][\/vc_column_inner][vc_column_inner width=\u00a0\u00bb1\/5&Prime;]<div class=\"standard-arrow\"><ul>\n<li>Excellente opportunit\u00e9 d\u2019investissement<\/li>\n<li>Locations \u00e0 court terme possibles<\/li>\n<li>Des maisons modernes uniques<\/li>\n<li>Faibles frais mensuels<\/li>\n<\/ul>\n<\/div>[\/vc_column_inner][vc_column_inner width=\u00a0\u00bb1\/5&Prime;]<div class=\"standard-arrow\"><ul>\n<li>Co\u00fbts de construction avantageux<\/li>\n<li>D\u00e9lais de construction de 6 mois a 8 mois<\/li>\n<li>Constructeur r\u00e9put\u00e9 et de qualit\u00e9<\/li>\n<li>Acc\u00e8s facile \u00e0 la propri\u00e9t\u00e9<\/li>\n<\/ul>\n<\/div>[\/vc_column_inner][vc_column_inner width=\u00a0\u00bb1\/5&Prime;]<div class=\"standard-arrow\"><ul>\n<li>Acc\u00e8s illimit\u00e9 au clubhouse pour les propri\u00e9taires<\/li>\n<li>Possibilit\u00e9s de locations flexibles<\/li>\n<li>Financement bancaire de 65% pour les acheteurs \u00e9trangers<\/li>\n<\/ul>\n<\/div>[\/vc_column_inner][vc_column_inner width=\u00a0\u00bb1\/5&Prime;][\/vc_column_inner][\/vc_row_inner][\/vc_column][\/vc_row][vc_row kswr_row_top_decor_enabled=\u00a0\u00bbfalse\u00a0\u00bb kswr_row_bottom_decor_enabled=\u00a0\u00bbfalse\u00a0\u00bb css=\u00a0\u00bb.vc_custom_1751055028304{padding-top: 40px !important;padding-bottom: 40px !important;}\u00a0\u00bb][vc_column width=\u00a0\u00bb1\/6&Prime;][\/vc_column][vc_column width=\u00a0\u00bb2\/3&Prime;]<div id=\"ultimate-heading-608269e4de419564e\" class=\"uvc-heading ult-adjust-bottom-margin ultimate-heading-608269e4de419564e uvc-8269 \" data-hspacer=\"no_spacer\"  data-halign=\"center\" style=\"text-align:center\"><div class=\"uvc-heading-spacer no_spacer\" style=\"top\"><\/div><div class=\"uvc-main-heading ult-responsive\"  data-ultimate-target='.uvc-heading.ultimate-heading-608269e4de419564e h2'  data-responsive-json-new='{\"font-size\":\"desktop:26px;\",\"line-height\":\"\"}' ><h2 style=\"font-family:&#039;EB Garamond&#039;;font-weight:600;color:#000000;margin-bottom:10px;\">CONTACTEZ NOTRE \u00c9QUIPE DES VENTES<\/h2><\/div><div class=\"uvc-sub-heading ult-responsive\"  data-ultimate-target='.uvc-heading.ultimate-heading-608269e4de419564e .uvc-sub-heading '  data-responsive-json-new='{\"font-size\":\"desktop:18px;\",\"line-height\":\"\"}'  style=\"font-family:&#039;EB Garamond&#039;;font-weight:500;color:#353535;margin-bottom:25px;\"><br \/>\nPour plus d\u2019informations<br \/>\n<\/div><\/div>[vc_column_text css=\u00a0\u00bb\u00a0\u00bb]<\/p>\n<p style=\"text-align: center;\"><a href=\"tel:8192191293\"><strong><span style=\"color: #000000;\"><span style=\"font-family: EB Garamond;\"><span style=\"font-size: 24px;\">1-819-425-3373<\/span><\/span><\/span><\/strong><\/a><\/p>\n<p><\/p>\n<p style=\"text-align: center;\"><a href=\"mailto:sarah@belairresortsgroup.com\"><strong><span style=\"color: #000000;\"><span style=\"font-family: EB Garamond;\"><span style=\"font-size: 24px;\">sarah@belairresortsgroup.com<\/span><\/span><\/span><\/strong><\/a><\/p>\n<p>[\/vc_column_text][\/vc_column][vc_column width=\u00a0\u00bb1\/6&Prime;][\/vc_column][\/vc_row][vc_row][vc_column][vc_column_text]<\/p>\n<p>[\/vc_column_text][\/vc_column][\/vc_row]<\/p>\n<\/div>","protected":false},"excerpt":{"rendered":"<p>[vc_row][vc_column][vc_custom_heading text=\u00a0\u00bbPOURQUOI BEL AIR ?\u00a0\u00bb font_container=\u00a0\u00bbtag:h1|font_size:40|text_align:center|color:%239c9379&Prime; use_theme_fonts=\u00a0\u00bbyes\u00a0\u00bb css=\u00a0\u00bb.vc_custom_1751917002773{padding-top: 45px !important;}\u00a0\u00bb][vc_custom_heading text=\u00a0\u00bbLe projet de maisons unifamiliales le plus vendu \u00e0 Mont-Tremblant !\u00a0\u00bb font_container=\u00a0\u00bbtag:h2|font_size:25|text_align:center|color:%23494848&Prime; use_theme_fonts=\u00a0\u00bbyes\u00a0\u00bb css=\u00a0\u00bb.vc_custom_1636246507427{margin-right: 100px !important;margin-left: 100px !important;padding-top: 15px !important;padding-bottom: 20px !important;}\u00a0\u00bb][\/vc_column][\/vc_row][vc_row gap=\u00a0\u00bb15&Prime; bg_type=\u00a0\u00bbimage\u00a0\u00bb bg_override=\u00a0\u00bbex-full\u00a0\u00bb enable_overlay=\u00a0\u00bbenable_overlay_value\u00a0\u00bb overlay_color=\u00a0\u00bbrgba(255,255,255,0.87)\u00a0\u00bb css=\u00a0\u00bb.vc_custom_1636246813100{padding-top: 50px !important;padding-bottom: 50px !important;}\u00a0\u00bb kswr_row_top_decor_enabled=\u00a0\u00bbfalse\u00a0\u00bb kswr_row_bottom_decor_enabled=\u00a0\u00bbfalse\u00a0\u00bb][vc_column][vc_row_inner content_placement=\u00a0\u00bbmiddle\u00a0\u00bb][vc_column_inner width=\u00a0\u00bb1\/3&Prime;][\/vc_column_inner][vc_column_inner width=\u00a0\u00bb1\/3&Prime;][\/vc_column_inner][vc_column_inner width=\u00a0\u00bb1\/3&Prime;][\/vc_column_inner][\/vc_row_inner][\/vc_column][\/vc_row][vc_row full_width=\u00a0\u00bbstretch_row_content_no_spaces\u00a0\u00bb content_placement=\u00a0\u00bbmiddle\u00a0\u00bb bg_type=\u00a0\u00bbimage\u00a0\u00bb parallax_style=\u00a0\u00bbvcpb-default\u00a0\u00bb bg_image_new=\u00a0\u00bbid^57783|url^https:\/\/dev.belairtremblant.com\/wp-content\/uploads\/2021\/11\/tremblant-real-estate.jpg|caption^null|alt^null|title^tremblant-real estate|description^null\u00a0\u00bb bg_image_repeat=\u00a0\u00bbno-repeat\u00a0\u00bb&hellip;<\/p>\n","protected":false},"author":1,"featured_media":0,"parent":59819,"menu_order":0,"comment_status":"closed","ping_status":"closed","template":"","meta":{"_et_pb_use_builder":"","_et_pb_old_content":"","_et_gb_content_width":"","footnotes":""},"class_list":["post-59840","page","type-page","status-publish","hentry","description-off"],"yoast_head":"<!-- This site is optimized with the Yoast SEO Premium plugin v26.6 (Yoast SEO v27.4) - https:\/\/yoast.com\/product\/yoast-seo-premium-wordpress\/ -->\n<title>Faits sur Bel Air Tremblant | Communaut\u00e9 5 \u00e9toiles<\/title>\n<meta name=\"description\" content=\"Explorez la propri\u00e9t\u00e9 \u00e0 Bel Air Tremblant, les maisons modernes les plus vendues \u00e0 Mont-Tremblant avec un potentiel de revenu locatif, des frais peu \u00e9lev\u00e9s et un financement flexible.\" \/>\n<meta name=\"robots\" content=\"noindex, follow, max-snippet:-1, max-image-preview:large, max-video-preview:-1\" \/>\n<meta property=\"og:locale\" content=\"fr_FR\" \/>\n<meta property=\"og:type\" content=\"article\" \/>\n<meta property=\"og:title\" content=\"Propri\u00e9taire\" \/>\n<meta property=\"og:description\" content=\"Explorez la propri\u00e9t\u00e9 \u00e0 Bel Air Tremblant, les maisons modernes les plus vendues \u00e0 Mont-Tremblant avec un potentiel de revenu locatif, des frais peu \u00e9lev\u00e9s et un financement flexible.\" \/>\n<meta property=\"og:url\" content=\"https:\/\/dev.belairtremblant.com\/fr\/immobilier\/proprietaire\/\" \/>\n<meta property=\"og:site_name\" content=\"DEV Bel Air Tremblant\" \/>\n<meta property=\"article:modified_time\" content=\"2025-11-29T04:44:03+00:00\" \/>\n<meta name=\"twitter:card\" content=\"summary_large_image\" \/>\n<meta name=\"twitter:label1\" content=\"Dur\u00e9e de lecture estim\u00e9e\" \/>\n\t<meta name=\"twitter:data1\" content=\"2 minutes\" \/>\n<script type=\"application\/ld+json\" class=\"yoast-schema-graph\">{\"@context\":\"https:\\\/\\\/schema.org\",\"@graph\":[{\"@type\":\"WebPage\",\"@id\":\"https:\\\/\\\/dev.belairtremblant.com\\\/fr\\\/immobilier\\\/proprietaire\\\/\",\"url\":\"https:\\\/\\\/dev.belairtremblant.com\\\/fr\\\/immobilier\\\/proprietaire\\\/\",\"name\":\"Faits sur Bel Air Tremblant | Communaut\u00e9 5 \u00e9toiles\",\"isPartOf\":{\"@id\":\"https:\\\/\\\/dev.belairtremblant.com\\\/fr\\\/#website\"},\"datePublished\":\"2021-11-07T00:07:43+00:00\",\"dateModified\":\"2025-11-29T04:44:03+00:00\",\"description\":\"Explorez la propri\u00e9t\u00e9 \u00e0 Bel Air Tremblant, les maisons modernes les plus vendues \u00e0 Mont-Tremblant avec un potentiel de revenu locatif, des frais peu \u00e9lev\u00e9s et un financement flexible.\",\"breadcrumb\":{\"@id\":\"https:\\\/\\\/dev.belairtremblant.com\\\/fr\\\/immobilier\\\/proprietaire\\\/#breadcrumb\"},\"inLanguage\":\"fr-FR\",\"potentialAction\":[{\"@type\":\"ReadAction\",\"target\":[\"https:\\\/\\\/dev.belairtremblant.com\\\/fr\\\/immobilier\\\/proprietaire\\\/\"]}]},{\"@type\":\"BreadcrumbList\",\"@id\":\"https:\\\/\\\/dev.belairtremblant.com\\\/fr\\\/immobilier\\\/proprietaire\\\/#breadcrumb\",\"itemListElement\":[{\"@type\":\"ListItem\",\"position\":1,\"name\":\"Home\",\"item\":\"https:\\\/\\\/dev.belairtremblant.com\\\/fr\\\/\"},{\"@type\":\"ListItem\",\"position\":2,\"name\":\"Immobilier\",\"item\":\"https:\\\/\\\/dev.belairtremblant.com\\\/fr\\\/real-estate\\\/\"},{\"@type\":\"ListItem\",\"position\":3,\"name\":\"Propri\u00e9taire\"}]},{\"@type\":\"WebSite\",\"@id\":\"https:\\\/\\\/dev.belairtremblant.com\\\/fr\\\/#website\",\"url\":\"https:\\\/\\\/dev.belairtremblant.com\\\/fr\\\/\",\"name\":\"DEV Bel Air Tremblant\",\"description\":\"Unique domes &amp; chalet rentals Mont Tremblant\",\"publisher\":{\"@id\":\"https:\\\/\\\/dev.belairtremblant.com\\\/fr\\\/#organization\"},\"potentialAction\":[{\"@type\":\"SearchAction\",\"target\":{\"@type\":\"EntryPoint\",\"urlTemplate\":\"https:\\\/\\\/dev.belairtremblant.com\\\/fr\\\/?s={search_term_string}\"},\"query-input\":{\"@type\":\"PropertyValueSpecification\",\"valueRequired\":true,\"valueName\":\"search_term_string\"}}],\"inLanguage\":\"fr-FR\"},{\"@type\":\"Organization\",\"@id\":\"https:\\\/\\\/dev.belairtremblant.com\\\/fr\\\/#organization\",\"name\":\"Bel Air Resort hotel in Tremblant\",\"url\":\"https:\\\/\\\/dev.belairtremblant.com\\\/fr\\\/\",\"logo\":{\"@type\":\"ImageObject\",\"inLanguage\":\"fr-FR\",\"@id\":\"https:\\\/\\\/dev.belairtremblant.com\\\/fr\\\/#\\\/schema\\\/logo\\\/image\\\/\",\"url\":\"https:\\\/\\\/dev.belairtremblant.com\\\/wp-content\\\/uploads\\\/2022\\\/04\\\/New-BA-Tremblant-logo.jpg\",\"contentUrl\":\"https:\\\/\\\/dev.belairtremblant.com\\\/wp-content\\\/uploads\\\/2022\\\/04\\\/New-BA-Tremblant-logo.jpg\",\"width\":800,\"height\":383,\"caption\":\"Bel Air Resort hotel in Tremblant\"},\"image\":{\"@id\":\"https:\\\/\\\/dev.belairtremblant.com\\\/fr\\\/#\\\/schema\\\/logo\\\/image\\\/\"}}]}<\/script>\n<!-- \/ Yoast SEO Premium plugin. -->","yoast_head_json":{"title":"Faits sur Bel Air Tremblant | Communaut\u00e9 5 \u00e9toiles","description":"Explorez la propri\u00e9t\u00e9 \u00e0 Bel Air Tremblant, les maisons modernes les plus vendues \u00e0 Mont-Tremblant avec un potentiel de revenu locatif, des frais peu \u00e9lev\u00e9s et un financement flexible.","robots":{"index":"noindex","follow":"follow","max-snippet":"max-snippet:-1","max-image-preview":"max-image-preview:large","max-video-preview":"max-video-preview:-1"},"og_locale":"fr_FR","og_type":"article","og_title":"Propri\u00e9taire","og_description":"Explorez la propri\u00e9t\u00e9 \u00e0 Bel Air Tremblant, les maisons modernes les plus vendues \u00e0 Mont-Tremblant avec un potentiel de revenu locatif, des frais peu \u00e9lev\u00e9s et un financement flexible.","og_url":"https:\/\/dev.belairtremblant.com\/fr\/immobilier\/proprietaire\/","og_site_name":"DEV Bel Air Tremblant","article_modified_time":"2025-11-29T04:44:03+00:00","twitter_card":"summary_large_image","twitter_misc":{"Dur\u00e9e de lecture estim\u00e9e":"2 minutes"},"schema":{"@context":"https:\/\/schema.org","@graph":[{"@type":"WebPage","@id":"https:\/\/dev.belairtremblant.com\/fr\/immobilier\/proprietaire\/","url":"https:\/\/dev.belairtremblant.com\/fr\/immobilier\/proprietaire\/","name":"Faits sur Bel Air Tremblant | Communaut\u00e9 5 \u00e9toiles","isPartOf":{"@id":"https:\/\/dev.belairtremblant.com\/fr\/#website"},"datePublished":"2021-11-07T00:07:43+00:00","dateModified":"2025-11-29T04:44:03+00:00","description":"Explorez la propri\u00e9t\u00e9 \u00e0 Bel Air Tremblant, les maisons modernes les plus vendues \u00e0 Mont-Tremblant avec un potentiel de revenu locatif, des frais peu \u00e9lev\u00e9s et un financement flexible.","breadcrumb":{"@id":"https:\/\/dev.belairtremblant.com\/fr\/immobilier\/proprietaire\/#breadcrumb"},"inLanguage":"fr-FR","potentialAction":[{"@type":"ReadAction","target":["https:\/\/dev.belairtremblant.com\/fr\/immobilier\/proprietaire\/"]}]},{"@type":"BreadcrumbList","@id":"https:\/\/dev.belairtremblant.com\/fr\/immobilier\/proprietaire\/#breadcrumb","itemListElement":[{"@type":"ListItem","position":1,"name":"Home","item":"https:\/\/dev.belairtremblant.com\/fr\/"},{"@type":"ListItem","position":2,"name":"Immobilier","item":"https:\/\/dev.belairtremblant.com\/fr\/real-estate\/"},{"@type":"ListItem","position":3,"name":"Propri\u00e9taire"}]},{"@type":"WebSite","@id":"https:\/\/dev.belairtremblant.com\/fr\/#website","url":"https:\/\/dev.belairtremblant.com\/fr\/","name":"DEV Bel Air Tremblant","description":"Unique domes &amp; chalet rentals Mont Tremblant","publisher":{"@id":"https:\/\/dev.belairtremblant.com\/fr\/#organization"},"potentialAction":[{"@type":"SearchAction","target":{"@type":"EntryPoint","urlTemplate":"https:\/\/dev.belairtremblant.com\/fr\/?s={search_term_string}"},"query-input":{"@type":"PropertyValueSpecification","valueRequired":true,"valueName":"search_term_string"}}],"inLanguage":"fr-FR"},{"@type":"Organization","@id":"https:\/\/dev.belairtremblant.com\/fr\/#organization","name":"Bel Air Resort hotel in Tremblant","url":"https:\/\/dev.belairtremblant.com\/fr\/","logo":{"@type":"ImageObject","inLanguage":"fr-FR","@id":"https:\/\/dev.belairtremblant.com\/fr\/#\/schema\/logo\/image\/","url":"https:\/\/dev.belairtremblant.com\/wp-content\/uploads\/2022\/04\/New-BA-Tremblant-logo.jpg","contentUrl":"https:\/\/dev.belairtremblant.com\/wp-content\/uploads\/2022\/04\/New-BA-Tremblant-logo.jpg","width":800,"height":383,"caption":"Bel Air Resort hotel in Tremblant"},"image":{"@id":"https:\/\/dev.belairtremblant.com\/fr\/#\/schema\/logo\/image\/"}}]}},"_links":{"self":[{"href":"https:\/\/dev.belairtremblant.com\/fr\/wp-json\/wp\/v2\/pages\/59840","targetHints":{"allow":["GET"]}}],"collection":[{"href":"https:\/\/dev.belairtremblant.com\/fr\/wp-json\/wp\/v2\/pages"}],"about":[{"href":"https:\/\/dev.belairtremblant.com\/fr\/wp-json\/wp\/v2\/types\/page"}],"author":[{"embeddable":true,"href":"https:\/\/dev.belairtremblant.com\/fr\/wp-json\/wp\/v2\/users\/1"}],"replies":[{"embeddable":true,"href":"https:\/\/dev.belairtremblant.com\/fr\/wp-json\/wp\/v2\/comments?post=59840"}],"version-history":[{"count":0,"href":"https:\/\/dev.belairtremblant.com\/fr\/wp-json\/wp\/v2\/pages\/59840\/revisions"}],"up":[{"embeddable":true,"href":"https:\/\/dev.belairtremblant.com\/fr\/wp-json\/wp\/v2\/pages\/59819"}],"wp:attachment":[{"href":"https:\/\/dev.belairtremblant.com\/fr\/wp-json\/wp\/v2\/media?parent=59840"}],"curies":[{"name":"wp","href":"https:\/\/api.w.org\/{rel}","templated":true}]}}